{"id":416,"date":"2025-01-13T14:44:59","date_gmt":"2025-01-13T06:44:59","guid":{"rendered":"http:\/\/siwoc.com\/?post_type=product&#038;p=416"},"modified":"2025-01-14T14:55:26","modified_gmt":"2025-01-14T06:55:26","slug":"jail-telephone-hook-switch","status":"publish","type":"product","link":"https:\/\/www.cnsiwoc.com\/pl\/product\/jail-telephone-hook-switch\/","title":{"rendered":"Prze\u0142\u0105cznik haka telefonicznego w wi\u0119zieniu"},"content":{"rendered":"<h2>Parameter of jail telephone hook switch:<\/h2>\n<table>\n<tbody>\n<tr>\n<td width=\"284\">Nr modelu<\/td>\n<td width=\"284\">C13<\/td>\n<\/tr>\n<tr>\n<td width=\"284\">Stopie\u0144 wodoodporno\u015bci<\/td>\n<td width=\"284\">IP65<\/td>\n<\/tr>\n<tr>\n<td width=\"284\">Operate temperature<\/td>\n<td width=\"284\">-30\uff5e+65\u2103<\/td>\n<\/tr>\n<tr>\n<td width=\"284\">Storage temperature<\/td>\n<td width=\"284\">-40\uff5e+85\u2103<\/td>\n<\/tr>\n<tr>\n<td width=\"284\">Service Life<\/td>\n<td width=\"284\">More than 500,000\u00a0times<\/td>\n<\/tr>\n<tr>\n<td width=\"284\">Wilgotno\u015b\u0107 wzgl\u0119dna<\/td>\n<td width=\"284\">30%-90%RH<\/td>\n<\/tr>\n<tr>\n<td width=\"284\">Ci\u015bnienie atmosferyczne<\/td>\n<td width=\"284\">60~106Kpa<\/td>\n<\/tr>\n<tr>\n<td width=\"284\">Tworzywo<\/td>\n<td width=\"284\">Zinc alloy<\/td>\n<\/tr>\n<tr>\n<td width=\"284\">Surface Treatment<\/td>\n<td width=\"284\">Bright or matte chrome plating<\/td>\n<\/tr>\n<tr>\n<td width=\"284\">Other Function<\/td>\n<td width=\"284\">With NO\/NC micro switch<\/td>\n<\/tr>\n<\/tbody>\n<\/table>\n<h2>Details of jail telephone hook switch:<\/h2>\n<p>1.This jail telephone hook switch is made from a zinc alloy that is resistant to violence, thus increasing its safety when used in prisons no matter how violent the users is. With , the handset could be hanging up side down which is more safety in prison.<\/p>\n<p><img fetchpriority=\"high\" decoding=\"async\" class=\"alignnone wp-image-422 size-full\" src=\"http:\/\/siwoc.com\/wp-content\/uploads\/2025\/01\/1.-\u7fd4\u9f99\u76d1\u72f1\u6302\u53c9\u6848\u4f8b.jpg\" alt=\"\" width=\"750\" height=\"668\" srcset=\"https:\/\/www.cnsiwoc.com\/wp-content\/uploads\/2025\/01\/1.-\u7fd4\u9f99\u76d1\u72f1\u6302\u53c9\u6848\u4f8b.jpg 750w, https:\/\/www.cnsiwoc.com\/wp-content\/uploads\/2025\/01\/1.-\u7fd4\u9f99\u76d1\u72f1\u6302\u53c9\u6848\u4f8b-300x267.jpg 300w, https:\/\/www.cnsiwoc.com\/wp-content\/uploads\/2025\/01\/1.-\u7fd4\u9f99\u76d1\u72f1\u6302\u53c9\u6848\u4f8b-13x12.jpg 13w, https:\/\/www.cnsiwoc.com\/wp-content\/uploads\/2025\/01\/1.-\u7fd4\u9f99\u76d1\u72f1\u6302\u53c9\u6848\u4f8b-600x534.jpg 600w\" sizes=\"(max-width: 750px) 100vw, 750px\" \/><\/p>\n<p>2.This jail telephone hook switch could be made with normally closed or normally open micro switch, which make the telephone communication more reliable during usage. The mounting central dimension is common size, which is suitable for most of jail telephone in the global market.<\/p>\n<p><img decoding=\"async\" class=\"alignnone wp-image-423 size-full\" src=\"http:\/\/siwoc.com\/wp-content\/uploads\/2025\/01\/2.-\u5c3a\u5bf8\u56fe-1.jpg\" alt=\"\" width=\"651\" height=\"563\" srcset=\"https:\/\/www.cnsiwoc.com\/wp-content\/uploads\/2025\/01\/2.-\u5c3a\u5bf8\u56fe-1.jpg 651w, https:\/\/www.cnsiwoc.com\/wp-content\/uploads\/2025\/01\/2.-\u5c3a\u5bf8\u56fe-1-300x259.jpg 300w, https:\/\/www.cnsiwoc.com\/wp-content\/uploads\/2025\/01\/2.-\u5c3a\u5bf8\u56fe-1-14x12.jpg 14w, https:\/\/www.cnsiwoc.com\/wp-content\/uploads\/2025\/01\/2.-\u5c3a\u5bf8\u56fe-1-600x519.jpg 600w\" sizes=\"(max-width: 651px) 100vw, 651px\" \/><\/p>\n<p>3.The surface treatment of jail telephone hook switch is chrome plating, in bright or chrome color, which make this hook switch more fancy and qualified in appearance. The surface treatment is bear salty spray test for 72 hours so jail telephone hook switch could be installed in outdoor completely.<br \/>\n<iframe title=\"Odtwarzacz wideo YouTube\" src=\"https:\/\/www.youtube.com\/embed\/6At-Z045dvI?si=YpSU510pPZmRbIEd\" width=\"560\" height=\"315\" frameborder=\"0\" allowfullscreen=\"allowfullscreen\"><\/iframe><\/p>\n<p>4.SINIWO offer any shipment method as customer request, no matter by sea, by air, by train or by express. Our excellent sales team could cooperate with customer and offer the best reasonable price of freight for choice. So you have any special request of the shipment, please tell us in advance.<\/p>\n<p><img decoding=\"async\" class=\"alignnone wp-image-424 size-full\" src=\"http:\/\/siwoc.com\/wp-content\/uploads\/2025\/01\/3.\u8fd0\u8f93\u56fe.jpg\" alt=\"\" width=\"750\" height=\"424\" srcset=\"https:\/\/www.cnsiwoc.com\/wp-content\/uploads\/2025\/01\/3.\u8fd0\u8f93\u56fe.jpg 750w, https:\/\/www.cnsiwoc.com\/wp-content\/uploads\/2025\/01\/3.\u8fd0\u8f93\u56fe-300x170.jpg 300w, https:\/\/www.cnsiwoc.com\/wp-content\/uploads\/2025\/01\/3.\u8fd0\u8f93\u56fe-18x10.jpg 18w, https:\/\/www.cnsiwoc.com\/wp-content\/uploads\/2025\/01\/3.\u8fd0\u8f93\u56fe-600x339.jpg 600w\" sizes=\"(max-width: 750px) 100vw, 750px\" \/><\/p>","protected":false},"excerpt":{"rendered":"<p>SINIWO, as a professional factory, has been specializing in the production of jail telephone hook switch for 18 years. SINIWO has been continuously improving its process technology in jail telephone hook switch and has won a good reputation for providing high quality products and solving various problems for customers with its professional R&amp;D team and excellent after-sales service.<\/p>","protected":false},"featured_media":418,"template":"","meta":[],"product_cat":[115,105,80],"product_tag":[106,107,108,100],"class_list":{"0":"post-416","1":"product","2":"type-product","3":"status-publish","4":"has-post-thumbnail","6":"product_cat-hot-selling-product","7":"product_cat-jail-telephone-hook-switch","8":"product_cat-telephone-accessory","9":"product_tag-jail-phone-hook-switch","10":"product_tag-mechanical-hook-switch","11":"product_tag-micro-switch-hook-switch","12":"product_tag-rugged-hook-switch","14":"first","15":"instock","16":"shipping-taxable","17":"product-type-simple"},"_links":{"self":[{"href":"https:\/\/www.cnsiwoc.com\/pl\/wp-json\/wp\/v2\/product\/416","targetHints":{"allow":["GET"]}}],"collection":[{"href":"https:\/\/www.cnsiwoc.com\/pl\/wp-json\/wp\/v2\/product"}],"about":[{"href":"https:\/\/www.cnsiwoc.com\/pl\/wp-json\/wp\/v2\/types\/product"}],"version-history":[{"count":0,"href":"https:\/\/www.cnsiwoc.com\/pl\/wp-json\/wp\/v2\/product\/416\/revisions"}],"wp:featuredmedia":[{"embeddable":true,"href":"https:\/\/www.cnsiwoc.com\/pl\/wp-json\/wp\/v2\/media\/418"}],"wp:attachment":[{"href":"https:\/\/www.cnsiwoc.com\/pl\/wp-json\/wp\/v2\/media?parent=416"}],"wp:term":[{"taxonomy":"product_cat","embeddable":true,"href":"https:\/\/www.cnsiwoc.com\/pl\/wp-json\/wp\/v2\/product_cat?post=416"},{"taxonomy":"product_tag","embeddable":true,"href":"https:\/\/www.cnsiwoc.com\/pl\/wp-json\/wp\/v2\/product_tag?post=416"}],"curies":[{"name":"wp","href":"https:\/\/api.w.org\/{rel}","templated":true}]}}