{"id":398,"date":"2025-01-02T14:31:15","date_gmt":"2025-01-02T06:31:15","guid":{"rendered":"http:\/\/siwoc.com\/?post_type=product&#038;p=398"},"modified":"2025-01-02T15:03:55","modified_gmt":"2025-01-02T07:03:55","slug":"metal-telephone-hook-switch","status":"publish","type":"product","link":"https:\/\/www.cnsiwoc.com\/pl\/product\/metal-telephone-hook-switch\/","title":{"rendered":"Metalowy prze\u0142\u0105cznik haka telefonicznego"},"content":{"rendered":"<p>To wy\u0142\u0105cznik metalowy s\u0142uchawek SINIWO to trwa\u0142y wy\u0142\u0105cznik s\u0142uchawek z cechami odporno\u015bci na korozj\u0119 i odporno\u015bci na przemoc po pokryciu. Ten metalowy gniazdo telefoniczne z powierzchni\u0105 odporn\u0105 i \u0142atw\u0105 do utrzymania konstrukcj\u0105, kt\u00f3re jest popularne na globalnym rynku przemys\u0142owym.<\/p>\n<p><iframe title=\"Odtwarzacz wideo YouTube\" src=\"https:\/\/www.youtube.com\/embed\/948OIfrmjmU?si=FIrRt1_oLpe1Qy-b\" width=\"560\" height=\"315\" frameborder=\"0\" allowfullscreen=\"allowfullscreen\"><\/iframe><\/p>\n<h2>Parametr metalowego przeka\u017anika telefonowego:<\/h2>\n<table>\n<tbody>\n<tr>\n<td width=\"284\">Nr modelu<\/td>\n<td width=\"284\">C06<\/td>\n<\/tr>\n<tr>\n<td width=\"284\">Stopie\u0144 wodoodporno\u015bci<\/td>\n<td width=\"284\">IP65<\/td>\n<\/tr>\n<tr>\n<td width=\"284\">Certificate<\/td>\n<td width=\"284\">CE approved<\/td>\n<\/tr>\n<tr>\n<td width=\"284\">Przetwarzanie powierzchniowe<\/td>\n<td width=\"284\">Jasny chrom lub matowy chromowany pokrywaj\u0105cy<\/td>\n<\/tr>\n<tr>\n<td width=\"284\">Funkcja<\/td>\n<td width=\"284\">With NC or NO reed switch<\/td>\n<\/tr>\n<tr>\n<td width=\"284\">Opakowywanie<\/td>\n<td width=\"284\">50pcs\/carton<\/td>\n<\/tr>\n<tr>\n<td width=\"284\">G.W.<\/td>\n<td width=\"284\">13kg\/carton<\/td>\n<\/tr>\n<tr>\n<td width=\"284\">Working life<\/td>\n<td width=\"284\">More than 500,000 times<\/td>\n<\/tr>\n<\/tbody>\n<\/table>\n<h2>Funkcja metalowego gniazda telefonicznego z wy\u0142\u0105cznikiem:<\/h2>\n<p>1. Ten prze\u0142\u0105cznik metalowy s\u0142uchawek telefonicznych jest specjalnie zaprojektowany i odpowiedni dla wi\u0119kszo\u015bci s\u0142uchawek typu G w zakresie wymiar\u00f3w, co pozwala klientom oferowa\u0107 us\u0142ug\u0119 jednokrotnej obs\u0142ugi. Z wy\u0142\u0105cznikiem z metalowego hooka telefonu wykonanym w Chinach, SINIWO zdobywa dobre opinie od klient\u00f3w dzi\u0119ki dobr\u0105 us\u0142ug\u0119.<\/p>\n<p><img fetchpriority=\"high\" decoding=\"async\" class=\"alignnone wp-image-403 size-full\" src=\"http:\/\/siwoc.com\/wp-content\/uploads\/2025\/01\/1.\u5c3a\u5bf8\u56fe-2.jpg\" alt=\"\" width=\"376\" height=\"365\" srcset=\"https:\/\/www.cnsiwoc.com\/wp-content\/uploads\/2025\/01\/1.\u5c3a\u5bf8\u56fe-2.jpg 376w, https:\/\/www.cnsiwoc.com\/wp-content\/uploads\/2025\/01\/1.\u5c3a\u5bf8\u56fe-2-300x291.jpg 300w, https:\/\/www.cnsiwoc.com\/wp-content\/uploads\/2025\/01\/1.\u5c3a\u5bf8\u56fe-2-12x12.jpg 12w\" sizes=\"(max-width: 376px) 100vw, 376px\" \/><\/p>\n<p>&nbsp;<\/p>\n<p>2. Ten przeka\u017anik metalowy do telefonu jest g\u0142\u00f3wnie stosowany w przemy\u015ble telefonicznym na platformach gazowych i naftowych, oraz w portach z chemi\u0105 i korozj\u0105 wod\u0105 s\u0142odk\u0105, lub w telefonach wi\u0119ziennej, kt\u00f3re musz\u0105 wytrzyma\u0107 przemoc z wi\u0119\u017ani\u00f3w. Wi\u0119c stosujemy materia\u0142 Zamak z pow\u0142ok\u0105 powierzchniow\u0105, kt\u00f3ra mo\u017ce przetrwa\u0107 testy wysokiej koncentracji roztworu soli.<\/p>\n<p><img decoding=\"async\" class=\"alignnone wp-image-404 size-full\" src=\"http:\/\/siwoc.com\/wp-content\/uploads\/2025\/01\/2.\u6302\u53c9\u5e94\u7528.jpg\" alt=\"\" width=\"750\" height=\"536\" srcset=\"https:\/\/www.cnsiwoc.com\/wp-content\/uploads\/2025\/01\/2.\u6302\u53c9\u5e94\u7528.jpg 750w, https:\/\/www.cnsiwoc.com\/wp-content\/uploads\/2025\/01\/2.\u6302\u53c9\u5e94\u7528-300x214.jpg 300w, https:\/\/www.cnsiwoc.com\/wp-content\/uploads\/2025\/01\/2.\u6302\u53c9\u5e94\u7528-18x12.jpg 18w, https:\/\/www.cnsiwoc.com\/wp-content\/uploads\/2025\/01\/2.\u6302\u53c9\u5e94\u7528-600x429.jpg 600w\" sizes=\"(max-width: 750px) 100vw, 750px\" \/><\/p>\n<p>3. Ten metalowy przeka\u017anik telefonicznego klinu mo\u017ce by\u0107 wykonany z przeka\u017anika reedowego otwartego w normalnym stanie lub zamkni\u0119tego w normalnym stanie zgodnie z \u017cyczeniem klienta. Po opakowaniu jest ci\u0119\u017ckie, 0,3 kg na jednostk\u0119, a powierzchnia jest lustrzana lub matowa chromowa, wi\u0119c SINIWO opakuje je podw\u00f3jnie palet\u0105 lub skrzyni\u0105 drewnian\u0105 w du\u017cych zam\u00f3wieniach, aby unikn\u0105\u0107 uszkodze\u0144 podczas transportu.<\/p>\n<p><img decoding=\"async\" class=\"alignnone wp-image-405 size-full\" src=\"http:\/\/siwoc.com\/wp-content\/uploads\/2025\/01\/3.\u6253\u5305\u56fe.jpg\" alt=\"\" width=\"750\" height=\"654\" srcset=\"https:\/\/www.cnsiwoc.com\/wp-content\/uploads\/2025\/01\/3.\u6253\u5305\u56fe.jpg 750w, https:\/\/www.cnsiwoc.com\/wp-content\/uploads\/2025\/01\/3.\u6253\u5305\u56fe-300x262.jpg 300w, https:\/\/www.cnsiwoc.com\/wp-content\/uploads\/2025\/01\/3.\u6253\u5305\u56fe-14x12.jpg 14w, https:\/\/www.cnsiwoc.com\/wp-content\/uploads\/2025\/01\/3.\u6253\u5305\u56fe-600x523.jpg 600w\" sizes=\"(max-width: 750px) 100vw, 750px\" \/><\/p>","protected":false},"excerpt":{"rendered":"<p>SINIWO is an original metal telephone hook swich factory for 18 years in China. With advanced die casting machines which updates with auto arms, SINIWO could produce 2000 units qualified metal telephone hook swich per day.<\/p>","protected":false},"featured_media":400,"template":"","meta":[],"product_cat":[96,80],"product_tag":[99,98,100,97],"class_list":{"0":"post-398","1":"product","2":"type-product","3":"status-publish","4":"has-post-thumbnail","6":"product_cat-metal-telephone-hook-switch","7":"product_cat-telephone-accessory","8":"product_tag-magnetic-hook-switch","9":"product_tag-metal-hook-switch","10":"product_tag-rugged-hook-switch","11":"product_tag-telephone-hook-switch","13":"first","14":"instock","15":"shipping-taxable","16":"product-type-simple"},"_links":{"self":[{"href":"https:\/\/www.cnsiwoc.com\/pl\/wp-json\/wp\/v2\/product\/398","targetHints":{"allow":["GET"]}}],"collection":[{"href":"https:\/\/www.cnsiwoc.com\/pl\/wp-json\/wp\/v2\/product"}],"about":[{"href":"https:\/\/www.cnsiwoc.com\/pl\/wp-json\/wp\/v2\/types\/product"}],"version-history":[{"count":0,"href":"https:\/\/www.cnsiwoc.com\/pl\/wp-json\/wp\/v2\/product\/398\/revisions"}],"wp:featuredmedia":[{"embeddable":true,"href":"https:\/\/www.cnsiwoc.com\/pl\/wp-json\/wp\/v2\/media\/400"}],"wp:attachment":[{"href":"https:\/\/www.cnsiwoc.com\/pl\/wp-json\/wp\/v2\/media?parent=398"}],"wp:term":[{"taxonomy":"product_cat","embeddable":true,"href":"https:\/\/www.cnsiwoc.com\/pl\/wp-json\/wp\/v2\/product_cat?post=398"},{"taxonomy":"product_tag","embeddable":true,"href":"https:\/\/www.cnsiwoc.com\/pl\/wp-json\/wp\/v2\/product_tag?post=398"}],"curies":[{"name":"wp","href":"https:\/\/api.w.org\/{rel}","templated":true}]}}