{"id":379,"date":"2025-01-02T14:12:58","date_gmt":"2025-01-02T06:12:58","guid":{"rendered":"http:\/\/siwoc.com\/?post_type=product&#038;p=379"},"modified":"2025-01-09T09:44:03","modified_gmt":"2025-01-09T01:44:03","slug":"fire-telephone-metal-enclosure","status":"publish","type":"product","link":"https:\/\/www.cnsiwoc.com\/pl\/product\/fire-telephone-metal-enclosure\/","title":{"rendered":"Metalowa obudowa telefonu przeciwpo\u017carowego"},"content":{"rendered":"<p>The SINIWO fire telephone metal enclosure is a durable telephone handset protective enclosure that is weather and violence resistant. This fire telephone metal enclosure has a solid surface and has a certain ability to withstand pressure. It is a protective enclosure provided by SINIWO for public fire telephone handsets such as fire stations and natural gas stations.<\/p>\n<h2>Parameter of fire telephone metal enclosure:<\/h2>\n<table>\n<tbody>\n<tr>\n<td width=\"284\">Nr modelu<\/td>\n<td width=\"284\">L38<\/td>\n<\/tr>\n<tr>\n<td width=\"284\">Stopie\u0144 wodoodporno\u015bci<\/td>\n<td width=\"284\">IP65<\/td>\n<\/tr>\n<tr>\n<td width=\"284\">Function<\/td>\n<td width=\"284\">protect handset<\/td>\n<\/tr>\n<tr>\n<td width=\"284\">Aplikacja<\/td>\n<td width=\"284\">fire emergency telephone<\/td>\n<\/tr>\n<tr>\n<td width=\"284\">Funkcja<\/td>\n<td width=\"284\">rugged<\/td>\n<\/tr>\n<tr>\n<td width=\"284\">Miejsce pochodzenia<\/td>\n<td width=\"284\">Zhejiang, Chiny<\/td>\n<\/tr>\n<tr>\n<td width=\"284\">Product name<\/td>\n<td width=\"284\">metal enclosure<\/td>\n<\/tr>\n<tr>\n<td width=\"284\">Gwarancja<\/td>\n<td width=\"284\">1 rok<\/td>\n<\/tr>\n<tr>\n<td width=\"284\">Color<\/td>\n<td width=\"284\">Customized\u00a0color<\/td>\n<\/tr>\n<\/tbody>\n<\/table>\n<h2>Feature of fire telephone metal enclosure:<\/h2>\n<p>1.Fire telephone metal enclosure fits most fire telephone handsets. As a manufacturer with well-equipped facilities and a professional team, we actively meet customer needs when designing casings to protect telephone handsets and provide customers with the most satisfactory products.<\/p>\n<p><img fetchpriority=\"high\" decoding=\"async\" class=\"alignnone wp-image-385 size-full\" src=\"http:\/\/siwoc.com\/wp-content\/uploads\/2025\/01\/1.-L38\u5c3a\u5bf8\u56fe.jpg\" alt=\"\" width=\"819\" height=\"651\" srcset=\"https:\/\/www.cnsiwoc.com\/wp-content\/uploads\/2025\/01\/1.-L38\u5c3a\u5bf8\u56fe.jpg 819w, https:\/\/www.cnsiwoc.com\/wp-content\/uploads\/2025\/01\/1.-L38\u5c3a\u5bf8\u56fe-300x238.jpg 300w, https:\/\/www.cnsiwoc.com\/wp-content\/uploads\/2025\/01\/1.-L38\u5c3a\u5bf8\u56fe-768x610.jpg 768w, https:\/\/www.cnsiwoc.com\/wp-content\/uploads\/2025\/01\/1.-L38\u5c3a\u5bf8\u56fe-15x12.jpg 15w, https:\/\/www.cnsiwoc.com\/wp-content\/uploads\/2025\/01\/1.-L38\u5c3a\u5bf8\u56fe-600x477.jpg 600w\" sizes=\"(max-width: 819px) 100vw, 819px\" \/><\/p>\n<p>2.When we designed the fire telephone metal enclosure, we considered many factors such as: harsh environmental factors, weather factors, special circumstances, etc. Therefore, in order to meet the fire protection standards, we designed and produced the fire telephone metal enclosure specifically for the fire protection field.<\/p>\n<p><img decoding=\"async\" class=\"alignnone wp-image-386 size-full\" src=\"http:\/\/siwoc.com\/wp-content\/uploads\/2025\/01\/2.-\u6d88\u9632\u884c\u4e1a\u6848\u4f8b.jpg\" alt=\"\" width=\"750\" height=\"668\" srcset=\"https:\/\/www.cnsiwoc.com\/wp-content\/uploads\/2025\/01\/2.-\u6d88\u9632\u884c\u4e1a\u6848\u4f8b.jpg 750w, https:\/\/www.cnsiwoc.com\/wp-content\/uploads\/2025\/01\/2.-\u6d88\u9632\u884c\u4e1a\u6848\u4f8b-300x267.jpg 300w, https:\/\/www.cnsiwoc.com\/wp-content\/uploads\/2025\/01\/2.-\u6d88\u9632\u884c\u4e1a\u6848\u4f8b-13x12.jpg 13w, https:\/\/www.cnsiwoc.com\/wp-content\/uploads\/2025\/01\/2.-\u6d88\u9632\u884c\u4e1a\u6848\u4f8b-600x534.jpg 600w\" sizes=\"(max-width: 750px) 100vw, 750px\" \/><\/p>\n<p>3.The fire telephone metal enclosure can protect the telephone handset in harsh environments. The metal material has excellent pressure resistance and moisture resistance, and the surface is smooth and visually beautiful. The exterior is hard enough to effectively protect the telephone receiver from damage and wear.<\/p>\n<p>4.For this fire telephone metal enclosure, we accept customization of color and logo printing. Stock regular color is red. Any other color can be customized according to Pantone number or color sample.<\/p>\n<p><img decoding=\"async\" class=\"alignnone wp-image-387 size-full\" src=\"http:\/\/siwoc.com\/wp-content\/uploads\/2025\/01\/3.\u5305\u88c5\u56fe.jpg\" alt=\"\" width=\"750\" height=\"654\" srcset=\"https:\/\/www.cnsiwoc.com\/wp-content\/uploads\/2025\/01\/3.\u5305\u88c5\u56fe.jpg 750w, https:\/\/www.cnsiwoc.com\/wp-content\/uploads\/2025\/01\/3.\u5305\u88c5\u56fe-300x262.jpg 300w, https:\/\/www.cnsiwoc.com\/wp-content\/uploads\/2025\/01\/3.\u5305\u88c5\u56fe-14x12.jpg 14w, https:\/\/www.cnsiwoc.com\/wp-content\/uploads\/2025\/01\/3.\u5305\u88c5\u56fe-600x523.jpg 600w\" sizes=\"(max-width: 750px) 100vw, 750px\" \/><\/p>","protected":false},"excerpt":{"rendered":"<p>SINIWO jest oryginalnym chi\u0144skim producentem i dostawc\u0105 metalowych obud\u00f3w do telefon\u00f3w przeciwpo\u017carowych. Dzi\u0119ki do\u015bwiadczonemu zespo\u0142owi badawczo-rozwojowemu w tej dziedzinie mo\u017cemy zapewni\u0107 klientom krajowym i zagranicznym najbardziej op\u0142acalne produkty. Jako fabryka w Chinach, SINIWO ma elastyczne mo\u017cliwo\u015bci dostosowania metalowej obudowy telefonu przeciwpo\u017carowego o r\u00f3\u017cnym wygl\u0105dzie i wymiarach zgodnie z wymaganiami klienta.<\/p>","protected":false},"featured_media":380,"template":"","meta":[],"product_cat":[86,80],"product_tag":[88,89,90,87],"class_list":{"0":"post-379","1":"product","2":"type-product","3":"status-publish","4":"has-post-thumbnail","6":"product_cat-fire-telephone-metal-enclosure","7":"product_cat-telephone-accessory","8":"product_tag-customized-metal-enclosure","9":"product_tag-metal-sheet-enclosure","10":"product_tag-rugged-metal-enclosure","11":"product_tag-telephone-metal-enclosure","13":"first","14":"instock","15":"shipping-taxable","16":"product-type-simple"},"_links":{"self":[{"href":"https:\/\/www.cnsiwoc.com\/pl\/wp-json\/wp\/v2\/product\/379","targetHints":{"allow":["GET"]}}],"collection":[{"href":"https:\/\/www.cnsiwoc.com\/pl\/wp-json\/wp\/v2\/product"}],"about":[{"href":"https:\/\/www.cnsiwoc.com\/pl\/wp-json\/wp\/v2\/types\/product"}],"version-history":[{"count":0,"href":"https:\/\/www.cnsiwoc.com\/pl\/wp-json\/wp\/v2\/product\/379\/revisions"}],"wp:featuredmedia":[{"embeddable":true,"href":"https:\/\/www.cnsiwoc.com\/pl\/wp-json\/wp\/v2\/media\/380"}],"wp:attachment":[{"href":"https:\/\/www.cnsiwoc.com\/pl\/wp-json\/wp\/v2\/media?parent=379"}],"wp:term":[{"taxonomy":"product_cat","embeddable":true,"href":"https:\/\/www.cnsiwoc.com\/pl\/wp-json\/wp\/v2\/product_cat?post=379"},{"taxonomy":"product_tag","embeddable":true,"href":"https:\/\/www.cnsiwoc.com\/pl\/wp-json\/wp\/v2\/product_tag?post=379"}],"curies":[{"name":"wp","href":"https:\/\/api.w.org\/{rel}","templated":true}]}}