{"id":362,"date":"2025-01-02T13:58:55","date_gmt":"2025-01-02T05:58:55","guid":{"rendered":"http:\/\/siwoc.com\/?post_type=product&#038;p=362"},"modified":"2025-01-02T15:00:51","modified_gmt":"2025-01-02T07:00:51","slug":"industrial-vending-machine-keypad","status":"publish","type":"product","link":"https:\/\/www.cnsiwoc.com\/pl\/product\/industrial-vending-machine-keypad\/","title":{"rendered":"Klawiatura automatu przemys\u0142owego"},"content":{"rendered":"<p>Klawiatura automatu przemys\u0142owego SINIWO wykonana jest ze stali nierdzewnej, ma doskona\u0142e parametry u\u017cytkowe, pi\u0119kny wygl\u0105d, jest trwa\u0142a i posiada stopie\u0144 wodoodporno\u015bci IP65. Ta przemys\u0142owa klawiatura do automat\u00f3w sprzedaj\u0105cych, wyprodukowana przez SINIWO, specjalnie u\u017cywana w \u015brodowiskach publicznych, takich jak automaty sprzedaj\u0105ce, zosta\u0142a zaprojektowana tak, aby wytrzyma\u0107 zu\u017cycie w celu zaspokojenia potrzeb konsument\u00f3w, dlatego jest wysokiej jako\u015bci.<\/p>\n<p><iframe title=\"Odtwarzacz wideo YouTube\" src=\"https:\/\/www.youtube.com\/embed\/AI71gyLorWQ?si=XaM67tsahAWBFCBU\" width=\"560\" height=\"315\" frameborder=\"0\" allowfullscreen=\"allowfullscreen\"><\/iframe><\/p>\n<h2>Specyfikacja klawiatury automatu przemys\u0142owego<\/h2>\n<table>\n<tbody>\n<tr>\n<td width=\"284\">Nr modelu<\/td>\n<td width=\"284\">B725<\/td>\n<\/tr>\n<tr>\n<td width=\"284\">Stopie\u0144 wodoodporno\u015bci<\/td>\n<td width=\"284\">IP65<\/td>\n<\/tr>\n<tr>\n<td width=\"284\">Napi\u0119cie wej\u015bciowe<\/td>\n<td width=\"284\">3.5V\/5V<\/td>\n<\/tr>\n<tr>\n<td width=\"284\">\u017bycie elektryczne<\/td>\n<td width=\"284\">1 milion cykli dzia\u0142ania na klucz<\/td>\n<\/tr>\n<tr>\n<td width=\"284\">Kluczowa podr\u00f3\u017c<\/td>\n<td width=\"284\">0.45mm<\/td>\n<\/tr>\n<tr>\n<td width=\"284\">Si\u0142a uruchamiaj\u0105ca<\/td>\n<td width=\"284\">250g\/2.45N<\/td>\n<\/tr>\n<tr>\n<td width=\"284\">Gumowe \u017cycie<\/td>\n<td width=\"284\">Ponad 500 tysi\u0119cy cykli<\/td>\n<\/tr>\n<tr>\n<td width=\"284\">Wilgotno\u015b\u0107 wzgl\u0119dna<\/td>\n<td width=\"284\">35%-95%<\/td>\n<\/tr>\n<tr>\n<td width=\"284\">Ci\u015bnienie atmosferyczne<\/td>\n<td width=\"284\">60 Kpa ~ 106 Kpa<\/td>\n<\/tr>\n<\/tbody>\n<\/table>\n<h2>Szczeg\u00f3\u0142y klawiatury automatu przemys\u0142owego:<\/h2>\n<p>1. Ta przemys\u0142owa klawiatura do automat\u00f3w vendingowych, wykonana ze szczotkowanej stali nierdzewnej SUS304, jest odporna na intensywne u\u017cytkowanie i uszkodzenia spowodowane czynnikami \u015brodowiskowymi, takimi jak wilgo\u0107, kurz i wahania temperatury.<\/p>\n<p><img fetchpriority=\"high\" decoding=\"async\" class=\"alignnone wp-image-367 size-full\" src=\"http:\/\/siwoc.com\/wp-content\/uploads\/2025\/01\/1.-\u5c3a\u5bf8\u56fe-3.jpg\" alt=\"\" width=\"799\" height=\"373\" srcset=\"https:\/\/www.cnsiwoc.com\/wp-content\/uploads\/2025\/01\/1.-\u5c3a\u5bf8\u56fe-3.jpg 799w, https:\/\/www.cnsiwoc.com\/wp-content\/uploads\/2025\/01\/1.-\u5c3a\u5bf8\u56fe-3-300x140.jpg 300w, https:\/\/www.cnsiwoc.com\/wp-content\/uploads\/2025\/01\/1.-\u5c3a\u5bf8\u56fe-3-768x359.jpg 768w, https:\/\/www.cnsiwoc.com\/wp-content\/uploads\/2025\/01\/1.-\u5c3a\u5bf8\u56fe-3-18x8.jpg 18w, https:\/\/www.cnsiwoc.com\/wp-content\/uploads\/2025\/01\/1.-\u5c3a\u5bf8\u56fe-3-600x280.jpg 600w\" sizes=\"(max-width: 799px) 100vw, 799px\" \/> <img decoding=\"async\" class=\"alignnone wp-image-368 size-full\" src=\"http:\/\/siwoc.com\/wp-content\/uploads\/2025\/01\/2.-\u952e\u76d8\u6d4b\u8bd5\u8bbe\u5907\u6d41\u7a0b-1.jpg\" alt=\"\" width=\"900\" height=\"751\" srcset=\"https:\/\/www.cnsiwoc.com\/wp-content\/uploads\/2025\/01\/2.-\u952e\u76d8\u6d4b\u8bd5\u8bbe\u5907\u6d41\u7a0b-1.jpg 900w, https:\/\/www.cnsiwoc.com\/wp-content\/uploads\/2025\/01\/2.-\u952e\u76d8\u6d4b\u8bd5\u8bbe\u5907\u6d41\u7a0b-1-300x250.jpg 300w, https:\/\/www.cnsiwoc.com\/wp-content\/uploads\/2025\/01\/2.-\u952e\u76d8\u6d4b\u8bd5\u8bbe\u5907\u6d41\u7a0b-1-768x641.jpg 768w, https:\/\/www.cnsiwoc.com\/wp-content\/uploads\/2025\/01\/2.-\u952e\u76d8\u6d4b\u8bd5\u8bbe\u5907\u6d41\u7a0b-1-14x12.jpg 14w, https:\/\/www.cnsiwoc.com\/wp-content\/uploads\/2025\/01\/2.-\u952e\u76d8\u6d4b\u8bd5\u8bbe\u5907\u6d41\u7a0b-1-600x501.jpg 600w\" sizes=\"(max-width: 900px) 100vw, 900px\" \/><\/p>\n<p>2. Ta 16-klawiszowa klawiatura do automat\u00f3w przemys\u0142owych jest u\u017cywana g\u0142\u00f3wnie w automatach sprzedaj\u0105cych. Aby sprosta\u0107 r\u00f3\u017cnorodnym potrzebom konsument\u00f3w, mo\u017cna dostosowa\u0107 uk\u0142ad przycisk\u00f3w i interfejs klawiatury. Opr\u00f3cz tego sygna\u0142 klawiatury jest opcjonalny, np. RS232, RS485, USB, konstrukcja matrycowa.<\/p>\n<p><img decoding=\"async\" class=\"alignnone wp-image-369 size-full\" src=\"http:\/\/siwoc.com\/wp-content\/uploads\/2025\/01\/3.-\u952e\u76d8\u5e38\u89c4\u7528\u63a5\u53e3.jpg\" alt=\"\" width=\"750\" height=\"150\" srcset=\"https:\/\/www.cnsiwoc.com\/wp-content\/uploads\/2025\/01\/3.-\u952e\u76d8\u5e38\u89c4\u7528\u63a5\u53e3.jpg 750w, https:\/\/www.cnsiwoc.com\/wp-content\/uploads\/2025\/01\/3.-\u952e\u76d8\u5e38\u89c4\u7528\u63a5\u53e3-300x60.jpg 300w, https:\/\/www.cnsiwoc.com\/wp-content\/uploads\/2025\/01\/3.-\u952e\u76d8\u5e38\u89c4\u7528\u63a5\u53e3-18x4.jpg 18w, https:\/\/www.cnsiwoc.com\/wp-content\/uploads\/2025\/01\/3.-\u952e\u76d8\u5e38\u89c4\u7528\u63a5\u53e3-600x120.jpg 600w\" sizes=\"(max-width: 750px) 100vw, 750px\" \/><\/p>\n<p>3. Klawiatury automat\u00f3w sprzedaj\u0105cych przeznaczone do u\u017cytku przemys\u0142owego s\u0105 zazwyczaj szczelne i odporne na p\u0142yny, kurz i zanieczyszczenia. U\u0142atwia to czyszczenie i konserwacj\u0119 klawiatur, co gwarantuje, \u017ce klawiatury u\u017cywane przez klient\u00f3w b\u0119d\u0105 zawsze czyste.<\/p>\n<p><img loading=\"lazy\" decoding=\"async\" class=\"alignnone wp-image-370 size-full\" src=\"http:\/\/siwoc.com\/wp-content\/uploads\/2025\/01\/5.-\u952e\u76d8\u5305\u88c5\u56fe.jpg\" alt=\"\" width=\"750\" height=\"654\" srcset=\"https:\/\/www.cnsiwoc.com\/wp-content\/uploads\/2025\/01\/5.-\u952e\u76d8\u5305\u88c5\u56fe.jpg 750w, https:\/\/www.cnsiwoc.com\/wp-content\/uploads\/2025\/01\/5.-\u952e\u76d8\u5305\u88c5\u56fe-300x262.jpg 300w, https:\/\/www.cnsiwoc.com\/wp-content\/uploads\/2025\/01\/5.-\u952e\u76d8\u5305\u88c5\u56fe-14x12.jpg 14w, https:\/\/www.cnsiwoc.com\/wp-content\/uploads\/2025\/01\/5.-\u952e\u76d8\u5305\u88c5\u56fe-600x523.jpg 600w\" sizes=\"(max-width: 750px) 100vw, 750px\" \/><\/p>","protected":false},"excerpt":{"rendered":"<p>Jako wiod\u0105cy w Chinach producent i dostawca klawiatur do automat\u00f3w przemys\u0142owych, SINIWO jest znane ze swojego doskona\u0142ego kunsztu i konkurencyjnej ceny. Klawiatury automat\u00f3w przemys\u0142owych produkowane przez SINIWO s\u0105 dobrze sprzedawane na rynku \u015bwiatowym i ciesz\u0105 si\u0119 uznaniem konsument\u00f3w.<\/p>","protected":false},"featured_media":366,"template":"","meta":[],"product_cat":[15,75],"product_tag":[77,78,79,76],"class_list":{"0":"post-362","1":"product","2":"type-product","3":"status-publish","4":"has-post-thumbnail","6":"product_cat-industrial-keypad","7":"product_cat-industrial-vending-machine-keypad","8":"product_tag-atm-keypad","9":"product_tag-stainless-steel-keypad","10":"product_tag-vandal-proof-keypad","11":"product_tag-vending-machine-keypad","13":"first","14":"instock","15":"shipping-taxable","16":"product-type-simple"},"_links":{"self":[{"href":"https:\/\/www.cnsiwoc.com\/pl\/wp-json\/wp\/v2\/product\/362","targetHints":{"allow":["GET"]}}],"collection":[{"href":"https:\/\/www.cnsiwoc.com\/pl\/wp-json\/wp\/v2\/product"}],"about":[{"href":"https:\/\/www.cnsiwoc.com\/pl\/wp-json\/wp\/v2\/types\/product"}],"version-history":[{"count":0,"href":"https:\/\/www.cnsiwoc.com\/pl\/wp-json\/wp\/v2\/product\/362\/revisions"}],"wp:featuredmedia":[{"embeddable":true,"href":"https:\/\/www.cnsiwoc.com\/pl\/wp-json\/wp\/v2\/media\/366"}],"wp:attachment":[{"href":"https:\/\/www.cnsiwoc.com\/pl\/wp-json\/wp\/v2\/media?parent=362"}],"wp:term":[{"taxonomy":"product_cat","embeddable":true,"href":"https:\/\/www.cnsiwoc.com\/pl\/wp-json\/wp\/v2\/product_cat?post=362"},{"taxonomy":"product_tag","embeddable":true,"href":"https:\/\/www.cnsiwoc.com\/pl\/wp-json\/wp\/v2\/product_tag?post=362"}],"curies":[{"name":"wp","href":"https:\/\/api.w.org\/{rel}","templated":true}]}}