{"id":332,"date":"2025-01-02T13:37:26","date_gmt":"2025-01-02T05:37:26","guid":{"rendered":"http:\/\/siwoc.com\/?post_type=product&#038;p=332"},"modified":"2025-01-02T14:56:55","modified_gmt":"2025-01-02T06:56:55","slug":"led-illuminated-industrial-keypad","status":"publish","type":"product","link":"https:\/\/www.cnsiwoc.com\/pl\/product\/led-illuminated-industrial-keypad\/","title":{"rendered":"Klawiatura przemys\u0142owa z pod\u015bwietleniem LED"},"content":{"rendered":"<p>1.This SINIWO LED illuminated industrial keypad not only is durable, but it also offers a superior user experience. The keypad uses natural conductive rubber to ensure easy and accurate typing, providing users with a smooth and pleasant experience. The keypad features LED backlight, which ensures visibility in dark environments, making it ideal for industries operating at night.<iframe title=\"Odtwarzacz wideo YouTube\" src=\"https:\/\/www.youtube.com\/embed\/xIvC9QY2aOk?si=4704T-elIUfg3hKJ\" width=\"560\" height=\"315\" frameborder=\"0\" allowfullscreen=\"allowfullscreen\"><\/iframe><\/p>\n<h2>2. Feature of LED Illuminated Industrial Keypad<\/h2>\n<p>This keypad is designed with waterproof sealing rubber. Its the type of waterproof industrial telephone handset rating of IP67. With this feature, it can be used in unshielded outdoor environments. Customized services are provided according to customer requirements, and the keypad can also be equipped with a separate metal casing.<\/p>\n<p><img fetchpriority=\"high\" decoding=\"async\" class=\"alignnone wp-image-338 size-full\" src=\"http:\/\/siwoc.com\/wp-content\/uploads\/2025\/01\/\u5c3a\u5bf8\u56fe.jpg\" alt=\"\" width=\"516\" height=\"646\" srcset=\"https:\/\/www.cnsiwoc.com\/wp-content\/uploads\/2025\/01\/\u5c3a\u5bf8\u56fe.jpg 516w, https:\/\/www.cnsiwoc.com\/wp-content\/uploads\/2025\/01\/\u5c3a\u5bf8\u56fe-240x300.jpg 240w, https:\/\/www.cnsiwoc.com\/wp-content\/uploads\/2025\/01\/\u5c3a\u5bf8\u56fe-10x12.jpg 10w\" sizes=\"(max-width: 516px) 100vw, 516px\" \/><\/p>\n<h2>3. Parameter of LED Illuminated Industrial Keypad<\/h2>\n<table>\n<tbody>\n<tr>\n<td width=\"284\">Nr modelu<\/td>\n<td width=\"284\">B665<\/td>\n<\/tr>\n<tr>\n<td width=\"284\">Stopie\u0144 wodoodporno\u015bci<\/td>\n<td width=\"284\">IP67<\/td>\n<\/tr>\n<tr>\n<td width=\"284\">Napi\u0119cie wej\u015bciowe<\/td>\n<td width=\"284\">3.3V\/5V<\/td>\n<\/tr>\n<tr>\n<td width=\"284\">Si\u0142a uruchamiaj\u0105ca<\/td>\n<td width=\"284\">250g\/2.45N(Pressure point)<\/td>\n<\/tr>\n<tr>\n<td width=\"284\">Working Temperature<\/td>\n<td width=\"284\">-25\u2103~+65\u2103<\/td>\n<\/tr>\n<tr>\n<td width=\"284\">Storage Temperature<\/td>\n<td width=\"284\">-40\u2103~+85\u2103<\/td>\n<\/tr>\n<tr>\n<td width=\"284\">Wilgotno\u015b\u0107 wzgl\u0119dna<\/td>\n<td width=\"284\">30%-95%<\/td>\n<\/tr>\n<tr>\n<td width=\"284\">Ci\u015bnienie atmosferyczne<\/td>\n<td width=\"284\">60kpa-106kpa<\/td>\n<\/tr>\n<tr>\n<td width=\"284\">LED color<\/td>\n<td width=\"284\">dostosowane<\/td>\n<\/tr>\n<\/tbody>\n<\/table>\n<p>4. One of the standout features of this LED illuminated industrial keypad is the ability to customize the buttons as per the customer\u2019s requirements. By using die-cast tooling, customers can personalize their keypad buttons to fit their specific needs. In addition, the surface of the buttons is chrome-plated to resist corrosion and ensure durability. To further ensure its longevity and quality, the keypad has undergone high-concentration salt spray testing to prove it can withstand harsh environments.<\/p>\n<p><img decoding=\"async\" class=\"alignnone wp-image-339 size-full\" src=\"http:\/\/siwoc.com\/wp-content\/uploads\/2025\/01\/\u952e\u76d8\u6d4b\u8bd5\u8bbe\u5907\u6d41\u7a0b.jpg\" alt=\"\" width=\"900\" height=\"751\" srcset=\"https:\/\/www.cnsiwoc.com\/wp-content\/uploads\/2025\/01\/\u952e\u76d8\u6d4b\u8bd5\u8bbe\u5907\u6d41\u7a0b.jpg 900w, https:\/\/www.cnsiwoc.com\/wp-content\/uploads\/2025\/01\/\u952e\u76d8\u6d4b\u8bd5\u8bbe\u5907\u6d41\u7a0b-300x250.jpg 300w, https:\/\/www.cnsiwoc.com\/wp-content\/uploads\/2025\/01\/\u952e\u76d8\u6d4b\u8bd5\u8bbe\u5907\u6d41\u7a0b-768x641.jpg 768w, https:\/\/www.cnsiwoc.com\/wp-content\/uploads\/2025\/01\/\u952e\u76d8\u6d4b\u8bd5\u8bbe\u5907\u6d41\u7a0b-14x12.jpg 14w, https:\/\/www.cnsiwoc.com\/wp-content\/uploads\/2025\/01\/\u952e\u76d8\u6d4b\u8bd5\u8bbe\u5907\u6d41\u7a0b-600x501.jpg 600w\" sizes=\"(max-width: 900px) 100vw, 900px\" \/><\/p>\n<p>&nbsp;<\/p>\n<p>&nbsp;<\/p>\n<p>&nbsp;<\/p>\n<p>&nbsp;<\/p>\n<p>&nbsp;<\/p>","protected":false},"excerpt":{"rendered":"<p>SINIWO offer LED illuminated industrial keypad with competitive price in China industrial manufacturers. With excellent overseas sales team, SINIWO exports LED illuminated industrial keypad to most of the global market. As a top manufacturer in China, SINIWO has huge advantages to meet the demand from market.<\/p>","protected":false},"featured_media":336,"template":"","meta":[],"product_cat":[15,60],"product_tag":[61,64,62,63],"class_list":{"0":"post-332","1":"product","2":"type-product","3":"status-publish","4":"has-post-thumbnail","6":"product_cat-industrial-keypad","7":"product_cat-led-illuminated-industrial-keypad","8":"product_tag-3x4-keypad","9":"product_tag-door-entry-keypad","10":"product_tag-numeric-keypad","11":"product_tag-waterproof-keypad","13":"first","14":"instock","15":"shipping-taxable","16":"product-type-simple"},"_links":{"self":[{"href":"https:\/\/www.cnsiwoc.com\/pl\/wp-json\/wp\/v2\/product\/332","targetHints":{"allow":["GET"]}}],"collection":[{"href":"https:\/\/www.cnsiwoc.com\/pl\/wp-json\/wp\/v2\/product"}],"about":[{"href":"https:\/\/www.cnsiwoc.com\/pl\/wp-json\/wp\/v2\/types\/product"}],"version-history":[{"count":0,"href":"https:\/\/www.cnsiwoc.com\/pl\/wp-json\/wp\/v2\/product\/332\/revisions"}],"wp:featuredmedia":[{"embeddable":true,"href":"https:\/\/www.cnsiwoc.com\/pl\/wp-json\/wp\/v2\/media\/336"}],"wp:attachment":[{"href":"https:\/\/www.cnsiwoc.com\/pl\/wp-json\/wp\/v2\/media?parent=332"}],"wp:term":[{"taxonomy":"product_cat","embeddable":true,"href":"https:\/\/www.cnsiwoc.com\/pl\/wp-json\/wp\/v2\/product_cat?post=332"},{"taxonomy":"product_tag","embeddable":true,"href":"https:\/\/www.cnsiwoc.com\/pl\/wp-json\/wp\/v2\/product_tag?post=332"}],"curies":[{"name":"wp","href":"https:\/\/api.w.org\/{rel}","templated":true}]}}