{"id":320,"date":"2025-01-02T13:29:15","date_gmt":"2025-01-02T05:29:15","guid":{"rendered":"http:\/\/siwoc.com\/?post_type=product&#038;p=320"},"modified":"2025-01-02T14:56:00","modified_gmt":"2025-01-02T06:56:00","slug":"access-control-industrial-keypad","status":"publish","type":"product","link":"https:\/\/www.cnsiwoc.com\/pl\/product\/access-control-industrial-keypad\/","title":{"rendered":"Klawiatura przemys\u0142owa kontroli dost\u0119pu"},"content":{"rendered":"<p>1.SINIWO manufacture RS485 illuminated numeric keypad, which is popular in building access control system. This keypad another standout feature sets our products apart from the competition in price and quality. Illuminated keys make the access control industrial keypad easy to use in low light conditions, ensuring users have easy operation to use access control industrial keypad.<\/p>\n<p><img fetchpriority=\"high\" decoding=\"async\" class=\"alignnone wp-image-327 size-full\" src=\"http:\/\/siwoc.com\/wp-content\/uploads\/2025\/01\/1.-\u5c3a\u5bf8\u56fe-2.jpg\" alt=\"\" width=\"401\" height=\"583\" srcset=\"https:\/\/www.cnsiwoc.com\/wp-content\/uploads\/2025\/01\/1.-\u5c3a\u5bf8\u56fe-2.jpg 401w, https:\/\/www.cnsiwoc.com\/wp-content\/uploads\/2025\/01\/1.-\u5c3a\u5bf8\u56fe-2-206x300.jpg 206w, https:\/\/www.cnsiwoc.com\/wp-content\/uploads\/2025\/01\/1.-\u5c3a\u5bf8\u56fe-2-8x12.jpg 8w\" sizes=\"(max-width: 401px) 100vw, 401px\" \/><\/p>\n<h2>Parameter of access control industrial keypad<\/h2>\n<table>\n<tbody>\n<tr>\n<td width=\"284\">Nr modelu<\/td>\n<td width=\"284\">B661<\/td>\n<\/tr>\n<tr>\n<td width=\"284\">Stopie\u0144 wodoodporno\u015bci<\/td>\n<td width=\"284\">IP65<\/td>\n<\/tr>\n<tr>\n<td width=\"284\">Napi\u0119cie wej\u015bciowe<\/td>\n<td width=\"284\">3.3V\/5V<\/td>\n<\/tr>\n<tr>\n<td width=\"284\">Si\u0142a uruchamiaj\u0105ca<\/td>\n<td width=\"284\">250g\/2.45N(Pressure point)<\/td>\n<\/tr>\n<tr>\n<td width=\"284\">Working Temperature<\/td>\n<td width=\"284\">-25\u2103~+65\u2103<\/td>\n<\/tr>\n<tr>\n<td width=\"284\">Storage Temperature<\/td>\n<td width=\"284\">-40\u2103~+85\u2103<\/td>\n<\/tr>\n<tr>\n<td width=\"284\">Wilgotno\u015b\u0107 wzgl\u0119dna<\/td>\n<td width=\"284\">30%-95%<\/td>\n<\/tr>\n<tr>\n<td width=\"284\">Ci\u015bnienie atmosferyczne<\/td>\n<td width=\"284\">60kpa-106kpa<\/td>\n<\/tr>\n<tr>\n<td width=\"284\">LED color<\/td>\n<td width=\"284\">Customized<\/td>\n<\/tr>\n<\/tbody>\n<\/table>\n<p><iframe title=\"Odtwarzacz wideo YouTube\" src=\"https:\/\/www.youtube.com\/embed\/GFzmGB5ZxtM?si=NMuInmmguk2si1bU\" width=\"560\" height=\"315\" frameborder=\"0\" allowfullscreen=\"allowfullscreen\"><\/iframe><\/p>\n<p>1. When access control industrial keypad comes to commercial building, quality is crucial. SINIWO has a comprehensive quality assurance program in place. Our commitment to quality is demonstrated through our extensive testing methods. We have introduced the most advanced equipment. These tests ensure that our keypad not only meet technical requirements, but also meet the standards required at home and abroad.<\/p>\n<p><img decoding=\"async\" class=\"alignnone wp-image-328 size-full\" src=\"http:\/\/siwoc.com\/wp-content\/uploads\/2025\/01\/2.-\u952e\u76d8\u6d4b\u8bd5\u8bbe\u5907\u6d41\u7a0b.jpg\" alt=\"\" width=\"900\" height=\"751\" srcset=\"https:\/\/www.cnsiwoc.com\/wp-content\/uploads\/2025\/01\/2.-\u952e\u76d8\u6d4b\u8bd5\u8bbe\u5907\u6d41\u7a0b.jpg 900w, https:\/\/www.cnsiwoc.com\/wp-content\/uploads\/2025\/01\/2.-\u952e\u76d8\u6d4b\u8bd5\u8bbe\u5907\u6d41\u7a0b-300x250.jpg 300w, https:\/\/www.cnsiwoc.com\/wp-content\/uploads\/2025\/01\/2.-\u952e\u76d8\u6d4b\u8bd5\u8bbe\u5907\u6d41\u7a0b-768x641.jpg 768w, https:\/\/www.cnsiwoc.com\/wp-content\/uploads\/2025\/01\/2.-\u952e\u76d8\u6d4b\u8bd5\u8bbe\u5907\u6d41\u7a0b-14x12.jpg 14w, https:\/\/www.cnsiwoc.com\/wp-content\/uploads\/2025\/01\/2.-\u952e\u76d8\u6d4b\u8bd5\u8bbe\u5907\u6d41\u7a0b-600x501.jpg 600w\" sizes=\"(max-width: 900px) 100vw, 900px\" \/><\/p>\n<p>2.What is the advantages to choosing our access control industrial keypad? With flexible customization capacity, we offer various service to our clients, like LED color difference, buttons icon difference, even different dimension keypad with matched enclosure, which make our keypads stand out from the competition with their sturdiness, illuminated keys, superior quality and price. We prioritize customer satisfaction and have a team of experts ready to help you find the perfect solution for your specific requirement.<\/p>\n<p><img decoding=\"async\" class=\"alignnone wp-image-329 size-full\" src=\"http:\/\/siwoc.com\/wp-content\/uploads\/2025\/01\/3.-\u53ef\u9009\u989c\u8272-\u7fd4\u9f99\u952e\u76d8\u706f\u73e0.jpg\" alt=\"\" width=\"750\" height=\"750\" srcset=\"https:\/\/www.cnsiwoc.com\/wp-content\/uploads\/2025\/01\/3.-\u53ef\u9009\u989c\u8272-\u7fd4\u9f99\u952e\u76d8\u706f\u73e0.jpg 750w, https:\/\/www.cnsiwoc.com\/wp-content\/uploads\/2025\/01\/3.-\u53ef\u9009\u989c\u8272-\u7fd4\u9f99\u952e\u76d8\u706f\u73e0-300x300.jpg 300w, https:\/\/www.cnsiwoc.com\/wp-content\/uploads\/2025\/01\/3.-\u53ef\u9009\u989c\u8272-\u7fd4\u9f99\u952e\u76d8\u706f\u73e0-150x150.jpg 150w, https:\/\/www.cnsiwoc.com\/wp-content\/uploads\/2025\/01\/3.-\u53ef\u9009\u989c\u8272-\u7fd4\u9f99\u952e\u76d8\u706f\u73e0-12x12.jpg 12w, https:\/\/www.cnsiwoc.com\/wp-content\/uploads\/2025\/01\/3.-\u53ef\u9009\u989c\u8272-\u7fd4\u9f99\u952e\u76d8\u706f\u73e0-600x600.jpg 600w, https:\/\/www.cnsiwoc.com\/wp-content\/uploads\/2025\/01\/3.-\u53ef\u9009\u989c\u8272-\u7fd4\u9f99\u952e\u76d8\u706f\u73e0-100x100.jpg 100w\" sizes=\"(max-width: 750px) 100vw, 750px\" \/><\/p>\n<p>3.This access control industrial keypad could be used not only building access but also in telephone entry, intercom and cabinet code lock indoor or outdoor.<\/p>\n<p><img loading=\"lazy\" decoding=\"async\" class=\"alignnone wp-image-330 size-full\" src=\"http:\/\/siwoc.com\/wp-content\/uploads\/2025\/01\/4.-\u950c\u5408\u91d1\u5e94\u7528.jpg\" alt=\"\" width=\"750\" height=\"536\" srcset=\"https:\/\/www.cnsiwoc.com\/wp-content\/uploads\/2025\/01\/4.-\u950c\u5408\u91d1\u5e94\u7528.jpg 750w, https:\/\/www.cnsiwoc.com\/wp-content\/uploads\/2025\/01\/4.-\u950c\u5408\u91d1\u5e94\u7528-300x214.jpg 300w, https:\/\/www.cnsiwoc.com\/wp-content\/uploads\/2025\/01\/4.-\u950c\u5408\u91d1\u5e94\u7528-18x12.jpg 18w, https:\/\/www.cnsiwoc.com\/wp-content\/uploads\/2025\/01\/4.-\u950c\u5408\u91d1\u5e94\u7528-600x429.jpg 600w\" sizes=\"(max-width: 750px) 100vw, 750px\" \/><\/p>\n<p>&nbsp;<\/p>\n<p>&nbsp;<\/p>\n<p>&nbsp;<\/p>\n<p>&nbsp;<\/p>\n<p>&nbsp;<\/p>","protected":false},"excerpt":{"rendered":"<p>SINIWO jest producentem i dostawc\u0105 klawiatur przemys\u0142owych do kontroli dost\u0119pu na du\u017c\u0105 skal\u0119 w Chinach, kt\u00f3ry integruje badania i rozw\u00f3j, produkcj\u0119 i sprzeda\u017c. Nasze produkty pokrywaj\u0105 wi\u0119kszo\u015b\u0107 rynk\u00f3w europejskich i ameryka\u0144skich. Z niecierpliwo\u015bci\u0105 czekamy na zostanie Twoim d\u0142ugoterminowym partnerem w Chinach.<\/p>","protected":false},"featured_media":322,"template":"","meta":[],"product_cat":[56,15],"product_tag":[57,59,58],"class_list":{"0":"post-320","1":"product","2":"type-product","3":"status-publish","4":"has-post-thumbnail","6":"product_cat-access-control-industrial-keypad","7":"product_cat-industrial-keypad","8":"product_tag-access-control-keypad","9":"product_tag-illuminated-keypad","10":"product_tag-led-backlight-keypad","12":"first","13":"instock","14":"shipping-taxable","15":"product-type-simple"},"_links":{"self":[{"href":"https:\/\/www.cnsiwoc.com\/pl\/wp-json\/wp\/v2\/product\/320","targetHints":{"allow":["GET"]}}],"collection":[{"href":"https:\/\/www.cnsiwoc.com\/pl\/wp-json\/wp\/v2\/product"}],"about":[{"href":"https:\/\/www.cnsiwoc.com\/pl\/wp-json\/wp\/v2\/types\/product"}],"version-history":[{"count":0,"href":"https:\/\/www.cnsiwoc.com\/pl\/wp-json\/wp\/v2\/product\/320\/revisions"}],"wp:featuredmedia":[{"embeddable":true,"href":"https:\/\/www.cnsiwoc.com\/pl\/wp-json\/wp\/v2\/media\/322"}],"wp:attachment":[{"href":"https:\/\/www.cnsiwoc.com\/pl\/wp-json\/wp\/v2\/media?parent=320"}],"wp:term":[{"taxonomy":"product_cat","embeddable":true,"href":"https:\/\/www.cnsiwoc.com\/pl\/wp-json\/wp\/v2\/product_cat?post=320"},{"taxonomy":"product_tag","embeddable":true,"href":"https:\/\/www.cnsiwoc.com\/pl\/wp-json\/wp\/v2\/product_tag?post=320"}],"curies":[{"name":"wp","href":"https:\/\/api.w.org\/{rel}","templated":true}]}}