{"id":309,"date":"2025-01-02T13:20:42","date_gmt":"2025-01-02T05:20:42","guid":{"rendered":"http:\/\/siwoc.com\/?post_type=product&#038;p=309"},"modified":"2025-01-02T14:54:29","modified_gmt":"2025-01-02T06:54:29","slug":"vandal-proof-industrial-keypad","status":"publish","type":"product","link":"https:\/\/www.cnsiwoc.com\/pl\/product\/vandal-proof-industrial-keypad\/","title":{"rendered":"Klawiatura przemys\u0142owa wandaloodporna"},"content":{"rendered":"<h2>Parametry wandaloodpornej klawiatury przemys\u0142owej<\/h2>\n<table>\n<tbody>\n<tr>\n<td width=\"284\">Nr modelu<\/td>\n<td width=\"284\">B512<\/td>\n<\/tr>\n<tr>\n<td width=\"284\">Stopie\u0144 wodoodporno\u015bci<\/td>\n<td width=\"284\">IP65<\/td>\n<\/tr>\n<tr>\n<td width=\"284\">P\u0142ytka drukowana<\/td>\n<td width=\"284\">dostosowane<\/td>\n<\/tr>\n<tr>\n<td width=\"284\">Aplikacja<\/td>\n<td width=\"284\">telefon<\/td>\n<\/tr>\n<tr>\n<td width=\"284\">Kolor ramki klucza<\/td>\n<td width=\"284\">dostosowane<\/td>\n<\/tr>\n<tr>\n<td width=\"284\">Miejsce pochodzenia<\/td>\n<td width=\"284\">Zhejiang, Chiny<\/td>\n<\/tr>\n<tr>\n<td width=\"284\">Tworzywo<\/td>\n<td width=\"284\">specjalny stop cynku<\/td>\n<\/tr>\n<tr>\n<td width=\"284\">Gwarancja<\/td>\n<td width=\"284\">1 rok<\/td>\n<\/tr>\n<tr>\n<td width=\"284\">Przycisk<\/td>\n<td width=\"284\">jasny chrom lub matowe chromowanie<\/td>\n<\/tr>\n<\/tbody>\n<\/table>\n<p>Wandaloodporna klawiatura przemys\u0142owa produkowana przez producenta SINIWO jest powszechnie chwalona na rynku za doskona\u0142e w\u0142a\u015bciwo\u015bci wandaloodporne. W klawiaturze przemys\u0142owej najwa\u017cniejsza jest odporno\u015b\u0107 na zu\u017cycie. Podobnie jak w niekt\u00f3rych specjalnych dziedzinach, musimy opracowa\u0107 produkty zapobiegaj\u0105ce uszkodzeniom.<\/p>\n<p><img fetchpriority=\"high\" decoding=\"async\" class=\"alignnone wp-image-315 size-full\" src=\"http:\/\/siwoc.com\/wp-content\/uploads\/2025\/01\/1.-\u5c3a\u5bf8\u56fe-1.jpg\" alt=\"\" width=\"488\" height=\"501\" srcset=\"https:\/\/www.cnsiwoc.com\/wp-content\/uploads\/2025\/01\/1.-\u5c3a\u5bf8\u56fe-1.jpg 488w, https:\/\/www.cnsiwoc.com\/wp-content\/uploads\/2025\/01\/1.-\u5c3a\u5bf8\u56fe-1-292x300.jpg 292w, https:\/\/www.cnsiwoc.com\/wp-content\/uploads\/2025\/01\/1.-\u5c3a\u5bf8\u56fe-1-12x12.jpg 12w\" sizes=\"(max-width: 488px) 100vw, 488px\" \/><\/p>\n<h2>Cecha wandaloodpornej klawiatury przemys\u0142owej<\/h2>\n<p>1. Wandaloodporne przyciski klawiatury przemys\u0142owej wykonane s\u0105 z wysokiej jako\u015bci stopu cynku i charakteryzuj\u0105 si\u0119 du\u017c\u0105 odporno\u015bci\u0105 na uszkodzenia. Mo\u017cna je stosowa\u0107 w r\u00f3\u017cnych dziedzinach specjalnych, takich jak ochrona przeciwpo\u017carowa, bezpiecze\u0144stwo, wi\u0119zienia i inne dziedziny. Mo\u017ce skutecznie zapobiega\u0107 uszkodzeniom kluczy i zapewnia\u0107 integralno\u015b\u0107 produktu i satysfakcj\u0119 klienta<\/p>\n<p><img decoding=\"async\" class=\"alignnone wp-image-316 size-full\" src=\"http:\/\/siwoc.com\/wp-content\/uploads\/2025\/01\/2.-\u950c\u5408\u91d1\u5e94\u7528.jpg\" alt=\"\" width=\"750\" height=\"536\" srcset=\"https:\/\/www.cnsiwoc.com\/wp-content\/uploads\/2025\/01\/2.-\u950c\u5408\u91d1\u5e94\u7528.jpg 750w, https:\/\/www.cnsiwoc.com\/wp-content\/uploads\/2025\/01\/2.-\u950c\u5408\u91d1\u5e94\u7528-300x214.jpg 300w, https:\/\/www.cnsiwoc.com\/wp-content\/uploads\/2025\/01\/2.-\u950c\u5408\u91d1\u5e94\u7528-18x12.jpg 18w, https:\/\/www.cnsiwoc.com\/wp-content\/uploads\/2025\/01\/2.-\u950c\u5408\u91d1\u5e94\u7528-600x429.jpg 600w\" sizes=\"(max-width: 750px) 100vw, 750px\" \/><\/p>\n<p>2. Wandaloodporna klawiatura przemys\u0142owa wykorzystuje naturaln\u0105 przewodz\u0105c\u0105 gum\u0119 silikonow\u0105, kt\u00f3ra jest odporna na warunki atmosferyczne, korozj\u0119 i zapobiega starzeniu. Mo\u017ce dostosowa\u0107 si\u0119 do \u015brodowisk o wysokiej i niskiej temperaturze i skutecznie zapobiega\u0107 uszkodzeniom klawiszy spowodowanym temperatur\u0105. Jest bardzo trwa\u0142y, ma d\u0142ug\u0105 \u017cywotno\u015b\u0107 i jest op\u0142acalny. Wandaloodporna klawiatura przemys\u0142owa wykorzystuje dwustronn\u0105 p\u0142ytk\u0119 drukowan\u0105 ze z\u0142otymi palcami, kt\u00f3ra jest skutecznie odporna na utlenianie i sprawia, \u017ce \u200b\u200bklawiatura jest b\u0142yszcz\u0105ca i pi\u0119kna, o okre\u015blonej fakturze.<\/p>\n<p>3. Kolor przycisku wandaloodpornej klawiatury przemys\u0142owej to jasny chrom lub matowy chrom. Kolor ramki kluczowej mo\u017cna dostosowa\u0107 do wymaga\u0144 klienta, a interfejs mo\u017ce r\u00f3wnie\u017c zosta\u0107 dostosowany przez klient\u00f3w.<\/p>\n<p><img decoding=\"async\" class=\"alignnone wp-image-318 size-full\" src=\"http:\/\/siwoc.com\/wp-content\/uploads\/2025\/01\/4.\u952e\u76d8\u5e38\u89c4\u7528\u63a5\u53e3\u56fe\u72472.jpg\" alt=\"\" width=\"750\" height=\"150\" srcset=\"https:\/\/www.cnsiwoc.com\/wp-content\/uploads\/2025\/01\/4.\u952e\u76d8\u5e38\u89c4\u7528\u63a5\u53e3\u56fe\u72472.jpg 750w, https:\/\/www.cnsiwoc.com\/wp-content\/uploads\/2025\/01\/4.\u952e\u76d8\u5e38\u89c4\u7528\u63a5\u53e3\u56fe\u72472-300x60.jpg 300w, https:\/\/www.cnsiwoc.com\/wp-content\/uploads\/2025\/01\/4.\u952e\u76d8\u5e38\u89c4\u7528\u63a5\u53e3\u56fe\u72472-18x4.jpg 18w, https:\/\/www.cnsiwoc.com\/wp-content\/uploads\/2025\/01\/4.\u952e\u76d8\u5e38\u89c4\u7528\u63a5\u53e3\u56fe\u72472-600x120.jpg 600w\" sizes=\"(max-width: 750px) 100vw, 750px\" \/><\/p>\n<p>&nbsp;<\/p>\n<p>&nbsp;<\/p>\n<p>&nbsp;<\/p>\n<p>&nbsp;<\/p>\n<p>&nbsp;<\/p>","protected":false},"excerpt":{"rendered":"<p>SINIWO to fabryka specjalizuj\u0105ca si\u0119 od 2005 roku w produkcji wandaloodpornych klawiatur przemys\u0142owych na rynek \u015bwiatowy w Chinach. Nieustannie wprowadzamy innowacje i staramy si\u0119 tworzy\u0107 klawiatury przemys\u0142owe o doskona\u0142ych w\u0142a\u015bciwo\u015bciach wandaloodpornych.<\/p>","protected":false},"featured_media":311,"template":"","meta":[],"product_cat":[15,51],"product_tag":[54,52,55,53],"class_list":{"0":"post-309","1":"product","2":"type-product","3":"status-publish","4":"has-post-thumbnail","6":"product_cat-industrial-keypad","7":"product_cat-vandal-proof-industrial-keypad","8":"product_tag-4x4-matrix-keypad","9":"product_tag-industrial-keypad","10":"product_tag-metal-keypad","11":"product_tag-zinc-alloy-keypad","13":"first","14":"instock","15":"shipping-taxable","16":"product-type-simple"},"_links":{"self":[{"href":"https:\/\/www.cnsiwoc.com\/pl\/wp-json\/wp\/v2\/product\/309","targetHints":{"allow":["GET"]}}],"collection":[{"href":"https:\/\/www.cnsiwoc.com\/pl\/wp-json\/wp\/v2\/product"}],"about":[{"href":"https:\/\/www.cnsiwoc.com\/pl\/wp-json\/wp\/v2\/types\/product"}],"version-history":[{"count":0,"href":"https:\/\/www.cnsiwoc.com\/pl\/wp-json\/wp\/v2\/product\/309\/revisions"}],"wp:featuredmedia":[{"embeddable":true,"href":"https:\/\/www.cnsiwoc.com\/pl\/wp-json\/wp\/v2\/media\/311"}],"wp:attachment":[{"href":"https:\/\/www.cnsiwoc.com\/pl\/wp-json\/wp\/v2\/media?parent=309"}],"wp:term":[{"taxonomy":"product_cat","embeddable":true,"href":"https:\/\/www.cnsiwoc.com\/pl\/wp-json\/wp\/v2\/product_cat?post=309"},{"taxonomy":"product_tag","embeddable":true,"href":"https:\/\/www.cnsiwoc.com\/pl\/wp-json\/wp\/v2\/product_tag?post=309"}],"curies":[{"name":"wp","href":"https:\/\/api.w.org\/{rel}","templated":true}]}}