{"id":288,"date":"2025-01-02T11:32:56","date_gmt":"2025-01-02T03:32:56","guid":{"rendered":"http:\/\/siwoc.com\/?post_type=product&#038;p=288"},"modified":"2025-01-02T11:41:27","modified_gmt":"2025-01-02T03:41:27","slug":"fire-fighter-portable-telephone-handset","status":"publish","type":"product","link":"https:\/\/www.cnsiwoc.com\/pl\/product\/fire-fighter-portable-telephone-handset\/","title":{"rendered":"Przeno\u015bna s\u0142uchawka telefoniczna dla stra\u017cak\u00f3w"},"content":{"rendered":"<p>Ten telefon kom\u00f3rkowy zasilacz do systemu komunikacji stra\u017cak\u00f3w SINIWO jest specjalnie zaprojektowany do systemu komunikacji stra\u017cak\u00f3w i dopasowany do gniazda telefonicznego metalowego. Dla telefonu kom\u00f3rkowego zasilacza ogniowego w tym polu, stabilno\u015b\u0107 po\u0142\u0105czenia i eliminacja szum\u00f3w t\u0142a s\u0105 kluczowymi czynnikami do rozwa\u017cenia. Zesp\u00f3\u0142 R&amp;D SINIWO skupia si\u0119 na szczeg\u00f3\u0142ach przy tworzeniu instrukcji SOP do produkcji i kontroli jako\u015bci telefonu kom\u00f3rkowego dla stra\u017cak\u00f3w.<\/p>\n<p><iframe title=\"Odtwarzacz wideo YouTube\" src=\"https:\/\/www.youtube.com\/embed\/H7XEX5zfUoE?si=GelGdUbAt5O8Or3U\" width=\"560\" height=\"315\" frameborder=\"0\" allowfullscreen=\"allowfullscreen\"><\/iframe><\/p>\n<h2>Parametr telefonu kom\u00f3rkowego telefonu portatynego stra\u017caka<\/h2>\n<table>\n<tbody>\n<tr>\n<td width=\"284\">Nr modelu<\/td>\n<td width=\"284\">A23<\/td>\n<\/tr>\n<tr>\n<td width=\"284\">Materia\u0142 surowy<\/td>\n<td width=\"284\">\u00a0ABS UL94 HB(Domy\u015blny)<\/p>\n<p>ABS UL94 V-0(Opcjonalnie)<\/td>\n<\/tr>\n<tr>\n<td width=\"284\">Stopie\u0144 wodoodporno\u015bci<\/td>\n<td width=\"284\">IP65<\/td>\n<\/tr>\n<tr>\n<td width=\"284\">D\u017awi\u0119k t\u0142a<\/td>\n<td width=\"284\">\u226460dB<\/td>\n<\/tr>\n<tr>\n<td width=\"284\">Cz\u0119stotliwo\u015b\u0107 pracy<\/td>\n<td width=\"284\">300~3400Hz<\/td>\n<\/tr>\n<tr>\n<td width=\"284\">SLR<\/td>\n<td width=\"284\">5~15 dB<\/td>\n<\/tr>\n<tr>\n<td width=\"284\">RLR<\/td>\n<td width=\"284\">-7~2 dB<\/td>\n<\/tr>\n<tr>\n<td width=\"284\">Funkcja specjalna<\/td>\n<td width=\"284\">s\u0142uchawki telefonu kom\u00f3rkowego PTT do gaszenia po\u017car\u00f3w mobilnego<\/td>\n<\/tr>\n<tr>\n<td width=\"284\">Working Temperature<\/td>\n<td width=\"284\">Zwyk\u0142y:-20\u2103~+40\u2103<br \/>\nSpecjalny: -40\u2103~+50\u2103<br \/>\nProsz\u0119 poinformowa\u0107 nas o swoim \u017c\u0105daniu z wyprzedzeniem<\/td>\n<\/tr>\n<tr>\n<td width=\"284\">Wilgotno\u015b\u0107 wzgl\u0119dna<\/td>\n<td width=\"284\">\u226495%<\/td>\n<\/tr>\n<tr>\n<td width=\"284\">Ci\u015bnienie atmosferyczne<\/td>\n<td width=\"284\">80~110Kpa<\/td>\n<\/tr>\n<\/tbody>\n<\/table>\n<h2>Cecha telefonu kom\u00f3rkowego telefonu mobilnego stra\u017caka<\/h2>\n<p>Jako telefon kom\u00f3rkowy do u\u017cytku przez stra\u017c po\u017carn\u0105, SINIWO opracowa\u0142 dwa rodzaje gniazd wyj\u015bciowych z przewodem: jedno to gniazdo RJ11 \u017ce\u0144skie, a drugie to grommety wtryskowe, kt\u00f3re mog\u0142y spe\u0142nia\u0107 potrzeby wi\u0119kszo\u015bci aplikacji telefonowych w sytuacjach awaryjnych.<\/p>\n<p><img fetchpriority=\"high\" decoding=\"async\" class=\"alignnone wp-image-295 size-full\" src=\"http:\/\/siwoc.com\/wp-content\/uploads\/2025\/01\/1.-\u5c3a\u5bf8\u56fe.jpg\" alt=\"\" width=\"453\" height=\"543\" srcset=\"https:\/\/www.cnsiwoc.com\/wp-content\/uploads\/2025\/01\/1.-\u5c3a\u5bf8\u56fe.jpg 453w, https:\/\/www.cnsiwoc.com\/wp-content\/uploads\/2025\/01\/1.-\u5c3a\u5bf8\u56fe-250x300.jpg 250w, https:\/\/www.cnsiwoc.com\/wp-content\/uploads\/2025\/01\/1.-\u5c3a\u5bf8\u56fe-10x12.jpg 10w\" sizes=\"(max-width: 453px) 100vw, 453px\" \/><\/p>\n<p>&nbsp;<\/p>\n<p>W przypadku telefonu kom\u00f3rkowego stra\u017caka w zakresie telekomunikacji w sytuacjach awaryjnych, wska\u017aniki elektroakustyczne s\u0105 bardzo wa\u017cne podczas jego produkcji. SINIWO wybra\u0142o kilka wsp\u00f3lnych g\u0142o\u015bnik\u00f3w i mikrofon\u00f3w dla telefonu kom\u00f3rkowego w telefonie awaryjnym z szczeg\u00f3\u0142ami wybuchowymi:<\/p>\n<p>1) Szczeg\u00f3\u0142y m\u00f3wcy:<br \/>\nStandardowy odbiornik-Dynamic EA1503 (Domy\u015blny)<br \/>\n\u2013 Op\u00f3r DC: 130\u00b110% om<br \/>\n\u2013 Zakres odpowiedzi cz\u0119stotliwo\u015bciowej: 300 Hz-3400 Hz<br \/>\n\u2013 Wra\u017cliwo\u015b\u0107: 95\u00b13 dB przy 60 mv<br \/>\n\u2013 Impedancja: 150\u00b120% om przy 1 KHz<\/p>\n<p>2) Szczeg\u00f3\u0142y mikrofonu:<br \/>\n\u2013 Standardowy mikrofon r\u00f3wnowagi w\u0119gla EAOZ03(Domy\u015blny)<br \/>\n\u2013 Zakres odpowiedzi cz\u0119stotliwo\u015bciowej: 300 Hz-3400 Hz<br \/>\n\u2013 Wra\u017cliwo\u015b\u0107: -12\u00b13 dB<br \/>\n\u2013 A15T02 mikrofon anuluj\u0105cy szumy (opcjonalnie)<br \/>\n\u2013 Zakres odpowiedzi cz\u0119stotliwo\u015bciowej: 200 Hz-4000 Hz<br \/>\n\u2013 Wra\u017cliwo\u015b\u0107: -65\u00b13 dB<br \/>\n\u2013 Impedancja: 10\u00b120% om<br \/>\n\u2013 Stosunek sygna\u0142u do szumu: \u226515 dB<br \/>\n\u2013 Microfon elektretowy EB5421 (opcjonalny)<\/p>\n<p>3.In W wi\u0119kszo\u015bci budynk\u00f3w komercyjnych i mieszkaniowych \u017c\u0105da si\u0119, aby telefon kom\u00f3rkowy no\u015bny dla stra\u017cak\u00f3w wy\u015bwietla\u0142 nazw\u0119 producenta lub handlowca, wi\u0119c SINIWO oferuje us\u0142ug\u0119 niestandardowego logotypu lub etykiety do wszystkich produkt\u00f3w. Dowiedzmy si\u0119 o Twoim \u017c\u0105daniu z wyprzedzeniem.<\/p>\n<p><img decoding=\"async\" class=\"alignnone wp-image-296 size-full\" src=\"http:\/\/siwoc.com\/wp-content\/uploads\/2025\/01\/2.-logo\u5b9a\u5236\u56fe.jpg\" alt=\"\" width=\"750\" height=\"895\" srcset=\"https:\/\/www.cnsiwoc.com\/wp-content\/uploads\/2025\/01\/2.-logo\u5b9a\u5236\u56fe.jpg 750w, https:\/\/www.cnsiwoc.com\/wp-content\/uploads\/2025\/01\/2.-logo\u5b9a\u5236\u56fe-251x300.jpg 251w, https:\/\/www.cnsiwoc.com\/wp-content\/uploads\/2025\/01\/2.-logo\u5b9a\u5236\u56fe-10x12.jpg 10w, https:\/\/www.cnsiwoc.com\/wp-content\/uploads\/2025\/01\/2.-logo\u5b9a\u5236\u56fe-600x716.jpg 600w\" sizes=\"(max-width: 750px) 100vw, 750px\" \/><\/p>\n<p>&nbsp;<\/p>\n<p>&nbsp;<\/p>\n<p>&nbsp;<\/p>\n<p>&nbsp;<\/p>\n<p>&nbsp;<\/p>\n<p>&nbsp;<\/p>\n<p>&nbsp;<\/p>\n<p>&nbsp;<\/p>","protected":false},"excerpt":{"rendered":"<p>SINIWO fire fighter portable telephone handset is designed and manufactured for fire alarm system and fire emergency telephone in China. As a factory in China, SINIWO focus to bring new automatic machines in production process,like mechanical arms, auto sorting machines, auto painting machines and so on to improve the daily capacity and reduce the cost completely.<\/p>","protected":false},"featured_media":289,"template":"","meta":[],"product_cat":[41,24],"product_tag":[44,45,42,43],"class_list":{"0":"post-288","1":"product","2":"type-product","3":"status-publish","4":"has-post-thumbnail","6":"product_cat-fire-fighter-portable-telephone-handset","7":"product_cat-telephone-handset","8":"product_tag-fire-fighter-telephone-handset","9":"product_tag-fire-man-telephone-handset","10":"product_tag-firefighter-telephone-handset","11":"product_tag-fireman-telephone-handset","13":"first","14":"instock","15":"shipping-taxable","16":"product-type-simple"},"_links":{"self":[{"href":"https:\/\/www.cnsiwoc.com\/pl\/wp-json\/wp\/v2\/product\/288","targetHints":{"allow":["GET"]}}],"collection":[{"href":"https:\/\/www.cnsiwoc.com\/pl\/wp-json\/wp\/v2\/product"}],"about":[{"href":"https:\/\/www.cnsiwoc.com\/pl\/wp-json\/wp\/v2\/types\/product"}],"version-history":[{"count":0,"href":"https:\/\/www.cnsiwoc.com\/pl\/wp-json\/wp\/v2\/product\/288\/revisions"}],"wp:featuredmedia":[{"embeddable":true,"href":"https:\/\/www.cnsiwoc.com\/pl\/wp-json\/wp\/v2\/media\/289"}],"wp:attachment":[{"href":"https:\/\/www.cnsiwoc.com\/pl\/wp-json\/wp\/v2\/media?parent=288"}],"wp:term":[{"taxonomy":"product_cat","embeddable":true,"href":"https:\/\/www.cnsiwoc.com\/pl\/wp-json\/wp\/v2\/product_cat?post=288"},{"taxonomy":"product_tag","embeddable":true,"href":"https:\/\/www.cnsiwoc.com\/pl\/wp-json\/wp\/v2\/product_tag?post=288"}],"curies":[{"name":"wp","href":"https:\/\/api.w.org\/{rel}","templated":true}]}}