{"id":246,"date":"2025-01-13T18:57:14","date_gmt":"2025-01-13T10:57:14","guid":{"rendered":"http:\/\/siwoc.com\/?post_type=product&#038;p=246"},"modified":"2025-01-14T14:56:37","modified_gmt":"2025-01-14T06:56:37","slug":"weatherproof-telephone-handset","status":"publish","type":"product","link":"https:\/\/www.cnsiwoc.com\/pl\/product\/weatherproof-telephone-handset\/","title":{"rendered":"S\u0142uchawka telefoniczna odporna na warunki atmosferyczne"},"content":{"rendered":"<p>To wyci\u0105ganie telefonu kom\u00f3rkowego SINIWO jest trwa\u0142\u0105 jednostk\u0105 telefonu z cechami odporno\u015bciowymi i odporno\u015bci\u0105 na wod\u0119 IP65. To telefon zabezpieczony przed warunkami atmosferycznymi posiada odporn\u0105 powierzchni\u0119 oraz wysokiej jako\u015bci g\u0142o\u015bnik i mikrofon, kt\u00f3ry zosta\u0142 zaprojektowany przez SINIWO do stacji telekomunikacyjnych gazowych i naftowych, telefon\u00f3w awaryjnych w portach morskich oraz publicznych telefon\u00f3w, kt\u00f3re musz\u0105 wytrzyma\u0107 ekstremalnie niskie temperatury na zewn\u0105trz.<\/p>\n<h2>Parametr telefonu kom\u00f3rkowego odpornego na warunki atmosferyczne<\/h2>\n<table>\n<tbody>\n<tr>\n<td width=\"284\">Nr modelu<\/td>\n<td width=\"284\">A01<\/td>\n<\/tr>\n<tr>\n<td width=\"284\">Stopie\u0144 wodoodporno\u015bci<\/td>\n<td width=\"284\">IP65<\/td>\n<\/tr>\n<tr>\n<td width=\"284\">D\u017awi\u0119k t\u0142a<\/td>\n<td width=\"284\">\u226460dB<\/td>\n<\/tr>\n<tr>\n<td width=\"284\">Cz\u0119stotliwo\u015b\u0107 pracy<\/td>\n<td width=\"284\">300~3400Hz<\/td>\n<\/tr>\n<tr>\n<td width=\"284\">SLR<\/td>\n<td width=\"284\">5~15 dB<\/td>\n<\/tr>\n<tr>\n<td width=\"284\">RLR<\/td>\n<td width=\"284\">-7~2 dB<\/td>\n<\/tr>\n<tr>\n<td width=\"284\">Working Temperature<\/td>\n<td width=\"284\">Zwyk\u0142y:-20\u2103~+40\u2103<br \/>\nSpecjalny: -40\u2103~+50\u2103<br \/>\nProsz\u0119 poinformowa\u0107 nas o swoim \u017c\u0105daniu z wyprzedzeniem<\/td>\n<\/tr>\n<tr>\n<td width=\"284\">Wilgotno\u015b\u0107 wzgl\u0119dna<\/td>\n<td width=\"284\">\u226495%<\/td>\n<\/tr>\n<tr>\n<td width=\"284\">Ci\u015bnienie atmosferyczne<\/td>\n<td width=\"284\">80~110Kpa<\/td>\n<\/tr>\n<\/tbody>\n<\/table>\n<h2>W\u0142a\u015bciwo\u015b\u0107 telefonu kom\u00f3rkowego odpornego na warunki atmosferyczne<\/h2>\n<p>1. Jego telefon kom\u00f3rkowy odporny na warunki atmosferyczne zosta\u0142 zaprojektowany ergonomicznie i jest odpowiedni dla wi\u0119kszo\u015bci telefon\u00f3w kom\u00f3rkowych na zewn\u0105trz. Jako specjalista w bran\u017cy telekomunikacji przemys\u0142owej, mamy bogate do\u015bwiadczenie w projektowaniu telefon\u00f3w kom\u00f3rkowych odpornych na warunki atmosferyczne oraz oferujemy rozwi\u0105zania dla klient\u00f3w.<\/p>\n<p><img fetchpriority=\"high\" decoding=\"async\" class=\"alignnone wp-image-251 size-full\" src=\"http:\/\/siwoc.com\/wp-content\/uploads\/2024\/12\/1.-A01\u5c3a\u5bf8\u56fe.jpg\" alt=\"\" width=\"440\" height=\"503\" srcset=\"https:\/\/www.cnsiwoc.com\/wp-content\/uploads\/2024\/12\/1.-A01\u5c3a\u5bf8\u56fe.jpg 440w, https:\/\/www.cnsiwoc.com\/wp-content\/uploads\/2024\/12\/1.-A01\u5c3a\u5bf8\u56fe-262x300.jpg 262w, https:\/\/www.cnsiwoc.com\/wp-content\/uploads\/2024\/12\/1.-A01\u5c3a\u5bf8\u56fe-10x12.jpg 10w\" sizes=\"(max-width: 440px) 100vw, 440px\" \/><\/p>\n<p>2. Gdy projektujemy telefon kom\u00f3rkowy odporny na warunki pogodowe do platform gazowych i naftowych lub port\u00f3w morskich, kluczowymi cechami, kt\u00f3re nale\u017cy wzi\u0105\u0107 pod uwag\u0119, s\u0105 stopie\u0144 odporno\u015bci na wod\u0119 i odporno\u015b\u0107 na nieprzyjazne \u015brodowisko. Dlatego uwzgl\u0119dniamy wszystkie szczeg\u00f3\u0142y od oryginalnych materia\u0142\u00f3w przez struktury wewn\u0119trzne, elementy elektryczne i zewn\u0119trzny krzywy przew\u00f3d.<\/p>\n<p><img decoding=\"async\" class=\"alignnone wp-image-252 size-full\" src=\"http:\/\/siwoc.com\/wp-content\/uploads\/2024\/12\/2.\u7fd4\u9f99\u77f3\u5316\u884c\u4e1a\u624b\u67c4\u6848\u4f8b.jpg\" alt=\"\" width=\"750\" height=\"668\" srcset=\"https:\/\/www.cnsiwoc.com\/wp-content\/uploads\/2024\/12\/2.\u7fd4\u9f99\u77f3\u5316\u884c\u4e1a\u624b\u67c4\u6848\u4f8b.jpg 750w, https:\/\/www.cnsiwoc.com\/wp-content\/uploads\/2024\/12\/2.\u7fd4\u9f99\u77f3\u5316\u884c\u4e1a\u624b\u67c4\u6848\u4f8b-300x267.jpg 300w, https:\/\/www.cnsiwoc.com\/wp-content\/uploads\/2024\/12\/2.\u7fd4\u9f99\u77f3\u5316\u884c\u4e1a\u624b\u67c4\u6848\u4f8b-13x12.jpg 13w, https:\/\/www.cnsiwoc.com\/wp-content\/uploads\/2024\/12\/2.\u7fd4\u9f99\u77f3\u5316\u884c\u4e1a\u624b\u67c4\u6848\u4f8b-600x534.jpg 600w\" sizes=\"(max-width: 750px) 100vw, 750px\" \/><\/p>\n<p>Dla telefon\u00f3w kom\u00f3rkowych odpornych na warunki atmosferyczne u\u017cywanych w trudnych warunkach \u015brodowiskowych, dost\u0119pne s\u0105 materia\u0142y Lexan anty-UV PC lub materia\u0142 ABS z dodatkiem w\u0119gla w\u0119glowego do r\u00f3\u017cnych zastosowa\u0144; r\u00f3\u017cne mikrofony i g\u0142o\u015bniki o r\u00f3\u017cnym impedancji s\u0105 dopasowane do r\u00f3\u017cnych g\u0142\u00f3wnych p\u0142ytek; g\u0142o\u015bniki do funkcji s\u0142uchawek oraz mikrofony redukuj\u0105ce szum s\u0105 dost\u0119pne dla r\u00f3\u017cnych u\u017cytkownik\u00f3w.<br \/>\n4. Szczeg\u00f3\u0142y zewn\u0119trznej krzywej przewodzenia telefonu zabezpieczonego przed warunkami atmosferycznymi:<br \/>\n-Kabel krzywy z PVC (domy\u015blny), temperatura pracy: -20\u2103~+40\u2103<br \/>\n\u2013 D\u0142ugo\u015b\u0107 standardowego kabla 9 cali w zwini\u0119tym stanie, 6 st\u00f3p po roz\u0142o\u017ceniu (domy\u015blne)<br \/>\n\u2013 Dost\u0119pna jest niestandardowa r\u00f3\u017cna d\u0142ugo\u015b\u0107.<br \/>\n-Cieniutki kabel z PVC, kr\u0119ty, odporny na warunki pogodowe (opcjonalnie), zakres temperatur pracy: -30\u2103~+50\u2103<br \/>\n-Sznurek kr\u0119ty Hytrel (opcjonalnie) temperatura pracy: -40\u2103~+100\u2103<\/p>\n<p><img decoding=\"async\" class=\"alignnone wp-image-255 size-full\" src=\"http:\/\/siwoc.com\/wp-content\/uploads\/2024\/12\/5.\u624b\u67c4\u6d4b\u8bd5\u8bbe\u5907\u6d41\u7a0b.jpg\" alt=\"\" width=\"750\" height=\"688\" srcset=\"https:\/\/www.cnsiwoc.com\/wp-content\/uploads\/2024\/12\/5.\u624b\u67c4\u6d4b\u8bd5\u8bbe\u5907\u6d41\u7a0b.jpg 750w, https:\/\/www.cnsiwoc.com\/wp-content\/uploads\/2024\/12\/5.\u624b\u67c4\u6d4b\u8bd5\u8bbe\u5907\u6d41\u7a0b-300x275.jpg 300w, https:\/\/www.cnsiwoc.com\/wp-content\/uploads\/2024\/12\/5.\u624b\u67c4\u6d4b\u8bd5\u8bbe\u5907\u6d41\u7a0b-13x12.jpg 13w, https:\/\/www.cnsiwoc.com\/wp-content\/uploads\/2024\/12\/5.\u624b\u67c4\u6d4b\u8bd5\u8bbe\u5907\u6d41\u7a0b-600x550.jpg 600w\" sizes=\"(max-width: 750px) 100vw, 750px\" \/><\/p>\n<p>Dla tego telefonu kom\u00f3rkowego odpornego na warunki atmosferyczne, przyjmuje si\u0119 personalizacj\u0119 w kolorze i druku logotypu. Kolor regularny w magazynie to czarny i czerwony. Inny kolor mo\u017ce by\u0107 dostosowany zgodnie z numerem Pantone lub pr\u00f3b\u0105 koloru.<\/p>\n<p><img loading=\"lazy\" decoding=\"async\" class=\"alignnone wp-image-254 size-full\" src=\"http:\/\/siwoc.com\/wp-content\/uploads\/2024\/12\/4.\u53ef\u9009\u989c\u8272.jpg\" alt=\"\" width=\"750\" height=\"500\" srcset=\"https:\/\/www.cnsiwoc.com\/wp-content\/uploads\/2024\/12\/4.\u53ef\u9009\u989c\u8272.jpg 750w, https:\/\/www.cnsiwoc.com\/wp-content\/uploads\/2024\/12\/4.\u53ef\u9009\u989c\u8272-300x200.jpg 300w, https:\/\/www.cnsiwoc.com\/wp-content\/uploads\/2024\/12\/4.\u53ef\u9009\u989c\u8272-18x12.jpg 18w, https:\/\/www.cnsiwoc.com\/wp-content\/uploads\/2024\/12\/4.\u53ef\u9009\u989c\u8272-600x400.jpg 600w\" sizes=\"(max-width: 750px) 100vw, 750px\" \/><\/p>\n<p>6. Jak ten przewiewny telefon kom\u00f3rkowy nie jest wykorzystywany tylko w telefonach, ale tak\u017ce w kioskach zewn\u0119trznych i maszynach do sprzeda\u017cy automatu. Dlatego terminal telefonu kom\u00f3rkowego m\u00f3g\u0142by by\u0107 wykonany ca\u0142kowicie zgodnie z \u017cyczeniami klient\u00f3w.<\/p>\n<p><img loading=\"lazy\" decoding=\"async\" class=\"alignnone wp-image-253 size-full\" src=\"http:\/\/siwoc.com\/wp-content\/uploads\/2024\/12\/3.\u624b\u67c4\u63a5\u53e3\u56fe\u72472.jpg\" alt=\"\" width=\"750\" height=\"300\" srcset=\"https:\/\/www.cnsiwoc.com\/wp-content\/uploads\/2024\/12\/3.\u624b\u67c4\u63a5\u53e3\u56fe\u72472.jpg 750w, https:\/\/www.cnsiwoc.com\/wp-content\/uploads\/2024\/12\/3.\u624b\u67c4\u63a5\u53e3\u56fe\u72472-300x120.jpg 300w, https:\/\/www.cnsiwoc.com\/wp-content\/uploads\/2024\/12\/3.\u624b\u67c4\u63a5\u53e3\u56fe\u72472-18x7.jpg 18w, https:\/\/www.cnsiwoc.com\/wp-content\/uploads\/2024\/12\/3.\u624b\u67c4\u63a5\u53e3\u56fe\u72472-600x240.jpg 600w\" sizes=\"(max-width: 750px) 100vw, 750px\" \/><\/p>\n<p>&nbsp;<\/p>","protected":false},"excerpt":{"rendered":"<p>SINIWO jest oryginalnym producentem i dostawc\u0105 s\u0142uchawek telefonicznych odpornych na warunki atmosferyczne w Chinach. Dzi\u0119ki bogatemu do\u015bwiadczeniu zespo\u0142u badawczo-rozwojowego w tej dziedzinie mo\u017cemy zaoferowa\u0107 najlepsze profesjonalne rozwi\u0105zanie dla klient\u00f3w w konkurencyjnej cenie z kraju i zagranicy. Jeste\u015bmy pierwsz\u0105 fabryk\u0105 wodoodpornych s\u0142uchawek telefonicznych w Chinach, kt\u00f3ra dostosowuje si\u0119 do wymaga\u0144 klient\u00f3w.<\/p>\n<p>&nbsp;<\/p>","protected":false},"featured_media":250,"template":"","meta":[],"product_cat":[115,24,25],"product_tag":[28,29,27,26],"class_list":{"0":"post-246","1":"product","2":"type-product","3":"status-publish","4":"has-post-thumbnail","6":"product_cat-hot-selling-product","7":"product_cat-telephone-handset","8":"product_cat-weatherproof-telephone-handset","9":"product_tag-industrial-telephone","10":"product_tag-ip65-outdoor-telephone","11":"product_tag-waterproof-telephone","12":"product_tag-weatherproof-telephone-handset","14":"first","15":"instock","16":"shipping-taxable","17":"product-type-simple"},"_links":{"self":[{"href":"https:\/\/www.cnsiwoc.com\/pl\/wp-json\/wp\/v2\/product\/246","targetHints":{"allow":["GET"]}}],"collection":[{"href":"https:\/\/www.cnsiwoc.com\/pl\/wp-json\/wp\/v2\/product"}],"about":[{"href":"https:\/\/www.cnsiwoc.com\/pl\/wp-json\/wp\/v2\/types\/product"}],"version-history":[{"count":0,"href":"https:\/\/www.cnsiwoc.com\/pl\/wp-json\/wp\/v2\/product\/246\/revisions"}],"wp:featuredmedia":[{"embeddable":true,"href":"https:\/\/www.cnsiwoc.com\/pl\/wp-json\/wp\/v2\/media\/250"}],"wp:attachment":[{"href":"https:\/\/www.cnsiwoc.com\/pl\/wp-json\/wp\/v2\/media?parent=246"}],"wp:term":[{"taxonomy":"product_cat","embeddable":true,"href":"https:\/\/www.cnsiwoc.com\/pl\/wp-json\/wp\/v2\/product_cat?post=246"},{"taxonomy":"product_tag","embeddable":true,"href":"https:\/\/www.cnsiwoc.com\/pl\/wp-json\/wp\/v2\/product_tag?post=246"}],"curies":[{"name":"wp","href":"https:\/\/api.w.org\/{rel}","templated":true}]}}