{"id":416,"date":"2025-01-13T14:44:59","date_gmt":"2025-01-13T06:44:59","guid":{"rendered":"http:\/\/siwoc.com\/?post_type=product&#038;p=416"},"modified":"2025-01-14T14:55:26","modified_gmt":"2025-01-14T06:55:26","slug":"jail-telephone-hook-switch","status":"publish","type":"product","link":"https:\/\/www.cnsiwoc.com\/it\/product\/jail-telephone-hook-switch\/","title":{"rendered":"Interruttore del gancio del telefono della prigione"},"content":{"rendered":"<h2>Parametro dell'interruttore del gancio del telefono della prigione:<\/h2>\n<table>\n<tbody>\n<tr>\n<td width=\"284\">Modello n.<\/td>\n<td width=\"284\">C13<\/td>\n<\/tr>\n<tr>\n<td width=\"284\">Grado impermeabile<\/td>\n<td width=\"284\">IP65<\/td>\n<\/tr>\n<tr>\n<td width=\"284\">Temperatura operativa<\/td>\n<td width=\"284\">-30\uff5e+65\u2103<\/td>\n<\/tr>\n<tr>\n<td width=\"284\">Temperatura di conservazione<\/td>\n<td width=\"284\">-40\uff5e+85\u2103<\/td>\n<\/tr>\n<tr>\n<td width=\"284\">Durata di servizio<\/td>\n<td width=\"284\">Pi\u00f9 di 500.000 volte<\/td>\n<\/tr>\n<tr>\n<td width=\"284\">Umidit\u00e0 relativa<\/td>\n<td width=\"284\">30%-90%RH<\/td>\n<\/tr>\n<tr>\n<td width=\"284\">Pressione atmosferica<\/td>\n<td width=\"284\">60~106Kpa<\/td>\n<\/tr>\n<tr>\n<td width=\"284\">Materiale<\/td>\n<td width=\"284\">Lega di zinco<\/td>\n<\/tr>\n<tr>\n<td width=\"284\">Trattamento superficiale<\/td>\n<td width=\"284\">Cromatura lucida o opaca<\/td>\n<\/tr>\n<tr>\n<td width=\"284\">Altra funzione<\/td>\n<td width=\"284\">Con microinterruttore NO\/NC<\/td>\n<\/tr>\n<\/tbody>\n<\/table>\n<h2>Dettagli dell'interruttore del telefono della prigione:<\/h2>\n<p>1. Questo interruttore del telefono della prigione \u00e8 realizzato in una lega di zinco resistente alla violenza, aumentando cos\u00ec la sua sicurezza quando utilizzato nelle carceri, non importa quanto violenti siano gli utenti. Con , il ricevitore potrebbe essere appeso a testa in gi\u00f9, il che garantisce maggiore sicurezza in prigione.<\/p>\n<p><img fetchpriority=\"high\" decoding=\"async\" class=\"alignnone wp-image-422 size-full\" src=\"http:\/\/siwoc.com\/wp-content\/uploads\/2025\/01\/1.-\u7fd4\u9f99\u76d1\u72f1\u6302\u53c9\u6848\u4f8b.jpg\" alt=\"\" width=\"750\" height=\"668\" srcset=\"https:\/\/www.cnsiwoc.com\/wp-content\/uploads\/2025\/01\/1.-\u7fd4\u9f99\u76d1\u72f1\u6302\u53c9\u6848\u4f8b.jpg 750w, https:\/\/www.cnsiwoc.com\/wp-content\/uploads\/2025\/01\/1.-\u7fd4\u9f99\u76d1\u72f1\u6302\u53c9\u6848\u4f8b-300x267.jpg 300w, https:\/\/www.cnsiwoc.com\/wp-content\/uploads\/2025\/01\/1.-\u7fd4\u9f99\u76d1\u72f1\u6302\u53c9\u6848\u4f8b-13x12.jpg 13w, https:\/\/www.cnsiwoc.com\/wp-content\/uploads\/2025\/01\/1.-\u7fd4\u9f99\u76d1\u72f1\u6302\u53c9\u6848\u4f8b-600x534.jpg 600w\" sizes=\"(max-width: 750px) 100vw, 750px\" \/><\/p>\n<p>2. Questo interruttore del gancio del telefono della prigione pu\u00f2 essere realizzato con un microinterruttore normalmente chiuso o normalmente aperto, che rende la comunicazione telefonica pi\u00f9 affidabile durante l'uso. La dimensione centrale di montaggio \u00e8 di dimensioni comuni, adatta alla maggior parte dei telefoni carcerari nel mercato globale.<\/p>\n<p><img decoding=\"async\" class=\"alignnone wp-image-423 size-full\" src=\"http:\/\/siwoc.com\/wp-content\/uploads\/2025\/01\/2.-\u5c3a\u5bf8\u56fe-1.jpg\" alt=\"\" width=\"651\" height=\"563\" srcset=\"https:\/\/www.cnsiwoc.com\/wp-content\/uploads\/2025\/01\/2.-\u5c3a\u5bf8\u56fe-1.jpg 651w, https:\/\/www.cnsiwoc.com\/wp-content\/uploads\/2025\/01\/2.-\u5c3a\u5bf8\u56fe-1-300x259.jpg 300w, https:\/\/www.cnsiwoc.com\/wp-content\/uploads\/2025\/01\/2.-\u5c3a\u5bf8\u56fe-1-14x12.jpg 14w, https:\/\/www.cnsiwoc.com\/wp-content\/uploads\/2025\/01\/2.-\u5c3a\u5bf8\u56fe-1-600x519.jpg 600w\" sizes=\"(max-width: 651px) 100vw, 651px\" \/><\/p>\n<p>3. Il trattamento superficiale dell'interruttore del gancio del telefono della prigione \u00e8 la cromatura, in colore brillante o cromato, che rende questo interruttore del gancio pi\u00f9 elegante e qualificato nell'aspetto. Il trattamento superficiale \u00e8 sottoposto a test di nebbia salina per 72 ore, quindi l'interruttore del telefono della prigione pu\u00f2 essere installato completamente all'aperto.<br \/>\n<iframe title=\"Lettore video di YouTube\" src=\"https:\/\/www.youtube.com\/embed\/6At-Z045dvI?si=YpSU510pPZmRbIEd\" width=\"560\" height=\"315\" frameborder=\"0\" allowfullscreen=\"allowfullscreen\"><\/iframe><\/p>\n<p>4.SINIWO offre qualsiasi metodo di spedizione come richiesto dal cliente, non importa via mare, via aerea, in treno o espresso. Il nostro eccellente team di vendita pu\u00f2 collaborare con il cliente e offrire il miglior prezzo ragionevole di trasporto per la scelta. Quindi hai qualche richiesta speciale sulla spedizione, ti preghiamo di comunicarcelo in anticipo.<\/p>\n<p><img decoding=\"async\" class=\"alignnone wp-image-424 size-full\" src=\"http:\/\/siwoc.com\/wp-content\/uploads\/2025\/01\/3.\u8fd0\u8f93\u56fe.jpg\" alt=\"\" width=\"750\" height=\"424\" srcset=\"https:\/\/www.cnsiwoc.com\/wp-content\/uploads\/2025\/01\/3.\u8fd0\u8f93\u56fe.jpg 750w, https:\/\/www.cnsiwoc.com\/wp-content\/uploads\/2025\/01\/3.\u8fd0\u8f93\u56fe-300x170.jpg 300w, https:\/\/www.cnsiwoc.com\/wp-content\/uploads\/2025\/01\/3.\u8fd0\u8f93\u56fe-18x10.jpg 18w, https:\/\/www.cnsiwoc.com\/wp-content\/uploads\/2025\/01\/3.\u8fd0\u8f93\u56fe-600x339.jpg 600w\" sizes=\"(max-width: 750px) 100vw, 750px\" \/><\/p>","protected":false},"excerpt":{"rendered":"<p>SINIWO, come fabbrica professionale, \u00e8 specializzata da 18 anni nella produzione di commutatori per telefoni carcerari. SINIWO ha migliorato continuamente la propria tecnologia di processo nel commutatore telefonico del carcere e si \u00e8 guadagnata una buona reputazione fornendo prodotti di alta qualit\u00e0 e risolvendo vari problemi per i clienti con il suo team di ricerca e sviluppo professionale e un eccellente servizio post-vendita.<\/p>","protected":false},"featured_media":418,"template":"","meta":[],"product_cat":[115,105,80],"product_tag":[106,107,108,100],"class_list":{"0":"post-416","1":"product","2":"type-product","3":"status-publish","4":"has-post-thumbnail","6":"product_cat-hot-selling-product","7":"product_cat-jail-telephone-hook-switch","8":"product_cat-telephone-accessory","9":"product_tag-jail-phone-hook-switch","10":"product_tag-mechanical-hook-switch","11":"product_tag-micro-switch-hook-switch","12":"product_tag-rugged-hook-switch","14":"first","15":"instock","16":"shipping-taxable","17":"product-type-simple"},"_links":{"self":[{"href":"https:\/\/www.cnsiwoc.com\/it\/wp-json\/wp\/v2\/product\/416","targetHints":{"allow":["GET"]}}],"collection":[{"href":"https:\/\/www.cnsiwoc.com\/it\/wp-json\/wp\/v2\/product"}],"about":[{"href":"https:\/\/www.cnsiwoc.com\/it\/wp-json\/wp\/v2\/types\/product"}],"version-history":[{"count":0,"href":"https:\/\/www.cnsiwoc.com\/it\/wp-json\/wp\/v2\/product\/416\/revisions"}],"wp:featuredmedia":[{"embeddable":true,"href":"https:\/\/www.cnsiwoc.com\/it\/wp-json\/wp\/v2\/media\/418"}],"wp:attachment":[{"href":"https:\/\/www.cnsiwoc.com\/it\/wp-json\/wp\/v2\/media?parent=416"}],"wp:term":[{"taxonomy":"product_cat","embeddable":true,"href":"https:\/\/www.cnsiwoc.com\/it\/wp-json\/wp\/v2\/product_cat?post=416"},{"taxonomy":"product_tag","embeddable":true,"href":"https:\/\/www.cnsiwoc.com\/it\/wp-json\/wp\/v2\/product_tag?post=416"}],"curies":[{"name":"wp","href":"https:\/\/api.w.org\/{rel}","templated":true}]}}