{"id":407,"date":"2025-01-02T14:38:43","date_gmt":"2025-01-02T06:38:43","guid":{"rendered":"http:\/\/siwoc.com\/?post_type=product&#038;p=407"},"modified":"2025-01-02T14:44:07","modified_gmt":"2025-01-02T06:44:07","slug":"emergency-telephone-hook-switch","status":"publish","type":"product","link":"https:\/\/www.cnsiwoc.com\/it\/product\/emergency-telephone-hook-switch\/","title":{"rendered":"Interruttore di aggancio telefonico di emergenza"},"content":{"rendered":"<p>Questo interruttore per gancio telefonico di emergenza SINIWO utilizza materiale ABS approvato UL con resistenza all'impatto IZOD di 6,86 piedi-libbre con intaglio da 3,2 mm, che garantisce le caratteristiche antivandalismo per il settore industriale. Quindi \u00e8 un telefono di emergenza adatto installato ovunque con dimensioni di installazione comuni.<\/p>\n<p><img fetchpriority=\"high\" decoding=\"async\" class=\"alignnone wp-image-412 size-full\" src=\"http:\/\/siwoc.com\/wp-content\/uploads\/2025\/01\/1.-\u5c3a\u5bf8\u56fe-5.jpg\" alt=\"\" width=\"409\" height=\"591\" srcset=\"https:\/\/www.cnsiwoc.com\/wp-content\/uploads\/2025\/01\/1.-\u5c3a\u5bf8\u56fe-5.jpg 409w, https:\/\/www.cnsiwoc.com\/wp-content\/uploads\/2025\/01\/1.-\u5c3a\u5bf8\u56fe-5-208x300.jpg 208w, https:\/\/www.cnsiwoc.com\/wp-content\/uploads\/2025\/01\/1.-\u5c3a\u5bf8\u56fe-5-8x12.jpg 8w\" sizes=\"(max-width: 409px) 100vw, 409px\" \/><\/p>\n<h2>Parametro del gancio del telefono di emergenza:<\/h2>\n<table>\n<tbody>\n<tr>\n<td width=\"284\">Modello n.<\/td>\n<td width=\"284\">C11<\/td>\n<\/tr>\n<tr>\n<td width=\"284\">Grado impermeabile<\/td>\n<td width=\"284\">IP65<\/td>\n<\/tr>\n<tr>\n<td width=\"284\">Certificato<\/td>\n<td width=\"284\">Approvato CE<\/td>\n<\/tr>\n<tr>\n<td width=\"284\">Superficie<\/td>\n<td width=\"284\">Opaco<\/td>\n<\/tr>\n<tr>\n<td width=\"284\">Caratteristica<\/td>\n<td width=\"284\">Con interruttore reed NC o NO<\/td>\n<\/tr>\n<tr>\n<td width=\"284\">Vita lavorativa<\/td>\n<td width=\"284\">Pi\u00f9 di 500.000 volte<\/td>\n<\/tr>\n<tr>\n<td width=\"284\">Colore<\/td>\n<td width=\"284\">Nero o Rosso<\/td>\n<\/tr>\n<\/tbody>\n<\/table>\n<h2>Caratteristica dell'interruttore del gancio del telefono di emergenza:<\/h2>\n<p>1. Come interruttore di aggancio telefonico di emergenza standard utilizzato in ambito industriale, \u00e8 appositamente progettato e adatto per la maggior parte dei telefoni di emergenza in termini di dimensioni. Per funzionare con la cornetta magnetica, questo interruttore telefonico di emergenza \u00e8 progettato con l'installazione di un interruttore reed normalmente chiuso o normalmente aperto, che supporta una funzione affidabile per la comunicazione telefonica.<\/p>\n<p>2. Questo interruttore del telefono di emergenza \u00e8 leggero dopo l'imballaggio con 80 unit\u00e0 per cartone fino a 3 kg. Quindi \u00e8 molto facile danneggiare il pacco dall'interruttore del gancio durante la spedizione se vi vengono posizionate merci pesanti. SINIWO offre un servizio di pacco gratuito prima della spedizione con pallet o scatola di legno per ordini di massa per evitare danni.<\/p>\n<p><img decoding=\"async\" class=\"alignnone wp-image-413 size-full\" src=\"http:\/\/siwoc.com\/wp-content\/uploads\/2025\/01\/2.-\u6302\u53c9\u5e94\u7528\u56fe.jpg\" alt=\"\" width=\"750\" height=\"668\" srcset=\"https:\/\/www.cnsiwoc.com\/wp-content\/uploads\/2025\/01\/2.-\u6302\u53c9\u5e94\u7528\u56fe.jpg 750w, https:\/\/www.cnsiwoc.com\/wp-content\/uploads\/2025\/01\/2.-\u6302\u53c9\u5e94\u7528\u56fe-300x267.jpg 300w, https:\/\/www.cnsiwoc.com\/wp-content\/uploads\/2025\/01\/2.-\u6302\u53c9\u5e94\u7528\u56fe-13x12.jpg 13w, https:\/\/www.cnsiwoc.com\/wp-content\/uploads\/2025\/01\/2.-\u6302\u53c9\u5e94\u7528\u56fe-600x534.jpg 600w\" sizes=\"(max-width: 750px) 100vw, 750px\" \/><\/p>\n<p>3. Per tutti gli interruttori a gancio telefonico di emergenza in plastica realizzati da SINIWO, accettiamo tutti la personalizzazione del colore gratuitamente in base alla richiesta del cliente con il colore Pantone abbinato NO. o campione di colore secondo la nostra richiesta di quantit\u00e0 minima di ordine.<\/p>\n<p><img decoding=\"async\" class=\"alignnone wp-image-414 size-full\" src=\"http:\/\/siwoc.com\/wp-content\/uploads\/2025\/01\/3.\u53ef\u9009\u989c\u8272.jpg\" alt=\"\" width=\"750\" height=\"500\" srcset=\"https:\/\/www.cnsiwoc.com\/wp-content\/uploads\/2025\/01\/3.\u53ef\u9009\u989c\u8272.jpg 750w, https:\/\/www.cnsiwoc.com\/wp-content\/uploads\/2025\/01\/3.\u53ef\u9009\u989c\u8272-300x200.jpg 300w, https:\/\/www.cnsiwoc.com\/wp-content\/uploads\/2025\/01\/3.\u53ef\u9009\u989c\u8272-18x12.jpg 18w, https:\/\/www.cnsiwoc.com\/wp-content\/uploads\/2025\/01\/3.\u53ef\u9009\u989c\u8272-600x400.jpg 600w\" sizes=\"(max-width: 750px) 100vw, 750px\" \/><\/p>","protected":false},"excerpt":{"rendered":"<p>SINIWO \u00e8 un fornitore e grossista di interruttori telefonici di emergenza con qualit\u00e0 e prezzo competitivi in \u200b\u200bCina. Con le migliori macchine per stampaggio a iniezione e bracci per auto avanzati in Cina, SINIWO ha una capacit\u00e0 produttiva costante di commutatori telefonici di emergenza al giorno.<\/p>","protected":false},"featured_media":409,"template":"","meta":[],"product_cat":[101,80],"product_tag":[102,103,104],"class_list":{"0":"post-407","1":"product","2":"type-product","3":"status-publish","4":"has-post-thumbnail","6":"product_cat-emergency-telephone-hook-switch","7":"product_cat-telephone-accessory","8":"product_tag-emergency-telephone-hook-switch","9":"product_tag-plastic-hook-switch","10":"product_tag-reed-switch-hook-switch","12":"first","13":"instock","14":"shipping-taxable","15":"product-type-simple"},"_links":{"self":[{"href":"https:\/\/www.cnsiwoc.com\/it\/wp-json\/wp\/v2\/product\/407","targetHints":{"allow":["GET"]}}],"collection":[{"href":"https:\/\/www.cnsiwoc.com\/it\/wp-json\/wp\/v2\/product"}],"about":[{"href":"https:\/\/www.cnsiwoc.com\/it\/wp-json\/wp\/v2\/types\/product"}],"version-history":[{"count":0,"href":"https:\/\/www.cnsiwoc.com\/it\/wp-json\/wp\/v2\/product\/407\/revisions"}],"wp:featuredmedia":[{"embeddable":true,"href":"https:\/\/www.cnsiwoc.com\/it\/wp-json\/wp\/v2\/media\/409"}],"wp:attachment":[{"href":"https:\/\/www.cnsiwoc.com\/it\/wp-json\/wp\/v2\/media?parent=407"}],"wp:term":[{"taxonomy":"product_cat","embeddable":true,"href":"https:\/\/www.cnsiwoc.com\/it\/wp-json\/wp\/v2\/product_cat?post=407"},{"taxonomy":"product_tag","embeddable":true,"href":"https:\/\/www.cnsiwoc.com\/it\/wp-json\/wp\/v2\/product_tag?post=407"}],"curies":[{"name":"wp","href":"https:\/\/api.w.org\/{rel}","templated":true}]}}