{"id":398,"date":"2025-01-02T14:31:15","date_gmt":"2025-01-02T06:31:15","guid":{"rendered":"http:\/\/siwoc.com\/?post_type=product&#038;p=398"},"modified":"2025-01-02T15:03:55","modified_gmt":"2025-01-02T07:03:55","slug":"metal-telephone-hook-switch","status":"publish","type":"product","link":"https:\/\/www.cnsiwoc.com\/it\/product\/metal-telephone-hook-switch\/","title":{"rendered":"Interruttore del gancio del telefono in metallo"},"content":{"rendered":"<p>Questo interruttore a leva telefonica in metallo SINIWO \u00e8 un interruttore a leva telefonica duraturo con caratteristiche resistenti alla corrosione e anti vandalismo dopo la placcatura. Questo telecomando telefonico in metallo ha una superficie robusta e una struttura facile da mantenere, molto popolare nel mercato globale dell'industria.<\/p>\n<p><iframe title=\"Lettore video di YouTube\" src=\"https:\/\/www.youtube.com\/embed\/948OIfrmjmU?si=FIrRt1_oLpe1Qy-b\" width=\"560\" height=\"315\" frameborder=\"0\" allowfullscreen=\"allowfullscreen\"><\/iframe><\/p>\n<h2>Parametro dell'interruttore del telefono a filo in metallo:<\/h2>\n<table>\n<tbody>\n<tr>\n<td width=\"284\">Modello n.<\/td>\n<td width=\"284\">C06<\/td>\n<\/tr>\n<tr>\n<td width=\"284\">Grado impermeabile<\/td>\n<td width=\"284\">IP65<\/td>\n<\/tr>\n<tr>\n<td width=\"284\">Certificato<\/td>\n<td width=\"284\">Approvato CE<\/td>\n<\/tr>\n<tr>\n<td width=\"284\">Trattamento della superficie<\/td>\n<td width=\"284\">Placchetta cromata lucida o opaca<\/td>\n<\/tr>\n<tr>\n<td width=\"284\">Caratteristica<\/td>\n<td width=\"284\">Con interruttore reed NC o NO<\/td>\n<\/tr>\n<tr>\n<td width=\"284\">Imballaggio<\/td>\n<td width=\"284\">50pcs\/carton<\/td>\n<\/tr>\n<tr>\n<td width=\"284\">G.W.<\/td>\n<td width=\"284\">13kg\/carton<\/td>\n<\/tr>\n<tr>\n<td width=\"284\">Vita lavorativa<\/td>\n<td width=\"284\">Pi\u00f9 di 500.000 volte<\/td>\n<\/tr>\n<\/tbody>\n<\/table>\n<h2>Caratteristica del pulsante di chiamata in metallo:<\/h2>\n<p>1. Questo interruttore a leva telefonica metallica \u00e8 appositamente progettato e adatto per la maggior parte delle cornette telefoniche dello stile G per quanto riguarda le dimensioni, il che potrebbe aiutare i clienti a offrire un servizio completo. Con un interruttore a gancio telefonico in metallo prodotto in Cina, SINIWO ha ottenuto una buona reputazione dai clienti grazie al buon servizio.<\/p>\n<p><img fetchpriority=\"high\" decoding=\"async\" class=\"alignnone wp-image-403 size-full\" src=\"http:\/\/siwoc.com\/wp-content\/uploads\/2025\/01\/1.\u5c3a\u5bf8\u56fe-2.jpg\" alt=\"\" width=\"376\" height=\"365\" srcset=\"https:\/\/www.cnsiwoc.com\/wp-content\/uploads\/2025\/01\/1.\u5c3a\u5bf8\u56fe-2.jpg 376w, https:\/\/www.cnsiwoc.com\/wp-content\/uploads\/2025\/01\/1.\u5c3a\u5bf8\u56fe-2-300x291.jpg 300w, https:\/\/www.cnsiwoc.com\/wp-content\/uploads\/2025\/01\/1.\u5c3a\u5bf8\u56fe-2-12x12.jpg 12w\" sizes=\"(max-width: 376px) 100vw, 376px\" \/><\/p>\n<p>&nbsp;<\/p>\n<p>2. Questo interruttore a leva telefonica metallica \u00e8 principalmente utilizzato per telefoni industriali in piattaforme petrolifere o porti con corrosione da sostanze chimiche e acqua di mare, o per telefoni delle prigioni che devono resistere alla violenza dei detenuti. Quindi utilizziamo il materiale Zamak con rivestimento superficiale in grado di resistere a test di nebbia salina a alta concentrazione.<\/p>\n<p><img decoding=\"async\" class=\"alignnone wp-image-404 size-full\" src=\"http:\/\/siwoc.com\/wp-content\/uploads\/2025\/01\/2.\u6302\u53c9\u5e94\u7528.jpg\" alt=\"\" width=\"750\" height=\"536\" srcset=\"https:\/\/www.cnsiwoc.com\/wp-content\/uploads\/2025\/01\/2.\u6302\u53c9\u5e94\u7528.jpg 750w, https:\/\/www.cnsiwoc.com\/wp-content\/uploads\/2025\/01\/2.\u6302\u53c9\u5e94\u7528-300x214.jpg 300w, https:\/\/www.cnsiwoc.com\/wp-content\/uploads\/2025\/01\/2.\u6302\u53c9\u5e94\u7528-18x12.jpg 18w, https:\/\/www.cnsiwoc.com\/wp-content\/uploads\/2025\/01\/2.\u6302\u53c9\u5e94\u7528-600x429.jpg 600w\" sizes=\"(max-width: 750px) 100vw, 750px\" \/><\/p>\n<p>3. Questo interruttore a leva telefonica in metallo potrebbe essere realizzato con un interruttore a righello normalmente aperto o normalmente chiuso a seconda delle richieste del cliente. \u00c8 pesante dopo l'imballaggio con 0,3 kg per unit\u00e0 e il trattamento della superficie \u00e8 lucido o cromatura opaca, quindi SINIWO imballer\u00e0 due volte con un pallet o una scatola di legno per ordini di massa per evitare danni durante il trasporto.<\/p>\n<p><img decoding=\"async\" class=\"alignnone wp-image-405 size-full\" src=\"http:\/\/siwoc.com\/wp-content\/uploads\/2025\/01\/3.\u6253\u5305\u56fe.jpg\" alt=\"\" width=\"750\" height=\"654\" srcset=\"https:\/\/www.cnsiwoc.com\/wp-content\/uploads\/2025\/01\/3.\u6253\u5305\u56fe.jpg 750w, https:\/\/www.cnsiwoc.com\/wp-content\/uploads\/2025\/01\/3.\u6253\u5305\u56fe-300x262.jpg 300w, https:\/\/www.cnsiwoc.com\/wp-content\/uploads\/2025\/01\/3.\u6253\u5305\u56fe-14x12.jpg 14w, https:\/\/www.cnsiwoc.com\/wp-content\/uploads\/2025\/01\/3.\u6253\u5305\u56fe-600x523.jpg 600w\" sizes=\"(max-width: 750px) 100vw, 750px\" \/><\/p>","protected":false},"excerpt":{"rendered":"<p>SINIWO \u00e8 una fabbrica originale di telecomandi metallici per telefono con 18 anni di esperienza in Cina. Con macchine di stampaggio a iniezione avanzate che si aggiornano con bracci automatici, SINIWO potrebbe produrre 2000 unit\u00e0 di telecomandi metallici qualificati al giorno.<\/p>","protected":false},"featured_media":400,"template":"","meta":[],"product_cat":[96,80],"product_tag":[99,98,100,97],"class_list":{"0":"post-398","1":"product","2":"type-product","3":"status-publish","4":"has-post-thumbnail","6":"product_cat-metal-telephone-hook-switch","7":"product_cat-telephone-accessory","8":"product_tag-magnetic-hook-switch","9":"product_tag-metal-hook-switch","10":"product_tag-rugged-hook-switch","11":"product_tag-telephone-hook-switch","13":"first","14":"instock","15":"shipping-taxable","16":"product-type-simple"},"_links":{"self":[{"href":"https:\/\/www.cnsiwoc.com\/it\/wp-json\/wp\/v2\/product\/398","targetHints":{"allow":["GET"]}}],"collection":[{"href":"https:\/\/www.cnsiwoc.com\/it\/wp-json\/wp\/v2\/product"}],"about":[{"href":"https:\/\/www.cnsiwoc.com\/it\/wp-json\/wp\/v2\/types\/product"}],"version-history":[{"count":0,"href":"https:\/\/www.cnsiwoc.com\/it\/wp-json\/wp\/v2\/product\/398\/revisions"}],"wp:featuredmedia":[{"embeddable":true,"href":"https:\/\/www.cnsiwoc.com\/it\/wp-json\/wp\/v2\/media\/400"}],"wp:attachment":[{"href":"https:\/\/www.cnsiwoc.com\/it\/wp-json\/wp\/v2\/media?parent=398"}],"wp:term":[{"taxonomy":"product_cat","embeddable":true,"href":"https:\/\/www.cnsiwoc.com\/it\/wp-json\/wp\/v2\/product_cat?post=398"},{"taxonomy":"product_tag","embeddable":true,"href":"https:\/\/www.cnsiwoc.com\/it\/wp-json\/wp\/v2\/product_tag?post=398"}],"curies":[{"name":"wp","href":"https:\/\/api.w.org\/{rel}","templated":true}]}}