{"id":379,"date":"2025-01-02T14:12:58","date_gmt":"2025-01-02T06:12:58","guid":{"rendered":"http:\/\/siwoc.com\/?post_type=product&#038;p=379"},"modified":"2025-01-09T09:44:03","modified_gmt":"2025-01-09T01:44:03","slug":"fire-telephone-metal-enclosure","status":"publish","type":"product","link":"https:\/\/www.cnsiwoc.com\/it\/product\/fire-telephone-metal-enclosure\/","title":{"rendered":"Custodia metallica per telefono antincendio"},"content":{"rendered":"<p>La custodia metallica per telefono antincendio SINIWO \u00e8 una custodia protettiva durevole per cornetta telefonica, resistente agli agenti atmosferici e alla violenza. Questa custodia metallica per telefono antincendio ha una superficie solida e ha una certa capacit\u00e0 di resistere alla pressione. Si tratta di una custodia protettiva fornita da SINIWO per i telefoni telefonici pubblici antincendio come le caserme dei vigili del fuoco e le stazioni di gas naturale.<\/p>\n<h2>Parametro della scatola metallica del telefono antincendio:<\/h2>\n<table>\n<tbody>\n<tr>\n<td width=\"284\">Modello n.<\/td>\n<td width=\"284\">L38<\/td>\n<\/tr>\n<tr>\n<td width=\"284\">Grado impermeabile<\/td>\n<td width=\"284\">IP65<\/td>\n<\/tr>\n<tr>\n<td width=\"284\">Funzione<\/td>\n<td width=\"284\">proteggere il portatile<\/td>\n<\/tr>\n<tr>\n<td width=\"284\">Applicazione<\/td>\n<td width=\"284\">telefono di emergenza antincendio<\/td>\n<\/tr>\n<tr>\n<td width=\"284\">Caratteristica<\/td>\n<td width=\"284\">robusto<\/td>\n<\/tr>\n<tr>\n<td width=\"284\">Luogo d'origine<\/td>\n<td width=\"284\">Zhejiang, Cina<\/td>\n<\/tr>\n<tr>\n<td width=\"284\">Nome del prodotto<\/td>\n<td width=\"284\">custodia metallica<\/td>\n<\/tr>\n<tr>\n<td width=\"284\">Garanzia<\/td>\n<td width=\"284\">1 anno<\/td>\n<\/tr>\n<tr>\n<td width=\"284\">Colore<\/td>\n<td width=\"284\">Colore personalizzato<\/td>\n<\/tr>\n<\/tbody>\n<\/table>\n<h2>Caratteristica della custodia metallica del telefono antincendio:<\/h2>\n<p>1.La custodia metallica del telefono antincendio si adatta alla maggior parte dei telefoni antincendio. In qualit\u00e0 di produttore con strutture ben attrezzate e un team di professionisti, soddisfiamo attivamente le esigenze dei clienti durante la progettazione di involucri per proteggere i ricevitori telefonici e fornire ai clienti i prodotti pi\u00f9 soddisfacenti.<\/p>\n<p><img fetchpriority=\"high\" decoding=\"async\" class=\"alignnone wp-image-385 size-full\" src=\"http:\/\/siwoc.com\/wp-content\/uploads\/2025\/01\/1.-L38\u5c3a\u5bf8\u56fe.jpg\" alt=\"\" width=\"819\" height=\"651\" srcset=\"https:\/\/www.cnsiwoc.com\/wp-content\/uploads\/2025\/01\/1.-L38\u5c3a\u5bf8\u56fe.jpg 819w, https:\/\/www.cnsiwoc.com\/wp-content\/uploads\/2025\/01\/1.-L38\u5c3a\u5bf8\u56fe-300x238.jpg 300w, https:\/\/www.cnsiwoc.com\/wp-content\/uploads\/2025\/01\/1.-L38\u5c3a\u5bf8\u56fe-768x610.jpg 768w, https:\/\/www.cnsiwoc.com\/wp-content\/uploads\/2025\/01\/1.-L38\u5c3a\u5bf8\u56fe-15x12.jpg 15w, https:\/\/www.cnsiwoc.com\/wp-content\/uploads\/2025\/01\/1.-L38\u5c3a\u5bf8\u56fe-600x477.jpg 600w\" sizes=\"(max-width: 819px) 100vw, 819px\" \/><\/p>\n<p>2.Quando abbiamo progettato la custodia metallica del telefono antincendio, abbiamo considerato molti fattori quali: fattori ambientali difficili, fattori meteorologici, circostanze speciali, ecc. Pertanto, per soddisfare gli standard di protezione antincendio, abbiamo progettato e prodotto la custodia metallica del telefono antincendio appositamente per il campo della protezione antincendio.<\/p>\n<p><img decoding=\"async\" class=\"alignnone wp-image-386 size-full\" src=\"http:\/\/siwoc.com\/wp-content\/uploads\/2025\/01\/2.-\u6d88\u9632\u884c\u4e1a\u6848\u4f8b.jpg\" alt=\"\" width=\"750\" height=\"668\" srcset=\"https:\/\/www.cnsiwoc.com\/wp-content\/uploads\/2025\/01\/2.-\u6d88\u9632\u884c\u4e1a\u6848\u4f8b.jpg 750w, https:\/\/www.cnsiwoc.com\/wp-content\/uploads\/2025\/01\/2.-\u6d88\u9632\u884c\u4e1a\u6848\u4f8b-300x267.jpg 300w, https:\/\/www.cnsiwoc.com\/wp-content\/uploads\/2025\/01\/2.-\u6d88\u9632\u884c\u4e1a\u6848\u4f8b-13x12.jpg 13w, https:\/\/www.cnsiwoc.com\/wp-content\/uploads\/2025\/01\/2.-\u6d88\u9632\u884c\u4e1a\u6848\u4f8b-600x534.jpg 600w\" sizes=\"(max-width: 750px) 100vw, 750px\" \/><\/p>\n<p>3. La custodia metallica del telefono antincendio pu\u00f2 proteggere la cornetta del telefono in ambienti difficili. Il materiale metallico ha un'eccellente resistenza alla pressione e all'umidit\u00e0 e la superficie \u00e8 liscia e visivamente bella. L'esterno \u00e8 sufficientemente rigido da proteggere efficacemente il ricevitore del telefono da danni e usura.<\/p>\n<p>4. Per questa custodia metallica del telefono antincendio, accettiamo la personalizzazione della stampa del colore e del logo. Il colore normale dello stock \u00e8 rosso. Qualsiasi altro colore pu\u00f2 essere personalizzato in base al numero Pantone o al campione di colore.<\/p>\n<p><img decoding=\"async\" class=\"alignnone wp-image-387 size-full\" src=\"http:\/\/siwoc.com\/wp-content\/uploads\/2025\/01\/3.\u5305\u88c5\u56fe.jpg\" alt=\"\" width=\"750\" height=\"654\" srcset=\"https:\/\/www.cnsiwoc.com\/wp-content\/uploads\/2025\/01\/3.\u5305\u88c5\u56fe.jpg 750w, https:\/\/www.cnsiwoc.com\/wp-content\/uploads\/2025\/01\/3.\u5305\u88c5\u56fe-300x262.jpg 300w, https:\/\/www.cnsiwoc.com\/wp-content\/uploads\/2025\/01\/3.\u5305\u88c5\u56fe-14x12.jpg 14w, https:\/\/www.cnsiwoc.com\/wp-content\/uploads\/2025\/01\/3.\u5305\u88c5\u56fe-600x523.jpg 600w\" sizes=\"(max-width: 750px) 100vw, 750px\" \/><\/p>","protected":false},"excerpt":{"rendered":"<p>SINIWO \u00e8 il produttore e fornitore originale cinese di custodie metalliche per telefoni antincendio. Con un team di ricerca e sviluppo esperto in questo campo, possiamo fornire ai clienti nazionali ed esteri i prodotti pi\u00f9 convenienti. Essendo una fabbrica in Cina, SINIWO ha una capacit\u00e0 flessibile di personalizzare la custodia metallica del telefono antincendio con aspetto e dimensioni diversi in base alle esigenze del cliente.<\/p>","protected":false},"featured_media":380,"template":"","meta":[],"product_cat":[86,80],"product_tag":[88,89,90,87],"class_list":{"0":"post-379","1":"product","2":"type-product","3":"status-publish","4":"has-post-thumbnail","6":"product_cat-fire-telephone-metal-enclosure","7":"product_cat-telephone-accessory","8":"product_tag-customized-metal-enclosure","9":"product_tag-metal-sheet-enclosure","10":"product_tag-rugged-metal-enclosure","11":"product_tag-telephone-metal-enclosure","13":"first","14":"instock","15":"shipping-taxable","16":"product-type-simple"},"_links":{"self":[{"href":"https:\/\/www.cnsiwoc.com\/it\/wp-json\/wp\/v2\/product\/379","targetHints":{"allow":["GET"]}}],"collection":[{"href":"https:\/\/www.cnsiwoc.com\/it\/wp-json\/wp\/v2\/product"}],"about":[{"href":"https:\/\/www.cnsiwoc.com\/it\/wp-json\/wp\/v2\/types\/product"}],"version-history":[{"count":0,"href":"https:\/\/www.cnsiwoc.com\/it\/wp-json\/wp\/v2\/product\/379\/revisions"}],"wp:featuredmedia":[{"embeddable":true,"href":"https:\/\/www.cnsiwoc.com\/it\/wp-json\/wp\/v2\/media\/380"}],"wp:attachment":[{"href":"https:\/\/www.cnsiwoc.com\/it\/wp-json\/wp\/v2\/media?parent=379"}],"wp:term":[{"taxonomy":"product_cat","embeddable":true,"href":"https:\/\/www.cnsiwoc.com\/it\/wp-json\/wp\/v2\/product_cat?post=379"},{"taxonomy":"product_tag","embeddable":true,"href":"https:\/\/www.cnsiwoc.com\/it\/wp-json\/wp\/v2\/product_tag?post=379"}],"curies":[{"name":"wp","href":"https:\/\/api.w.org\/{rel}","templated":true}]}}