{"id":372,"date":"2025-01-12T14:06:35","date_gmt":"2025-01-12T06:06:35","guid":{"rendered":"http:\/\/siwoc.com\/?post_type=product&#038;p=372"},"modified":"2025-01-20T11:34:54","modified_gmt":"2025-01-20T03:34:54","slug":"fire-emergency-telephone-metal-enclosure","status":"publish","type":"product","link":"https:\/\/www.cnsiwoc.com\/it\/product\/fire-emergency-telephone-metal-enclosure\/","title":{"rendered":"Custodia metallica per telefono di emergenza antincendio"},"content":{"rendered":"<p>La custodia metallica per telefono antincendio SINIWO \u00e8 una custodia protettiva durevole per cornetta telefonica, resistente agli agenti atmosferici e alla violenza. Questa custodia metallica per telefono antincendio ha una superficie solida e ha una certa capacit\u00e0 di resistere alla pressione. Si tratta di una custodia protettiva fornita da SINIWO per i telefoni telefonici pubblici antincendio come le caserme dei vigili del fuoco e le stazioni di gas naturale.<\/p>\n<h2>Parametro della custodia metallica del telefono di emergenza antincendio:<\/h2>\n<table>\n<tbody>\n<tr>\n<td width=\"284\">Modello n.<\/td>\n<td width=\"284\">JWAT162<\/td>\n<\/tr>\n<tr>\n<td width=\"284\">Grado impermeabile<\/td>\n<td width=\"284\">IP65<\/td>\n<\/tr>\n<tr>\n<td width=\"284\">Funzione<\/td>\n<td width=\"284\">proteggere il portatile<\/td>\n<\/tr>\n<tr>\n<td width=\"284\">Applicazione<\/td>\n<td width=\"284\">telefono di emergenza antincendio<\/td>\n<\/tr>\n<tr>\n<td width=\"284\">Caratteristica<\/td>\n<td width=\"284\">robusto<\/td>\n<\/tr>\n<tr>\n<td width=\"284\">Certificato<\/td>\n<td width=\"284\">CE\/RoHS<\/td>\n<\/tr>\n<tr>\n<td width=\"284\">Garanzia<\/td>\n<td width=\"284\">1 anno<\/td>\n<\/tr>\n<tr>\n<td width=\"284\">Colore<\/td>\n<td width=\"284\">Colore personalizzato<\/td>\n<\/tr>\n<\/tbody>\n<\/table>\n<h2>Caratteristica della custodia metallica del telefono antincendio:<\/h2>\n<p>1.La custodia metallica del telefono antincendio si adatta alla maggior parte dei telefoni antincendio. In qualit\u00e0 di produttore con strutture ben attrezzate e un team di professionisti, soddisfiamo attivamente le esigenze dei clienti durante la progettazione di involucri per proteggere i ricevitori telefonici e fornire ai clienti i prodotti pi\u00f9 soddisfacenti.<\/p>\n<p><img fetchpriority=\"high\" decoding=\"async\" class=\"alignnone wp-image-377 size-full\" src=\"http:\/\/siwoc.com\/wp-content\/uploads\/2025\/01\/1.-\u5c3a\u5bf8\u56fe-4.jpg\" alt=\"\" width=\"1003\" height=\"699\" srcset=\"https:\/\/www.cnsiwoc.com\/wp-content\/uploads\/2025\/01\/1.-\u5c3a\u5bf8\u56fe-4.jpg 1003w, https:\/\/www.cnsiwoc.com\/wp-content\/uploads\/2025\/01\/1.-\u5c3a\u5bf8\u56fe-4-300x209.jpg 300w, https:\/\/www.cnsiwoc.com\/wp-content\/uploads\/2025\/01\/1.-\u5c3a\u5bf8\u56fe-4-768x535.jpg 768w, https:\/\/www.cnsiwoc.com\/wp-content\/uploads\/2025\/01\/1.-\u5c3a\u5bf8\u56fe-4-18x12.jpg 18w, https:\/\/www.cnsiwoc.com\/wp-content\/uploads\/2025\/01\/1.-\u5c3a\u5bf8\u56fe-4-600x418.jpg 600w\" sizes=\"(max-width: 1003px) 100vw, 1003px\" \/><\/p>\n<p>2.Quando abbiamo progettato la custodia metallica del telefono antincendio, abbiamo considerato molti fattori quali: fattori ambientali difficili, fattori meteorologici, circostanze speciali, ecc. Pertanto, per soddisfare gli standard di protezione antincendio, abbiamo progettato e prodotto la custodia metallica del telefono antincendio appositamente per il campo della protezione antincendio.<\/p>\n<p>3. La custodia metallica del telefono antincendio pu\u00f2 proteggere la cornetta del telefono in ambienti difficili. Il materiale metallico ha un'eccellente resistenza alla pressione e all'umidit\u00e0 e la superficie \u00e8 liscia e visivamente bella. L'esterno \u00e8 sufficientemente rigido da proteggere efficacemente il ricevitore del telefono da danni e usura.<\/p>\n<p>4. Per questa custodia metallica del telefono antincendio, accettiamo la personalizzazione della stampa del colore e del logo. Il colore normale dello stock \u00e8 rosso. Qualsiasi altro colore pu\u00f2 essere personalizzato in base al numero Pantone o al campione di colore.<\/p>","protected":false},"excerpt":{"rendered":"<p>Con una ricca esperienza nei pezzi di ricambio integrati per le telecomunicazioni in Cina, SINIWO sviluppa custodie metalliche per telefoni di emergenza antincendio per telefoni dei vigili del fuoco con e senza funzione di composizione automatica. SINIWO ha ottimizzato il processo e i costi per offrire il miglior prezzo competitivo per il cliente.<\/p>","protected":false},"featured_media":1085,"template":"","meta":[],"product_cat":[81,115,80],"product_tag":[82,85,83,84],"class_list":{"0":"post-372","1":"product","2":"type-product","3":"status-publish","4":"has-post-thumbnail","6":"product_cat-fire-emergency-telephone-metal-enclosure","7":"product_cat-hot-selling-product","8":"product_cat-telephone-accessory","9":"product_tag-fire-telephone-metal-enclosure","10":"product_tag-intercom-metal-enclosure","11":"product_tag-metal-enclosure","12":"product_tag-telephone-rugged-metal-enclosure","14":"first","15":"instock","16":"shipping-taxable","17":"product-type-simple"},"_links":{"self":[{"href":"https:\/\/www.cnsiwoc.com\/it\/wp-json\/wp\/v2\/product\/372","targetHints":{"allow":["GET"]}}],"collection":[{"href":"https:\/\/www.cnsiwoc.com\/it\/wp-json\/wp\/v2\/product"}],"about":[{"href":"https:\/\/www.cnsiwoc.com\/it\/wp-json\/wp\/v2\/types\/product"}],"version-history":[{"count":0,"href":"https:\/\/www.cnsiwoc.com\/it\/wp-json\/wp\/v2\/product\/372\/revisions"}],"wp:featuredmedia":[{"embeddable":true,"href":"https:\/\/www.cnsiwoc.com\/it\/wp-json\/wp\/v2\/media\/1085"}],"wp:attachment":[{"href":"https:\/\/www.cnsiwoc.com\/it\/wp-json\/wp\/v2\/media?parent=372"}],"wp:term":[{"taxonomy":"product_cat","embeddable":true,"href":"https:\/\/www.cnsiwoc.com\/it\/wp-json\/wp\/v2\/product_cat?post=372"},{"taxonomy":"product_tag","embeddable":true,"href":"https:\/\/www.cnsiwoc.com\/it\/wp-json\/wp\/v2\/product_tag?post=372"}],"curies":[{"name":"wp","href":"https:\/\/api.w.org\/{rel}","templated":true}]}}