{"id":362,"date":"2025-01-02T13:58:55","date_gmt":"2025-01-02T05:58:55","guid":{"rendered":"http:\/\/siwoc.com\/?post_type=product&#038;p=362"},"modified":"2025-01-02T15:00:51","modified_gmt":"2025-01-02T07:00:51","slug":"industrial-vending-machine-keypad","status":"publish","type":"product","link":"https:\/\/www.cnsiwoc.com\/it\/product\/industrial-vending-machine-keypad\/","title":{"rendered":"Tastiera per distributori automatici industriali"},"content":{"rendered":"<p>La tastiera del distributore automatico industriale SINIWO \u00e8 realizzata in acciaio inossidabile, ha prestazioni eccellenti, aspetto gradevole, durevole e ha un grado di impermeabilit\u00e0 IP65. Questa tastiera per distributori automatici industriali, prodotta da SINIWO, utilizzata appositamente in ambienti pubblici, come i distributori automatici, \u00e8 progettata per resistere all'usura al fine di soddisfare le esigenze dei consumatori, quindi \u00e8 di alta qualit\u00e0.<\/p>\n<p><iframe title=\"Lettore video di YouTube\" src=\"https:\/\/www.youtube.com\/embed\/AI71gyLorWQ?si=XaM67tsahAWBFCBU\" width=\"560\" height=\"315\" frameborder=\"0\" allowfullscreen=\"allowfullscreen\"><\/iframe><\/p>\n<h2>Specifica della tastiera del distributore automatico industriale<\/h2>\n<table>\n<tbody>\n<tr>\n<td width=\"284\">Modello n.<\/td>\n<td width=\"284\">B725<\/td>\n<\/tr>\n<tr>\n<td width=\"284\">Grado impermeabile<\/td>\n<td width=\"284\">IP65<\/td>\n<\/tr>\n<tr>\n<td width=\"284\">Tensione in ingresso<\/td>\n<td width=\"284\">3.5V\/5V<\/td>\n<\/tr>\n<tr>\n<td width=\"284\">Vita elettrica<\/td>\n<td width=\"284\">1 milione di cicli di funzionamento per tasto<\/td>\n<\/tr>\n<tr>\n<td width=\"284\">Viaggio chiave<\/td>\n<td width=\"284\">0.45mm<\/td>\n<\/tr>\n<tr>\n<td width=\"284\">Forza di attuazione<\/td>\n<td width=\"284\">250g\/2.45N<\/td>\n<\/tr>\n<tr>\n<td width=\"284\">Vita di gomma<\/td>\n<td width=\"284\">Pi\u00f9 di 500mila cicli<\/td>\n<\/tr>\n<tr>\n<td width=\"284\">Umidit\u00e0 relativa<\/td>\n<td width=\"284\">35%-95%<\/td>\n<\/tr>\n<tr>\n<td width=\"284\">Pressione atmosferica<\/td>\n<td width=\"284\">60Kpa~106Kpa<\/td>\n<\/tr>\n<\/tbody>\n<\/table>\n<h2>Dettagli della tastiera del distributore automatico industriale:<\/h2>\n<p>1. Realizzata in acciaio inossidabile spazzolato SUS304, questa tastiera per distributori automatici industriali pu\u00f2 resistere a un uso intensivo e resistere ai danni causati da fattori ambientali come umidit\u00e0, polvere e fluttuazioni di temperatura.<\/p>\n<p><img fetchpriority=\"high\" decoding=\"async\" class=\"alignnone wp-image-367 size-full\" src=\"http:\/\/siwoc.com\/wp-content\/uploads\/2025\/01\/1.-\u5c3a\u5bf8\u56fe-3.jpg\" alt=\"\" width=\"799\" height=\"373\" srcset=\"https:\/\/www.cnsiwoc.com\/wp-content\/uploads\/2025\/01\/1.-\u5c3a\u5bf8\u56fe-3.jpg 799w, https:\/\/www.cnsiwoc.com\/wp-content\/uploads\/2025\/01\/1.-\u5c3a\u5bf8\u56fe-3-300x140.jpg 300w, https:\/\/www.cnsiwoc.com\/wp-content\/uploads\/2025\/01\/1.-\u5c3a\u5bf8\u56fe-3-768x359.jpg 768w, https:\/\/www.cnsiwoc.com\/wp-content\/uploads\/2025\/01\/1.-\u5c3a\u5bf8\u56fe-3-18x8.jpg 18w, https:\/\/www.cnsiwoc.com\/wp-content\/uploads\/2025\/01\/1.-\u5c3a\u5bf8\u56fe-3-600x280.jpg 600w\" sizes=\"(max-width: 799px) 100vw, 799px\" \/> <img decoding=\"async\" class=\"alignnone wp-image-368 size-full\" src=\"http:\/\/siwoc.com\/wp-content\/uploads\/2025\/01\/2.-\u952e\u76d8\u6d4b\u8bd5\u8bbe\u5907\u6d41\u7a0b-1.jpg\" alt=\"\" width=\"900\" height=\"751\" srcset=\"https:\/\/www.cnsiwoc.com\/wp-content\/uploads\/2025\/01\/2.-\u952e\u76d8\u6d4b\u8bd5\u8bbe\u5907\u6d41\u7a0b-1.jpg 900w, https:\/\/www.cnsiwoc.com\/wp-content\/uploads\/2025\/01\/2.-\u952e\u76d8\u6d4b\u8bd5\u8bbe\u5907\u6d41\u7a0b-1-300x250.jpg 300w, https:\/\/www.cnsiwoc.com\/wp-content\/uploads\/2025\/01\/2.-\u952e\u76d8\u6d4b\u8bd5\u8bbe\u5907\u6d41\u7a0b-1-768x641.jpg 768w, https:\/\/www.cnsiwoc.com\/wp-content\/uploads\/2025\/01\/2.-\u952e\u76d8\u6d4b\u8bd5\u8bbe\u5907\u6d41\u7a0b-1-14x12.jpg 14w, https:\/\/www.cnsiwoc.com\/wp-content\/uploads\/2025\/01\/2.-\u952e\u76d8\u6d4b\u8bd5\u8bbe\u5907\u6d41\u7a0b-1-600x501.jpg 600w\" sizes=\"(max-width: 900px) 100vw, 900px\" \/><\/p>\n<p>2.Questa tastiera per distributori automatici industriali a 16 tasti viene utilizzata principalmente nei distributori automatici. Per soddisfare le diverse esigenze dei consumatori, \u00e8 possibile personalizzare la disposizione dei pulsanti e l'interfaccia della tastiera. Inoltre il segnale della tastiera \u00e8 opzionale, ad esempio RS232, RS485, USB, struttura a matrice.<\/p>\n<p><img decoding=\"async\" class=\"alignnone wp-image-369 size-full\" src=\"http:\/\/siwoc.com\/wp-content\/uploads\/2025\/01\/3.-\u952e\u76d8\u5e38\u89c4\u7528\u63a5\u53e3.jpg\" alt=\"\" width=\"750\" height=\"150\" srcset=\"https:\/\/www.cnsiwoc.com\/wp-content\/uploads\/2025\/01\/3.-\u952e\u76d8\u5e38\u89c4\u7528\u63a5\u53e3.jpg 750w, https:\/\/www.cnsiwoc.com\/wp-content\/uploads\/2025\/01\/3.-\u952e\u76d8\u5e38\u89c4\u7528\u63a5\u53e3-300x60.jpg 300w, https:\/\/www.cnsiwoc.com\/wp-content\/uploads\/2025\/01\/3.-\u952e\u76d8\u5e38\u89c4\u7528\u63a5\u53e3-18x4.jpg 18w, https:\/\/www.cnsiwoc.com\/wp-content\/uploads\/2025\/01\/3.-\u952e\u76d8\u5e38\u89c4\u7528\u63a5\u53e3-600x120.jpg 600w\" sizes=\"(max-width: 750px) 100vw, 750px\" \/><\/p>\n<p>3. I tastierini dei distributori automatici progettati per uso industriale sono generalmente sigillati e resistenti a liquidi, polvere e detriti. Ci\u00f2 semplifica la pulizia e la manutenzione della tastiera, garantendo che le tastiere utilizzate dai clienti siano sempre pulite.<\/p>\n<p><img loading=\"lazy\" decoding=\"async\" class=\"alignnone wp-image-370 size-full\" src=\"http:\/\/siwoc.com\/wp-content\/uploads\/2025\/01\/5.-\u952e\u76d8\u5305\u88c5\u56fe.jpg\" alt=\"\" width=\"750\" height=\"654\" srcset=\"https:\/\/www.cnsiwoc.com\/wp-content\/uploads\/2025\/01\/5.-\u952e\u76d8\u5305\u88c5\u56fe.jpg 750w, https:\/\/www.cnsiwoc.com\/wp-content\/uploads\/2025\/01\/5.-\u952e\u76d8\u5305\u88c5\u56fe-300x262.jpg 300w, https:\/\/www.cnsiwoc.com\/wp-content\/uploads\/2025\/01\/5.-\u952e\u76d8\u5305\u88c5\u56fe-14x12.jpg 14w, https:\/\/www.cnsiwoc.com\/wp-content\/uploads\/2025\/01\/5.-\u952e\u76d8\u5305\u88c5\u56fe-600x523.jpg 600w\" sizes=\"(max-width: 750px) 100vw, 750px\" \/><\/p>","protected":false},"excerpt":{"rendered":"<p>In qualit\u00e0 di produttore e fornitore leader in Cina di tastiere per distributori automatici industriali, SINIWO \u00e8 noto per la sua superba maestria e il prezzo competitivo. La tastiera dei distributori automatici industriali prodotta da SINIWO \u00e8 stata venduta bene sul mercato globale e ha ricevuto l'ammirazione dei consumatori.<\/p>","protected":false},"featured_media":366,"template":"","meta":[],"product_cat":[15,75],"product_tag":[77,78,79,76],"class_list":{"0":"post-362","1":"product","2":"type-product","3":"status-publish","4":"has-post-thumbnail","6":"product_cat-industrial-keypad","7":"product_cat-industrial-vending-machine-keypad","8":"product_tag-atm-keypad","9":"product_tag-stainless-steel-keypad","10":"product_tag-vandal-proof-keypad","11":"product_tag-vending-machine-keypad","13":"first","14":"instock","15":"shipping-taxable","16":"product-type-simple"},"_links":{"self":[{"href":"https:\/\/www.cnsiwoc.com\/it\/wp-json\/wp\/v2\/product\/362","targetHints":{"allow":["GET"]}}],"collection":[{"href":"https:\/\/www.cnsiwoc.com\/it\/wp-json\/wp\/v2\/product"}],"about":[{"href":"https:\/\/www.cnsiwoc.com\/it\/wp-json\/wp\/v2\/types\/product"}],"version-history":[{"count":0,"href":"https:\/\/www.cnsiwoc.com\/it\/wp-json\/wp\/v2\/product\/362\/revisions"}],"wp:featuredmedia":[{"embeddable":true,"href":"https:\/\/www.cnsiwoc.com\/it\/wp-json\/wp\/v2\/media\/366"}],"wp:attachment":[{"href":"https:\/\/www.cnsiwoc.com\/it\/wp-json\/wp\/v2\/media?parent=362"}],"wp:term":[{"taxonomy":"product_cat","embeddable":true,"href":"https:\/\/www.cnsiwoc.com\/it\/wp-json\/wp\/v2\/product_cat?post=362"},{"taxonomy":"product_tag","embeddable":true,"href":"https:\/\/www.cnsiwoc.com\/it\/wp-json\/wp\/v2\/product_tag?post=362"}],"curies":[{"name":"wp","href":"https:\/\/api.w.org\/{rel}","templated":true}]}}