{"id":320,"date":"2025-01-02T13:29:15","date_gmt":"2025-01-02T05:29:15","guid":{"rendered":"http:\/\/siwoc.com\/?post_type=product&#038;p=320"},"modified":"2025-01-02T14:56:00","modified_gmt":"2025-01-02T06:56:00","slug":"access-control-industrial-keypad","status":"publish","type":"product","link":"https:\/\/www.cnsiwoc.com\/it\/product\/access-control-industrial-keypad\/","title":{"rendered":"Tastiera industriale per controllo accessi"},"content":{"rendered":"<p>1.SINIWO produce il tastierino numerico illuminato RS485, popolare nel sistema di controllo degli accessi degli edifici. Questa tastiera, un'altra caratteristica distintiva, distingue i nostri prodotti dalla concorrenza in termini di prezzo e qualit\u00e0. I tasti illuminati rendono la tastiera industriale per il controllo degli accessi facile da usare in condizioni di scarsa illuminazione, garantendo agli utenti un facile utilizzo della tastiera industriale per il controllo degli accessi.<\/p>\n<p><img fetchpriority=\"high\" decoding=\"async\" class=\"alignnone wp-image-327 size-full\" src=\"http:\/\/siwoc.com\/wp-content\/uploads\/2025\/01\/1.-\u5c3a\u5bf8\u56fe-2.jpg\" alt=\"\" width=\"401\" height=\"583\" srcset=\"https:\/\/www.cnsiwoc.com\/wp-content\/uploads\/2025\/01\/1.-\u5c3a\u5bf8\u56fe-2.jpg 401w, https:\/\/www.cnsiwoc.com\/wp-content\/uploads\/2025\/01\/1.-\u5c3a\u5bf8\u56fe-2-206x300.jpg 206w, https:\/\/www.cnsiwoc.com\/wp-content\/uploads\/2025\/01\/1.-\u5c3a\u5bf8\u56fe-2-8x12.jpg 8w\" sizes=\"(max-width: 401px) 100vw, 401px\" \/><\/p>\n<h2>Parametro della tastiera industriale di controllo accessi<\/h2>\n<table>\n<tbody>\n<tr>\n<td width=\"284\">Modello n.<\/td>\n<td width=\"284\">B661<\/td>\n<\/tr>\n<tr>\n<td width=\"284\">Grado impermeabile<\/td>\n<td width=\"284\">IP65<\/td>\n<\/tr>\n<tr>\n<td width=\"284\">Tensione in ingresso<\/td>\n<td width=\"284\">3.3V\/5V<\/td>\n<\/tr>\n<tr>\n<td width=\"284\">Forza di attuazione<\/td>\n<td width=\"284\">250 g\/2,45 N (punto di pressione)<\/td>\n<\/tr>\n<tr>\n<td width=\"284\">Temperatura di lavoro<\/td>\n<td width=\"284\">-25\u2103~+65\u2103<\/td>\n<\/tr>\n<tr>\n<td width=\"284\">Temperatura di conservazione<\/td>\n<td width=\"284\">-40\u2103~+85\u2103<\/td>\n<\/tr>\n<tr>\n<td width=\"284\">Umidit\u00e0 relativa<\/td>\n<td width=\"284\">30%-95%<\/td>\n<\/tr>\n<tr>\n<td width=\"284\">Pressione atmosferica<\/td>\n<td width=\"284\">60kpa-106kpa<\/td>\n<\/tr>\n<tr>\n<td width=\"284\">Colore del LED<\/td>\n<td width=\"284\">Personalizzato<\/td>\n<\/tr>\n<\/tbody>\n<\/table>\n<p><iframe title=\"Lettore video di YouTube\" src=\"https:\/\/www.youtube.com\/embed\/GFzmGB5ZxtM?si=NMuInmmguk2si1bU\" width=\"560\" height=\"315\" frameborder=\"0\" allowfullscreen=\"allowfullscreen\"><\/iframe><\/p>\n<p>1. Quando la tastiera industriale per il controllo degli accessi arriva negli edifici commerciali, la qualit\u00e0 \u00e8 fondamentale. SINIWO dispone di un programma completo di garanzia della qualit\u00e0. Il nostro impegno per la qualit\u00e0 \u00e8 dimostrato attraverso i nostri metodi di test approfonditi. Abbiamo introdotto le attrezzature pi\u00f9 avanzate. Questi test garantiscono che la nostra tastiera non solo soddisfi i requisiti tecnici, ma soddisfi anche gli standard richiesti in patria e all'estero.<\/p>\n<p><img decoding=\"async\" class=\"alignnone wp-image-328 size-full\" src=\"http:\/\/siwoc.com\/wp-content\/uploads\/2025\/01\/2.-\u952e\u76d8\u6d4b\u8bd5\u8bbe\u5907\u6d41\u7a0b.jpg\" alt=\"\" width=\"900\" height=\"751\" srcset=\"https:\/\/www.cnsiwoc.com\/wp-content\/uploads\/2025\/01\/2.-\u952e\u76d8\u6d4b\u8bd5\u8bbe\u5907\u6d41\u7a0b.jpg 900w, https:\/\/www.cnsiwoc.com\/wp-content\/uploads\/2025\/01\/2.-\u952e\u76d8\u6d4b\u8bd5\u8bbe\u5907\u6d41\u7a0b-300x250.jpg 300w, https:\/\/www.cnsiwoc.com\/wp-content\/uploads\/2025\/01\/2.-\u952e\u76d8\u6d4b\u8bd5\u8bbe\u5907\u6d41\u7a0b-768x641.jpg 768w, https:\/\/www.cnsiwoc.com\/wp-content\/uploads\/2025\/01\/2.-\u952e\u76d8\u6d4b\u8bd5\u8bbe\u5907\u6d41\u7a0b-14x12.jpg 14w, https:\/\/www.cnsiwoc.com\/wp-content\/uploads\/2025\/01\/2.-\u952e\u76d8\u6d4b\u8bd5\u8bbe\u5907\u6d41\u7a0b-600x501.jpg 600w\" sizes=\"(max-width: 900px) 100vw, 900px\" \/><\/p>\n<p>2.Quali sono i vantaggi di scegliere la nostra tastiera industriale per il controllo degli accessi? Con una capacit\u00e0 di personalizzazione flessibile, offriamo vari servizi ai nostri clienti, come la differenza di colore dei LED, la differenza delle icone dei pulsanti, persino tastiere di dimensioni diverse con custodia abbinata, che fanno risaltare le nostre tastiere dalla concorrenza per la loro robustezza, tasti illuminati, qualit\u00e0 e prezzo superiori. Diamo priorit\u00e0 alla soddisfazione del cliente e disponiamo di un team di esperti pronto ad aiutarti a trovare la soluzione perfetta per le tue esigenze specifiche.<\/p>\n<p><img decoding=\"async\" class=\"alignnone wp-image-329 size-full\" src=\"http:\/\/siwoc.com\/wp-content\/uploads\/2025\/01\/3.-\u53ef\u9009\u989c\u8272-\u7fd4\u9f99\u952e\u76d8\u706f\u73e0.jpg\" alt=\"\" width=\"750\" height=\"750\" srcset=\"https:\/\/www.cnsiwoc.com\/wp-content\/uploads\/2025\/01\/3.-\u53ef\u9009\u989c\u8272-\u7fd4\u9f99\u952e\u76d8\u706f\u73e0.jpg 750w, https:\/\/www.cnsiwoc.com\/wp-content\/uploads\/2025\/01\/3.-\u53ef\u9009\u989c\u8272-\u7fd4\u9f99\u952e\u76d8\u706f\u73e0-300x300.jpg 300w, https:\/\/www.cnsiwoc.com\/wp-content\/uploads\/2025\/01\/3.-\u53ef\u9009\u989c\u8272-\u7fd4\u9f99\u952e\u76d8\u706f\u73e0-150x150.jpg 150w, https:\/\/www.cnsiwoc.com\/wp-content\/uploads\/2025\/01\/3.-\u53ef\u9009\u989c\u8272-\u7fd4\u9f99\u952e\u76d8\u706f\u73e0-12x12.jpg 12w, https:\/\/www.cnsiwoc.com\/wp-content\/uploads\/2025\/01\/3.-\u53ef\u9009\u989c\u8272-\u7fd4\u9f99\u952e\u76d8\u706f\u73e0-600x600.jpg 600w, https:\/\/www.cnsiwoc.com\/wp-content\/uploads\/2025\/01\/3.-\u53ef\u9009\u989c\u8272-\u7fd4\u9f99\u952e\u76d8\u706f\u73e0-100x100.jpg 100w\" sizes=\"(max-width: 750px) 100vw, 750px\" \/><\/p>\n<p>3.Questa tastiera industriale per il controllo degli accessi pu\u00f2 essere utilizzata non solo per l'accesso all'edificio ma anche per l'ingresso telefonico, il citofono e la serratura a codice dell'armadio interno o esterno.<\/p>\n<p><img loading=\"lazy\" decoding=\"async\" class=\"alignnone wp-image-330 size-full\" src=\"http:\/\/siwoc.com\/wp-content\/uploads\/2025\/01\/4.-\u950c\u5408\u91d1\u5e94\u7528.jpg\" alt=\"\" width=\"750\" height=\"536\" srcset=\"https:\/\/www.cnsiwoc.com\/wp-content\/uploads\/2025\/01\/4.-\u950c\u5408\u91d1\u5e94\u7528.jpg 750w, https:\/\/www.cnsiwoc.com\/wp-content\/uploads\/2025\/01\/4.-\u950c\u5408\u91d1\u5e94\u7528-300x214.jpg 300w, https:\/\/www.cnsiwoc.com\/wp-content\/uploads\/2025\/01\/4.-\u950c\u5408\u91d1\u5e94\u7528-18x12.jpg 18w, https:\/\/www.cnsiwoc.com\/wp-content\/uploads\/2025\/01\/4.-\u950c\u5408\u91d1\u5e94\u7528-600x429.jpg 600w\" sizes=\"(max-width: 750px) 100vw, 750px\" \/><\/p>\n<p>&nbsp;<\/p>\n<p>&nbsp;<\/p>\n<p>&nbsp;<\/p>\n<p>&nbsp;<\/p>\n<p>&nbsp;<\/p>","protected":false},"excerpt":{"rendered":"<p>SINIWO \u00e8 un produttore e fornitore di tastiere industriali per il controllo degli accessi su larga scala in Cina, che integra ricerca e sviluppo, produzione e vendite. I nostri prodotti coprono la maggior parte dei mercati europei e americani. Non vediamo l'ora di diventare il vostro partner a lungo termine in Cina.<\/p>","protected":false},"featured_media":322,"template":"","meta":[],"product_cat":[56,15],"product_tag":[57,59,58],"class_list":{"0":"post-320","1":"product","2":"type-product","3":"status-publish","4":"has-post-thumbnail","6":"product_cat-access-control-industrial-keypad","7":"product_cat-industrial-keypad","8":"product_tag-access-control-keypad","9":"product_tag-illuminated-keypad","10":"product_tag-led-backlight-keypad","12":"first","13":"instock","14":"shipping-taxable","15":"product-type-simple"},"_links":{"self":[{"href":"https:\/\/www.cnsiwoc.com\/it\/wp-json\/wp\/v2\/product\/320","targetHints":{"allow":["GET"]}}],"collection":[{"href":"https:\/\/www.cnsiwoc.com\/it\/wp-json\/wp\/v2\/product"}],"about":[{"href":"https:\/\/www.cnsiwoc.com\/it\/wp-json\/wp\/v2\/types\/product"}],"version-history":[{"count":0,"href":"https:\/\/www.cnsiwoc.com\/it\/wp-json\/wp\/v2\/product\/320\/revisions"}],"wp:featuredmedia":[{"embeddable":true,"href":"https:\/\/www.cnsiwoc.com\/it\/wp-json\/wp\/v2\/media\/322"}],"wp:attachment":[{"href":"https:\/\/www.cnsiwoc.com\/it\/wp-json\/wp\/v2\/media?parent=320"}],"wp:term":[{"taxonomy":"product_cat","embeddable":true,"href":"https:\/\/www.cnsiwoc.com\/it\/wp-json\/wp\/v2\/product_cat?post=320"},{"taxonomy":"product_tag","embeddable":true,"href":"https:\/\/www.cnsiwoc.com\/it\/wp-json\/wp\/v2\/product_tag?post=320"}],"curies":[{"name":"wp","href":"https:\/\/api.w.org\/{rel}","templated":true}]}}