{"id":309,"date":"2025-01-02T13:20:42","date_gmt":"2025-01-02T05:20:42","guid":{"rendered":"http:\/\/siwoc.com\/?post_type=product&#038;p=309"},"modified":"2025-01-02T14:54:29","modified_gmt":"2025-01-02T06:54:29","slug":"vandal-proof-industrial-keypad","status":"publish","type":"product","link":"https:\/\/www.cnsiwoc.com\/it\/product\/vandal-proof-industrial-keypad\/","title":{"rendered":"Tastiera industriale antivandalismo"},"content":{"rendered":"<h2>Parametro della tastiera industriale antivandalica<\/h2>\n<table>\n<tbody>\n<tr>\n<td width=\"284\">Modello n.<\/td>\n<td width=\"284\">B512<\/td>\n<\/tr>\n<tr>\n<td width=\"284\">Grado impermeabile<\/td>\n<td width=\"284\">IP65<\/td>\n<\/tr>\n<tr>\n<td width=\"284\">Circuito stampato<\/td>\n<td width=\"284\">personalizzato<\/td>\n<\/tr>\n<tr>\n<td width=\"284\">Applicazione<\/td>\n<td width=\"284\">telefono<\/td>\n<\/tr>\n<tr>\n<td width=\"284\">Colore del fotogramma chiave<\/td>\n<td width=\"284\">personalizzato<\/td>\n<\/tr>\n<tr>\n<td width=\"284\">Luogo d'origine<\/td>\n<td width=\"284\">Zhejiang, Cina<\/td>\n<\/tr>\n<tr>\n<td width=\"284\">Materiale<\/td>\n<td width=\"284\">speciale lega di zinco<\/td>\n<\/tr>\n<tr>\n<td width=\"284\">Garanzia<\/td>\n<td width=\"284\">1 anno<\/td>\n<\/tr>\n<tr>\n<td width=\"284\">Pulsante<\/td>\n<td width=\"284\">cromatura lucida o cromatura opaca<\/td>\n<\/tr>\n<\/tbody>\n<\/table>\n<p>La tastiera industriale antivandalismo prodotta dal produttore SINIWO \u00e8 ampiamente apprezzata sul mercato per le sue eccellenti capacit\u00e0 antivandalismo. Essendo una tastiera industriale, la cosa pi\u00f9 importante \u00e8 essere resistente all'usura. Come in alcuni campi speciali, dobbiamo sviluppare prodotti che prevengano i danni.<\/p>\n<p><img fetchpriority=\"high\" decoding=\"async\" class=\"alignnone wp-image-315 size-full\" src=\"http:\/\/siwoc.com\/wp-content\/uploads\/2025\/01\/1.-\u5c3a\u5bf8\u56fe-1.jpg\" alt=\"\" width=\"488\" height=\"501\" srcset=\"https:\/\/www.cnsiwoc.com\/wp-content\/uploads\/2025\/01\/1.-\u5c3a\u5bf8\u56fe-1.jpg 488w, https:\/\/www.cnsiwoc.com\/wp-content\/uploads\/2025\/01\/1.-\u5c3a\u5bf8\u56fe-1-292x300.jpg 292w, https:\/\/www.cnsiwoc.com\/wp-content\/uploads\/2025\/01\/1.-\u5c3a\u5bf8\u56fe-1-12x12.jpg 12w\" sizes=\"(max-width: 488px) 100vw, 488px\" \/><\/p>\n<h2>Caratteristica della tastiera industriale antivandalica<\/h2>\n<p>1. I pulsanti della tastiera industriale antivandalo sono realizzati in lega di zinco di alta qualit\u00e0 e hanno una forte resistenza ai danni. Possono essere utilizzati in una variet\u00e0 di campi speciali come la protezione antincendio, la sicurezza, le carceri e altri campi. Pu\u00f2 prevenire efficacemente il danneggiamento delle chiavi e garantire l'integrit\u00e0 del prodotto e l'esperienza del cliente<\/p>\n<p><img decoding=\"async\" class=\"alignnone wp-image-316 size-full\" src=\"http:\/\/siwoc.com\/wp-content\/uploads\/2025\/01\/2.-\u950c\u5408\u91d1\u5e94\u7528.jpg\" alt=\"\" width=\"750\" height=\"536\" srcset=\"https:\/\/www.cnsiwoc.com\/wp-content\/uploads\/2025\/01\/2.-\u950c\u5408\u91d1\u5e94\u7528.jpg 750w, https:\/\/www.cnsiwoc.com\/wp-content\/uploads\/2025\/01\/2.-\u950c\u5408\u91d1\u5e94\u7528-300x214.jpg 300w, https:\/\/www.cnsiwoc.com\/wp-content\/uploads\/2025\/01\/2.-\u950c\u5408\u91d1\u5e94\u7528-18x12.jpg 18w, https:\/\/www.cnsiwoc.com\/wp-content\/uploads\/2025\/01\/2.-\u950c\u5408\u91d1\u5e94\u7528-600x429.jpg 600w\" sizes=\"(max-width: 750px) 100vw, 750px\" \/><\/p>\n<p>2. La tastiera industriale antivandalismo utilizza gomma siliconica conduttiva naturale, resistente agli agenti atmosferici, alla corrosione e anti-invecchiamento. Pu\u00f2 adattarsi ad ambienti ad alta e bassa temperatura ed evitare efficacemente i danni causati dalla temperatura ai tasti. \u00c8 molto resistente, ha una lunga durata ed \u00e8 conveniente. La tastiera industriale antivandalo utilizza un PCB dorato a doppia faccia, che pu\u00f2 resistere efficacemente all'ossidazione e mantenere la tastiera lucida e bella, con una certa consistenza.<\/p>\n<p>3.Il colore del pulsante della tastiera industriale antivandalo \u00e8 cromato lucido o cromato opaco. Il colore del fotogramma chiave pu\u00f2 essere personalizzato in base alle esigenze del cliente e anche l'interfaccia pu\u00f2 essere personalizzata dai clienti.<\/p>\n<p><img decoding=\"async\" class=\"alignnone wp-image-318 size-full\" src=\"http:\/\/siwoc.com\/wp-content\/uploads\/2025\/01\/4.\u952e\u76d8\u5e38\u89c4\u7528\u63a5\u53e3\u56fe\u72472.jpg\" alt=\"\" width=\"750\" height=\"150\" srcset=\"https:\/\/www.cnsiwoc.com\/wp-content\/uploads\/2025\/01\/4.\u952e\u76d8\u5e38\u89c4\u7528\u63a5\u53e3\u56fe\u72472.jpg 750w, https:\/\/www.cnsiwoc.com\/wp-content\/uploads\/2025\/01\/4.\u952e\u76d8\u5e38\u89c4\u7528\u63a5\u53e3\u56fe\u72472-300x60.jpg 300w, https:\/\/www.cnsiwoc.com\/wp-content\/uploads\/2025\/01\/4.\u952e\u76d8\u5e38\u89c4\u7528\u63a5\u53e3\u56fe\u72472-18x4.jpg 18w, https:\/\/www.cnsiwoc.com\/wp-content\/uploads\/2025\/01\/4.\u952e\u76d8\u5e38\u89c4\u7528\u63a5\u53e3\u56fe\u72472-600x120.jpg 600w\" sizes=\"(max-width: 750px) 100vw, 750px\" \/><\/p>\n<p>&nbsp;<\/p>\n<p>&nbsp;<\/p>\n<p>&nbsp;<\/p>\n<p>&nbsp;<\/p>\n<p>&nbsp;<\/p>","protected":false},"excerpt":{"rendered":"<p>SINIWO \u00e8 una fabbrica specializzata nella produzione di tastiere industriali antivandaliche dal 2005 per il mercato globale in Cina. Continuiamo a innovare e ad impegnarci per creare tastiere industriali con eccellenti capacit\u00e0 antivandalismo.<\/p>","protected":false},"featured_media":311,"template":"","meta":[],"product_cat":[15,51],"product_tag":[54,52,55,53],"class_list":{"0":"post-309","1":"product","2":"type-product","3":"status-publish","4":"has-post-thumbnail","6":"product_cat-industrial-keypad","7":"product_cat-vandal-proof-industrial-keypad","8":"product_tag-4x4-matrix-keypad","9":"product_tag-industrial-keypad","10":"product_tag-metal-keypad","11":"product_tag-zinc-alloy-keypad","13":"first","14":"instock","15":"shipping-taxable","16":"product-type-simple"},"_links":{"self":[{"href":"https:\/\/www.cnsiwoc.com\/it\/wp-json\/wp\/v2\/product\/309","targetHints":{"allow":["GET"]}}],"collection":[{"href":"https:\/\/www.cnsiwoc.com\/it\/wp-json\/wp\/v2\/product"}],"about":[{"href":"https:\/\/www.cnsiwoc.com\/it\/wp-json\/wp\/v2\/types\/product"}],"version-history":[{"count":0,"href":"https:\/\/www.cnsiwoc.com\/it\/wp-json\/wp\/v2\/product\/309\/revisions"}],"wp:featuredmedia":[{"embeddable":true,"href":"https:\/\/www.cnsiwoc.com\/it\/wp-json\/wp\/v2\/media\/311"}],"wp:attachment":[{"href":"https:\/\/www.cnsiwoc.com\/it\/wp-json\/wp\/v2\/media?parent=309"}],"wp:term":[{"taxonomy":"product_cat","embeddable":true,"href":"https:\/\/www.cnsiwoc.com\/it\/wp-json\/wp\/v2\/product_cat?post=309"},{"taxonomy":"product_tag","embeddable":true,"href":"https:\/\/www.cnsiwoc.com\/it\/wp-json\/wp\/v2\/product_tag?post=309"}],"curies":[{"name":"wp","href":"https:\/\/api.w.org\/{rel}","templated":true}]}}