{"id":416,"date":"2025-01-13T14:44:59","date_gmt":"2025-01-13T06:44:59","guid":{"rendered":"http:\/\/siwoc.com\/?post_type=product&#038;p=416"},"modified":"2025-01-14T14:55:26","modified_gmt":"2025-01-14T06:55:26","slug":"jail-telephone-hook-switch","status":"publish","type":"product","link":"https:\/\/www.cnsiwoc.com\/fr\/produit\/jail-telephone-hook-switch\/","title":{"rendered":"Interrupteur de crochet t\u00e9l\u00e9phonique de prison"},"content":{"rendered":"<h2>Param\u00e8tre de l'interrupteur de crochet t\u00e9l\u00e9phonique de prison:<\/h2>\n<table>\n<tbody>\n<tr>\n<td width=\"284\">Mod\u00e8le n \u00b0<\/td>\n<td width=\"284\">C13<\/td>\n<\/tr>\n<tr>\n<td width=\"284\">Grade imperm\u00e9able<\/td>\n<td width=\"284\">IP65<\/td>\n<\/tr>\n<tr>\n<td width=\"284\">Faire fonctionner la temp\u00e9rature<\/td>\n<td width=\"284\">-30\uff5e+65\u2103<\/td>\n<\/tr>\n<tr>\n<td width=\"284\">Temp\u00e9rature de stockage<\/td>\n<td width=\"284\">-40\uff5e+85\u2103<\/td>\n<\/tr>\n<tr>\n<td width=\"284\">Dur\u00e9e de vie<\/td>\n<td width=\"284\">Plus de 500 000 fois<\/td>\n<\/tr>\n<tr>\n<td width=\"284\">Humidit\u00e9 relative<\/td>\n<td width=\"284\">30%-90%RH<\/td>\n<\/tr>\n<tr>\n<td width=\"284\">Pression atmosph\u00e9rique<\/td>\n<td width=\"284\">60 ~ 106 kpa<\/td>\n<\/tr>\n<tr>\n<td width=\"284\">mat\u00e9riel<\/td>\n<td width=\"284\">Alliage de zinc<\/td>\n<\/tr>\n<tr>\n<td width=\"284\">Traitement de surface<\/td>\n<td width=\"284\">Placage chrom\u00e9 brillant ou mat<\/td>\n<\/tr>\n<tr>\n<td width=\"284\">Autre fonction<\/td>\n<td width=\"284\">Sans micro-commutateur \/ nc<\/td>\n<\/tr>\n<\/tbody>\n<\/table>\n<h2>D\u00e9tails de l'interrupteur de crochets t\u00e9l\u00e9phoniques de prison:<\/h2>\n<p>1.Ce commutateur de crochet t\u00e9l\u00e9phonique de prison est fabriqu\u00e9 \u00e0 partir d'un alliage de zinc qui r\u00e9siste \u00e0 la violence, augmentant ainsi sa s\u00e9curit\u00e9 lorsqu'il est utilis\u00e9 dans les prisons, quelle que soit la violence des utilisateurs. Avec, le combin\u00e9 pourrait raccrocher le c\u00f4t\u00e9, ce qui est plus de s\u00e9curit\u00e9 en prison.<\/p>\n<p><img fetchpriority=\"high\" decoding=\"async\" class=\"alignnone wp-image-422 size-full\" src=\"http:\/\/siwoc.com\/wp-content\/uploads\/2025\/01\/1.-\u7fd4\u9f99\u76d1\u72f1\u6302\u53c9\u6848\u4f8b.jpg\" alt=\"\" width=\"750\" height=\"668\" srcset=\"https:\/\/www.cnsiwoc.com\/wp-content\/uploads\/2025\/01\/1.-\u7fd4\u9f99\u76d1\u72f1\u6302\u53c9\u6848\u4f8b.jpg 750w, https:\/\/www.cnsiwoc.com\/wp-content\/uploads\/2025\/01\/1.-\u7fd4\u9f99\u76d1\u72f1\u6302\u53c9\u6848\u4f8b-300x267.jpg 300w, https:\/\/www.cnsiwoc.com\/wp-content\/uploads\/2025\/01\/1.-\u7fd4\u9f99\u76d1\u72f1\u6302\u53c9\u6848\u4f8b-13x12.jpg 13w, https:\/\/www.cnsiwoc.com\/wp-content\/uploads\/2025\/01\/1.-\u7fd4\u9f99\u76d1\u72f1\u6302\u53c9\u6848\u4f8b-600x534.jpg 600w\" sizes=\"(max-width: 750px) 100vw, 750px\" \/><\/p>\n<p>2. Ce commutateur de crochet t\u00e9l\u00e9phonique de prison pourrait \u00eatre fabriqu\u00e9 avec un micro-commutateur normalement ferm\u00e9 ou normalement ouvert, ce qui rend la communication t\u00e9l\u00e9phonique plus fiable pendant l'utilisation. La dimension centrale de montage est de taille courante, qui convient \u00e0 la plupart des t\u00e9l\u00e9phones \u00e0 prison sur le march\u00e9 mondial.<\/p>\n<p><img decoding=\"async\" class=\"alignnone wp-image-423 size-full\" src=\"http:\/\/siwoc.com\/wp-content\/uploads\/2025\/01\/2.-\u5c3a\u5bf8\u56fe-1.jpg\" alt=\"\" width=\"651\" height=\"563\" srcset=\"https:\/\/www.cnsiwoc.com\/wp-content\/uploads\/2025\/01\/2.-\u5c3a\u5bf8\u56fe-1.jpg 651w, https:\/\/www.cnsiwoc.com\/wp-content\/uploads\/2025\/01\/2.-\u5c3a\u5bf8\u56fe-1-300x259.jpg 300w, https:\/\/www.cnsiwoc.com\/wp-content\/uploads\/2025\/01\/2.-\u5c3a\u5bf8\u56fe-1-14x12.jpg 14w, https:\/\/www.cnsiwoc.com\/wp-content\/uploads\/2025\/01\/2.-\u5c3a\u5bf8\u56fe-1-600x519.jpg 600w\" sizes=\"(max-width: 651px) 100vw, 651px\" \/><\/p>\n<p>3.Le traitement de surface de l'interrupteur de crochets t\u00e9l\u00e9phoniques de prison est un placage chrom\u00e9, de couleur vive ou chrom\u00e9e, ce qui rend ce crochet plus sophistiqu\u00e9 et plus qualifi\u00e9 en apparence. Le traitement de surface est un test de pulv\u00e9risation sal\u00e9 pendant 72 heures afin que l'interrupteur \u00e0 crochet t\u00e9l\u00e9phonique de prison puisse \u00eatre compl\u00e8tement install\u00e9 en ext\u00e9rieur.<br \/>\n<iframe title=\"Lecteur vid\u00e9o YouTube\" src=\"https:\/\/www.youtube.com\/embed\/6At-Z045dvI?si=YpSU510pPZmRbIEd\" width=\"560\" height=\"315\" frameborder=\"0\" allowfullscreen=\"allowfullscreen\"><\/iframe><\/p>\n<p>4.Siniwo propose toute m\u00e9thode d'exp\u00e9dition comme demande de client, peu importe par mer, par air, en train ou par express. Notre excellente \u00e9quipe de vente pourrait coop\u00e9rer avec le client et offrir le meilleur prix raisonnable du fret pour le choix. Vous avez donc une demande sp\u00e9ciale de l'envoi, veuillez nous le dire \u00e0 l'avance.<\/p>\n<p><img decoding=\"async\" class=\"alignnone wp-image-424 size-full\" src=\"http:\/\/siwoc.com\/wp-content\/uploads\/2025\/01\/3.\u8fd0\u8f93\u56fe.jpg\" alt=\"\" width=\"750\" height=\"424\" srcset=\"https:\/\/www.cnsiwoc.com\/wp-content\/uploads\/2025\/01\/3.\u8fd0\u8f93\u56fe.jpg 750w, https:\/\/www.cnsiwoc.com\/wp-content\/uploads\/2025\/01\/3.\u8fd0\u8f93\u56fe-300x170.jpg 300w, https:\/\/www.cnsiwoc.com\/wp-content\/uploads\/2025\/01\/3.\u8fd0\u8f93\u56fe-18x10.jpg 18w, https:\/\/www.cnsiwoc.com\/wp-content\/uploads\/2025\/01\/3.\u8fd0\u8f93\u56fe-600x339.jpg 600w\" sizes=\"(max-width: 750px) 100vw, 750px\" \/><\/p>","protected":false},"excerpt":{"rendered":"<p>Siniwo, en tant qu'usine professionnelle, se sp\u00e9cialise dans la production de Sweet Phone Hook Switch depuis 18 ans. Siniwo a continu\u00e9 \u00e0 am\u00e9liorer continuellement sa technologie de processus dans le commutateur de crochet t\u00e9l\u00e9phonique de prison et a acquis une bonne r\u00e9putation pour fournir des produits de haute qualit\u00e9 et r\u00e9soudre divers probl\u00e8mes aux clients avec son \u00e9quipe de R&amp;D professionnelle et un excellent service apr\u00e8s-vente.<\/p>","protected":false},"featured_media":418,"template":"","meta":[],"product_cat":[115,105,80],"product_tag":[106,107,108,100],"class_list":{"0":"post-416","1":"product","2":"type-product","3":"status-publish","4":"has-post-thumbnail","6":"product_cat-hot-selling-product","7":"product_cat-jail-telephone-hook-switch","8":"product_cat-telephone-accessory","9":"product_tag-jail-phone-hook-switch","10":"product_tag-mechanical-hook-switch","11":"product_tag-micro-switch-hook-switch","12":"product_tag-rugged-hook-switch","14":"first","15":"instock","16":"shipping-taxable","17":"product-type-simple"},"_links":{"self":[{"href":"https:\/\/www.cnsiwoc.com\/fr\/wp-json\/wp\/v2\/product\/416","targetHints":{"allow":["GET"]}}],"collection":[{"href":"https:\/\/www.cnsiwoc.com\/fr\/wp-json\/wp\/v2\/product"}],"about":[{"href":"https:\/\/www.cnsiwoc.com\/fr\/wp-json\/wp\/v2\/types\/product"}],"version-history":[{"count":0,"href":"https:\/\/www.cnsiwoc.com\/fr\/wp-json\/wp\/v2\/product\/416\/revisions"}],"wp:featuredmedia":[{"embeddable":true,"href":"https:\/\/www.cnsiwoc.com\/fr\/wp-json\/wp\/v2\/media\/418"}],"wp:attachment":[{"href":"https:\/\/www.cnsiwoc.com\/fr\/wp-json\/wp\/v2\/media?parent=416"}],"wp:term":[{"taxonomy":"product_cat","embeddable":true,"href":"https:\/\/www.cnsiwoc.com\/fr\/wp-json\/wp\/v2\/product_cat?post=416"},{"taxonomy":"product_tag","embeddable":true,"href":"https:\/\/www.cnsiwoc.com\/fr\/wp-json\/wp\/v2\/product_tag?post=416"}],"curies":[{"name":"wp","href":"https:\/\/api.w.org\/{rel}","templated":true}]}}