{"id":407,"date":"2025-01-02T14:38:43","date_gmt":"2025-01-02T06:38:43","guid":{"rendered":"http:\/\/siwoc.com\/?post_type=product&#038;p=407"},"modified":"2025-01-02T14:44:07","modified_gmt":"2025-01-02T06:44:07","slug":"emergency-telephone-hook-switch","status":"publish","type":"product","link":"https:\/\/www.cnsiwoc.com\/fr\/produit\/emergency-telephone-hook-switch\/","title":{"rendered":"Interrupteur de crochet t\u00e9l\u00e9phonique d'urgence"},"content":{"rendered":"<p>Ce crochet t\u00e9l\u00e9phonique d'urgence Siniwo Swich utilise un mat\u00e9riau ABS approuv\u00e9 UL avec une r\u00e9sistance \u00e0 l'impact Izod 6,86 lb-lb sous 3,2 mm, qui assure les caract\u00e9ristiques de la preuve de vandale pour industrielle d\u00e9pos\u00e9e. Il s'agit donc d'un t\u00e9l\u00e9phone d'urgence appropri\u00e9 install\u00e9 partout avec une dimension d'installation commune.<\/p>\n<p><img fetchpriority=\"high\" decoding=\"async\" class=\"alignnone wp-image-412 size-full\" src=\"http:\/\/siwoc.com\/wp-content\/uploads\/2025\/01\/1.-\u5c3a\u5bf8\u56fe-5.jpg\" alt=\"\" width=\"409\" height=\"591\" srcset=\"https:\/\/www.cnsiwoc.com\/wp-content\/uploads\/2025\/01\/1.-\u5c3a\u5bf8\u56fe-5.jpg 409w, https:\/\/www.cnsiwoc.com\/wp-content\/uploads\/2025\/01\/1.-\u5c3a\u5bf8\u56fe-5-208x300.jpg 208w, https:\/\/www.cnsiwoc.com\/wp-content\/uploads\/2025\/01\/1.-\u5c3a\u5bf8\u56fe-5-8x12.jpg 8w\" sizes=\"(max-width: 409px) 100vw, 409px\" \/><\/p>\n<h2>Param\u00e8tre de l'interrupteur de crochet t\u00e9l\u00e9phonique d'urgence:<\/h2>\n<table>\n<tbody>\n<tr>\n<td width=\"284\">Mod\u00e8le n \u00b0<\/td>\n<td width=\"284\">C11<\/td>\n<\/tr>\n<tr>\n<td width=\"284\">Grade imperm\u00e9able<\/td>\n<td width=\"284\">IP65<\/td>\n<\/tr>\n<tr>\n<td width=\"284\">Certificat<\/td>\n<td width=\"284\">CE approuv\u00e9<\/td>\n<\/tr>\n<tr>\n<td width=\"284\">Surface<\/td>\n<td width=\"284\">Mat<\/td>\n<\/tr>\n<tr>\n<td width=\"284\">Fonctionnalit\u00e9<\/td>\n<td width=\"284\">Avec NC ou pas d'interrupteur \u00e0 roseau<\/td>\n<\/tr>\n<tr>\n<td width=\"284\">Vie professionnelle<\/td>\n<td width=\"284\">Plus de 500 000 fois<\/td>\n<\/tr>\n<tr>\n<td width=\"284\">Couleur<\/td>\n<td width=\"284\">Noir ou rouge<\/td>\n<\/tr>\n<\/tbody>\n<\/table>\n<h2>Caract\u00e9ristique de l'interrupteur de crochet t\u00e9l\u00e9phonique d'urgence:<\/h2>\n<p>1. En tant qu'interrupteur de crochet t\u00e9l\u00e9phonique d'urgence standard utilis\u00e9 dans l'industrie d\u00e9pos\u00e9, il est sp\u00e9cialement con\u00e7u et adapt\u00e9 \u00e0 la majeure partie du t\u00e9l\u00e9phone d'urgence en dimension. Afin de travailler avec un combin\u00e9 aimant, ce commutateur de crochet t\u00e9l\u00e9phonique d'urgence est con\u00e7u avec l'installation d'un commutateur \u00e0 anche normalement ferm\u00e9 ou normalement ouvert, qui prend en charge une fonction fiable pour la communication t\u00e9l\u00e9phonique.<\/p>\n<p>2.Ce commutateur de crochet t\u00e9l\u00e9phonique d'urgence est l\u00e9ger apr\u00e8s l'emballage avec 80 unit\u00e9s par carton \u00e0 3 kg. Il est donc tr\u00e8s facile de dommages du package \u00e0 un commutateur de crochet pendant l'exp\u00e9dition si les marchandises lourdes sont plac\u00e9es dessus. Siniwo propose un service de forfait gratuit avant l'exp\u00e9dition avec palette ou bo\u00eete en bois pour une commande de masse afin d'\u00e9viter les dommages.<\/p>\n<p><img decoding=\"async\" class=\"alignnone wp-image-413 size-full\" src=\"http:\/\/siwoc.com\/wp-content\/uploads\/2025\/01\/2.-\u6302\u53c9\u5e94\u7528\u56fe.jpg\" alt=\"\" width=\"750\" height=\"668\" srcset=\"https:\/\/www.cnsiwoc.com\/wp-content\/uploads\/2025\/01\/2.-\u6302\u53c9\u5e94\u7528\u56fe.jpg 750w, https:\/\/www.cnsiwoc.com\/wp-content\/uploads\/2025\/01\/2.-\u6302\u53c9\u5e94\u7528\u56fe-300x267.jpg 300w, https:\/\/www.cnsiwoc.com\/wp-content\/uploads\/2025\/01\/2.-\u6302\u53c9\u5e94\u7528\u56fe-13x12.jpg 13w, https:\/\/www.cnsiwoc.com\/wp-content\/uploads\/2025\/01\/2.-\u6302\u53c9\u5e94\u7528\u56fe-600x534.jpg 600w\" sizes=\"(max-width: 750px) 100vw, 750px\" \/><\/p>\n<p>3. Pour tous les interrupteurs de crochets t\u00e9l\u00e9phoniques d'urgence en plastique fabriqu\u00e9s par Siniwo, nous acceptons tous la personnalisation des couleurs gratuitement en fonction de la demande du client avec la couleur Pantone appari\u00e9e no. ou \u00e9chantillon de couleur sous notre demande de quantit\u00e9 de commande minimale.<\/p>\n<p><img decoding=\"async\" class=\"alignnone wp-image-414 size-full\" src=\"http:\/\/siwoc.com\/wp-content\/uploads\/2025\/01\/3.\u53ef\u9009\u989c\u8272.jpg\" alt=\"\" width=\"750\" height=\"500\" srcset=\"https:\/\/www.cnsiwoc.com\/wp-content\/uploads\/2025\/01\/3.\u53ef\u9009\u989c\u8272.jpg 750w, https:\/\/www.cnsiwoc.com\/wp-content\/uploads\/2025\/01\/3.\u53ef\u9009\u989c\u8272-300x200.jpg 300w, https:\/\/www.cnsiwoc.com\/wp-content\/uploads\/2025\/01\/3.\u53ef\u9009\u989c\u8272-18x12.jpg 18w, https:\/\/www.cnsiwoc.com\/wp-content\/uploads\/2025\/01\/3.\u53ef\u9009\u989c\u8272-600x400.jpg 600w\" sizes=\"(max-width: 750px) 100vw, 750px\" \/><\/p>","protected":false},"excerpt":{"rendered":"<p>Siniwo est un fournisseur et un grossiste de Hook t\u00e9l\u00e9phonique d'urgence Swich avec une qualit\u00e9 et un prix comp\u00e9titifs en Chine. Avec les machines d'injection de moulage avanc\u00e9es sup\u00e9rieures et les armes automobiles en Chine, Siniwo a une capacit\u00e9 de production r\u00e9guli\u00e8re du crochet t\u00e9l\u00e9phonique d'urgence Swich par jour.<\/p>","protected":false},"featured_media":409,"template":"","meta":[],"product_cat":[101,80],"product_tag":[102,103,104],"class_list":{"0":"post-407","1":"product","2":"type-product","3":"status-publish","4":"has-post-thumbnail","6":"product_cat-emergency-telephone-hook-switch","7":"product_cat-telephone-accessory","8":"product_tag-emergency-telephone-hook-switch","9":"product_tag-plastic-hook-switch","10":"product_tag-reed-switch-hook-switch","12":"first","13":"instock","14":"shipping-taxable","15":"product-type-simple"},"_links":{"self":[{"href":"https:\/\/www.cnsiwoc.com\/fr\/wp-json\/wp\/v2\/product\/407","targetHints":{"allow":["GET"]}}],"collection":[{"href":"https:\/\/www.cnsiwoc.com\/fr\/wp-json\/wp\/v2\/product"}],"about":[{"href":"https:\/\/www.cnsiwoc.com\/fr\/wp-json\/wp\/v2\/types\/product"}],"version-history":[{"count":0,"href":"https:\/\/www.cnsiwoc.com\/fr\/wp-json\/wp\/v2\/product\/407\/revisions"}],"wp:featuredmedia":[{"embeddable":true,"href":"https:\/\/www.cnsiwoc.com\/fr\/wp-json\/wp\/v2\/media\/409"}],"wp:attachment":[{"href":"https:\/\/www.cnsiwoc.com\/fr\/wp-json\/wp\/v2\/media?parent=407"}],"wp:term":[{"taxonomy":"product_cat","embeddable":true,"href":"https:\/\/www.cnsiwoc.com\/fr\/wp-json\/wp\/v2\/product_cat?post=407"},{"taxonomy":"product_tag","embeddable":true,"href":"https:\/\/www.cnsiwoc.com\/fr\/wp-json\/wp\/v2\/product_tag?post=407"}],"curies":[{"name":"wp","href":"https:\/\/api.w.org\/{rel}","templated":true}]}}