{"id":398,"date":"2025-01-02T14:31:15","date_gmt":"2025-01-02T06:31:15","guid":{"rendered":"http:\/\/siwoc.com\/?post_type=product&#038;p=398"},"modified":"2025-01-02T15:03:55","modified_gmt":"2025-01-02T07:03:55","slug":"metal-telephone-hook-switch","status":"publish","type":"product","link":"https:\/\/www.cnsiwoc.com\/fr\/produit\/metal-telephone-hook-switch\/","title":{"rendered":"Interrupteur de crochet t\u00e9l\u00e9phonique en m\u00e9tal"},"content":{"rendered":"<p>Ce swich t\u00e9l\u00e9phonique en m\u00e9tal Siniwo est un interrupteur de crochet t\u00e9l\u00e9phonique durable avec des caract\u00e9ristiques r\u00e9sistantes \u00e0 la corrosion et \u00e0 l'\u00e9preuve des vandales apr\u00e8s le placage. Ce swich de crochet t\u00e9l\u00e9phonique en m\u00e9tal est avec une surface robuste et une structure facile \u00e0 suivre, qui est populaire sur le march\u00e9 mondial de l'industrie.<\/p>\n<p><iframe title=\"Lecteur vid\u00e9o YouTube\" src=\"https:\/\/www.youtube.com\/embed\/948OIfrmjmU?si=FIrRt1_oLpe1Qy-b\" width=\"560\" height=\"315\" frameborder=\"0\" allowfullscreen=\"allowfullscreen\"><\/iframe><\/p>\n<h2>Param\u00e8tre de l'interrupteur de crochet t\u00e9l\u00e9phonique en m\u00e9tal:<\/h2>\n<table>\n<tbody>\n<tr>\n<td width=\"284\">Mod\u00e8le n \u00b0<\/td>\n<td width=\"284\">C06<\/td>\n<\/tr>\n<tr>\n<td width=\"284\">Grade imperm\u00e9able<\/td>\n<td width=\"284\">IP65<\/td>\n<\/tr>\n<tr>\n<td width=\"284\">Certificat<\/td>\n<td width=\"284\">CE approuv\u00e9<\/td>\n<\/tr>\n<tr>\n<td width=\"284\">Traitement de surface<\/td>\n<td width=\"284\">Placage chrom\u00e9 chrome ou mate brillant<\/td>\n<\/tr>\n<tr>\n<td width=\"284\">Fonctionnalit\u00e9<\/td>\n<td width=\"284\">Avec NC ou pas d'interrupteur \u00e0 roseau<\/td>\n<\/tr>\n<tr>\n<td width=\"284\">Emballage<\/td>\n<td width=\"284\">50pcs\/carton<\/td>\n<\/tr>\n<tr>\n<td width=\"284\">GW<\/td>\n<td width=\"284\">13kg\/carton<\/td>\n<\/tr>\n<tr>\n<td width=\"284\">Vie professionnelle<\/td>\n<td width=\"284\">Plus de 500 000 fois<\/td>\n<\/tr>\n<\/tbody>\n<\/table>\n<h2>Caract\u00e9ristique de l'interrupteur de crochet t\u00e9l\u00e9phonique en m\u00e9tal:<\/h2>\n<p>1. Ce commutateur de crochet t\u00e9l\u00e9phonique m\u00e9tallique est sp\u00e9cialement con\u00e7u et adapt\u00e9 \u00e0 la plupart des combin\u00e9s t\u00e9l\u00e9phoniques de style G en dimension, ce qui pourrait aider les clients \u00e0 offrir un service \u00e0 guichet unique. Avec un switch Hook Metal Hook fabriqu\u00e9 en Chine, Siniwo gagne une bonne r\u00e9putation de clients avec un bon service.<\/p>\n<p><img fetchpriority=\"high\" decoding=\"async\" class=\"alignnone wp-image-403 size-full\" src=\"http:\/\/siwoc.com\/wp-content\/uploads\/2025\/01\/1.\u5c3a\u5bf8\u56fe-2.jpg\" alt=\"\" width=\"376\" height=\"365\" srcset=\"https:\/\/www.cnsiwoc.com\/wp-content\/uploads\/2025\/01\/1.\u5c3a\u5bf8\u56fe-2.jpg 376w, https:\/\/www.cnsiwoc.com\/wp-content\/uploads\/2025\/01\/1.\u5c3a\u5bf8\u56fe-2-300x291.jpg 300w, https:\/\/www.cnsiwoc.com\/wp-content\/uploads\/2025\/01\/1.\u5c3a\u5bf8\u56fe-2-12x12.jpg 12w\" sizes=\"(max-width: 376px) 100vw, 376px\" \/><\/p>\n<p>&nbsp;<\/p>\n<p>2. Ce commutateur de crochet t\u00e9l\u00e9phonique en m\u00e9tal est principalement utilis\u00e9 pour le t\u00e9l\u00e9phone industriel dans la plate-forme de gaz et de p\u00e9trole ou le port maritime avec une corrosion chimique et d'eau de mer, ou des t\u00e9l\u00e9phones \u00e0 prison qui ont besoin de violence des d\u00e9tenus. Nous utilisons donc du mat\u00e9riau zamak avec un placage de surface qui pourrait supporter un test de pulv\u00e9risation saline \u00e0 haute concentration.<\/p>\n<p><img decoding=\"async\" class=\"alignnone wp-image-404 size-full\" src=\"http:\/\/siwoc.com\/wp-content\/uploads\/2025\/01\/2.\u6302\u53c9\u5e94\u7528.jpg\" alt=\"\" width=\"750\" height=\"536\" srcset=\"https:\/\/www.cnsiwoc.com\/wp-content\/uploads\/2025\/01\/2.\u6302\u53c9\u5e94\u7528.jpg 750w, https:\/\/www.cnsiwoc.com\/wp-content\/uploads\/2025\/01\/2.\u6302\u53c9\u5e94\u7528-300x214.jpg 300w, https:\/\/www.cnsiwoc.com\/wp-content\/uploads\/2025\/01\/2.\u6302\u53c9\u5e94\u7528-18x12.jpg 18w, https:\/\/www.cnsiwoc.com\/wp-content\/uploads\/2025\/01\/2.\u6302\u53c9\u5e94\u7528-600x429.jpg 600w\" sizes=\"(max-width: 750px) 100vw, 750px\" \/><\/p>\n<p>3. Ce commutateur de crochet t\u00e9l\u00e9phonique en m\u00e9tal pourrait \u00eatre fabriqu\u00e9 avec un commutateur \u00e0 anche normalement ouvert ou normalement ferm\u00e9 en fonction de la demande du client. Il est lourd apr\u00e8s l'emballage avec 0,3 kg par unit\u00e9 et le traitement de surface est un placage chrom\u00e9 brillant ou mate, donc Siniwo le double avec une palette ou une bo\u00eete en bois pour une commande de masse afin d'\u00e9viter les dommages pendant l'exp\u00e9dition.<\/p>\n<p><img decoding=\"async\" class=\"alignnone wp-image-405 size-full\" src=\"http:\/\/siwoc.com\/wp-content\/uploads\/2025\/01\/3.\u6253\u5305\u56fe.jpg\" alt=\"\" width=\"750\" height=\"654\" srcset=\"https:\/\/www.cnsiwoc.com\/wp-content\/uploads\/2025\/01\/3.\u6253\u5305\u56fe.jpg 750w, https:\/\/www.cnsiwoc.com\/wp-content\/uploads\/2025\/01\/3.\u6253\u5305\u56fe-300x262.jpg 300w, https:\/\/www.cnsiwoc.com\/wp-content\/uploads\/2025\/01\/3.\u6253\u5305\u56fe-14x12.jpg 14w, https:\/\/www.cnsiwoc.com\/wp-content\/uploads\/2025\/01\/3.\u6253\u5305\u56fe-600x523.jpg 600w\" sizes=\"(max-width: 750px) 100vw, 750px\" \/><\/p>","protected":false},"excerpt":{"rendered":"<p>Siniwo est une usine de crochet t\u00e9l\u00e9phonique en m\u00e9tal d'origine pendant 18 ans en Chine. Avec des machines de moulage avanc\u00e9es qui se mettent \u00e0 jour avec des bras automobiles, Siniwo pourrait produire un crochet t\u00e9l\u00e9phonique m\u00e9tallique qualifi\u00e9 de 2000 unit\u00e9s par jour.<\/p>","protected":false},"featured_media":400,"template":"","meta":[],"product_cat":[96,80],"product_tag":[99,98,100,97],"class_list":{"0":"post-398","1":"product","2":"type-product","3":"status-publish","4":"has-post-thumbnail","6":"product_cat-metal-telephone-hook-switch","7":"product_cat-telephone-accessory","8":"product_tag-magnetic-hook-switch","9":"product_tag-metal-hook-switch","10":"product_tag-rugged-hook-switch","11":"product_tag-telephone-hook-switch","13":"first","14":"instock","15":"shipping-taxable","16":"product-type-simple"},"_links":{"self":[{"href":"https:\/\/www.cnsiwoc.com\/fr\/wp-json\/wp\/v2\/product\/398","targetHints":{"allow":["GET"]}}],"collection":[{"href":"https:\/\/www.cnsiwoc.com\/fr\/wp-json\/wp\/v2\/product"}],"about":[{"href":"https:\/\/www.cnsiwoc.com\/fr\/wp-json\/wp\/v2\/types\/product"}],"version-history":[{"count":0,"href":"https:\/\/www.cnsiwoc.com\/fr\/wp-json\/wp\/v2\/product\/398\/revisions"}],"wp:featuredmedia":[{"embeddable":true,"href":"https:\/\/www.cnsiwoc.com\/fr\/wp-json\/wp\/v2\/media\/400"}],"wp:attachment":[{"href":"https:\/\/www.cnsiwoc.com\/fr\/wp-json\/wp\/v2\/media?parent=398"}],"wp:term":[{"taxonomy":"product_cat","embeddable":true,"href":"https:\/\/www.cnsiwoc.com\/fr\/wp-json\/wp\/v2\/product_cat?post=398"},{"taxonomy":"product_tag","embeddable":true,"href":"https:\/\/www.cnsiwoc.com\/fr\/wp-json\/wp\/v2\/product_tag?post=398"}],"curies":[{"name":"wp","href":"https:\/\/api.w.org\/{rel}","templated":true}]}}