{"id":389,"date":"2025-01-02T14:25:40","date_gmt":"2025-01-02T06:25:40","guid":{"rendered":"http:\/\/siwoc.com\/?post_type=product&#038;p=389"},"modified":"2025-01-02T15:02:55","modified_gmt":"2025-01-02T07:02:55","slug":"firefighter-telephone-jack","status":"publish","type":"product","link":"https:\/\/www.cnsiwoc.com\/fr\/produit\/firefighter-telephone-jack\/","title":{"rendered":"Prise t\u00e9l\u00e9phonique de pompier"},"content":{"rendered":"<p>Le pompier du pompier de Siniwo Jack est Vandal Jack avec une longue vie professionnelle. Il est couramment utilis\u00e9 dans le domaine de la protection contre les incendies et est utilis\u00e9 avec des combin\u00e9s de t\u00e9l\u00e9phone d'incendie avec 6,35 mm de prise audio f\u00e9minine.<\/p>\n<p><img fetchpriority=\"high\" decoding=\"async\" class=\"alignnone wp-image-393 size-full\" src=\"http:\/\/siwoc.com\/wp-content\/uploads\/2025\/01\/1.-\u4ea7\u54c1\u7ec4\u5408\u56fe.jpg\" alt=\"\" width=\"750\" height=\"750\" srcset=\"https:\/\/www.cnsiwoc.com\/wp-content\/uploads\/2025\/01\/1.-\u4ea7\u54c1\u7ec4\u5408\u56fe.jpg 750w, https:\/\/www.cnsiwoc.com\/wp-content\/uploads\/2025\/01\/1.-\u4ea7\u54c1\u7ec4\u5408\u56fe-300x300.jpg 300w, https:\/\/www.cnsiwoc.com\/wp-content\/uploads\/2025\/01\/1.-\u4ea7\u54c1\u7ec4\u5408\u56fe-150x150.jpg 150w, https:\/\/www.cnsiwoc.com\/wp-content\/uploads\/2025\/01\/1.-\u4ea7\u54c1\u7ec4\u5408\u56fe-12x12.jpg 12w, https:\/\/www.cnsiwoc.com\/wp-content\/uploads\/2025\/01\/1.-\u4ea7\u54c1\u7ec4\u5408\u56fe-600x600.jpg 600w, https:\/\/www.cnsiwoc.com\/wp-content\/uploads\/2025\/01\/1.-\u4ea7\u54c1\u7ec4\u5408\u56fe-100x100.jpg 100w\" sizes=\"(max-width: 750px) 100vw, 750px\" \/><\/p>\n<h2>Param\u00e8tre de la prise t\u00e9l\u00e9phonique du pompier:<\/h2>\n<table>\n<tbody>\n<tr>\n<td width=\"284\">Mod\u00e8le n \u00b0<\/td>\n<td width=\"284\">LW067<\/td>\n<\/tr>\n<tr>\n<td width=\"284\">Grade imperm\u00e9able<\/td>\n<td width=\"284\">IP65<\/td>\n<\/tr>\n<tr>\n<td width=\"284\">Nom de produit<\/td>\n<td width=\"284\">\u00a0prise t\u00e9l\u00e9phonique de pompier<\/td>\n<\/tr>\n<tr>\n<td width=\"284\">Application<\/td>\n<td width=\"284\">\u00a0Pi\u00e8ces t\u00e9l\u00e9phoniques du pompier<\/td>\n<\/tr>\n<tr>\n<td width=\"284\">Fonctionnalit\u00e9<\/td>\n<td width=\"284\">robuste<\/td>\n<\/tr>\n<tr>\n<td width=\"284\">Lieu d'origine<\/td>\n<td width=\"284\">Zhejiang, Chine<\/td>\n<\/tr>\n<tr>\n<td width=\"284\">mat\u00e9riel<\/td>\n<td width=\"284\">SUS304 en acier inoxydable bross\u00e9 ou en aluminium<\/td>\n<\/tr>\n<tr>\n<td width=\"284\">Garantie<\/td>\n<td width=\"284\">1 an<\/td>\n<\/tr>\n<tr>\n<td width=\"284\">LOGO<\/td>\n<td width=\"284\">Logo personnalis\u00e9 par impression laser<\/td>\n<\/tr>\n<\/tbody>\n<\/table>\n<h2>Caract\u00e9ristique de la prise t\u00e9l\u00e9phonique des pompiers:<\/h2>\n<p>1. En tant que fabricant sp\u00e9cialis\u00e9 dans la production de prise t\u00e9l\u00e9phoniques de pompiers, il est con\u00e7u pour correspondre \u00e0 diff\u00e9rents types de combin\u00e9s t\u00e9l\u00e9phoniques, ce qui le rend vraiment personnalis\u00e9. Normalement, cette prise de t\u00e9l\u00e9phone est fabriqu\u00e9e en acier inoxydable bross\u00e9 SUS304 mais un mat\u00e9riau en aluminium est disponible pour cela.<\/p>\n<p><img decoding=\"async\" class=\"alignnone wp-image-394 size-full\" src=\"http:\/\/siwoc.com\/wp-content\/uploads\/2025\/01\/2.-\u5c3a\u5bf8\u56fe.jpg\" alt=\"\" width=\"568\" height=\"529\" srcset=\"https:\/\/www.cnsiwoc.com\/wp-content\/uploads\/2025\/01\/2.-\u5c3a\u5bf8\u56fe.jpg 568w, https:\/\/www.cnsiwoc.com\/wp-content\/uploads\/2025\/01\/2.-\u5c3a\u5bf8\u56fe-300x279.jpg 300w, https:\/\/www.cnsiwoc.com\/wp-content\/uploads\/2025\/01\/2.-\u5c3a\u5bf8\u56fe-13x12.jpg 13w\" sizes=\"(max-width: 568px) 100vw, 568px\" \/><\/p>\n<p>2.Lorsque nous concevons une prise t\u00e9l\u00e9phonique de pompiers, afin de respecter les normes de protection contre les incendies, nous concevons et produisons de nombreux types de produits pour une \u00e9valuation fonctionnelle pour assurer la s\u00e9curit\u00e9 et la durabilit\u00e9 des produits. Le cric de t\u00e9l\u00e9phone pompier est non seulement utilis\u00e9 dans le champ de protection contre les incendies, mais peut \u00e9galement \u00eatre utilis\u00e9 dans de nombreux lieux publics. Les prises de t\u00e9l\u00e9phone aux pompiers sont polyvalentes et peuvent \u00eatre utilis\u00e9es comme moyen de communication partout o\u00f9 il y a un combin\u00e9 t\u00e9l\u00e9phonique.<\/p>\n<p><img decoding=\"async\" class=\"alignnone wp-image-395 size-full\" src=\"http:\/\/siwoc.com\/wp-content\/uploads\/2025\/01\/3.-\u6d88\u9632\u884c\u4e1a\u6848\u4f8b.jpg\" alt=\"\" width=\"750\" height=\"668\" srcset=\"https:\/\/www.cnsiwoc.com\/wp-content\/uploads\/2025\/01\/3.-\u6d88\u9632\u884c\u4e1a\u6848\u4f8b.jpg 750w, https:\/\/www.cnsiwoc.com\/wp-content\/uploads\/2025\/01\/3.-\u6d88\u9632\u884c\u4e1a\u6848\u4f8b-300x267.jpg 300w, https:\/\/www.cnsiwoc.com\/wp-content\/uploads\/2025\/01\/3.-\u6d88\u9632\u884c\u4e1a\u6848\u4f8b-13x12.jpg 13w, https:\/\/www.cnsiwoc.com\/wp-content\/uploads\/2025\/01\/3.-\u6d88\u9632\u884c\u4e1a\u6848\u4f8b-600x534.jpg 600w\" sizes=\"(max-width: 750px) 100vw, 750px\" \/><\/p>\n<p>3. Pour cette prise t\u00e9l\u00e9phonique de pompier, nous acceptons le logo personnalis\u00e9 par l'impression laser. Ainsi, tout fichier de logo est disponible pour l'utiliser lorsqu'il vous est n\u00e9cessaire.<\/p>\n<p><img loading=\"lazy\" decoding=\"async\" class=\"alignnone wp-image-396 size-full\" src=\"http:\/\/siwoc.com\/wp-content\/uploads\/2025\/01\/4.-logo\u62fc\u56fe.jpg\" alt=\"\" width=\"750\" height=\"895\" srcset=\"https:\/\/www.cnsiwoc.com\/wp-content\/uploads\/2025\/01\/4.-logo\u62fc\u56fe.jpg 750w, https:\/\/www.cnsiwoc.com\/wp-content\/uploads\/2025\/01\/4.-logo\u62fc\u56fe-251x300.jpg 251w, https:\/\/www.cnsiwoc.com\/wp-content\/uploads\/2025\/01\/4.-logo\u62fc\u56fe-10x12.jpg 10w, https:\/\/www.cnsiwoc.com\/wp-content\/uploads\/2025\/01\/4.-logo\u62fc\u56fe-600x716.jpg 600w\" sizes=\"(max-width: 750px) 100vw, 750px\" \/><\/p>","protected":false},"excerpt":{"rendered":"<p>Siniwo est le fabricant et fournisseur d'origine du pompier du pompier en Chine. Nous avons une \u00e9quipe professionnelle et des installations compl\u00e8tes pour fournir aux clients du monde entier les meilleurs produits de qualit\u00e9 et abordables. En tant que fabricant de cric de t\u00e9l\u00e9phonie de pompier en Chine, nous sommes d\u00e9termin\u00e9s \u00e0 personnaliser les produits les plus satisfaisants pour nos clients.<\/p>","protected":false},"featured_media":390,"template":"","meta":[],"product_cat":[91,80],"product_tag":[93,95,94,92],"class_list":{"0":"post-389","1":"product","2":"type-product","3":"status-publish","4":"has-post-thumbnail","6":"product_cat-firefighter-telephone-jack","7":"product_cat-telephone-accessory","8":"product_tag-firefighter-telephone-jack","9":"product_tag-metal-telephone-jack","10":"product_tag-stainless-steel-telephone-jack","11":"product_tag-telephone-jack","13":"first","14":"instock","15":"shipping-taxable","16":"product-type-simple"},"_links":{"self":[{"href":"https:\/\/www.cnsiwoc.com\/fr\/wp-json\/wp\/v2\/product\/389","targetHints":{"allow":["GET"]}}],"collection":[{"href":"https:\/\/www.cnsiwoc.com\/fr\/wp-json\/wp\/v2\/product"}],"about":[{"href":"https:\/\/www.cnsiwoc.com\/fr\/wp-json\/wp\/v2\/types\/product"}],"version-history":[{"count":0,"href":"https:\/\/www.cnsiwoc.com\/fr\/wp-json\/wp\/v2\/product\/389\/revisions"}],"wp:featuredmedia":[{"embeddable":true,"href":"https:\/\/www.cnsiwoc.com\/fr\/wp-json\/wp\/v2\/media\/390"}],"wp:attachment":[{"href":"https:\/\/www.cnsiwoc.com\/fr\/wp-json\/wp\/v2\/media?parent=389"}],"wp:term":[{"taxonomy":"product_cat","embeddable":true,"href":"https:\/\/www.cnsiwoc.com\/fr\/wp-json\/wp\/v2\/product_cat?post=389"},{"taxonomy":"product_tag","embeddable":true,"href":"https:\/\/www.cnsiwoc.com\/fr\/wp-json\/wp\/v2\/product_tag?post=389"}],"curies":[{"name":"wp","href":"https:\/\/api.w.org\/{rel}","templated":true}]}}