{"id":372,"date":"2025-01-12T14:06:35","date_gmt":"2025-01-12T06:06:35","guid":{"rendered":"http:\/\/siwoc.com\/?post_type=product&#038;p=372"},"modified":"2025-01-20T11:34:54","modified_gmt":"2025-01-20T03:34:54","slug":"fire-emergency-telephone-metal-enclosure","status":"publish","type":"product","link":"https:\/\/www.cnsiwoc.com\/fr\/produit\/fire-emergency-telephone-metal-enclosure\/","title":{"rendered":"Fire un enclos de m\u00e9tal t\u00e9l\u00e9phonique d'urgence"},"content":{"rendered":"<p>L'enceinte m\u00e9tallique T\u00e9l\u00e9phone Siniwo Fire est une enceinte de protection du combin\u00e9 t\u00e9l\u00e9phonique durable qui r\u00e9siste aux conditions m\u00e9t\u00e9orologiques et \u00e0 la violence. Cette enceinte m\u00e9tallique de t\u00e9l\u00e9phone incendie a une surface solide et a une certaine capacit\u00e9 \u00e0 r\u00e9sister \u00e0 la pression. Il s'agit d'une enceinte protectrice fournie par Siniwo pour les combin\u00e9s de t\u00e9l\u00e9phone de feu public tels que les casernes de pompiers et les stations de gaz naturel.<\/p>\n<h2>Param\u00e8tre d'incendie T\u00e9l\u00e9phone d'urgence Bo\u00eetier en m\u00e9tal:<\/h2>\n<table>\n<tbody>\n<tr>\n<td width=\"284\">Mod\u00e8le n \u00b0<\/td>\n<td width=\"284\">JWAT162<\/td>\n<\/tr>\n<tr>\n<td width=\"284\">Grade imperm\u00e9able<\/td>\n<td width=\"284\">IP65<\/td>\n<\/tr>\n<tr>\n<td width=\"284\">Fonction<\/td>\n<td width=\"284\">Prot\u00e9ger le combin\u00e9<\/td>\n<\/tr>\n<tr>\n<td width=\"284\">Application<\/td>\n<td width=\"284\">T\u00e9l\u00e9phone d'urgence incendie<\/td>\n<\/tr>\n<tr>\n<td width=\"284\">Fonctionnalit\u00e9<\/td>\n<td width=\"284\">robuste<\/td>\n<\/tr>\n<tr>\n<td width=\"284\">Certificat<\/td>\n<td width=\"284\">CE \/ ROHS<\/td>\n<\/tr>\n<tr>\n<td width=\"284\">Garantie<\/td>\n<td width=\"284\">1 an<\/td>\n<\/tr>\n<tr>\n<td width=\"284\">Couleur<\/td>\n<td width=\"284\">Couleur personnalis\u00e9e<\/td>\n<\/tr>\n<\/tbody>\n<\/table>\n<h2>Caract\u00e9ristique de l'enceinte m\u00e9tallique du t\u00e9l\u00e9phone::<\/h2>\n<p>1.Fire T\u00e9l\u00e9phone Enceinte en m\u00e9tal convient \u00e0 la plupart des combin\u00e9s de t\u00e9l\u00e9phone. En tant que fabricant avec des installations bien \u00e9quip\u00e9es et une \u00e9quipe professionnelle, nous r\u00e9pondons activement aux besoins des clients lors de la conception de bo\u00eetes pour prot\u00e9ger les combin\u00e9s t\u00e9l\u00e9phoniques et fournir aux clients les produits les plus satisfaisants.<\/p>\n<p><img fetchpriority=\"high\" decoding=\"async\" class=\"alignnone wp-image-377 size-full\" src=\"http:\/\/siwoc.com\/wp-content\/uploads\/2025\/01\/1.-\u5c3a\u5bf8\u56fe-4.jpg\" alt=\"\" width=\"1003\" height=\"699\" srcset=\"https:\/\/www.cnsiwoc.com\/wp-content\/uploads\/2025\/01\/1.-\u5c3a\u5bf8\u56fe-4.jpg 1003w, https:\/\/www.cnsiwoc.com\/wp-content\/uploads\/2025\/01\/1.-\u5c3a\u5bf8\u56fe-4-300x209.jpg 300w, https:\/\/www.cnsiwoc.com\/wp-content\/uploads\/2025\/01\/1.-\u5c3a\u5bf8\u56fe-4-768x535.jpg 768w, https:\/\/www.cnsiwoc.com\/wp-content\/uploads\/2025\/01\/1.-\u5c3a\u5bf8\u56fe-4-18x12.jpg 18w, https:\/\/www.cnsiwoc.com\/wp-content\/uploads\/2025\/01\/1.-\u5c3a\u5bf8\u56fe-4-600x418.jpg 600w\" sizes=\"(max-width: 1003px) 100vw, 1003px\" \/><\/p>\n<p>2.Lorsque nous avons con\u00e7u l'enceinte m\u00e9tallique par t\u00e9l\u00e9phone d'incendie, nous avons consid\u00e9r\u00e9 de nombreux facteurs tels que: facteurs environnementaux s\u00e9v\u00e8res, facteurs m\u00e9t\u00e9orologiques, circonstances sp\u00e9ciales, etc.<\/p>\n<p>3.Le enclos en m\u00e9tal de t\u00e9l\u00e9phone de feu peut prot\u00e9ger le combin\u00e9 t\u00e9l\u00e9phonique dans des environnements difficiles. Le mat\u00e9riau m\u00e9tallique a une excellente r\u00e9sistance \u00e0 la pression et une r\u00e9sistance \u00e0 l'humidit\u00e9, et la surface est lisse et visuellement belle. L'ext\u00e9rieur est assez difficile pour prot\u00e9ger efficacement le r\u00e9cepteur t\u00e9l\u00e9phonique contre les dommages et l'usure.<\/p>\n<p>4. Pour cette enceinte m\u00e9tallique par t\u00e9l\u00e9phone, nous acceptons la personnalisation de la couleur et de l'impression du logo. La couleur r\u00e9guli\u00e8re du stock est rouge. Toute autre couleur peut \u00eatre personnalis\u00e9e en fonction du num\u00e9ro Pantone ou de l'\u00e9chantillon de couleur.<\/p>","protected":false},"excerpt":{"rendered":"<p>Avec une riche exp\u00e9rience dans les pi\u00e8ces de rechange int\u00e9gr\u00e9es pour les t\u00e9l\u00e9communications en Chine, Siniwo d\u00e9veloppe un enclos de m\u00e9tal de t\u00e9l\u00e9phone d'urgence d'incendie pour les t\u00e9l\u00e9phones Fire Fighter avec et sans fonction de cadran automatique. Siniwo a optimis\u00e9 son processus et son co\u00fbt pour offrir le meilleur prix comp\u00e9titif au client.<\/p>","protected":false},"featured_media":1085,"template":"","meta":[],"product_cat":[81,115,80],"product_tag":[82,85,83,84],"class_list":{"0":"post-372","1":"product","2":"type-product","3":"status-publish","4":"has-post-thumbnail","6":"product_cat-fire-emergency-telephone-metal-enclosure","7":"product_cat-hot-selling-product","8":"product_cat-telephone-accessory","9":"product_tag-fire-telephone-metal-enclosure","10":"product_tag-intercom-metal-enclosure","11":"product_tag-metal-enclosure","12":"product_tag-telephone-rugged-metal-enclosure","14":"first","15":"instock","16":"shipping-taxable","17":"product-type-simple"},"_links":{"self":[{"href":"https:\/\/www.cnsiwoc.com\/fr\/wp-json\/wp\/v2\/product\/372","targetHints":{"allow":["GET"]}}],"collection":[{"href":"https:\/\/www.cnsiwoc.com\/fr\/wp-json\/wp\/v2\/product"}],"about":[{"href":"https:\/\/www.cnsiwoc.com\/fr\/wp-json\/wp\/v2\/types\/product"}],"version-history":[{"count":0,"href":"https:\/\/www.cnsiwoc.com\/fr\/wp-json\/wp\/v2\/product\/372\/revisions"}],"wp:featuredmedia":[{"embeddable":true,"href":"https:\/\/www.cnsiwoc.com\/fr\/wp-json\/wp\/v2\/media\/1085"}],"wp:attachment":[{"href":"https:\/\/www.cnsiwoc.com\/fr\/wp-json\/wp\/v2\/media?parent=372"}],"wp:term":[{"taxonomy":"product_cat","embeddable":true,"href":"https:\/\/www.cnsiwoc.com\/fr\/wp-json\/wp\/v2\/product_cat?post=372"},{"taxonomy":"product_tag","embeddable":true,"href":"https:\/\/www.cnsiwoc.com\/fr\/wp-json\/wp\/v2\/product_tag?post=372"}],"curies":[{"name":"wp","href":"https:\/\/api.w.org\/{rel}","templated":true}]}}