{"id":362,"date":"2025-01-02T13:58:55","date_gmt":"2025-01-02T05:58:55","guid":{"rendered":"http:\/\/siwoc.com\/?post_type=product&#038;p=362"},"modified":"2025-01-02T15:00:51","modified_gmt":"2025-01-02T07:00:51","slug":"industrial-vending-machine-keypad","status":"publish","type":"product","link":"https:\/\/www.cnsiwoc.com\/fr\/produit\/industrial-vending-machine-keypad\/","title":{"rendered":"Clavier de machines automatiques industriels"},"content":{"rendered":"<p>Le clavier de machine \u00e0 distribution industrielle Siniwo est en acier inoxydable, a d'excellentes performances, une belle apparence, durable et a une note imperm\u00e9able de l'IP65. Ce clavier industriel de distributeurs automatiques, fabriqu\u00e9 par Siniwo, sp\u00e9cialement utilis\u00e9 dans l'environnement public, tel que les distributeurs automatiques, est con\u00e7u pour r\u00e9sister \u00e0 l'usure afin de r\u00e9pondre aux besoins des consommateurs, il est donc de haute qualit\u00e9.<\/p>\n<p><iframe title=\"Lecteur vid\u00e9o YouTube\" src=\"https:\/\/www.youtube.com\/embed\/AI71gyLorWQ?si=XaM67tsahAWBFCBU\" width=\"560\" height=\"315\" frameborder=\"0\" allowfullscreen=\"allowfullscreen\"><\/iframe><\/p>\n<h2>Sp\u00e9cification du clavier de machines \u00e0 distribution industrielle<\/h2>\n<table>\n<tbody>\n<tr>\n<td width=\"284\">Mod\u00e8le n \u00b0<\/td>\n<td width=\"284\">B725<\/td>\n<\/tr>\n<tr>\n<td width=\"284\">Grade imperm\u00e9able<\/td>\n<td width=\"284\">IP65<\/td>\n<\/tr>\n<tr>\n<td width=\"284\">Tension d'entr\u00e9e<\/td>\n<td width=\"284\">3.5V\/5V<\/td>\n<\/tr>\n<tr>\n<td width=\"284\">Vie \u00e9lectrique<\/td>\n<td width=\"284\">1 million de cycles d'op\u00e9ration par cl\u00e9<\/td>\n<\/tr>\n<tr>\n<td width=\"284\">Voyage cl\u00e9<\/td>\n<td width=\"284\">0.45mm<\/td>\n<\/tr>\n<tr>\n<td width=\"284\">Force d'actionnement<\/td>\n<td width=\"284\">250g\/2.45N<\/td>\n<\/tr>\n<tr>\n<td width=\"284\">Vie en caoutchouc<\/td>\n<td width=\"284\">Plus de 500 000 cycles<\/td>\n<\/tr>\n<tr>\n<td width=\"284\">Humidit\u00e9 relative<\/td>\n<td width=\"284\">35%-95%<\/td>\n<\/tr>\n<tr>\n<td width=\"284\">Pression atmosph\u00e9rique<\/td>\n<td width=\"284\">60kpa ~ 106 kpa<\/td>\n<\/tr>\n<\/tbody>\n<\/table>\n<h2>D\u00e9tails du clavier des machines \u00e0 distribution industrielle:<\/h2>\n<p>1. Faire de l'acier inoxydable bross\u00e9 SUS304, ce clavier d'achat de ventes industriels peut r\u00e9sister \u00e0 une utilisation intensive et r\u00e9sister aux dommages caus\u00e9s par des facteurs environnementaux tels que l'humidit\u00e9, la poussi\u00e8re et les fluctuations de la temp\u00e9rature.<\/p>\n<p><img fetchpriority=\"high\" decoding=\"async\" class=\"alignnone wp-image-367 size-full\" src=\"http:\/\/siwoc.com\/wp-content\/uploads\/2025\/01\/1.-\u5c3a\u5bf8\u56fe-3.jpg\" alt=\"\" width=\"799\" height=\"373\" srcset=\"https:\/\/www.cnsiwoc.com\/wp-content\/uploads\/2025\/01\/1.-\u5c3a\u5bf8\u56fe-3.jpg 799w, https:\/\/www.cnsiwoc.com\/wp-content\/uploads\/2025\/01\/1.-\u5c3a\u5bf8\u56fe-3-300x140.jpg 300w, https:\/\/www.cnsiwoc.com\/wp-content\/uploads\/2025\/01\/1.-\u5c3a\u5bf8\u56fe-3-768x359.jpg 768w, https:\/\/www.cnsiwoc.com\/wp-content\/uploads\/2025\/01\/1.-\u5c3a\u5bf8\u56fe-3-18x8.jpg 18w, https:\/\/www.cnsiwoc.com\/wp-content\/uploads\/2025\/01\/1.-\u5c3a\u5bf8\u56fe-3-600x280.jpg 600w\" sizes=\"(max-width: 799px) 100vw, 799px\" \/> <img decoding=\"async\" class=\"alignnone wp-image-368 size-full\" src=\"http:\/\/siwoc.com\/wp-content\/uploads\/2025\/01\/2.-\u952e\u76d8\u6d4b\u8bd5\u8bbe\u5907\u6d41\u7a0b-1.jpg\" alt=\"\" width=\"900\" height=\"751\" srcset=\"https:\/\/www.cnsiwoc.com\/wp-content\/uploads\/2025\/01\/2.-\u952e\u76d8\u6d4b\u8bd5\u8bbe\u5907\u6d41\u7a0b-1.jpg 900w, https:\/\/www.cnsiwoc.com\/wp-content\/uploads\/2025\/01\/2.-\u952e\u76d8\u6d4b\u8bd5\u8bbe\u5907\u6d41\u7a0b-1-300x250.jpg 300w, https:\/\/www.cnsiwoc.com\/wp-content\/uploads\/2025\/01\/2.-\u952e\u76d8\u6d4b\u8bd5\u8bbe\u5907\u6d41\u7a0b-1-768x641.jpg 768w, https:\/\/www.cnsiwoc.com\/wp-content\/uploads\/2025\/01\/2.-\u952e\u76d8\u6d4b\u8bd5\u8bbe\u5907\u6d41\u7a0b-1-14x12.jpg 14w, https:\/\/www.cnsiwoc.com\/wp-content\/uploads\/2025\/01\/2.-\u952e\u76d8\u6d4b\u8bd5\u8bbe\u5907\u6d41\u7a0b-1-600x501.jpg 600w\" sizes=\"(max-width: 900px) 100vw, 900px\" \/><\/p>\n<p>2.Ces 16 touches Le clavier automatique industriel est principalement utilis\u00e9 dans les distributeurs automatiques. Afin de r\u00e9pondre aux divers besoins des consommateurs, la disposition des boutons et l'interface du clavier peuvent \u00eatre personnalis\u00e9es. En plus de cela, le signal du clavier est facultatif, par exemple, rs232, rs485, USB, conception matricielle.<\/p>\n<p><img decoding=\"async\" class=\"alignnone wp-image-369 size-full\" src=\"http:\/\/siwoc.com\/wp-content\/uploads\/2025\/01\/3.-\u952e\u76d8\u5e38\u89c4\u7528\u63a5\u53e3.jpg\" alt=\"\" width=\"750\" height=\"150\" srcset=\"https:\/\/www.cnsiwoc.com\/wp-content\/uploads\/2025\/01\/3.-\u952e\u76d8\u5e38\u89c4\u7528\u63a5\u53e3.jpg 750w, https:\/\/www.cnsiwoc.com\/wp-content\/uploads\/2025\/01\/3.-\u952e\u76d8\u5e38\u89c4\u7528\u63a5\u53e3-300x60.jpg 300w, https:\/\/www.cnsiwoc.com\/wp-content\/uploads\/2025\/01\/3.-\u952e\u76d8\u5e38\u89c4\u7528\u63a5\u53e3-18x4.jpg 18w, https:\/\/www.cnsiwoc.com\/wp-content\/uploads\/2025\/01\/3.-\u952e\u76d8\u5e38\u89c4\u7528\u63a5\u53e3-600x120.jpg 600w\" sizes=\"(max-width: 750px) 100vw, 750px\" \/><\/p>\n<p>3. Le clavier de la machine automatique industrielle con\u00e7ue pour un usage industriel est g\u00e9n\u00e9ralement scell\u00e9 et r\u00e9sistant aux liquides, \u00e0 la poussi\u00e8re et aux d\u00e9bris. Cela facilite le nettoyage et l'entretien des claviers, ce qui garantit que les claviers utilis\u00e9s par les clients sont toujours propres.<\/p>\n<p><img loading=\"lazy\" decoding=\"async\" class=\"alignnone wp-image-370 size-full\" src=\"http:\/\/siwoc.com\/wp-content\/uploads\/2025\/01\/5.-\u952e\u76d8\u5305\u88c5\u56fe.jpg\" alt=\"\" width=\"750\" height=\"654\" srcset=\"https:\/\/www.cnsiwoc.com\/wp-content\/uploads\/2025\/01\/5.-\u952e\u76d8\u5305\u88c5\u56fe.jpg 750w, https:\/\/www.cnsiwoc.com\/wp-content\/uploads\/2025\/01\/5.-\u952e\u76d8\u5305\u88c5\u56fe-300x262.jpg 300w, https:\/\/www.cnsiwoc.com\/wp-content\/uploads\/2025\/01\/5.-\u952e\u76d8\u5305\u88c5\u56fe-14x12.jpg 14w, https:\/\/www.cnsiwoc.com\/wp-content\/uploads\/2025\/01\/5.-\u952e\u76d8\u5305\u88c5\u56fe-600x523.jpg 600w\" sizes=\"(max-width: 750px) 100vw, 750px\" \/><\/p>","protected":false},"excerpt":{"rendered":"<p>En tant que fabricant et fournisseur de premier plan en Chine du clavier de machines \u00e0 distribution industrielle, Siniwo est connu pour son superbe savoir-faire et son prix comp\u00e9titif. Le clavier de machines \u00e0 distributeur automatique industriel produit par Siniwo est vendu \u00e0 Global Market bien et a re\u00e7u l'admiration des consommateurs.<\/p>","protected":false},"featured_media":366,"template":"","meta":[],"product_cat":[15,75],"product_tag":[77,78,79,76],"class_list":{"0":"post-362","1":"product","2":"type-product","3":"status-publish","4":"has-post-thumbnail","6":"product_cat-industrial-keypad","7":"product_cat-industrial-vending-machine-keypad","8":"product_tag-atm-keypad","9":"product_tag-stainless-steel-keypad","10":"product_tag-vandal-proof-keypad","11":"product_tag-vending-machine-keypad","13":"first","14":"instock","15":"shipping-taxable","16":"product-type-simple"},"_links":{"self":[{"href":"https:\/\/www.cnsiwoc.com\/fr\/wp-json\/wp\/v2\/product\/362","targetHints":{"allow":["GET"]}}],"collection":[{"href":"https:\/\/www.cnsiwoc.com\/fr\/wp-json\/wp\/v2\/product"}],"about":[{"href":"https:\/\/www.cnsiwoc.com\/fr\/wp-json\/wp\/v2\/types\/product"}],"version-history":[{"count":0,"href":"https:\/\/www.cnsiwoc.com\/fr\/wp-json\/wp\/v2\/product\/362\/revisions"}],"wp:featuredmedia":[{"embeddable":true,"href":"https:\/\/www.cnsiwoc.com\/fr\/wp-json\/wp\/v2\/media\/366"}],"wp:attachment":[{"href":"https:\/\/www.cnsiwoc.com\/fr\/wp-json\/wp\/v2\/media?parent=362"}],"wp:term":[{"taxonomy":"product_cat","embeddable":true,"href":"https:\/\/www.cnsiwoc.com\/fr\/wp-json\/wp\/v2\/product_cat?post=362"},{"taxonomy":"product_tag","embeddable":true,"href":"https:\/\/www.cnsiwoc.com\/fr\/wp-json\/wp\/v2\/product_tag?post=362"}],"curies":[{"name":"wp","href":"https:\/\/api.w.org\/{rel}","templated":true}]}}