{"id":350,"date":"2025-01-11T13:51:34","date_gmt":"2025-01-11T05:51:34","guid":{"rendered":"http:\/\/siwoc.com\/?post_type=product&#038;p=350"},"modified":"2025-01-14T14:55:50","modified_gmt":"2025-01-14T06:55:50","slug":"rs232-industrial-keypad","status":"publish","type":"product","link":"https:\/\/www.cnsiwoc.com\/fr\/produit\/rs232-industrial-keypad\/","title":{"rendered":"Rs232 Industrial Keypad"},"content":{"rendered":"<p>1.Ce clavier industriel Siniwo RS232 est un clavier industriel durable avec des fonctionnalit\u00e9s imperm\u00e9ables et imperm\u00e9ables IP65, con\u00e7ues pour les applications d'environnement public. Qu'il s'agisse de distributeurs automatiques, de machines de billetterie, de terminaux de paiement, de syst\u00e8mes de contr\u00f4le d'acc\u00e8s ou de machines industrielles, ce clavier peut r\u00e9pondre aux exigences de ces environnements difficiles.<\/p>\n<p><img fetchpriority=\"high\" decoding=\"async\" class=\"alignnone wp-image-357 size-full\" src=\"http:\/\/siwoc.com\/wp-content\/uploads\/2025\/01\/1.-\u4e0d\u9508\u94a2\u5e94\u7528.jpg\" alt=\"\" width=\"750\" height=\"536\" srcset=\"https:\/\/www.cnsiwoc.com\/wp-content\/uploads\/2025\/01\/1.-\u4e0d\u9508\u94a2\u5e94\u7528.jpg 750w, https:\/\/www.cnsiwoc.com\/wp-content\/uploads\/2025\/01\/1.-\u4e0d\u9508\u94a2\u5e94\u7528-300x214.jpg 300w, https:\/\/www.cnsiwoc.com\/wp-content\/uploads\/2025\/01\/1.-\u4e0d\u9508\u94a2\u5e94\u7528-18x12.jpg 18w, https:\/\/www.cnsiwoc.com\/wp-content\/uploads\/2025\/01\/1.-\u4e0d\u9508\u94a2\u5e94\u7528-600x429.jpg 600w\" sizes=\"(max-width: 750px) 100vw, 750px\" \/><\/p>\n<h2>2.Param\u00e8tre du clavier industriel RS232<\/h2>\n<table>\n<tbody>\n<tr>\n<td width=\"284\">Mod\u00e8le n \u00b0<\/td>\n<td width=\"284\">B880<\/td>\n<\/tr>\n<tr>\n<td width=\"284\">Grade imperm\u00e9able<\/td>\n<td width=\"284\">IP65<\/td>\n<\/tr>\n<tr>\n<td width=\"284\">Tension d'entr\u00e9e<\/td>\n<td width=\"284\">3.3V\/5V<\/td>\n<\/tr>\n<tr>\n<td width=\"284\">Force d'actionnement<\/td>\n<td width=\"284\">250g \/ 2,45 n (point de pression)<\/td>\n<\/tr>\n<tr>\n<td width=\"284\">Temp\u00e9rature de travail<\/td>\n<td width=\"284\">-25\u2103~+65\u2103<\/td>\n<\/tr>\n<tr>\n<td width=\"284\">Temp\u00e9rature de stockage<\/td>\n<td width=\"284\">-40\u2103~+85\u2103<\/td>\n<\/tr>\n<tr>\n<td width=\"284\">Humidit\u00e9 relative<\/td>\n<td width=\"284\">30%-95%<\/td>\n<\/tr>\n<tr>\n<td width=\"284\">Pression atmosph\u00e9rique<\/td>\n<td width=\"284\">60kpa-106kpa<\/td>\n<\/tr>\n<tr>\n<td width=\"284\">Couleur LED<\/td>\n<td width=\"284\">personnalis\u00e9<\/td>\n<\/tr>\n<tr>\n<td width=\"284\">Ic\u00f4ne de bouton<\/td>\n<td width=\"284\">Personnalis\u00e9 avec un co\u00fbt bon march\u00e9<\/td>\n<\/tr>\n<tr>\n<td width=\"284\">Dimension du clavier<\/td>\n<td width=\"284\">Personnalis\u00e9 comme demande des clients<\/td>\n<\/tr>\n<\/tbody>\n<\/table>\n<h2>3. Caract\u00e9ristique du clavier industriel RS232<\/h2>\n<p>L'une des caract\u00e9ristiques du clavier industriel RS232 est sa composition de mat\u00e9riau, avec un acier inoxydable bross\u00e9 qualifi\u00e9 304# ou 316#, il a non seulement une apparence \u00e0 la mode et professionnelle, mais est \u00e9galement r\u00e9sistant \u00e0 l'usure, r\u00e9sistant \u00e0 la corrosion et r\u00e9sistant au vieillissement en termes de qualit\u00e9.<\/p>\n<p><img decoding=\"async\" class=\"alignnone size-full wp-image-358\" src=\"http:\/\/siwoc.com\/wp-content\/uploads\/2025\/01\/2.-\u5c3a\u5bf8\u56fe.bmp\" alt=\"\" width=\"687\" height=\"368\" \/><\/p>\n<h2>4.Le transport du clavier industriel RS232:<\/h2>\n<p>En ce qui concerne le transport, nous offrons des options flexibles pour r\u00e9pondre \u00e0 vos pr\u00e9f\u00e9rences. Que vous pr\u00e9f\u00e9riez le clavier industriel RS232 de la Chine par une livraison a\u00e9rienne, maritime ou express, nous vous offrons le meilleur choix avec des informations d'emballage de s\u00e9curit\u00e9. Siniwo travaillera dur pour s'assurer que votre commande vous atteindra rapidement et sans effort.<\/p>\n<p><img decoding=\"async\" class=\"alignnone wp-image-360 size-full\" src=\"http:\/\/siwoc.com\/wp-content\/uploads\/2025\/01\/4.\u6253\u5305\u56fe.jpg\" alt=\"\" width=\"750\" height=\"654\" srcset=\"https:\/\/www.cnsiwoc.com\/wp-content\/uploads\/2025\/01\/4.\u6253\u5305\u56fe.jpg 750w, https:\/\/www.cnsiwoc.com\/wp-content\/uploads\/2025\/01\/4.\u6253\u5305\u56fe-300x262.jpg 300w, https:\/\/www.cnsiwoc.com\/wp-content\/uploads\/2025\/01\/4.\u6253\u5305\u56fe-14x12.jpg 14w, https:\/\/www.cnsiwoc.com\/wp-content\/uploads\/2025\/01\/4.\u6253\u5305\u56fe-600x523.jpg 600w\" sizes=\"(max-width: 750px) 100vw, 750px\" \/><img loading=\"lazy\" decoding=\"async\" class=\"alignnone wp-image-359 size-full\" src=\"http:\/\/siwoc.com\/wp-content\/uploads\/2025\/01\/3.-\u8fd0\u8f93\u56fe.jpg\" alt=\"\" width=\"750\" height=\"424\" srcset=\"https:\/\/www.cnsiwoc.com\/wp-content\/uploads\/2025\/01\/3.-\u8fd0\u8f93\u56fe.jpg 750w, https:\/\/www.cnsiwoc.com\/wp-content\/uploads\/2025\/01\/3.-\u8fd0\u8f93\u56fe-300x170.jpg 300w, https:\/\/www.cnsiwoc.com\/wp-content\/uploads\/2025\/01\/3.-\u8fd0\u8f93\u56fe-18x10.jpg 18w, https:\/\/www.cnsiwoc.com\/wp-content\/uploads\/2025\/01\/3.-\u8fd0\u8f93\u56fe-600x339.jpg 600w\" sizes=\"(max-width: 750px) 100vw, 750px\" \/><\/p>\n<p>&nbsp;<\/p>\n<p>&nbsp;<\/p>\n<p>&nbsp;<\/p>\n<p>&nbsp;<\/p>\n<p>&nbsp;<\/p>\n<p>&nbsp;<\/p>","protected":false},"excerpt":{"rendered":"<p>En tant qu'usine personnalis\u00e9e en Chine, Siniwo accepte de personnaliser divers claviers industriels RS232 depuis 2005. Siniwo int\u00e8gre la conception, la production, la recherche et le d\u00e9veloppement et les ventes dans l'ensemble du processus pour soutenir le service \u00e0 guichet unique avec un co\u00fbt comp\u00e9titif et un service apr\u00e8s vente. Les partenaires commerciaux de Siniwo ont couvert des r\u00e9gions mondiales telles que l'Asie, l'Europe et l'Afrique.<\/p>","protected":false},"featured_media":354,"template":"","meta":[],"product_cat":[115,15,69],"product_tag":[73,74,70,71,72],"class_list":{"0":"post-350","1":"product","2":"type-product","3":"status-publish","4":"has-post-thumbnail","6":"product_cat-hot-selling-product","7":"product_cat-industrial-keypad","8":"product_cat-rs232-industrial-keypad","9":"product_tag-12-keys-keypad","10":"product_tag-3x4-illuminated-keypad","11":"product_tag-rs232-keypad","12":"product_tag-uart-keypad","13":"product_tag-usb-keypad","15":"first","16":"instock","17":"shipping-taxable","18":"product-type-simple"},"_links":{"self":[{"href":"https:\/\/www.cnsiwoc.com\/fr\/wp-json\/wp\/v2\/product\/350","targetHints":{"allow":["GET"]}}],"collection":[{"href":"https:\/\/www.cnsiwoc.com\/fr\/wp-json\/wp\/v2\/product"}],"about":[{"href":"https:\/\/www.cnsiwoc.com\/fr\/wp-json\/wp\/v2\/types\/product"}],"version-history":[{"count":0,"href":"https:\/\/www.cnsiwoc.com\/fr\/wp-json\/wp\/v2\/product\/350\/revisions"}],"wp:featuredmedia":[{"embeddable":true,"href":"https:\/\/www.cnsiwoc.com\/fr\/wp-json\/wp\/v2\/media\/354"}],"wp:attachment":[{"href":"https:\/\/www.cnsiwoc.com\/fr\/wp-json\/wp\/v2\/media?parent=350"}],"wp:term":[{"taxonomy":"product_cat","embeddable":true,"href":"https:\/\/www.cnsiwoc.com\/fr\/wp-json\/wp\/v2\/product_cat?post=350"},{"taxonomy":"product_tag","embeddable":true,"href":"https:\/\/www.cnsiwoc.com\/fr\/wp-json\/wp\/v2\/product_tag?post=350"}],"curies":[{"name":"wp","href":"https:\/\/api.w.org\/{rel}","templated":true}]}}