{"id":341,"date":"2025-01-02T13:45:03","date_gmt":"2025-01-02T05:45:03","guid":{"rendered":"http:\/\/siwoc.com\/?post_type=product&#038;p=341"},"modified":"2025-01-02T14:58:23","modified_gmt":"2025-01-02T06:58:23","slug":"numeric-industrial-braille-keypad","status":"publish","type":"product","link":"https:\/\/www.cnsiwoc.com\/fr\/produit\/numeric-industrial-braille-keypad\/","title":{"rendered":"Clavier en braille industrielle num\u00e9rique"},"content":{"rendered":"<p>1.Le clavier en braille industriel num\u00e9rique Siniwo RS232 durable avec des boutons m\u00e9talliques LED 4 \u00d7 4, qui pourraient \u00eatre utilis\u00e9s pour les machines publiques, le syst\u00e8me de contr\u00f4le d'acc\u00e8s ou les kiosques qui fonctionnaient par des personnes handicap\u00e9es. Avec les boutons braille, les personnes handicap\u00e9es pourraient utiliser les installations publiques chaque fois qu'ils en ont besoin.<\/p>\n<p><img fetchpriority=\"high\" decoding=\"async\" class=\"alignnone wp-image-347 size-full\" src=\"http:\/\/siwoc.com\/wp-content\/uploads\/2025\/01\/1.-B667\u5c3a\u5bf8\u56fe.jpg\" alt=\"\" width=\"496\" height=\"550\" srcset=\"https:\/\/www.cnsiwoc.com\/wp-content\/uploads\/2025\/01\/1.-B667\u5c3a\u5bf8\u56fe.jpg 496w, https:\/\/www.cnsiwoc.com\/wp-content\/uploads\/2025\/01\/1.-B667\u5c3a\u5bf8\u56fe-271x300.jpg 271w, https:\/\/www.cnsiwoc.com\/wp-content\/uploads\/2025\/01\/1.-B667\u5c3a\u5bf8\u56fe-11x12.jpg 11w\" sizes=\"(max-width: 496px) 100vw, 496px\" \/><\/p>\n<h2>2.Param\u00e8tre du clavier en braille industrielle num\u00e9rique<\/h2>\n<table>\n<tbody>\n<tr>\n<td width=\"284\">Mod\u00e8le n \u00b0<\/td>\n<td width=\"284\">B667<\/td>\n<\/tr>\n<tr>\n<td width=\"284\">Grade imperm\u00e9able<\/td>\n<td width=\"284\">IP65<\/td>\n<\/tr>\n<tr>\n<td width=\"284\">Tension d'entr\u00e9e<\/td>\n<td width=\"284\">3.3V\/5V<\/td>\n<\/tr>\n<tr>\n<td width=\"284\">Force d'actionnement<\/td>\n<td width=\"284\">250g \/ 2,45 n (point de pression)<\/td>\n<\/tr>\n<tr>\n<td width=\"284\">Temp\u00e9rature de travail<\/td>\n<td width=\"284\">-25\u2103~+65\u2103<\/td>\n<\/tr>\n<tr>\n<td width=\"284\">Temp\u00e9rature de stockage<\/td>\n<td width=\"284\">-40\u2103~+85\u2103<\/td>\n<\/tr>\n<tr>\n<td width=\"284\">Humidit\u00e9 relative<\/td>\n<td width=\"284\">30%-95%<\/td>\n<\/tr>\n<tr>\n<td width=\"284\">Pression atmosph\u00e9rique<\/td>\n<td width=\"284\">60kpa-106kpa<\/td>\n<\/tr>\n<tr>\n<td width=\"284\">Couleur LED<\/td>\n<td width=\"284\">personnalis\u00e9<\/td>\n<\/tr>\n<tr>\n<td width=\"284\">Ic\u00f4ne de bouton<\/td>\n<td width=\"284\">personnalis\u00e9<\/td>\n<\/tr>\n<\/tbody>\n<\/table>\n<h2>3.Feature du clavier en braille industrielle num\u00e9rique<\/h2>\n<p>- Mati\u00e8re premi\u00e8re: Mat\u00e9riau en alliage de zinc.<br \/>\n- Traitement de surface du clavier: placage chrom\u00e9 brillant ou placage chrom\u00e9 mat.<br \/>\n- La surface pourrait \u00e9galement \u00eatre faite avec du caoutchouc d'\u00e9tanch\u00e9it\u00e9 \u00e9tanche.<br \/>\n- La couleur LED est facultative et nous utilisons \u00e9galement trois couleurs LED ou plus dans un clavier en m\u00eame temps.<br \/>\n- Les mat\u00e9riaux de remplissage des boutons sont transparents ou blancs, donc la LED est moins brillante lorsque vous la voyez directement.<br \/>\n<iframe title=\"Lecteur vid\u00e9o YouTube\" src=\"https:\/\/www.youtube.com\/embed\/Nt-MV7HrAb4?si=vmFFsGjMjtPEwAhG\" width=\"560\" height=\"315\" frameborder=\"0\" allowfullscreen=\"allowfullscreen\"><\/iframe><\/p>\n<p>4. Pour ce clavier en braille industriel num\u00e9rique, il est lourd apr\u00e8s un plein compl\u00e9 \u00e0 13 kg par cartons avec 80 unit\u00e9s, il est donc facile \u00e0 rompre pendant l'exp\u00e9dition de la Chine au march\u00e9 \u00e0 l'\u00e9tranger. Siniwo propose des forfaits gratuits avec des palettes ou des bo\u00eetes en bois pour une commande de masse afin d'assurer sa s\u00e9curit\u00e9 pendant le transport, peu importe en l'air ou en mer. Veuillez donc nous faire part de votre demande de colis \u00e0 l'avance.<\/p>\n<p><img decoding=\"async\" class=\"alignnone wp-image-348 size-full\" src=\"http:\/\/siwoc.com\/wp-content\/uploads\/2025\/01\/2.-\u6253\u5305\u56fe.jpg\" alt=\"\" width=\"750\" height=\"654\" srcset=\"https:\/\/www.cnsiwoc.com\/wp-content\/uploads\/2025\/01\/2.-\u6253\u5305\u56fe.jpg 750w, https:\/\/www.cnsiwoc.com\/wp-content\/uploads\/2025\/01\/2.-\u6253\u5305\u56fe-300x262.jpg 300w, https:\/\/www.cnsiwoc.com\/wp-content\/uploads\/2025\/01\/2.-\u6253\u5305\u56fe-14x12.jpg 14w, https:\/\/www.cnsiwoc.com\/wp-content\/uploads\/2025\/01\/2.-\u6253\u5305\u56fe-600x523.jpg 600w\" sizes=\"(max-width: 750px) 100vw, 750px\" \/><\/p>\n<p>&nbsp;<\/p>\n<p>&nbsp;<\/p>\n<p>&nbsp;<\/p>\n<p>&nbsp;<\/p>\n<p>&nbsp;<\/p>\n<p>&nbsp;<\/p>\n<p>&nbsp;<\/p>","protected":false},"excerpt":{"rendered":"<p>Siniwo est une usine originale sp\u00e9cialis\u00e9e dans le clavier en braille industrielle num\u00e9rique depuis 2005 en Chine. Nous offrons des prix comp\u00e9titifs et un clavier en braille industriel num\u00e9rique de haute qualit\u00e9 pour nos partenaires commerciaux stables. Avec une qualit\u00e9 sup\u00e9rieure, un prix comp\u00e9titif et un service fiable, Siniwo a acquis une bonne r\u00e9putation des clients nationaux et \u00e9trangers.<\/p>","protected":false},"featured_media":346,"template":"","meta":[],"product_cat":[15,65],"product_tag":[66,67,59,68],"class_list":{"0":"post-341","1":"product","2":"type-product","3":"status-publish","4":"has-post-thumbnail","6":"product_cat-industrial-keypad","7":"product_cat-numeric-industrial-braille-keypad","8":"product_tag-braille-keypad","9":"product_tag-digital-keypad","10":"product_tag-illuminated-keypad","11":"product_tag-industrial-braille-keypad","13":"first","14":"instock","15":"shipping-taxable","16":"product-type-simple"},"_links":{"self":[{"href":"https:\/\/www.cnsiwoc.com\/fr\/wp-json\/wp\/v2\/product\/341","targetHints":{"allow":["GET"]}}],"collection":[{"href":"https:\/\/www.cnsiwoc.com\/fr\/wp-json\/wp\/v2\/product"}],"about":[{"href":"https:\/\/www.cnsiwoc.com\/fr\/wp-json\/wp\/v2\/types\/product"}],"version-history":[{"count":0,"href":"https:\/\/www.cnsiwoc.com\/fr\/wp-json\/wp\/v2\/product\/341\/revisions"}],"wp:featuredmedia":[{"embeddable":true,"href":"https:\/\/www.cnsiwoc.com\/fr\/wp-json\/wp\/v2\/media\/346"}],"wp:attachment":[{"href":"https:\/\/www.cnsiwoc.com\/fr\/wp-json\/wp\/v2\/media?parent=341"}],"wp:term":[{"taxonomy":"product_cat","embeddable":true,"href":"https:\/\/www.cnsiwoc.com\/fr\/wp-json\/wp\/v2\/product_cat?post=341"},{"taxonomy":"product_tag","embeddable":true,"href":"https:\/\/www.cnsiwoc.com\/fr\/wp-json\/wp\/v2\/product_tag?post=341"}],"curies":[{"name":"wp","href":"https:\/\/api.w.org\/{rel}","templated":true}]}}