{"id":320,"date":"2025-01-02T13:29:15","date_gmt":"2025-01-02T05:29:15","guid":{"rendered":"http:\/\/siwoc.com\/?post_type=product&#038;p=320"},"modified":"2025-01-02T14:56:00","modified_gmt":"2025-01-02T06:56:00","slug":"access-control-industrial-keypad","status":"publish","type":"product","link":"https:\/\/www.cnsiwoc.com\/fr\/produit\/access-control-industrial-keypad\/","title":{"rendered":"Contr\u00f4le d'acc\u00e8s au clavier industriel"},"content":{"rendered":"<p>1.Siniwo Fabrication du clavier num\u00e9rique illumin\u00e9 RS485, qui est populaire dans le syst\u00e8me de contr\u00f4le d'acc\u00e8s des b\u00e2timents. Ce clavier Une autre fonctionnalit\u00e9 remarquable distingue nos produits de la concurrence en mati\u00e8re de prix et de qualit\u00e9. Les cl\u00e9s illumin\u00e9es rendent le clavier industriel de contr\u00f4le d'acc\u00e8s facile \u00e0 utiliser dans des conditions de faible luminosit\u00e9, garantissant que les utilisateurs ont facilement fonctionn\u00e9 d'utiliser le clavier industriel de contr\u00f4le d'acc\u00e8s.<\/p>\n<p><img fetchpriority=\"high\" decoding=\"async\" class=\"alignnone wp-image-327 size-full\" src=\"http:\/\/siwoc.com\/wp-content\/uploads\/2025\/01\/1.-\u5c3a\u5bf8\u56fe-2.jpg\" alt=\"\" width=\"401\" height=\"583\" srcset=\"https:\/\/www.cnsiwoc.com\/wp-content\/uploads\/2025\/01\/1.-\u5c3a\u5bf8\u56fe-2.jpg 401w, https:\/\/www.cnsiwoc.com\/wp-content\/uploads\/2025\/01\/1.-\u5c3a\u5bf8\u56fe-2-206x300.jpg 206w, https:\/\/www.cnsiwoc.com\/wp-content\/uploads\/2025\/01\/1.-\u5c3a\u5bf8\u56fe-2-8x12.jpg 8w\" sizes=\"(max-width: 401px) 100vw, 401px\" \/><\/p>\n<h2>Param\u00e8tre de clavier industriel de contr\u00f4le d'acc\u00e8s<\/h2>\n<table>\n<tbody>\n<tr>\n<td width=\"284\">Mod\u00e8le n \u00b0<\/td>\n<td width=\"284\">B661<\/td>\n<\/tr>\n<tr>\n<td width=\"284\">Grade imperm\u00e9able<\/td>\n<td width=\"284\">IP65<\/td>\n<\/tr>\n<tr>\n<td width=\"284\">Tension d'entr\u00e9e<\/td>\n<td width=\"284\">3.3V\/5V<\/td>\n<\/tr>\n<tr>\n<td width=\"284\">Force d'actionnement<\/td>\n<td width=\"284\">250g \/ 2,45 n (point de pression)<\/td>\n<\/tr>\n<tr>\n<td width=\"284\">Temp\u00e9rature de travail<\/td>\n<td width=\"284\">-25\u2103~+65\u2103<\/td>\n<\/tr>\n<tr>\n<td width=\"284\">Temp\u00e9rature de stockage<\/td>\n<td width=\"284\">-40\u2103~+85\u2103<\/td>\n<\/tr>\n<tr>\n<td width=\"284\">Humidit\u00e9 relative<\/td>\n<td width=\"284\">30%-95%<\/td>\n<\/tr>\n<tr>\n<td width=\"284\">Pression atmosph\u00e9rique<\/td>\n<td width=\"284\">60kpa-106kpa<\/td>\n<\/tr>\n<tr>\n<td width=\"284\">Couleur LED<\/td>\n<td width=\"284\">Personnalis\u00e9<\/td>\n<\/tr>\n<\/tbody>\n<\/table>\n<p><iframe title=\"Lecteur vid\u00e9o YouTube\" src=\"https:\/\/www.youtube.com\/embed\/GFzmGB5ZxtM?si=NMuInmmguk2si1bU\" width=\"560\" height=\"315\" frameborder=\"0\" allowfullscreen=\"allowfullscreen\"><\/iframe><\/p>\n<p>1. Lorsque le clavier industriel de contr\u00f4le d'acc\u00e8s vient \u00e0 un b\u00e2timent commercial, la qualit\u00e9 est cruciale. Siniwo a mis en place un programme complet d'assurance qualit\u00e9. Notre engagement envers la qualit\u00e9 est d\u00e9montr\u00e9 par nos vastes m\u00e9thodes de test. Nous avons introduit l'\u00e9quipement le plus avanc\u00e9. Ces tests garantissent que notre clavier r\u00e9pond non seulement aux exigences techniques, mais r\u00e9pond \u00e9galement aux normes requises au pays et \u00e0 l'\u00e9tranger.<\/p>\n<p><img decoding=\"async\" class=\"alignnone wp-image-328 size-full\" src=\"http:\/\/siwoc.com\/wp-content\/uploads\/2025\/01\/2.-\u952e\u76d8\u6d4b\u8bd5\u8bbe\u5907\u6d41\u7a0b.jpg\" alt=\"\" width=\"900\" height=\"751\" srcset=\"https:\/\/www.cnsiwoc.com\/wp-content\/uploads\/2025\/01\/2.-\u952e\u76d8\u6d4b\u8bd5\u8bbe\u5907\u6d41\u7a0b.jpg 900w, https:\/\/www.cnsiwoc.com\/wp-content\/uploads\/2025\/01\/2.-\u952e\u76d8\u6d4b\u8bd5\u8bbe\u5907\u6d41\u7a0b-300x250.jpg 300w, https:\/\/www.cnsiwoc.com\/wp-content\/uploads\/2025\/01\/2.-\u952e\u76d8\u6d4b\u8bd5\u8bbe\u5907\u6d41\u7a0b-768x641.jpg 768w, https:\/\/www.cnsiwoc.com\/wp-content\/uploads\/2025\/01\/2.-\u952e\u76d8\u6d4b\u8bd5\u8bbe\u5907\u6d41\u7a0b-14x12.jpg 14w, https:\/\/www.cnsiwoc.com\/wp-content\/uploads\/2025\/01\/2.-\u952e\u76d8\u6d4b\u8bd5\u8bbe\u5907\u6d41\u7a0b-600x501.jpg 600w\" sizes=\"(max-width: 900px) 100vw, 900px\" \/><\/p>\n<p>2. Quels sont les avantages de choisir notre clavier industriel de contr\u00f4le d'acc\u00e8s? Avec une capacit\u00e9 de personnalisation flexible, nous offrons divers services \u00e0 nos clients, comme la diff\u00e9rence de couleur LED, la diff\u00e9rence d'ic\u00f4ne des boutons, m\u00eame un clavier de dimension diff\u00e9rent avec une enceinte appari\u00e9e, qui font que nos claviers se d\u00e9marquent de la concurrence avec leur robustesse, leurs cl\u00e9s \u00e9clair\u00e9es, leur qualit\u00e9 sup\u00e9rieure et leur prix. Nous priorisons la satisfaction du client et avons une \u00e9quipe d'experts pr\u00eats \u00e0 vous aider \u00e0 trouver la solution parfaite pour votre exigence sp\u00e9cifique.<\/p>\n<p><img decoding=\"async\" class=\"alignnone wp-image-329 size-full\" src=\"http:\/\/siwoc.com\/wp-content\/uploads\/2025\/01\/3.-\u53ef\u9009\u989c\u8272-\u7fd4\u9f99\u952e\u76d8\u706f\u73e0.jpg\" alt=\"\" width=\"750\" height=\"750\" srcset=\"https:\/\/www.cnsiwoc.com\/wp-content\/uploads\/2025\/01\/3.-\u53ef\u9009\u989c\u8272-\u7fd4\u9f99\u952e\u76d8\u706f\u73e0.jpg 750w, https:\/\/www.cnsiwoc.com\/wp-content\/uploads\/2025\/01\/3.-\u53ef\u9009\u989c\u8272-\u7fd4\u9f99\u952e\u76d8\u706f\u73e0-300x300.jpg 300w, https:\/\/www.cnsiwoc.com\/wp-content\/uploads\/2025\/01\/3.-\u53ef\u9009\u989c\u8272-\u7fd4\u9f99\u952e\u76d8\u706f\u73e0-150x150.jpg 150w, https:\/\/www.cnsiwoc.com\/wp-content\/uploads\/2025\/01\/3.-\u53ef\u9009\u989c\u8272-\u7fd4\u9f99\u952e\u76d8\u706f\u73e0-12x12.jpg 12w, https:\/\/www.cnsiwoc.com\/wp-content\/uploads\/2025\/01\/3.-\u53ef\u9009\u989c\u8272-\u7fd4\u9f99\u952e\u76d8\u706f\u73e0-600x600.jpg 600w, https:\/\/www.cnsiwoc.com\/wp-content\/uploads\/2025\/01\/3.-\u53ef\u9009\u989c\u8272-\u7fd4\u9f99\u952e\u76d8\u706f\u73e0-100x100.jpg 100w\" sizes=\"(max-width: 750px) 100vw, 750px\" \/><\/p>\n<p>3.Ce clavier industriel de contr\u00f4le d'acc\u00e8s pourrait \u00eatre utilis\u00e9 non seulement l'acc\u00e8s au b\u00e2timent, mais aussi dans l'entr\u00e9e t\u00e9l\u00e9phonique, le verrouillage du code d'interphone et de l'armoire \u00e0 l'int\u00e9rieur ou \u00e0 l'ext\u00e9rieur.<\/p>\n<p><img loading=\"lazy\" decoding=\"async\" class=\"alignnone wp-image-330 size-full\" src=\"http:\/\/siwoc.com\/wp-content\/uploads\/2025\/01\/4.-\u950c\u5408\u91d1\u5e94\u7528.jpg\" alt=\"\" width=\"750\" height=\"536\" srcset=\"https:\/\/www.cnsiwoc.com\/wp-content\/uploads\/2025\/01\/4.-\u950c\u5408\u91d1\u5e94\u7528.jpg 750w, https:\/\/www.cnsiwoc.com\/wp-content\/uploads\/2025\/01\/4.-\u950c\u5408\u91d1\u5e94\u7528-300x214.jpg 300w, https:\/\/www.cnsiwoc.com\/wp-content\/uploads\/2025\/01\/4.-\u950c\u5408\u91d1\u5e94\u7528-18x12.jpg 18w, https:\/\/www.cnsiwoc.com\/wp-content\/uploads\/2025\/01\/4.-\u950c\u5408\u91d1\u5e94\u7528-600x429.jpg 600w\" sizes=\"(max-width: 750px) 100vw, 750px\" \/><\/p>\n<p>&nbsp;<\/p>\n<p>&nbsp;<\/p>\n<p>&nbsp;<\/p>\n<p>&nbsp;<\/p>\n<p>&nbsp;<\/p>","protected":false},"excerpt":{"rendered":"<p>Siniwo est un fabricant et fournisseur de clavier industriel de contr\u00f4le d'acc\u00e8s \u00e0 grande \u00e9chelle en Chine, qui int\u00e9grant la R&amp;D, la production et les ventes. Nos produits couvrent la plupart des march\u00e9s europ\u00e9ens et am\u00e9ricains. Nous sommes impatients de devenir votre partenaire \u00e0 long terme en Chine.<\/p>","protected":false},"featured_media":322,"template":"","meta":[],"product_cat":[56,15],"product_tag":[57,59,58],"class_list":{"0":"post-320","1":"product","2":"type-product","3":"status-publish","4":"has-post-thumbnail","6":"product_cat-access-control-industrial-keypad","7":"product_cat-industrial-keypad","8":"product_tag-access-control-keypad","9":"product_tag-illuminated-keypad","10":"product_tag-led-backlight-keypad","12":"first","13":"instock","14":"shipping-taxable","15":"product-type-simple"},"_links":{"self":[{"href":"https:\/\/www.cnsiwoc.com\/fr\/wp-json\/wp\/v2\/product\/320","targetHints":{"allow":["GET"]}}],"collection":[{"href":"https:\/\/www.cnsiwoc.com\/fr\/wp-json\/wp\/v2\/product"}],"about":[{"href":"https:\/\/www.cnsiwoc.com\/fr\/wp-json\/wp\/v2\/types\/product"}],"version-history":[{"count":0,"href":"https:\/\/www.cnsiwoc.com\/fr\/wp-json\/wp\/v2\/product\/320\/revisions"}],"wp:featuredmedia":[{"embeddable":true,"href":"https:\/\/www.cnsiwoc.com\/fr\/wp-json\/wp\/v2\/media\/322"}],"wp:attachment":[{"href":"https:\/\/www.cnsiwoc.com\/fr\/wp-json\/wp\/v2\/media?parent=320"}],"wp:term":[{"taxonomy":"product_cat","embeddable":true,"href":"https:\/\/www.cnsiwoc.com\/fr\/wp-json\/wp\/v2\/product_cat?post=320"},{"taxonomy":"product_tag","embeddable":true,"href":"https:\/\/www.cnsiwoc.com\/fr\/wp-json\/wp\/v2\/product_tag?post=320"}],"curies":[{"name":"wp","href":"https:\/\/api.w.org\/{rel}","templated":true}]}}