{"id":288,"date":"2025-01-02T11:32:56","date_gmt":"2025-01-02T03:32:56","guid":{"rendered":"http:\/\/siwoc.com\/?post_type=product&#038;p=288"},"modified":"2025-01-02T11:41:27","modified_gmt":"2025-01-02T03:41:27","slug":"fire-fighter-portable-telephone-handset","status":"publish","type":"product","link":"https:\/\/www.cnsiwoc.com\/fr\/produit\/fire-fighter-portable-telephone-handset\/","title":{"rendered":"Fire Fire Fighter Portable T\u00e9l\u00e9phone"},"content":{"rendered":"<p>Ce combin\u00e9 t\u00e9l\u00e9phonique portable Siniwo Fire Fighter est sp\u00e9cialement con\u00e7u pour le syst\u00e8me de communication Fire Fighter et assorti \u00e0 une prise t\u00e9l\u00e9phonique en m\u00e9tal. Pour le combin\u00e9 t\u00e9l\u00e9phonique portable Fire Fighter dans ce d\u00e9pos\u00e9, la connexion stable et le bruit de fond sont des facteurs de cl\u00e9s auxquels r\u00e9fl\u00e9chir. L'\u00e9quipe de R&amp;D de Siniwo se concentre sur les d\u00e9tails lors de la cr\u00e9ation des produits et de l'inspection de qualit\u00e9 SOP de combin\u00e9 t\u00e9l\u00e9phonique portable Fire Fighter.<\/p>\n<p><iframe title=\"Lecteur vid\u00e9o YouTube\" src=\"https:\/\/www.youtube.com\/embed\/H7XEX5zfUoE?si=GelGdUbAt5O8Or3U\" width=\"560\" height=\"315\" frameborder=\"0\" allowfullscreen=\"allowfullscreen\"><\/iframe><\/p>\n<h2>Param\u00e8tre du Fire Fighter Portable T\u00e9l\u00e9phone Portable T\u00e9l\u00e9phone<\/h2>\n<table>\n<tbody>\n<tr>\n<td width=\"284\">Mod\u00e8le n \u00b0<\/td>\n<td width=\"284\">A23<\/td>\n<\/tr>\n<tr>\n<td width=\"284\">Mati\u00e8re premi\u00e8re<\/td>\n<td width=\"284\">\u00a0ABS UL94 HB (par d\u00e9faut)<\/p>\n<p>ABS UL94 V-0 (facultatif)<\/td>\n<\/tr>\n<tr>\n<td width=\"284\">Grade imperm\u00e9able<\/td>\n<td width=\"284\">IP65<\/td>\n<\/tr>\n<tr>\n<td width=\"284\">Bruit ambiant<\/td>\n<td width=\"284\">\u2264 60 dB<\/td>\n<\/tr>\n<tr>\n<td width=\"284\">Fr\u00e9quence de travail<\/td>\n<td width=\"284\">300 ~ 3400Hz<\/td>\n<\/tr>\n<tr>\n<td width=\"284\">SLR<\/td>\n<td width=\"284\">5 ~ 15 dB<\/td>\n<\/tr>\n<tr>\n<td width=\"284\">RLR<\/td>\n<td width=\"284\">-7 ~ 2 dB<\/td>\n<\/tr>\n<tr>\n<td width=\"284\">Fonction sp\u00e9ciale<\/td>\n<td width=\"284\">PTT Switch Fire Fighter Portable T\u00e9l\u00e9phone<\/td>\n<\/tr>\n<tr>\n<td width=\"284\">Temp\u00e9rature de travail<\/td>\n<td width=\"284\">Common: -20 \u2103 ~ + 40 \u2103<br \/>\nSp\u00e9cial: -40 \u2103 ~ + 50 \u2103<br \/>\n(Veuillez nous dire votre demande \u00e0 l'avance)<\/td>\n<\/tr>\n<tr>\n<td width=\"284\">Humidit\u00e9 relative<\/td>\n<td width=\"284\">\u226495%<\/td>\n<\/tr>\n<tr>\n<td width=\"284\">Pression atmosph\u00e9rique<\/td>\n<td width=\"284\">80 ~ 110kpa<\/td>\n<\/tr>\n<\/tbody>\n<\/table>\n<h2>Caract\u00e9ristique du combin\u00e9 de t\u00e9l\u00e9phone portable Fire Fighter<\/h2>\n<p>1. En tant que combin\u00e9 t\u00e9l\u00e9phonique portable de pompiers, Siniwo a d\u00e9velopp\u00e9 deux types de type de trou de sortie du cordon: l'une est une prise f\u00e9minine RJ11 et une autre est le moulage par injection, qui pourrait r\u00e9pondre \u00e0 la demande pour la majeure partie de la demande t\u00e9l\u00e9phonique d'urgence.<\/p>\n<p><img fetchpriority=\"high\" decoding=\"async\" class=\"alignnone wp-image-295 size-full\" src=\"http:\/\/siwoc.com\/wp-content\/uploads\/2025\/01\/1.-\u5c3a\u5bf8\u56fe.jpg\" alt=\"\" width=\"453\" height=\"543\" srcset=\"https:\/\/www.cnsiwoc.com\/wp-content\/uploads\/2025\/01\/1.-\u5c3a\u5bf8\u56fe.jpg 453w, https:\/\/www.cnsiwoc.com\/wp-content\/uploads\/2025\/01\/1.-\u5c3a\u5bf8\u56fe-250x300.jpg 250w, https:\/\/www.cnsiwoc.com\/wp-content\/uploads\/2025\/01\/1.-\u5c3a\u5bf8\u56fe-10x12.jpg 10w\" sizes=\"(max-width: 453px) 100vw, 453px\" \/><\/p>\n<p>&nbsp;<\/p>\n<p>2. En tant que combin\u00e9 t\u00e9l\u00e9phonique portable de pompiers dans les t\u00e9l\u00e9communications d'urgence d\u00e9pos\u00e9s, les indicateurs \u00e9lectroacoustiques sont tr\u00e8s importants lorsque nous le fabriquons. Siniwo a choisi plusieurs haut-parleurs et microphone communs pour le combin\u00e9 de t\u00e9l\u00e9phone d'urgence avec des d\u00e9tails de beuglement:<\/p>\n<p>1) D\u00e9tails de l'orateur:<br \/>\nR\u00e9cepteur standard-dynamique EA1503 (par d\u00e9faut)<br \/>\n- R\u00e9sistance DC: 130 \u00b1 10% ohm<br \/>\n- Plage de r\u00e9ponse en fr\u00e9quence: 300 Hz-3400 Hz<br \/>\n- Sensibilit\u00e9: 95 \u00b1 3 dB \u00e0 60 mV<br \/>\n- Imp\u00e9dance: 150 \u00b1 20% ohm \u00e0 1 kHz<\/p>\n<p>2) D\u00e9tails du microphone:<br \/>\n- Microphone standard en carbone EAOZ03 (par d\u00e9faut)<br \/>\n- Plage de r\u00e9ponse en fr\u00e9quence: 300 Hz-3400 Hz<br \/>\n- Sensibilit\u00e9: -12 \u00b1 3 dB<br \/>\n- A15T02 Microphone \u00e0 annulation du bruit (facultatif)<br \/>\n- Plage de r\u00e9ponse en fr\u00e9quence: 200 Hz-4000 Hz<br \/>\n- Sensibilit\u00e9: -65 \u00b1 3 dB<br \/>\n- Imp\u00e9dance: 10 \u00b1 20% ohm<br \/>\n- Rapport signal \/ bruit: \u226515 dB<br \/>\n- EB5421 Microphone \u00e9lectret (facultatif)<\/p>\n<p>3. Dans la plupart des b\u00e2timents commerciaux et r\u00e9sidentiels, un combin\u00e9 de t\u00e9l\u00e9phone portable Fire Fighter est invit\u00e9 \u00e0 montrer le nom de marque ou de marque ou de marque de grossiste, donc Siniwo propose ce service de logo personnalis\u00e9 ou un \u00e9tiquette d'autocollante pour tous les produits. Faites-nous savoir votre demande \u00e0 l'avance.<\/p>\n<p><img decoding=\"async\" class=\"alignnone wp-image-296 size-full\" src=\"http:\/\/siwoc.com\/wp-content\/uploads\/2025\/01\/2.-logo\u5b9a\u5236\u56fe.jpg\" alt=\"\" width=\"750\" height=\"895\" srcset=\"https:\/\/www.cnsiwoc.com\/wp-content\/uploads\/2025\/01\/2.-logo\u5b9a\u5236\u56fe.jpg 750w, https:\/\/www.cnsiwoc.com\/wp-content\/uploads\/2025\/01\/2.-logo\u5b9a\u5236\u56fe-251x300.jpg 251w, https:\/\/www.cnsiwoc.com\/wp-content\/uploads\/2025\/01\/2.-logo\u5b9a\u5236\u56fe-10x12.jpg 10w, https:\/\/www.cnsiwoc.com\/wp-content\/uploads\/2025\/01\/2.-logo\u5b9a\u5236\u56fe-600x716.jpg 600w\" sizes=\"(max-width: 750px) 100vw, 750px\" \/><\/p>\n<p>&nbsp;<\/p>\n<p>&nbsp;<\/p>\n<p>&nbsp;<\/p>\n<p>&nbsp;<\/p>\n<p>&nbsp;<\/p>\n<p>&nbsp;<\/p>\n<p>&nbsp;<\/p>\n<p>&nbsp;<\/p>","protected":false},"excerpt":{"rendered":"<p>Le combin\u00e9 de t\u00e9l\u00e9phone portable Siniwo Fire Fighter est con\u00e7u et fabriqu\u00e9 pour le syst\u00e8me d'alarme incendie et le t\u00e9l\u00e9phone d'urgence d'incendie en Chine. En tant qu'usine en Chine, Siniwo se concentre pour apporter de nouvelles machines automatiques dans le processus de production, comme les bras m\u00e9caniques, les machines de tri automatique, les machines de peinture automobile, etc. pour am\u00e9liorer la capacit\u00e9 quotidienne et r\u00e9duire compl\u00e8tement le co\u00fbt.<\/p>","protected":false},"featured_media":289,"template":"","meta":[],"product_cat":[41,24],"product_tag":[44,45,42,43],"class_list":{"0":"post-288","1":"product","2":"type-product","3":"status-publish","4":"has-post-thumbnail","6":"product_cat-fire-fighter-portable-telephone-handset","7":"product_cat-telephone-handset","8":"product_tag-fire-fighter-telephone-handset","9":"product_tag-fire-man-telephone-handset","10":"product_tag-firefighter-telephone-handset","11":"product_tag-fireman-telephone-handset","13":"first","14":"instock","15":"shipping-taxable","16":"product-type-simple"},"_links":{"self":[{"href":"https:\/\/www.cnsiwoc.com\/fr\/wp-json\/wp\/v2\/product\/288","targetHints":{"allow":["GET"]}}],"collection":[{"href":"https:\/\/www.cnsiwoc.com\/fr\/wp-json\/wp\/v2\/product"}],"about":[{"href":"https:\/\/www.cnsiwoc.com\/fr\/wp-json\/wp\/v2\/types\/product"}],"version-history":[{"count":0,"href":"https:\/\/www.cnsiwoc.com\/fr\/wp-json\/wp\/v2\/product\/288\/revisions"}],"wp:featuredmedia":[{"embeddable":true,"href":"https:\/\/www.cnsiwoc.com\/fr\/wp-json\/wp\/v2\/media\/289"}],"wp:attachment":[{"href":"https:\/\/www.cnsiwoc.com\/fr\/wp-json\/wp\/v2\/media?parent=288"}],"wp:term":[{"taxonomy":"product_cat","embeddable":true,"href":"https:\/\/www.cnsiwoc.com\/fr\/wp-json\/wp\/v2\/product_cat?post=288"},{"taxonomy":"product_tag","embeddable":true,"href":"https:\/\/www.cnsiwoc.com\/fr\/wp-json\/wp\/v2\/product_tag?post=288"}],"curies":[{"name":"wp","href":"https:\/\/api.w.org\/{rel}","templated":true}]}}