{"id":7,"date":"2024-12-25T09:54:43","date_gmt":"2024-12-25T01:54:43","guid":{"rendered":"http:\/\/siwoc.com\/index.php\/cart\/"},"modified":"2024-12-27T08:54:08","modified_gmt":"2024-12-27T00:54:08","slug":"cart","status":"publish","type":"page","link":"https:\/\/www.cnsiwoc.com\/fr\/cart\/","title":{"rendered":"Panier"},"content":{"rendered":"<div data-block-name=\"woocommerce\/cart\" class=\"wp-block-woocommerce-cart alignwide is-loading\"><div data-block-name=\"woocommerce\/filled-cart-block\" class=\"wp-block-woocommerce-filled-cart-block\"><div data-block-name=\"woocommerce\/cart-items-block\" class=\"wp-block-woocommerce-cart-items-block\"><div data-block-name=\"woocommerce\/cart-line-items-block\" class=\"wp-block-woocommerce-cart-line-items-block\"><\/div>\n\n<div data-block-name=\"woocommerce\/cart-cross-sells-block\" class=\"wp-block-woocommerce-cart-cross-sells-block\"><h2 class=\"wp-block-heading has-large-font-size\">Vous pourriez \u00eatre int\u00e9ress\u00e9 par cela\u2026<\/h2>\n\n<div data-block-name=\"woocommerce\/cart-cross-sells-products-block\" class=\"wp-block-woocommerce-cart-cross-sells-products-block\"><\/div><\/div><\/div>\n\n<div data-block-name=\"woocommerce\/cart-totals-block\" class=\"wp-block-woocommerce-cart-totals-block\"><div data-block-name=\"woocommerce\/cart-order-summary-block\" class=\"wp-block-woocommerce-cart-order-summary-block\"><div data-block-name=\"woocommerce\/cart-order-summary-heading-block\" class=\"wp-block-woocommerce-cart-order-summary-heading-block\"><\/div><div data-block-name=\"woocommerce\/cart-order-summary-coupon-form-block\" class=\"wp-block-woocommerce-cart-order-summary-coupon-form-block\"><\/div><div data-block-name=\"woocommerce\/cart-order-summary-totals-block\" class=\"wp-block-woocommerce-cart-order-summary-totals-block\">\n<div data-block-name=\"woocommerce\/cart-order-summary-subtotal-block\" class=\"wp-block-woocommerce-cart-order-summary-subtotal-block\"><\/div>\n<div data-block-name=\"woocommerce\/cart-order-summary-discount-block\" class=\"wp-block-woocommerce-cart-order-summary-discount-block\"><\/div>\n<div data-block-name=\"woocommerce\/cart-order-summary-fee-block\" class=\"wp-block-woocommerce-cart-order-summary-fee-block\"><\/div>\n<div data-block-name=\"woocommerce\/cart-order-summary-shipping-block\" class=\"wp-block-woocommerce-cart-order-summary-shipping-block\"><\/div>\n<div data-block-name=\"woocommerce\/cart-order-summary-taxes-block\" class=\"wp-block-woocommerce-cart-order-summary-taxes-block\"><\/div><\/div><\/div>\n\n<div data-block-name=\"woocommerce\/cart-express-payment-block\" class=\"wp-block-woocommerce-cart-express-payment-block\"><\/div>\n\n<div data-block-name=\"woocommerce\/proceed-to-checkout-block\" class=\"wp-block-woocommerce-proceed-to-checkout-block\"><\/div>\n\n<div data-block-name=\"woocommerce\/cart-accepted-payment-methods-block\" class=\"wp-block-woocommerce-cart-accepted-payment-methods-block\"><\/div><\/div><\/div>\n\n<div data-block-name=\"woocommerce\/empty-cart-block\" class=\"wp-block-woocommerce-empty-cart-block\"><h2 class=\"wp-block-heading has-text-align-center with-empty-cart-icon wc-block-cart__empty-cart__title\">Votre panier est actuellement vide!<\/h2>\n\n<hr class=\"wp-block-separator has-alpha-channel-opacity is-style-dots\"\/>\n\n<h2 class=\"wp-block-heading has-text-align-center\">Nouveaux produits dans le magasin<\/h2>\n\n<div data-block-name=\"woocommerce\/product-new\" data-columns=\"4\" data-rows=\"1\" class=\"wc-block-grid wp-block-product-new wp-block-woocommerce-product-new wc-block-product-new has-4-columns\"><ul class=\"wc-block-grid__products\"><li class=\"wc-block-grid__product\">\n\t\t\t\t<a href=\"https:\/\/www.cnsiwoc.com\/fr\/produit\/weatherproof-telephone-handset\/\" class=\"wc-block-grid__product-link\">\n\t\t\t\t\t\n\t\t\t\t\t<div class=\"wc-block-grid__product-image\"><img fetchpriority=\"high\" decoding=\"async\" width=\"300\" height=\"300\" src=\"https:\/\/www.cnsiwoc.com\/wp-content\/uploads\/2024\/12\/A01-300x300.jpg\" class=\"attachment-woocommerce_thumbnail size-woocommerce_thumbnail\" alt=\"Combin\u00e9 t\u00e9l\u00e9phonique r\u00e9sistant aux intemp\u00e9ries\" srcset=\"https:\/\/www.cnsiwoc.com\/wp-content\/uploads\/2024\/12\/A01-300x300.jpg 300w, https:\/\/www.cnsiwoc.com\/wp-content\/uploads\/2024\/12\/A01-150x150.jpg 150w, https:\/\/www.cnsiwoc.com\/wp-content\/uploads\/2024\/12\/A01-12x12.jpg 12w, https:\/\/www.cnsiwoc.com\/wp-content\/uploads\/2024\/12\/A01-600x600.jpg 600w, https:\/\/www.cnsiwoc.com\/wp-content\/uploads\/2024\/12\/A01-100x100.jpg 100w, https:\/\/www.cnsiwoc.com\/wp-content\/uploads\/2024\/12\/A01.jpg 750w\" sizes=\"(max-width: 300px) 100vw, 300px\" \/><\/div>\n\t\t\t\t\t<div class=\"wc-block-grid__product-title\">Combin\u00e9 t\u00e9l\u00e9phonique r\u00e9sistant aux intemp\u00e9ries<\/div>\n\t\t\t\t<\/a>\n\t\t\t\t<div class=\"wc-block-grid__product-price price\"><\/div>\n\t\t\t\t\n\t\t\t\t<div class=\"wp-block-button wc-block-grid__product-add-to-cart\"><a href=\"https:\/\/www.cnsiwoc.com\/fr\/produit\/weatherproof-telephone-handset\/\" aria-label=\"En savoir plus sur \u201cWeatherproof Telephone Handset\u201d\" data-quantity=\"1\" data-product_id=\"246\" data-product_sku=\"\" data-price=\"0\" rel=\"nofollow\" class=\"wp-block-button__link  add_to_cart_button\" data-no-translation=\"\" data-trp-gettext=\"\" data-no-translation-aria-label=\"\">Lire la suite<\/a><\/div>\n\t\t\t<\/li><li class=\"wc-block-grid__product\">\n\t\t\t\t<a href=\"https:\/\/www.cnsiwoc.com\/fr\/produit\/jail-telephone-hook-switch\/\" class=\"wc-block-grid__product-link\">\n\t\t\t\t\t\n\t\t\t\t\t<div class=\"wc-block-grid__product-image\"><img decoding=\"async\" width=\"300\" height=\"300\" src=\"https:\/\/www.cnsiwoc.com\/wp-content\/uploads\/2025\/01\/C13-2-300x300.jpg\" class=\"attachment-woocommerce_thumbnail size-woocommerce_thumbnail\" alt=\"Interrupteur de crochet t\u00e9l\u00e9phonique de prison\" srcset=\"https:\/\/www.cnsiwoc.com\/wp-content\/uploads\/2025\/01\/C13-2-300x300.jpg 300w, https:\/\/www.cnsiwoc.com\/wp-content\/uploads\/2025\/01\/C13-2-150x150.jpg 150w, https:\/\/www.cnsiwoc.com\/wp-content\/uploads\/2025\/01\/C13-2-12x12.jpg 12w, https:\/\/www.cnsiwoc.com\/wp-content\/uploads\/2025\/01\/C13-2-600x600.jpg 600w, https:\/\/www.cnsiwoc.com\/wp-content\/uploads\/2025\/01\/C13-2-100x100.jpg 100w, https:\/\/www.cnsiwoc.com\/wp-content\/uploads\/2025\/01\/C13-2.jpg 750w\" sizes=\"(max-width: 300px) 100vw, 300px\" \/><\/div>\n\t\t\t\t\t<div class=\"wc-block-grid__product-title\">Interrupteur de crochet t\u00e9l\u00e9phonique de prison<\/div>\n\t\t\t\t<\/a>\n\t\t\t\t<div class=\"wc-block-grid__product-price price\"><\/div>\n\t\t\t\t\n\t\t\t\t<div class=\"wp-block-button wc-block-grid__product-add-to-cart\"><a href=\"https:\/\/www.cnsiwoc.com\/fr\/produit\/jail-telephone-hook-switch\/\" aria-label=\"En savoir plus sur \u201cJail Telephone Hook Switch\u201d\" data-quantity=\"1\" data-product_id=\"416\" data-product_sku=\"\" data-price=\"0\" rel=\"nofollow\" class=\"wp-block-button__link  add_to_cart_button\" data-no-translation=\"\" data-trp-gettext=\"\" data-no-translation-aria-label=\"\">Lire la suite<\/a><\/div>\n\t\t\t<\/li><li class=\"wc-block-grid__product\">\n\t\t\t\t<a href=\"https:\/\/www.cnsiwoc.com\/fr\/produit\/fire-emergency-telephone-metal-enclosure\/\" class=\"wc-block-grid__product-link\">\n\t\t\t\t\t\n\t\t\t\t\t<div class=\"wc-block-grid__product-image\"><img decoding=\"async\" width=\"300\" height=\"300\" src=\"https:\/\/www.cnsiwoc.com\/wp-content\/uploads\/2025\/01\/a129ed6c-1a88-44ab-b7a3-dbd15f9bf3e9-300x300.jpg\" class=\"attachment-woocommerce_thumbnail size-woocommerce_thumbnail\" alt=\"Fire un enclos de m\u00e9tal t\u00e9l\u00e9phonique d&#039;urgence\" srcset=\"https:\/\/www.cnsiwoc.com\/wp-content\/uploads\/2025\/01\/a129ed6c-1a88-44ab-b7a3-dbd15f9bf3e9-300x300.jpg 300w, https:\/\/www.cnsiwoc.com\/wp-content\/uploads\/2025\/01\/a129ed6c-1a88-44ab-b7a3-dbd15f9bf3e9-150x150.jpg 150w, https:\/\/www.cnsiwoc.com\/wp-content\/uploads\/2025\/01\/a129ed6c-1a88-44ab-b7a3-dbd15f9bf3e9-12x12.jpg 12w, https:\/\/www.cnsiwoc.com\/wp-content\/uploads\/2025\/01\/a129ed6c-1a88-44ab-b7a3-dbd15f9bf3e9-600x600.jpg 600w, https:\/\/www.cnsiwoc.com\/wp-content\/uploads\/2025\/01\/a129ed6c-1a88-44ab-b7a3-dbd15f9bf3e9-100x100.jpg 100w, https:\/\/www.cnsiwoc.com\/wp-content\/uploads\/2025\/01\/a129ed6c-1a88-44ab-b7a3-dbd15f9bf3e9.jpg 750w\" sizes=\"(max-width: 300px) 100vw, 300px\" \/><\/div>\n\t\t\t\t\t<div class=\"wc-block-grid__product-title\">Fire un enclos de m\u00e9tal t\u00e9l\u00e9phonique d'urgence<\/div>\n\t\t\t\t<\/a>\n\t\t\t\t<div class=\"wc-block-grid__product-price price\"><\/div>\n\t\t\t\t\n\t\t\t\t<div class=\"wp-block-button wc-block-grid__product-add-to-cart\"><a href=\"https:\/\/www.cnsiwoc.com\/fr\/produit\/fire-emergency-telephone-metal-enclosure\/\" aria-label=\"En savoir plus sur \u201cFire Emergency Telephone Metal Enclosure\u201d\" data-quantity=\"1\" data-product_id=\"372\" data-product_sku=\"\" data-price=\"0\" rel=\"nofollow\" class=\"wp-block-button__link  add_to_cart_button\" data-no-translation=\"\" data-trp-gettext=\"\" data-no-translation-aria-label=\"\">Lire la suite<\/a><\/div>\n\t\t\t<\/li><li class=\"wc-block-grid__product\">\n\t\t\t\t<a href=\"https:\/\/www.cnsiwoc.com\/fr\/produit\/rs232-industrial-keypad\/\" class=\"wc-block-grid__product-link\">\n\t\t\t\t\t\n\t\t\t\t\t<div class=\"wc-block-grid__product-image\"><img loading=\"lazy\" decoding=\"async\" width=\"300\" height=\"300\" src=\"https:\/\/www.cnsiwoc.com\/wp-content\/uploads\/2025\/01\/B880-25-300x300.jpg\" class=\"attachment-woocommerce_thumbnail size-woocommerce_thumbnail\" alt=\"Rs232 Industrial Keypad\" srcset=\"https:\/\/www.cnsiwoc.com\/wp-content\/uploads\/2025\/01\/B880-25-300x300.jpg 300w, https:\/\/www.cnsiwoc.com\/wp-content\/uploads\/2025\/01\/B880-25-150x150.jpg 150w, https:\/\/www.cnsiwoc.com\/wp-content\/uploads\/2025\/01\/B880-25-12x12.jpg 12w, https:\/\/www.cnsiwoc.com\/wp-content\/uploads\/2025\/01\/B880-25-600x600.jpg 600w, https:\/\/www.cnsiwoc.com\/wp-content\/uploads\/2025\/01\/B880-25-100x100.jpg 100w, https:\/\/www.cnsiwoc.com\/wp-content\/uploads\/2025\/01\/B880-25.jpg 750w\" sizes=\"(max-width: 300px) 100vw, 300px\" \/><\/div>\n\t\t\t\t\t<div class=\"wc-block-grid__product-title\">Rs232 Industrial Keypad<\/div>\n\t\t\t\t<\/a>\n\t\t\t\t<div class=\"wc-block-grid__product-price price\"><\/div>\n\t\t\t\t\n\t\t\t\t<div class=\"wp-block-button wc-block-grid__product-add-to-cart\"><a href=\"https:\/\/www.cnsiwoc.com\/fr\/produit\/rs232-industrial-keypad\/\" aria-label=\"En savoir plus sur \u201cRS232 Industrial Keypad\u201d\" data-quantity=\"1\" data-product_id=\"350\" data-product_sku=\"\" data-price=\"0\" rel=\"nofollow\" class=\"wp-block-button__link  add_to_cart_button\" data-no-translation=\"\" data-trp-gettext=\"\" data-no-translation-aria-label=\"\">Lire la suite<\/a><\/div>\n\t\t\t<\/li><\/ul><\/div><\/div><\/div>","protected":false},"excerpt":{"rendered":"","protected":false},"author":1,"featured_media":0,"parent":0,"menu_order":0,"comment_status":"closed","ping_status":"closed","template":"","meta":{"footnotes":""},"class_list":["post-7","page","type-page","status-publish","hentry"],"_links":{"self":[{"href":"https:\/\/www.cnsiwoc.com\/fr\/wp-json\/wp\/v2\/pages\/7","targetHints":{"allow":["GET"]}}],"collection":[{"href":"https:\/\/www.cnsiwoc.com\/fr\/wp-json\/wp\/v2\/pages"}],"about":[{"href":"https:\/\/www.cnsiwoc.com\/fr\/wp-json\/wp\/v2\/types\/page"}],"author":[{"embeddable":true,"href":"https:\/\/www.cnsiwoc.com\/fr\/wp-json\/wp\/v2\/users\/1"}],"replies":[{"embeddable":true,"href":"https:\/\/www.cnsiwoc.com\/fr\/wp-json\/wp\/v2\/comments?post=7"}],"version-history":[{"count":0,"href":"https:\/\/www.cnsiwoc.com\/fr\/wp-json\/wp\/v2\/pages\/7\/revisions"}],"wp:attachment":[{"href":"https:\/\/www.cnsiwoc.com\/fr\/wp-json\/wp\/v2\/media?parent=7"}],"curies":[{"name":"wp","href":"https:\/\/api.w.org\/{rel}","templated":true}]}}