{"id":416,"date":"2025-01-13T14:44:59","date_gmt":"2025-01-13T06:44:59","guid":{"rendered":"http:\/\/siwoc.com\/?post_type=product&#038;p=416"},"modified":"2025-01-14T14:55:26","modified_gmt":"2025-01-14T06:55:26","slug":"jail-telephone-hook-switch","status":"publish","type":"product","link":"https:\/\/www.cnsiwoc.com\/es\/product\/jail-telephone-hook-switch\/","title":{"rendered":"Interruptor de gancho para tel\u00e9fono de la c\u00e1rcel"},"content":{"rendered":"<h2>Par\u00e1metro del conmutador de auricular del tel\u00e9fono de la celda:<\/h2>\n<table>\n<tbody>\n<tr>\n<td width=\"284\">N\u00famero de modelo<\/td>\n<td width=\"284\">C13<\/td>\n<\/tr>\n<tr>\n<td width=\"284\">Grado impermeable<\/td>\n<td width=\"284\">IP65<\/td>\n<\/tr>\n<tr>\n<td width=\"284\">Temperatura de operaci\u00f3n<\/td>\n<td width=\"284\">-30\uff5e+65\u2103<\/td>\n<\/tr>\n<tr>\n<td width=\"284\">Temperatura de almacenamiento<\/td>\n<td width=\"284\">-40\uff5e+85\u2103<\/td>\n<\/tr>\n<tr>\n<td width=\"284\">Vida \u00fatil<\/td>\n<td width=\"284\">M\u00e1s de 500,000 veces<\/td>\n<\/tr>\n<tr>\n<td width=\"284\">Humedad relativa<\/td>\n<td width=\"284\">30%-90%RH<\/td>\n<\/tr>\n<tr>\n<td width=\"284\">Presi\u00f3n atmosf\u00e9rica<\/td>\n<td width=\"284\">60~106 Kpa<\/td>\n<\/tr>\n<tr>\n<td width=\"284\">Material<\/td>\n<td width=\"284\">Aleaci\u00f3n de zinc<\/td>\n<\/tr>\n<tr>\n<td width=\"284\">Tratamiento de superficie<\/td>\n<td width=\"284\">Acabado cromado brillante o mate<\/td>\n<\/tr>\n<tr>\n<td width=\"284\">Otra Funci\u00f3n<\/td>\n<td width=\"284\">Con micro interruptor NO\/NC<\/td>\n<\/tr>\n<\/tbody>\n<\/table>\n<h2>Detalles del conmutador de tel\u00e9fono en la celda:<\/h2>\n<p>1. Este interruptor de tel\u00e9fono de la celda est\u00e1 fabricado en un aluminio zinc que es resistente a la violencia, por lo que aumenta su seguridad al utilizarse en prisi\u00f3n, sin importar cu\u00e1n violento sea el usuario. Con , el tel\u00e9fono podr\u00eda colgarse de lado, lo que es m\u00e1s seguro en la prisi\u00f3n.<\/p>\n<p><img fetchpriority=\"high\" decoding=\"async\" class=\"alignnone wp-image-422 size-full\" src=\"http:\/\/siwoc.com\/wp-content\/uploads\/2025\/01\/1.-\u7fd4\u9f99\u76d1\u72f1\u6302\u53c9\u6848\u4f8b.jpg\" alt=\"\" width=\"750\" height=\"668\" srcset=\"https:\/\/www.cnsiwoc.com\/wp-content\/uploads\/2025\/01\/1.-\u7fd4\u9f99\u76d1\u72f1\u6302\u53c9\u6848\u4f8b.jpg 750w, https:\/\/www.cnsiwoc.com\/wp-content\/uploads\/2025\/01\/1.-\u7fd4\u9f99\u76d1\u72f1\u6302\u53c9\u6848\u4f8b-300x267.jpg 300w, https:\/\/www.cnsiwoc.com\/wp-content\/uploads\/2025\/01\/1.-\u7fd4\u9f99\u76d1\u72f1\u6302\u53c9\u6848\u4f8b-13x12.jpg 13w, https:\/\/www.cnsiwoc.com\/wp-content\/uploads\/2025\/01\/1.-\u7fd4\u9f99\u76d1\u72f1\u6302\u53c9\u6848\u4f8b-600x534.jpg 600w\" sizes=\"(max-width: 750px) 100vw, 750px\" \/><\/p>\n<p>2. Este interruptor de conexi\u00f3n telef\u00f3nica de la celda podr\u00eda fabricarse con un microinterruptor normalmente cerrado o normalmente abierto, lo que hace que la comunicaci\u00f3n telef\u00f3nica sea m\u00e1s confiable durante su uso. La dimensi\u00f3n central en aumento es de tama\u00f1o com\u00fan, lo cual es adecuado para la mayor\u00eda de los tel\u00e9fonos en la prisi\u00f3n en el mercado global.<\/p>\n<p><img decoding=\"async\" class=\"alignnone wp-image-423 size-full\" src=\"http:\/\/siwoc.com\/wp-content\/uploads\/2025\/01\/2.-\u5c3a\u5bf8\u56fe-1.jpg\" alt=\"\" width=\"651\" height=\"563\" srcset=\"https:\/\/www.cnsiwoc.com\/wp-content\/uploads\/2025\/01\/2.-\u5c3a\u5bf8\u56fe-1.jpg 651w, https:\/\/www.cnsiwoc.com\/wp-content\/uploads\/2025\/01\/2.-\u5c3a\u5bf8\u56fe-1-300x259.jpg 300w, https:\/\/www.cnsiwoc.com\/wp-content\/uploads\/2025\/01\/2.-\u5c3a\u5bf8\u56fe-1-14x12.jpg 14w, https:\/\/www.cnsiwoc.com\/wp-content\/uploads\/2025\/01\/2.-\u5c3a\u5bf8\u56fe-1-600x519.jpg 600w\" sizes=\"(max-width: 651px) 100vw, 651px\" \/><\/p>\n<p>3. El tratamiento superficial del interruptor de tel\u00e9fono del calabozo es recubrimiento cromado, en color brillante o cromado, lo que hace que este interruptor de gancho sea m\u00e1s elegante y de mejor calidad en su aspecto. El tratamiento superficial es prueba de sal spray durante 72 horas para que el conmutador de tel\u00e9fono de la celda pueda instalarse completamente al aire libre.<br \/>\n<iframe title=\"Reproductor de video de YouTube\" src=\"https:\/\/www.youtube.com\/embed\/6At-Z045dvI?si=YpSU510pPZmRbIEd\" width=\"560\" height=\"315\" frameborder=\"0\" allowfullscreen=\"allowfullscreen\"><\/iframe><\/p>\n<p>4. SINIWO ofrece cualquier m\u00e9todo de env\u00edo seg\u00fan la solicitud del cliente, ya sea por mar, por aire, por tren o por correo expr\u00e9s. Nuestro excelente equipo de ventas podr\u00eda cooperar con el cliente y ofrecer el mejor precio razonable de flete para elegir. Por lo tanto, si tiene alguna solicitud especial sobre el env\u00edo, por favor h\u00e1ganoslo saber con anticipaci\u00f3n.<\/p>\n<p><img decoding=\"async\" class=\"alignnone wp-image-424 size-full\" src=\"http:\/\/siwoc.com\/wp-content\/uploads\/2025\/01\/3.\u8fd0\u8f93\u56fe.jpg\" alt=\"\" width=\"750\" height=\"424\" srcset=\"https:\/\/www.cnsiwoc.com\/wp-content\/uploads\/2025\/01\/3.\u8fd0\u8f93\u56fe.jpg 750w, https:\/\/www.cnsiwoc.com\/wp-content\/uploads\/2025\/01\/3.\u8fd0\u8f93\u56fe-300x170.jpg 300w, https:\/\/www.cnsiwoc.com\/wp-content\/uploads\/2025\/01\/3.\u8fd0\u8f93\u56fe-18x10.jpg 18w, https:\/\/www.cnsiwoc.com\/wp-content\/uploads\/2025\/01\/3.\u8fd0\u8f93\u56fe-600x339.jpg 600w\" sizes=\"(max-width: 750px) 100vw, 750px\" \/><\/p>","protected":false},"excerpt":{"rendered":"<p>SINIWO, como f\u00e1brica profesional, se ha especializado en la producci\u00f3n de interruptores de tel\u00e9fono en la celda durante 18 a\u00f1os. SINIWO ha estado mejorando continuamente su tecnolog\u00eda de proceso en el conmutador de tel\u00e9fono en la prisi\u00f3n y ha obtenido una buena reputaci\u00f3n por proporcionar productos de alta calidad y resolver diversos problemas para los clientes, gracias a su equipo de investigaci\u00f3n y desarrollo profesional y excelente servicio postventa.<\/p>","protected":false},"featured_media":418,"template":"","meta":[],"product_cat":[115,105,80],"product_tag":[106,107,108,100],"class_list":{"0":"post-416","1":"product","2":"type-product","3":"status-publish","4":"has-post-thumbnail","6":"product_cat-hot-selling-product","7":"product_cat-jail-telephone-hook-switch","8":"product_cat-telephone-accessory","9":"product_tag-jail-phone-hook-switch","10":"product_tag-mechanical-hook-switch","11":"product_tag-micro-switch-hook-switch","12":"product_tag-rugged-hook-switch","14":"first","15":"instock","16":"shipping-taxable","17":"product-type-simple"},"_links":{"self":[{"href":"https:\/\/www.cnsiwoc.com\/es\/wp-json\/wp\/v2\/product\/416","targetHints":{"allow":["GET"]}}],"collection":[{"href":"https:\/\/www.cnsiwoc.com\/es\/wp-json\/wp\/v2\/product"}],"about":[{"href":"https:\/\/www.cnsiwoc.com\/es\/wp-json\/wp\/v2\/types\/product"}],"version-history":[{"count":0,"href":"https:\/\/www.cnsiwoc.com\/es\/wp-json\/wp\/v2\/product\/416\/revisions"}],"wp:featuredmedia":[{"embeddable":true,"href":"https:\/\/www.cnsiwoc.com\/es\/wp-json\/wp\/v2\/media\/418"}],"wp:attachment":[{"href":"https:\/\/www.cnsiwoc.com\/es\/wp-json\/wp\/v2\/media?parent=416"}],"wp:term":[{"taxonomy":"product_cat","embeddable":true,"href":"https:\/\/www.cnsiwoc.com\/es\/wp-json\/wp\/v2\/product_cat?post=416"},{"taxonomy":"product_tag","embeddable":true,"href":"https:\/\/www.cnsiwoc.com\/es\/wp-json\/wp\/v2\/product_tag?post=416"}],"curies":[{"name":"wp","href":"https:\/\/api.w.org\/{rel}","templated":true}]}}