{"id":407,"date":"2025-01-02T14:38:43","date_gmt":"2025-01-02T06:38:43","guid":{"rendered":"http:\/\/siwoc.com\/?post_type=product&#038;p=407"},"modified":"2025-01-02T14:44:07","modified_gmt":"2025-01-02T06:44:07","slug":"emergency-telephone-hook-switch","status":"publish","type":"product","link":"https:\/\/www.cnsiwoc.com\/es\/product\/emergency-telephone-hook-switch\/","title":{"rendered":"Interruptor de gancho de tel\u00e9fono de emergencia"},"content":{"rendered":"<p>Este interruptor de gancho para tel\u00e9fono de emergencia SINIWO utiliza material ABS aprobado por UL con resistencia al impacto IZOD de 6,86 pies-libras por debajo de una muesca de 3,2 mm, lo que garantiza caracter\u00edsticas a prueba de vandalismo para campos industriales. Por lo tanto, es un tel\u00e9fono de emergencia adecuado instalado en cualquier lugar con dimensiones de instalaci\u00f3n comunes.<\/p>\n<p><img fetchpriority=\"high\" decoding=\"async\" class=\"alignnone wp-image-412 size-full\" src=\"http:\/\/siwoc.com\/wp-content\/uploads\/2025\/01\/1.-\u5c3a\u5bf8\u56fe-5.jpg\" alt=\"\" width=\"409\" height=\"591\" srcset=\"https:\/\/www.cnsiwoc.com\/wp-content\/uploads\/2025\/01\/1.-\u5c3a\u5bf8\u56fe-5.jpg 409w, https:\/\/www.cnsiwoc.com\/wp-content\/uploads\/2025\/01\/1.-\u5c3a\u5bf8\u56fe-5-208x300.jpg 208w, https:\/\/www.cnsiwoc.com\/wp-content\/uploads\/2025\/01\/1.-\u5c3a\u5bf8\u56fe-5-8x12.jpg 8w\" sizes=\"(max-width: 409px) 100vw, 409px\" \/><\/p>\n<h2>Par\u00e1metro del interruptor de gancho del tel\u00e9fono de emergencia.:<\/h2>\n<table>\n<tbody>\n<tr>\n<td width=\"284\">N\u00famero de modelo<\/td>\n<td width=\"284\">C11<\/td>\n<\/tr>\n<tr>\n<td width=\"284\">Grado impermeable<\/td>\n<td width=\"284\">IP65<\/td>\n<\/tr>\n<tr>\n<td width=\"284\">Certificado<\/td>\n<td width=\"284\">Aprobado por la CE<\/td>\n<\/tr>\n<tr>\n<td width=\"284\">Superficie<\/td>\n<td width=\"284\">mate<\/td>\n<\/tr>\n<tr>\n<td width=\"284\">Caracter\u00edstica<\/td>\n<td width=\"284\">Con interruptor de l\u00e1minas NC o NO<\/td>\n<\/tr>\n<tr>\n<td width=\"284\">vida laboral<\/td>\n<td width=\"284\">M\u00e1s de 500.000 veces<\/td>\n<\/tr>\n<tr>\n<td width=\"284\">Color<\/td>\n<td width=\"284\">Negro o rojo<\/td>\n<\/tr>\n<\/tbody>\n<\/table>\n<h2>Caracter\u00edstica del interruptor de gancho de tel\u00e9fono de emergencia:<\/h2>\n<p>1. Como interruptor de gancho de tel\u00e9fono de emergencia est\u00e1ndar utilizado en el \u00e1mbito industrial, est\u00e1 especialmente dise\u00f1ado y es adecuado para la mayor\u00eda de los tel\u00e9fonos de emergencia en dimensiones. Para funcionar con un auricular magn\u00e9tico, este interruptor de gancho para tel\u00e9fono de emergencia est\u00e1 dise\u00f1ado con la instalaci\u00f3n de un interruptor de l\u00e1minas normalmente cerrado o normalmente abierto, que admite una funci\u00f3n confiable para la comunicaci\u00f3n telef\u00f3nica.<\/p>\n<p>2.Este interruptor de gancho para tel\u00e9fono de emergencia es liviano despu\u00e9s de empacarlo con 80 unidades por caja hasta 3 kg. Por lo tanto, es muy f\u00e1cil da\u00f1ar desde el paquete hasta el interruptor de gancho durante el env\u00edo si se colocan mercanc\u00edas pesadas sobre \u00e9l. SINIWO ofrece servicio de paquete gratuito antes del env\u00edo con paleta o caja de madera para pedidos masivos para evitar da\u00f1os.<\/p>\n<p><img decoding=\"async\" class=\"alignnone wp-image-413 size-full\" src=\"http:\/\/siwoc.com\/wp-content\/uploads\/2025\/01\/2.-\u6302\u53c9\u5e94\u7528\u56fe.jpg\" alt=\"\" width=\"750\" height=\"668\" srcset=\"https:\/\/www.cnsiwoc.com\/wp-content\/uploads\/2025\/01\/2.-\u6302\u53c9\u5e94\u7528\u56fe.jpg 750w, https:\/\/www.cnsiwoc.com\/wp-content\/uploads\/2025\/01\/2.-\u6302\u53c9\u5e94\u7528\u56fe-300x267.jpg 300w, https:\/\/www.cnsiwoc.com\/wp-content\/uploads\/2025\/01\/2.-\u6302\u53c9\u5e94\u7528\u56fe-13x12.jpg 13w, https:\/\/www.cnsiwoc.com\/wp-content\/uploads\/2025\/01\/2.-\u6302\u53c9\u5e94\u7528\u56fe-600x534.jpg 600w\" sizes=\"(max-width: 750px) 100vw, 750px\" \/><\/p>\n<p>3. Para todos los interruptores de gancho telef\u00f3nico de emergencia de pl\u00e1stico fabricados por SINIWO, todos aceptamos la personalizaci\u00f3n del color de forma gratuita seg\u00fan la demanda del cliente con el color Pantone NO. o muestra de color seg\u00fan nuestra solicitud de cantidad m\u00ednima de pedido.<\/p>\n<p><img decoding=\"async\" class=\"alignnone wp-image-414 size-full\" src=\"http:\/\/siwoc.com\/wp-content\/uploads\/2025\/01\/3.\u53ef\u9009\u989c\u8272.jpg\" alt=\"\" width=\"750\" height=\"500\" srcset=\"https:\/\/www.cnsiwoc.com\/wp-content\/uploads\/2025\/01\/3.\u53ef\u9009\u989c\u8272.jpg 750w, https:\/\/www.cnsiwoc.com\/wp-content\/uploads\/2025\/01\/3.\u53ef\u9009\u989c\u8272-300x200.jpg 300w, https:\/\/www.cnsiwoc.com\/wp-content\/uploads\/2025\/01\/3.\u53ef\u9009\u989c\u8272-18x12.jpg 18w, https:\/\/www.cnsiwoc.com\/wp-content\/uploads\/2025\/01\/3.\u53ef\u9009\u989c\u8272-600x400.jpg 600w\" sizes=\"(max-width: 750px) 100vw, 750px\" \/><\/p>","protected":false},"excerpt":{"rendered":"<p>SINIWO es un proveedor y mayorista de interruptores de gancho telef\u00f3nico de emergencia con calidad y precio competitivos en China. Con las m\u00e1quinas de inyecci\u00f3n de moldeo avanzadas y brazos para autom\u00f3viles de las mejores marcas en China, SINIWO tiene una capacidad de producci\u00f3n constante de interruptores de gancho telef\u00f3nico de emergencia por d\u00eda.<\/p>","protected":false},"featured_media":409,"template":"","meta":[],"product_cat":[101,80],"product_tag":[102,103,104],"class_list":{"0":"post-407","1":"product","2":"type-product","3":"status-publish","4":"has-post-thumbnail","6":"product_cat-emergency-telephone-hook-switch","7":"product_cat-telephone-accessory","8":"product_tag-emergency-telephone-hook-switch","9":"product_tag-plastic-hook-switch","10":"product_tag-reed-switch-hook-switch","12":"first","13":"instock","14":"shipping-taxable","15":"product-type-simple"},"_links":{"self":[{"href":"https:\/\/www.cnsiwoc.com\/es\/wp-json\/wp\/v2\/product\/407","targetHints":{"allow":["GET"]}}],"collection":[{"href":"https:\/\/www.cnsiwoc.com\/es\/wp-json\/wp\/v2\/product"}],"about":[{"href":"https:\/\/www.cnsiwoc.com\/es\/wp-json\/wp\/v2\/types\/product"}],"version-history":[{"count":0,"href":"https:\/\/www.cnsiwoc.com\/es\/wp-json\/wp\/v2\/product\/407\/revisions"}],"wp:featuredmedia":[{"embeddable":true,"href":"https:\/\/www.cnsiwoc.com\/es\/wp-json\/wp\/v2\/media\/409"}],"wp:attachment":[{"href":"https:\/\/www.cnsiwoc.com\/es\/wp-json\/wp\/v2\/media?parent=407"}],"wp:term":[{"taxonomy":"product_cat","embeddable":true,"href":"https:\/\/www.cnsiwoc.com\/es\/wp-json\/wp\/v2\/product_cat?post=407"},{"taxonomy":"product_tag","embeddable":true,"href":"https:\/\/www.cnsiwoc.com\/es\/wp-json\/wp\/v2\/product_tag?post=407"}],"curies":[{"name":"wp","href":"https:\/\/api.w.org\/{rel}","templated":true}]}}