{"id":398,"date":"2025-01-02T14:31:15","date_gmt":"2025-01-02T06:31:15","guid":{"rendered":"http:\/\/siwoc.com\/?post_type=product&#038;p=398"},"modified":"2025-01-02T15:03:55","modified_gmt":"2025-01-02T07:03:55","slug":"metal-telephone-hook-switch","status":"publish","type":"product","link":"https:\/\/www.cnsiwoc.com\/es\/product\/metal-telephone-hook-switch\/","title":{"rendered":"Interruptor de gancho de tel\u00e9fono de metal"},"content":{"rendered":"<p>Este interruptor de gancho telef\u00f3nico de metal SINIWO es un interruptor de gancho telef\u00f3nico duradero con caracter\u00edsticas resistentes a la corrosi\u00f3n y a prueba de vandalismo despu\u00e9s del revestimiento. Este interruptor de gancho telef\u00f3nico de metal tiene una superficie resistente y una estructura de f\u00e1cil mantenimiento, lo cual es popular en el mercado industrial global.<\/p>\n<p><iframe title=\"Reproductor de video de YouTube\" src=\"https:\/\/www.youtube.com\/embed\/948OIfrmjmU?si=FIrRt1_oLpe1Qy-b\" width=\"560\" height=\"315\" frameborder=\"0\" allowfullscreen=\"allowfullscreen\"><\/iframe><\/p>\n<h2>Par\u00e1metro del interruptor de gancho telef\u00f3nico de metal.:<\/h2>\n<table>\n<tbody>\n<tr>\n<td width=\"284\">N\u00famero de modelo<\/td>\n<td width=\"284\">C06<\/td>\n<\/tr>\n<tr>\n<td width=\"284\">Grado impermeable<\/td>\n<td width=\"284\">IP65<\/td>\n<\/tr>\n<tr>\n<td width=\"284\">Certificado<\/td>\n<td width=\"284\">Aprobado por la CE<\/td>\n<\/tr>\n<tr>\n<td width=\"284\">Tratamiento superficial<\/td>\n<td width=\"284\">Cromado brillante o cromado mate<\/td>\n<\/tr>\n<tr>\n<td width=\"284\">Caracter\u00edstica<\/td>\n<td width=\"284\">Con interruptor de l\u00e1minas NC o NO<\/td>\n<\/tr>\n<tr>\n<td width=\"284\">Embalaje<\/td>\n<td width=\"284\">50pcs\/carton<\/td>\n<\/tr>\n<tr>\n<td width=\"284\">G.W.<\/td>\n<td width=\"284\">13kg\/carton<\/td>\n<\/tr>\n<tr>\n<td width=\"284\">vida laboral<\/td>\n<td width=\"284\">M\u00e1s de 500.000 veces<\/td>\n<\/tr>\n<\/tbody>\n<\/table>\n<h2>Caracter\u00edstica del interruptor de gancho telef\u00f3nico de metal:<\/h2>\n<p>1. Este interruptor de gancho met\u00e1lico para tel\u00e9fono est\u00e1 especialmente dise\u00f1ado y es adecuado para la mayor\u00eda de los tel\u00e9fonos estilo G en dimensiones, lo que podr\u00eda ayudar a los clientes a ofrecer un servicio integral. Con el interruptor de gancho telef\u00f3nico de metal fabricado en China, SINIWO gana una buena reputaci\u00f3n entre los clientes con un buen servicio.<\/p>\n<p><img fetchpriority=\"high\" decoding=\"async\" class=\"alignnone wp-image-403 size-full\" src=\"http:\/\/siwoc.com\/wp-content\/uploads\/2025\/01\/1.\u5c3a\u5bf8\u56fe-2.jpg\" alt=\"\" width=\"376\" height=\"365\" srcset=\"https:\/\/www.cnsiwoc.com\/wp-content\/uploads\/2025\/01\/1.\u5c3a\u5bf8\u56fe-2.jpg 376w, https:\/\/www.cnsiwoc.com\/wp-content\/uploads\/2025\/01\/1.\u5c3a\u5bf8\u56fe-2-300x291.jpg 300w, https:\/\/www.cnsiwoc.com\/wp-content\/uploads\/2025\/01\/1.\u5c3a\u5bf8\u56fe-2-12x12.jpg 12w\" sizes=\"(max-width: 376px) 100vw, 376px\" \/><\/p>\n<p>&nbsp;<\/p>\n<p>2. Este interruptor de gancho met\u00e1lico para tel\u00e9fono se utiliza principalmente para tel\u00e9fonos industriales en plataformas de gas y petr\u00f3leo o puertos mar\u00edtimos con corrosi\u00f3n qu\u00edmica y de agua de mar, o tel\u00e9fonos de c\u00e1rceles que necesitan soportar la violencia de los prisioneros. Por eso utilizamos material Zamak con revestimiento de superficie que puede soportar la prueba de niebla salina de alta concentraci\u00f3n.<\/p>\n<p><img decoding=\"async\" class=\"alignnone wp-image-404 size-full\" src=\"http:\/\/siwoc.com\/wp-content\/uploads\/2025\/01\/2.\u6302\u53c9\u5e94\u7528.jpg\" alt=\"\" width=\"750\" height=\"536\" srcset=\"https:\/\/www.cnsiwoc.com\/wp-content\/uploads\/2025\/01\/2.\u6302\u53c9\u5e94\u7528.jpg 750w, https:\/\/www.cnsiwoc.com\/wp-content\/uploads\/2025\/01\/2.\u6302\u53c9\u5e94\u7528-300x214.jpg 300w, https:\/\/www.cnsiwoc.com\/wp-content\/uploads\/2025\/01\/2.\u6302\u53c9\u5e94\u7528-18x12.jpg 18w, https:\/\/www.cnsiwoc.com\/wp-content\/uploads\/2025\/01\/2.\u6302\u53c9\u5e94\u7528-600x429.jpg 600w\" sizes=\"(max-width: 750px) 100vw, 750px\" \/><\/p>\n<p>3. Este interruptor de gancho telef\u00f3nico de metal se puede fabricar con un interruptor de l\u00e1minas normalmente abierto o normalmente cerrado seg\u00fan la solicitud del cliente. Es pesado despu\u00e9s del embalaje con 0,3 kg por unidad y el tratamiento de la superficie es cromado brillante o mate, por lo que SINIWO lo empaquetar\u00eda dos veces con paleta o caja de madera para pedidos en masa para evitar da\u00f1os durante el env\u00edo.<\/p>\n<p><img decoding=\"async\" class=\"alignnone wp-image-405 size-full\" src=\"http:\/\/siwoc.com\/wp-content\/uploads\/2025\/01\/3.\u6253\u5305\u56fe.jpg\" alt=\"\" width=\"750\" height=\"654\" srcset=\"https:\/\/www.cnsiwoc.com\/wp-content\/uploads\/2025\/01\/3.\u6253\u5305\u56fe.jpg 750w, https:\/\/www.cnsiwoc.com\/wp-content\/uploads\/2025\/01\/3.\u6253\u5305\u56fe-300x262.jpg 300w, https:\/\/www.cnsiwoc.com\/wp-content\/uploads\/2025\/01\/3.\u6253\u5305\u56fe-14x12.jpg 14w, https:\/\/www.cnsiwoc.com\/wp-content\/uploads\/2025\/01\/3.\u6253\u5305\u56fe-600x523.jpg 600w\" sizes=\"(max-width: 750px) 100vw, 750px\" \/><\/p>","protected":false},"excerpt":{"rendered":"<p>SINIWO es una f\u00e1brica original de interruptores de gancho telef\u00f3nico de metal desde hace 18 a\u00f1os en China. Con m\u00e1quinas avanzadas de fundici\u00f3n a presi\u00f3n que se actualizan con brazos autom\u00e1ticos, SINIWO podr\u00eda producir 2000 unidades de interruptores de gancho telef\u00f3nico de metal calificados por d\u00eda.<\/p>","protected":false},"featured_media":400,"template":"","meta":[],"product_cat":[96,80],"product_tag":[99,98,100,97],"class_list":{"0":"post-398","1":"product","2":"type-product","3":"status-publish","4":"has-post-thumbnail","6":"product_cat-metal-telephone-hook-switch","7":"product_cat-telephone-accessory","8":"product_tag-magnetic-hook-switch","9":"product_tag-metal-hook-switch","10":"product_tag-rugged-hook-switch","11":"product_tag-telephone-hook-switch","13":"first","14":"instock","15":"shipping-taxable","16":"product-type-simple"},"_links":{"self":[{"href":"https:\/\/www.cnsiwoc.com\/es\/wp-json\/wp\/v2\/product\/398","targetHints":{"allow":["GET"]}}],"collection":[{"href":"https:\/\/www.cnsiwoc.com\/es\/wp-json\/wp\/v2\/product"}],"about":[{"href":"https:\/\/www.cnsiwoc.com\/es\/wp-json\/wp\/v2\/types\/product"}],"version-history":[{"count":0,"href":"https:\/\/www.cnsiwoc.com\/es\/wp-json\/wp\/v2\/product\/398\/revisions"}],"wp:featuredmedia":[{"embeddable":true,"href":"https:\/\/www.cnsiwoc.com\/es\/wp-json\/wp\/v2\/media\/400"}],"wp:attachment":[{"href":"https:\/\/www.cnsiwoc.com\/es\/wp-json\/wp\/v2\/media?parent=398"}],"wp:term":[{"taxonomy":"product_cat","embeddable":true,"href":"https:\/\/www.cnsiwoc.com\/es\/wp-json\/wp\/v2\/product_cat?post=398"},{"taxonomy":"product_tag","embeddable":true,"href":"https:\/\/www.cnsiwoc.com\/es\/wp-json\/wp\/v2\/product_tag?post=398"}],"curies":[{"name":"wp","href":"https:\/\/api.w.org\/{rel}","templated":true}]}}