{"id":389,"date":"2025-01-02T14:25:40","date_gmt":"2025-01-02T06:25:40","guid":{"rendered":"http:\/\/siwoc.com\/?post_type=product&#038;p=389"},"modified":"2025-01-02T15:02:55","modified_gmt":"2025-01-02T07:02:55","slug":"firefighter-telephone-jack","status":"publish","type":"product","link":"https:\/\/www.cnsiwoc.com\/es\/product\/firefighter-telephone-jack\/","title":{"rendered":"Conector telef\u00f3nico de bombero"},"content":{"rendered":"<p>El conector telef\u00f3nico para bomberos de SINIWO es un conector antivand\u00e1lico con una larga vida \u00fatil. Se utiliza com\u00fanmente en el campo de la protecci\u00f3n contra incendios y se utiliza junto con auriculares telef\u00f3nicos contra incendios con conector de audio hembra de 6,35 mm.<\/p>\n<p><img fetchpriority=\"high\" decoding=\"async\" class=\"alignnone wp-image-393 size-full\" src=\"http:\/\/siwoc.com\/wp-content\/uploads\/2025\/01\/1.-\u4ea7\u54c1\u7ec4\u5408\u56fe.jpg\" alt=\"\" width=\"750\" height=\"750\" srcset=\"https:\/\/www.cnsiwoc.com\/wp-content\/uploads\/2025\/01\/1.-\u4ea7\u54c1\u7ec4\u5408\u56fe.jpg 750w, https:\/\/www.cnsiwoc.com\/wp-content\/uploads\/2025\/01\/1.-\u4ea7\u54c1\u7ec4\u5408\u56fe-300x300.jpg 300w, https:\/\/www.cnsiwoc.com\/wp-content\/uploads\/2025\/01\/1.-\u4ea7\u54c1\u7ec4\u5408\u56fe-150x150.jpg 150w, https:\/\/www.cnsiwoc.com\/wp-content\/uploads\/2025\/01\/1.-\u4ea7\u54c1\u7ec4\u5408\u56fe-12x12.jpg 12w, https:\/\/www.cnsiwoc.com\/wp-content\/uploads\/2025\/01\/1.-\u4ea7\u54c1\u7ec4\u5408\u56fe-600x600.jpg 600w, https:\/\/www.cnsiwoc.com\/wp-content\/uploads\/2025\/01\/1.-\u4ea7\u54c1\u7ec4\u5408\u56fe-100x100.jpg 100w\" sizes=\"(max-width: 750px) 100vw, 750px\" \/><\/p>\n<h2>Par\u00e1metro del conector telef\u00f3nico de bomberos.:<\/h2>\n<table>\n<tbody>\n<tr>\n<td width=\"284\">N\u00famero de modelo<\/td>\n<td width=\"284\">LW067<\/td>\n<\/tr>\n<tr>\n<td width=\"284\">Grado impermeable<\/td>\n<td width=\"284\">IP65<\/td>\n<\/tr>\n<tr>\n<td width=\"284\">Nombre del producto<\/td>\n<td width=\"284\">\u00a0toma de tel\u00e9fono de bombero<\/td>\n<\/tr>\n<tr>\n<td width=\"284\">Solicitud<\/td>\n<td width=\"284\">\u00a0piezas de tel\u00e9fono de bombero<\/td>\n<\/tr>\n<tr>\n<td width=\"284\">Caracter\u00edstica<\/td>\n<td width=\"284\">escabroso<\/td>\n<\/tr>\n<tr>\n<td width=\"284\">Lugar de origen<\/td>\n<td width=\"284\">Zhejiang, China<\/td>\n<\/tr>\n<tr>\n<td width=\"284\">Material<\/td>\n<td width=\"284\">SUS304 acero inoxidable cepillado o aluminio<\/td>\n<\/tr>\n<tr>\n<td width=\"284\">Garant\u00eda<\/td>\n<td width=\"284\">1 a\u00f1o<\/td>\n<\/tr>\n<tr>\n<td width=\"284\">LOGO<\/td>\n<td width=\"284\">Logotipo personalizado mediante impresi\u00f3n l\u00e1ser.<\/td>\n<\/tr>\n<\/tbody>\n<\/table>\n<h2>Caracter\u00edstica del conector telef\u00f3nico de bombero.:<\/h2>\n<p>1.Como fabricante especializado en la producci\u00f3n de tomas telef\u00f3nicas para bomberos, est\u00e1 dise\u00f1ado para combinar con diferentes tipos de tel\u00e9fonos, haci\u00e9ndolo verdaderamente personalizado. Normalmente, este conector telef\u00f3nico est\u00e1 fabricado en acero inoxidable cepillado SUS304, pero hay disponible material de aluminio.<\/p>\n<p><img decoding=\"async\" class=\"alignnone wp-image-394 size-full\" src=\"http:\/\/siwoc.com\/wp-content\/uploads\/2025\/01\/2.-\u5c3a\u5bf8\u56fe.jpg\" alt=\"\" width=\"568\" height=\"529\" srcset=\"https:\/\/www.cnsiwoc.com\/wp-content\/uploads\/2025\/01\/2.-\u5c3a\u5bf8\u56fe.jpg 568w, https:\/\/www.cnsiwoc.com\/wp-content\/uploads\/2025\/01\/2.-\u5c3a\u5bf8\u56fe-300x279.jpg 300w, https:\/\/www.cnsiwoc.com\/wp-content\/uploads\/2025\/01\/2.-\u5c3a\u5bf8\u56fe-13x12.jpg 13w\" sizes=\"(max-width: 568px) 100vw, 568px\" \/><\/p>\n<p>2.Cuando dise\u00f1amos el conector telef\u00f3nico para bomberos, para cumplir con los est\u00e1ndares de protecci\u00f3n contra incendios, dise\u00f1amos y producimos muchos tipos de productos para evaluaci\u00f3n funcional para garantizar la seguridad y durabilidad de los productos. La toma de tel\u00e9fono para bomberos no s\u00f3lo se utiliza en el campo de la protecci\u00f3n contra incendios, sino que tambi\u00e9n se puede utilizar en muchos lugares p\u00fablicos. Las tomas telef\u00f3nicas para bomberos son vers\u00e1tiles y se pueden utilizar como medio de comunicaci\u00f3n dondequiera que haya un auricular telef\u00f3nico.<\/p>\n<p><img decoding=\"async\" class=\"alignnone wp-image-395 size-full\" src=\"http:\/\/siwoc.com\/wp-content\/uploads\/2025\/01\/3.-\u6d88\u9632\u884c\u4e1a\u6848\u4f8b.jpg\" alt=\"\" width=\"750\" height=\"668\" srcset=\"https:\/\/www.cnsiwoc.com\/wp-content\/uploads\/2025\/01\/3.-\u6d88\u9632\u884c\u4e1a\u6848\u4f8b.jpg 750w, https:\/\/www.cnsiwoc.com\/wp-content\/uploads\/2025\/01\/3.-\u6d88\u9632\u884c\u4e1a\u6848\u4f8b-300x267.jpg 300w, https:\/\/www.cnsiwoc.com\/wp-content\/uploads\/2025\/01\/3.-\u6d88\u9632\u884c\u4e1a\u6848\u4f8b-13x12.jpg 13w, https:\/\/www.cnsiwoc.com\/wp-content\/uploads\/2025\/01\/3.-\u6d88\u9632\u884c\u4e1a\u6848\u4f8b-600x534.jpg 600w\" sizes=\"(max-width: 750px) 100vw, 750px\" \/><\/p>\n<p>3. Para este conector telef\u00f3nico de bombero, aceptamos logotipos personalizados mediante impresi\u00f3n l\u00e1ser. Por lo tanto, cualquier archivo de logotipo est\u00e1 disponible para usarlo cuando sea necesario.<\/p>\n<p><img loading=\"lazy\" decoding=\"async\" class=\"alignnone wp-image-396 size-full\" src=\"http:\/\/siwoc.com\/wp-content\/uploads\/2025\/01\/4.-logo\u62fc\u56fe.jpg\" alt=\"\" width=\"750\" height=\"895\" srcset=\"https:\/\/www.cnsiwoc.com\/wp-content\/uploads\/2025\/01\/4.-logo\u62fc\u56fe.jpg 750w, https:\/\/www.cnsiwoc.com\/wp-content\/uploads\/2025\/01\/4.-logo\u62fc\u56fe-251x300.jpg 251w, https:\/\/www.cnsiwoc.com\/wp-content\/uploads\/2025\/01\/4.-logo\u62fc\u56fe-10x12.jpg 10w, https:\/\/www.cnsiwoc.com\/wp-content\/uploads\/2025\/01\/4.-logo\u62fc\u56fe-600x716.jpg 600w\" sizes=\"(max-width: 750px) 100vw, 750px\" \/><\/p>","protected":false},"excerpt":{"rendered":"<p>SINIWO es el fabricante y proveedor original de conectores telef\u00f3nicos para bomberos en China. Contamos con un equipo profesional e instalaciones completas para brindar a los clientes de todo el mundo productos asequibles y de la mejor calidad. Como fabricante de conectores telef\u00f3nicos para bomberos en China, estamos decididos a personalizar los productos m\u00e1s satisfactorios para nuestros clientes.<\/p>","protected":false},"featured_media":390,"template":"","meta":[],"product_cat":[91,80],"product_tag":[93,95,94,92],"class_list":{"0":"post-389","1":"product","2":"type-product","3":"status-publish","4":"has-post-thumbnail","6":"product_cat-firefighter-telephone-jack","7":"product_cat-telephone-accessory","8":"product_tag-firefighter-telephone-jack","9":"product_tag-metal-telephone-jack","10":"product_tag-stainless-steel-telephone-jack","11":"product_tag-telephone-jack","13":"first","14":"instock","15":"shipping-taxable","16":"product-type-simple"},"_links":{"self":[{"href":"https:\/\/www.cnsiwoc.com\/es\/wp-json\/wp\/v2\/product\/389","targetHints":{"allow":["GET"]}}],"collection":[{"href":"https:\/\/www.cnsiwoc.com\/es\/wp-json\/wp\/v2\/product"}],"about":[{"href":"https:\/\/www.cnsiwoc.com\/es\/wp-json\/wp\/v2\/types\/product"}],"version-history":[{"count":0,"href":"https:\/\/www.cnsiwoc.com\/es\/wp-json\/wp\/v2\/product\/389\/revisions"}],"wp:featuredmedia":[{"embeddable":true,"href":"https:\/\/www.cnsiwoc.com\/es\/wp-json\/wp\/v2\/media\/390"}],"wp:attachment":[{"href":"https:\/\/www.cnsiwoc.com\/es\/wp-json\/wp\/v2\/media?parent=389"}],"wp:term":[{"taxonomy":"product_cat","embeddable":true,"href":"https:\/\/www.cnsiwoc.com\/es\/wp-json\/wp\/v2\/product_cat?post=389"},{"taxonomy":"product_tag","embeddable":true,"href":"https:\/\/www.cnsiwoc.com\/es\/wp-json\/wp\/v2\/product_tag?post=389"}],"curies":[{"name":"wp","href":"https:\/\/api.w.org\/{rel}","templated":true}]}}