{"id":379,"date":"2025-01-02T14:12:58","date_gmt":"2025-01-02T06:12:58","guid":{"rendered":"http:\/\/siwoc.com\/?post_type=product&#038;p=379"},"modified":"2025-01-09T09:44:03","modified_gmt":"2025-01-09T01:44:03","slug":"fire-telephone-metal-enclosure","status":"publish","type":"product","link":"https:\/\/www.cnsiwoc.com\/es\/product\/fire-telephone-metal-enclosure\/","title":{"rendered":"Caja met\u00e1lica para tel\u00e9fono contra incendios"},"content":{"rendered":"<p>La carcasa met\u00e1lica para tel\u00e9fono contra incendios SINIWO es una carcasa protectora duradera para auriculares telef\u00f3nicos resistente a la intemperie y a la violencia. Esta carcasa met\u00e1lica para tel\u00e9fono contra incendios tiene una superficie s\u00f3lida y cierta capacidad para resistir la presi\u00f3n. Es un recinto protector proporcionado por SINIWO para tel\u00e9fonos p\u00fablicos contra incendios, como estaciones de bomberos y estaciones de gas natural.<\/p>\n<h2>Par\u00e1metro de la carcasa met\u00e1lica del tel\u00e9fono contra incendios.:<\/h2>\n<table>\n<tbody>\n<tr>\n<td width=\"284\">N\u00famero de modelo<\/td>\n<td width=\"284\">L38<\/td>\n<\/tr>\n<tr>\n<td width=\"284\">Grado impermeable<\/td>\n<td width=\"284\">IP65<\/td>\n<\/tr>\n<tr>\n<td width=\"284\">Funci\u00f3n<\/td>\n<td width=\"284\">proteger el tel\u00e9fono<\/td>\n<\/tr>\n<tr>\n<td width=\"284\">Solicitud<\/td>\n<td width=\"284\">tel\u00e9fono de emergencia contra incendios<\/td>\n<\/tr>\n<tr>\n<td width=\"284\">Caracter\u00edstica<\/td>\n<td width=\"284\">escabroso<\/td>\n<\/tr>\n<tr>\n<td width=\"284\">Lugar de origen<\/td>\n<td width=\"284\">Zhejiang, China<\/td>\n<\/tr>\n<tr>\n<td width=\"284\">Nombre del producto<\/td>\n<td width=\"284\">recinto met\u00e1lico<\/td>\n<\/tr>\n<tr>\n<td width=\"284\">Garant\u00eda<\/td>\n<td width=\"284\">1 a\u00f1o<\/td>\n<\/tr>\n<tr>\n<td width=\"284\">Color<\/td>\n<td width=\"284\">Color personalizado<\/td>\n<\/tr>\n<\/tbody>\n<\/table>\n<h2>Caracter\u00edstica de la carcasa met\u00e1lica del tel\u00e9fono contra incendios.:<\/h2>\n<p>1. La carcasa met\u00e1lica del tel\u00e9fono contra incendios se adapta a la mayor\u00eda de los tel\u00e9fonos contra incendios. Como fabricante con instalaciones bien equipadas y un equipo profesional, satisfacemos activamente las necesidades de los clientes al dise\u00f1ar carcasas para proteger los tel\u00e9fonos y brindarles los productos m\u00e1s satisfactorios.<\/p>\n<p><img fetchpriority=\"high\" decoding=\"async\" class=\"alignnone wp-image-385 size-full\" src=\"http:\/\/siwoc.com\/wp-content\/uploads\/2025\/01\/1.-L38\u5c3a\u5bf8\u56fe.jpg\" alt=\"\" width=\"819\" height=\"651\" srcset=\"https:\/\/www.cnsiwoc.com\/wp-content\/uploads\/2025\/01\/1.-L38\u5c3a\u5bf8\u56fe.jpg 819w, https:\/\/www.cnsiwoc.com\/wp-content\/uploads\/2025\/01\/1.-L38\u5c3a\u5bf8\u56fe-300x238.jpg 300w, https:\/\/www.cnsiwoc.com\/wp-content\/uploads\/2025\/01\/1.-L38\u5c3a\u5bf8\u56fe-768x610.jpg 768w, https:\/\/www.cnsiwoc.com\/wp-content\/uploads\/2025\/01\/1.-L38\u5c3a\u5bf8\u56fe-15x12.jpg 15w, https:\/\/www.cnsiwoc.com\/wp-content\/uploads\/2025\/01\/1.-L38\u5c3a\u5bf8\u56fe-600x477.jpg 600w\" sizes=\"(max-width: 819px) 100vw, 819px\" \/><\/p>\n<p>2.Cuando dise\u00f1amos la carcasa met\u00e1lica para tel\u00e9fonos contra incendios, consideramos muchos factores tales como: factores ambientales hostiles, factores clim\u00e1ticos, circunstancias especiales, etc. Por lo tanto, para cumplir con los est\u00e1ndares de protecci\u00f3n contra incendios, dise\u00f1amos y producimos la carcasa met\u00e1lica para tel\u00e9fonos contra incendios espec\u00edficamente para el campo de la protecci\u00f3n contra incendios.<\/p>\n<p><img decoding=\"async\" class=\"alignnone wp-image-386 size-full\" src=\"http:\/\/siwoc.com\/wp-content\/uploads\/2025\/01\/2.-\u6d88\u9632\u884c\u4e1a\u6848\u4f8b.jpg\" alt=\"\" width=\"750\" height=\"668\" srcset=\"https:\/\/www.cnsiwoc.com\/wp-content\/uploads\/2025\/01\/2.-\u6d88\u9632\u884c\u4e1a\u6848\u4f8b.jpg 750w, https:\/\/www.cnsiwoc.com\/wp-content\/uploads\/2025\/01\/2.-\u6d88\u9632\u884c\u4e1a\u6848\u4f8b-300x267.jpg 300w, https:\/\/www.cnsiwoc.com\/wp-content\/uploads\/2025\/01\/2.-\u6d88\u9632\u884c\u4e1a\u6848\u4f8b-13x12.jpg 13w, https:\/\/www.cnsiwoc.com\/wp-content\/uploads\/2025\/01\/2.-\u6d88\u9632\u884c\u4e1a\u6848\u4f8b-600x534.jpg 600w\" sizes=\"(max-width: 750px) 100vw, 750px\" \/><\/p>\n<p>3.La carcasa met\u00e1lica del tel\u00e9fono contra incendios puede proteger el auricular del tel\u00e9fono en entornos hostiles. El material met\u00e1lico tiene una excelente resistencia a la presi\u00f3n y a la humedad, y la superficie es lisa y visualmente hermosa. El exterior es lo suficientemente duro como para proteger eficazmente el auricular del tel\u00e9fono contra da\u00f1os y desgaste.<\/p>\n<p>4.Para esta carcasa met\u00e1lica para tel\u00e9fono contra incendios, aceptamos personalizaci\u00f3n del color y la impresi\u00f3n del logotipo. El color habitual en stock es el rojo. Cualquier otro color se puede personalizar seg\u00fan el n\u00famero Pantone o la muestra de color.<\/p>\n<p><img decoding=\"async\" class=\"alignnone wp-image-387 size-full\" src=\"http:\/\/siwoc.com\/wp-content\/uploads\/2025\/01\/3.\u5305\u88c5\u56fe.jpg\" alt=\"\" width=\"750\" height=\"654\" srcset=\"https:\/\/www.cnsiwoc.com\/wp-content\/uploads\/2025\/01\/3.\u5305\u88c5\u56fe.jpg 750w, https:\/\/www.cnsiwoc.com\/wp-content\/uploads\/2025\/01\/3.\u5305\u88c5\u56fe-300x262.jpg 300w, https:\/\/www.cnsiwoc.com\/wp-content\/uploads\/2025\/01\/3.\u5305\u88c5\u56fe-14x12.jpg 14w, https:\/\/www.cnsiwoc.com\/wp-content\/uploads\/2025\/01\/3.\u5305\u88c5\u56fe-600x523.jpg 600w\" sizes=\"(max-width: 750px) 100vw, 750px\" \/><\/p>","protected":false},"excerpt":{"rendered":"<p>SINIWO es el fabricante y proveedor original de carcasas met\u00e1licas para tel\u00e9fonos contra incendios en China. Con un equipo de I+D experimentado en este campo, podemos ofrecer a los clientes nacionales y extranjeros los productos m\u00e1s rentables. Como f\u00e1brica en China, SINIWO tiene una capacidad flexible para personalizar la carcasa met\u00e1lica del tel\u00e9fono contra incendios con diferentes apariencias y dimensiones seg\u00fan los requisitos del cliente.<\/p>","protected":false},"featured_media":380,"template":"","meta":[],"product_cat":[86,80],"product_tag":[88,89,90,87],"class_list":{"0":"post-379","1":"product","2":"type-product","3":"status-publish","4":"has-post-thumbnail","6":"product_cat-fire-telephone-metal-enclosure","7":"product_cat-telephone-accessory","8":"product_tag-customized-metal-enclosure","9":"product_tag-metal-sheet-enclosure","10":"product_tag-rugged-metal-enclosure","11":"product_tag-telephone-metal-enclosure","13":"first","14":"instock","15":"shipping-taxable","16":"product-type-simple"},"_links":{"self":[{"href":"https:\/\/www.cnsiwoc.com\/es\/wp-json\/wp\/v2\/product\/379","targetHints":{"allow":["GET"]}}],"collection":[{"href":"https:\/\/www.cnsiwoc.com\/es\/wp-json\/wp\/v2\/product"}],"about":[{"href":"https:\/\/www.cnsiwoc.com\/es\/wp-json\/wp\/v2\/types\/product"}],"version-history":[{"count":0,"href":"https:\/\/www.cnsiwoc.com\/es\/wp-json\/wp\/v2\/product\/379\/revisions"}],"wp:featuredmedia":[{"embeddable":true,"href":"https:\/\/www.cnsiwoc.com\/es\/wp-json\/wp\/v2\/media\/380"}],"wp:attachment":[{"href":"https:\/\/www.cnsiwoc.com\/es\/wp-json\/wp\/v2\/media?parent=379"}],"wp:term":[{"taxonomy":"product_cat","embeddable":true,"href":"https:\/\/www.cnsiwoc.com\/es\/wp-json\/wp\/v2\/product_cat?post=379"},{"taxonomy":"product_tag","embeddable":true,"href":"https:\/\/www.cnsiwoc.com\/es\/wp-json\/wp\/v2\/product_tag?post=379"}],"curies":[{"name":"wp","href":"https:\/\/api.w.org\/{rel}","templated":true}]}}