{"id":372,"date":"2025-01-12T14:06:35","date_gmt":"2025-01-12T06:06:35","guid":{"rendered":"http:\/\/siwoc.com\/?post_type=product&#038;p=372"},"modified":"2025-01-20T11:34:54","modified_gmt":"2025-01-20T03:34:54","slug":"fire-emergency-telephone-metal-enclosure","status":"publish","type":"product","link":"https:\/\/www.cnsiwoc.com\/es\/product\/fire-emergency-telephone-metal-enclosure\/","title":{"rendered":"Caja met\u00e1lica para tel\u00e9fono de emergencia contra incendios"},"content":{"rendered":"<p>La carcasa met\u00e1lica para tel\u00e9fono contra incendios SINIWO es una carcasa protectora duradera para auriculares telef\u00f3nicos resistente a la intemperie y a la violencia. Esta carcasa met\u00e1lica para tel\u00e9fono contra incendios tiene una superficie s\u00f3lida y cierta capacidad para resistir la presi\u00f3n. Es un recinto protector proporcionado por SINIWO para tel\u00e9fonos p\u00fablicos contra incendios, como estaciones de bomberos y estaciones de gas natural.<\/p>\n<h2>Par\u00e1metro de la carcasa met\u00e1lica del tel\u00e9fono de emergencia contra incendios.:<\/h2>\n<table>\n<tbody>\n<tr>\n<td width=\"284\">N\u00famero de modelo<\/td>\n<td width=\"284\">JWAT162<\/td>\n<\/tr>\n<tr>\n<td width=\"284\">Grado impermeable<\/td>\n<td width=\"284\">IP65<\/td>\n<\/tr>\n<tr>\n<td width=\"284\">Funci\u00f3n<\/td>\n<td width=\"284\">proteger el tel\u00e9fono<\/td>\n<\/tr>\n<tr>\n<td width=\"284\">Solicitud<\/td>\n<td width=\"284\">tel\u00e9fono de emergencia contra incendios<\/td>\n<\/tr>\n<tr>\n<td width=\"284\">Caracter\u00edstica<\/td>\n<td width=\"284\">escabroso<\/td>\n<\/tr>\n<tr>\n<td width=\"284\">Certificado<\/td>\n<td width=\"284\">CE\/RoHS<\/td>\n<\/tr>\n<tr>\n<td width=\"284\">Garant\u00eda<\/td>\n<td width=\"284\">1 a\u00f1o<\/td>\n<\/tr>\n<tr>\n<td width=\"284\">Color<\/td>\n<td width=\"284\">Color personalizado<\/td>\n<\/tr>\n<\/tbody>\n<\/table>\n<h2>Caracter\u00edstica de la carcasa met\u00e1lica del tel\u00e9fono contra incendios.:<\/h2>\n<p>1. La carcasa met\u00e1lica del tel\u00e9fono contra incendios se adapta a la mayor\u00eda de los tel\u00e9fonos contra incendios. Como fabricante con instalaciones bien equipadas y un equipo profesional, satisfacemos activamente las necesidades de los clientes al dise\u00f1ar carcasas para proteger los tel\u00e9fonos y brindarles los productos m\u00e1s satisfactorios.<\/p>\n<p><img fetchpriority=\"high\" decoding=\"async\" class=\"alignnone wp-image-377 size-full\" src=\"http:\/\/siwoc.com\/wp-content\/uploads\/2025\/01\/1.-\u5c3a\u5bf8\u56fe-4.jpg\" alt=\"\" width=\"1003\" height=\"699\" srcset=\"https:\/\/www.cnsiwoc.com\/wp-content\/uploads\/2025\/01\/1.-\u5c3a\u5bf8\u56fe-4.jpg 1003w, https:\/\/www.cnsiwoc.com\/wp-content\/uploads\/2025\/01\/1.-\u5c3a\u5bf8\u56fe-4-300x209.jpg 300w, https:\/\/www.cnsiwoc.com\/wp-content\/uploads\/2025\/01\/1.-\u5c3a\u5bf8\u56fe-4-768x535.jpg 768w, https:\/\/www.cnsiwoc.com\/wp-content\/uploads\/2025\/01\/1.-\u5c3a\u5bf8\u56fe-4-18x12.jpg 18w, https:\/\/www.cnsiwoc.com\/wp-content\/uploads\/2025\/01\/1.-\u5c3a\u5bf8\u56fe-4-600x418.jpg 600w\" sizes=\"(max-width: 1003px) 100vw, 1003px\" \/><\/p>\n<p>2.Cuando dise\u00f1amos la carcasa met\u00e1lica para tel\u00e9fonos contra incendios, consideramos muchos factores tales como: factores ambientales hostiles, factores clim\u00e1ticos, circunstancias especiales, etc. Por lo tanto, para cumplir con los est\u00e1ndares de protecci\u00f3n contra incendios, dise\u00f1amos y producimos la carcasa met\u00e1lica para tel\u00e9fonos contra incendios espec\u00edficamente para el campo de la protecci\u00f3n contra incendios.<\/p>\n<p>3.La carcasa met\u00e1lica del tel\u00e9fono contra incendios puede proteger el auricular del tel\u00e9fono en entornos hostiles. El material met\u00e1lico tiene una excelente resistencia a la presi\u00f3n y a la humedad, y la superficie es lisa y visualmente hermosa. El exterior es lo suficientemente duro como para proteger eficazmente el auricular del tel\u00e9fono contra da\u00f1os y desgaste.<\/p>\n<p>4.Para esta carcasa met\u00e1lica para tel\u00e9fono contra incendios, aceptamos personalizaci\u00f3n del color y la impresi\u00f3n del logotipo. El color habitual en stock es el rojo. Cualquier otro color se puede personalizar seg\u00fan el n\u00famero Pantone o la muestra de color.<\/p>","protected":false},"excerpt":{"rendered":"<p>Con una amplia experiencia en repuestos integrados para telecomunicaciones en China, SINIWO desarrolla carcasas met\u00e1licas para tel\u00e9fonos de emergencia contra incendios para tel\u00e9fonos de bomberos con y sin funci\u00f3n de marcaci\u00f3n autom\u00e1tica. SINIWO optimiz\u00f3 su proceso y costo para ofrecer el mejor precio competitivo para el cliente.<\/p>","protected":false},"featured_media":1085,"template":"","meta":[],"product_cat":[81,115,80],"product_tag":[82,85,83,84],"class_list":{"0":"post-372","1":"product","2":"type-product","3":"status-publish","4":"has-post-thumbnail","6":"product_cat-fire-emergency-telephone-metal-enclosure","7":"product_cat-hot-selling-product","8":"product_cat-telephone-accessory","9":"product_tag-fire-telephone-metal-enclosure","10":"product_tag-intercom-metal-enclosure","11":"product_tag-metal-enclosure","12":"product_tag-telephone-rugged-metal-enclosure","14":"first","15":"instock","16":"shipping-taxable","17":"product-type-simple"},"_links":{"self":[{"href":"https:\/\/www.cnsiwoc.com\/es\/wp-json\/wp\/v2\/product\/372","targetHints":{"allow":["GET"]}}],"collection":[{"href":"https:\/\/www.cnsiwoc.com\/es\/wp-json\/wp\/v2\/product"}],"about":[{"href":"https:\/\/www.cnsiwoc.com\/es\/wp-json\/wp\/v2\/types\/product"}],"version-history":[{"count":0,"href":"https:\/\/www.cnsiwoc.com\/es\/wp-json\/wp\/v2\/product\/372\/revisions"}],"wp:featuredmedia":[{"embeddable":true,"href":"https:\/\/www.cnsiwoc.com\/es\/wp-json\/wp\/v2\/media\/1085"}],"wp:attachment":[{"href":"https:\/\/www.cnsiwoc.com\/es\/wp-json\/wp\/v2\/media?parent=372"}],"wp:term":[{"taxonomy":"product_cat","embeddable":true,"href":"https:\/\/www.cnsiwoc.com\/es\/wp-json\/wp\/v2\/product_cat?post=372"},{"taxonomy":"product_tag","embeddable":true,"href":"https:\/\/www.cnsiwoc.com\/es\/wp-json\/wp\/v2\/product_tag?post=372"}],"curies":[{"name":"wp","href":"https:\/\/api.w.org\/{rel}","templated":true}]}}