{"id":332,"date":"2025-01-02T13:37:26","date_gmt":"2025-01-02T05:37:26","guid":{"rendered":"http:\/\/siwoc.com\/?post_type=product&#038;p=332"},"modified":"2025-01-02T14:56:55","modified_gmt":"2025-01-02T06:56:55","slug":"led-illuminated-industrial-keypad","status":"publish","type":"product","link":"https:\/\/www.cnsiwoc.com\/es\/product\/led-illuminated-industrial-keypad\/","title":{"rendered":"Teclado industrial iluminado por LED"},"content":{"rendered":"<p>1.Este teclado industrial con iluminaci\u00f3n LED SINIWO no solo es duradero, sino que tambi\u00e9n ofrece una experiencia de usuario superior. El teclado utiliza caucho conductor natural para garantizar una escritura f\u00e1cil y precisa, brindando a los usuarios una experiencia fluida y placentera. El teclado cuenta con retroiluminaci\u00f3n LED, que garantiza visibilidad en entornos oscuros, lo que lo hace ideal para industrias que operan de noche.<iframe title=\"Reproductor de video de YouTube\" src=\"https:\/\/www.youtube.com\/embed\/xIvC9QY2aOk?si=4704T-elIUfg3hKJ\" width=\"560\" height=\"315\" frameborder=\"0\" allowfullscreen=\"allowfullscreen\"><\/iframe><\/p>\n<h2>2. Caracter\u00edstica del teclado industrial iluminado por LED<\/h2>\n<p>Este teclado est\u00e1 dise\u00f1ado con goma selladora impermeable. Es el tipo de tel\u00e9fono industrial resistente al agua con clasificaci\u00f3n IP67. Con esta caracter\u00edstica, se puede utilizar en entornos exteriores sin protecci\u00f3n. Se brindan servicios personalizados de acuerdo con los requisitos del cliente y el teclado tambi\u00e9n puede equiparse con una carcasa met\u00e1lica separada.<\/p>\n<p><img fetchpriority=\"high\" decoding=\"async\" class=\"alignnone wp-image-338 size-full\" src=\"http:\/\/siwoc.com\/wp-content\/uploads\/2025\/01\/\u5c3a\u5bf8\u56fe.jpg\" alt=\"\" width=\"516\" height=\"646\" srcset=\"https:\/\/www.cnsiwoc.com\/wp-content\/uploads\/2025\/01\/\u5c3a\u5bf8\u56fe.jpg 516w, https:\/\/www.cnsiwoc.com\/wp-content\/uploads\/2025\/01\/\u5c3a\u5bf8\u56fe-240x300.jpg 240w, https:\/\/www.cnsiwoc.com\/wp-content\/uploads\/2025\/01\/\u5c3a\u5bf8\u56fe-10x12.jpg 10w\" sizes=\"(max-width: 516px) 100vw, 516px\" \/><\/p>\n<h2>3. Par\u00e1metro del teclado industrial iluminado por LED<\/h2>\n<table>\n<tbody>\n<tr>\n<td width=\"284\">N\u00famero de modelo<\/td>\n<td width=\"284\">B665<\/td>\n<\/tr>\n<tr>\n<td width=\"284\">Grado impermeable<\/td>\n<td width=\"284\">IP67<\/td>\n<\/tr>\n<tr>\n<td width=\"284\">Input Voltage<\/td>\n<td width=\"284\">3.3V\/5V<\/td>\n<\/tr>\n<tr>\n<td width=\"284\">Actuation Force<\/td>\n<td width=\"284\">250g\/2.45N(Pressure point)<\/td>\n<\/tr>\n<tr>\n<td width=\"284\">Working Temperature<\/td>\n<td width=\"284\">-25\u2103~+65\u2103<\/td>\n<\/tr>\n<tr>\n<td width=\"284\">Storage Temperature<\/td>\n<td width=\"284\">-40\u2103~+85\u2103<\/td>\n<\/tr>\n<tr>\n<td width=\"284\">Humedad relativa<\/td>\n<td width=\"284\">30%-95%<\/td>\n<\/tr>\n<tr>\n<td width=\"284\">Presi\u00f3n atmosf\u00e9rica<\/td>\n<td width=\"284\">60kpa-106kpa<\/td>\n<\/tr>\n<tr>\n<td width=\"284\">color del LED<\/td>\n<td width=\"284\">customized<\/td>\n<\/tr>\n<\/tbody>\n<\/table>\n<p>4. Una de las caracter\u00edsticas destacadas de este teclado industrial con iluminaci\u00f3n LED es la capacidad de personalizar los botones seg\u00fan los requisitos del cliente. Al utilizar herramientas de fundici\u00f3n, los clientes pueden personalizar los botones de su teclado para satisfacer sus necesidades espec\u00edficas. Adem\u00e1s, la superficie de los botones est\u00e1 cromada para resistir la corrosi\u00f3n y garantizar la durabilidad. Para garantizar a\u00fan m\u00e1s su longevidad y calidad, el teclado se ha sometido a pruebas de niebla salina de alta concentraci\u00f3n para demostrar que puede soportar entornos hostiles.<\/p>\n<p><img decoding=\"async\" class=\"alignnone wp-image-339 size-full\" src=\"http:\/\/siwoc.com\/wp-content\/uploads\/2025\/01\/\u952e\u76d8\u6d4b\u8bd5\u8bbe\u5907\u6d41\u7a0b.jpg\" alt=\"\" width=\"900\" height=\"751\" srcset=\"https:\/\/www.cnsiwoc.com\/wp-content\/uploads\/2025\/01\/\u952e\u76d8\u6d4b\u8bd5\u8bbe\u5907\u6d41\u7a0b.jpg 900w, https:\/\/www.cnsiwoc.com\/wp-content\/uploads\/2025\/01\/\u952e\u76d8\u6d4b\u8bd5\u8bbe\u5907\u6d41\u7a0b-300x250.jpg 300w, https:\/\/www.cnsiwoc.com\/wp-content\/uploads\/2025\/01\/\u952e\u76d8\u6d4b\u8bd5\u8bbe\u5907\u6d41\u7a0b-768x641.jpg 768w, https:\/\/www.cnsiwoc.com\/wp-content\/uploads\/2025\/01\/\u952e\u76d8\u6d4b\u8bd5\u8bbe\u5907\u6d41\u7a0b-14x12.jpg 14w, https:\/\/www.cnsiwoc.com\/wp-content\/uploads\/2025\/01\/\u952e\u76d8\u6d4b\u8bd5\u8bbe\u5907\u6d41\u7a0b-600x501.jpg 600w\" sizes=\"(max-width: 900px) 100vw, 900px\" \/><\/p>\n<p>&nbsp;<\/p>\n<p>&nbsp;<\/p>\n<p>&nbsp;<\/p>\n<p>&nbsp;<\/p>\n<p>&nbsp;<\/p>","protected":false},"excerpt":{"rendered":"<p>SINIWO ofrece teclados industriales con iluminaci\u00f3n LED a precios competitivos en los fabricantes industriales de China. Con un excelente equipo de ventas en el extranjero, SINIWO exporta teclados industriales con iluminaci\u00f3n LED a la mayor parte del mercado global. Como fabricante l\u00edder en China, SINIWO tiene enormes ventajas para satisfacer la demanda del mercado.<\/p>","protected":false},"featured_media":336,"template":"","meta":[],"product_cat":[15,60],"product_tag":[61,64,62,63],"class_list":{"0":"post-332","1":"product","2":"type-product","3":"status-publish","4":"has-post-thumbnail","6":"product_cat-industrial-keypad","7":"product_cat-led-illuminated-industrial-keypad","8":"product_tag-3x4-keypad","9":"product_tag-door-entry-keypad","10":"product_tag-numeric-keypad","11":"product_tag-waterproof-keypad","13":"first","14":"instock","15":"shipping-taxable","16":"product-type-simple"},"_links":{"self":[{"href":"https:\/\/www.cnsiwoc.com\/es\/wp-json\/wp\/v2\/product\/332","targetHints":{"allow":["GET"]}}],"collection":[{"href":"https:\/\/www.cnsiwoc.com\/es\/wp-json\/wp\/v2\/product"}],"about":[{"href":"https:\/\/www.cnsiwoc.com\/es\/wp-json\/wp\/v2\/types\/product"}],"version-history":[{"count":0,"href":"https:\/\/www.cnsiwoc.com\/es\/wp-json\/wp\/v2\/product\/332\/revisions"}],"wp:featuredmedia":[{"embeddable":true,"href":"https:\/\/www.cnsiwoc.com\/es\/wp-json\/wp\/v2\/media\/336"}],"wp:attachment":[{"href":"https:\/\/www.cnsiwoc.com\/es\/wp-json\/wp\/v2\/media?parent=332"}],"wp:term":[{"taxonomy":"product_cat","embeddable":true,"href":"https:\/\/www.cnsiwoc.com\/es\/wp-json\/wp\/v2\/product_cat?post=332"},{"taxonomy":"product_tag","embeddable":true,"href":"https:\/\/www.cnsiwoc.com\/es\/wp-json\/wp\/v2\/product_tag?post=332"}],"curies":[{"name":"wp","href":"https:\/\/api.w.org\/{rel}","templated":true}]}}