{"id":320,"date":"2025-01-02T13:29:15","date_gmt":"2025-01-02T05:29:15","guid":{"rendered":"http:\/\/siwoc.com\/?post_type=product&#038;p=320"},"modified":"2025-01-02T14:56:00","modified_gmt":"2025-01-02T06:56:00","slug":"access-control-industrial-keypad","status":"publish","type":"product","link":"https:\/\/www.cnsiwoc.com\/es\/product\/access-control-industrial-keypad\/","title":{"rendered":"Teclado industrial de control de acceso"},"content":{"rendered":"<p>1.SINIWO fabrica un teclado num\u00e9rico iluminado RS485, que es popular en el sistema de control de acceso a edificios. Este teclado, otra caracter\u00edstica destacada, distingue a nuestros productos de la competencia en precio y calidad. Las teclas iluminadas hacen que el teclado industrial de control de acceso sea f\u00e1cil de usar en condiciones de poca luz, lo que garantiza que los usuarios tengan una f\u00e1cil operaci\u00f3n para utilizar el teclado industrial de control de acceso.<\/p>\n<p><img fetchpriority=\"high\" decoding=\"async\" class=\"alignnone wp-image-327 size-full\" src=\"http:\/\/siwoc.com\/wp-content\/uploads\/2025\/01\/1.-\u5c3a\u5bf8\u56fe-2.jpg\" alt=\"\" width=\"401\" height=\"583\" srcset=\"https:\/\/www.cnsiwoc.com\/wp-content\/uploads\/2025\/01\/1.-\u5c3a\u5bf8\u56fe-2.jpg 401w, https:\/\/www.cnsiwoc.com\/wp-content\/uploads\/2025\/01\/1.-\u5c3a\u5bf8\u56fe-2-206x300.jpg 206w, https:\/\/www.cnsiwoc.com\/wp-content\/uploads\/2025\/01\/1.-\u5c3a\u5bf8\u56fe-2-8x12.jpg 8w\" sizes=\"(max-width: 401px) 100vw, 401px\" \/><\/p>\n<h2>Par\u00e1metro del teclado industrial de control de acceso.<\/h2>\n<table>\n<tbody>\n<tr>\n<td width=\"284\">N\u00famero de modelo<\/td>\n<td width=\"284\">B661<\/td>\n<\/tr>\n<tr>\n<td width=\"284\">Grado impermeable<\/td>\n<td width=\"284\">IP65<\/td>\n<\/tr>\n<tr>\n<td width=\"284\">Input Voltage<\/td>\n<td width=\"284\">3.3V\/5V<\/td>\n<\/tr>\n<tr>\n<td width=\"284\">Actuation Force<\/td>\n<td width=\"284\">250g\/2.45N(Pressure point)<\/td>\n<\/tr>\n<tr>\n<td width=\"284\">Working Temperature<\/td>\n<td width=\"284\">-25\u2103~+65\u2103<\/td>\n<\/tr>\n<tr>\n<td width=\"284\">Storage Temperature<\/td>\n<td width=\"284\">-40\u2103~+85\u2103<\/td>\n<\/tr>\n<tr>\n<td width=\"284\">Humedad relativa<\/td>\n<td width=\"284\">30%-95%<\/td>\n<\/tr>\n<tr>\n<td width=\"284\">Presi\u00f3n atmosf\u00e9rica<\/td>\n<td width=\"284\">60kpa-106kpa<\/td>\n<\/tr>\n<tr>\n<td width=\"284\">color del LED<\/td>\n<td width=\"284\">Personalizado<\/td>\n<\/tr>\n<\/tbody>\n<\/table>\n<p><iframe title=\"Reproductor de video de YouTube\" src=\"https:\/\/www.youtube.com\/embed\/GFzmGB5ZxtM?si=NMuInmmguk2si1bU\" width=\"560\" height=\"315\" frameborder=\"0\" allowfullscreen=\"allowfullscreen\"><\/iframe><\/p>\n<p>1. Cuando el teclado industrial de control de acceso llega a un edificio comercial, la calidad es crucial. SINIWO cuenta con un programa integral de garant\u00eda de calidad. Nuestro compromiso con la calidad se demuestra a trav\u00e9s de nuestros extensos m\u00e9todos de prueba. Hemos introducido los equipos m\u00e1s avanzados. Estas pruebas garantizan que nuestro teclado no solo cumpla con los requisitos t\u00e9cnicos, sino que tambi\u00e9n cumpla con los est\u00e1ndares requeridos en el pa\u00eds y en el extranjero.<\/p>\n<p><img decoding=\"async\" class=\"alignnone wp-image-328 size-full\" src=\"http:\/\/siwoc.com\/wp-content\/uploads\/2025\/01\/2.-\u952e\u76d8\u6d4b\u8bd5\u8bbe\u5907\u6d41\u7a0b.jpg\" alt=\"\" width=\"900\" height=\"751\" srcset=\"https:\/\/www.cnsiwoc.com\/wp-content\/uploads\/2025\/01\/2.-\u952e\u76d8\u6d4b\u8bd5\u8bbe\u5907\u6d41\u7a0b.jpg 900w, https:\/\/www.cnsiwoc.com\/wp-content\/uploads\/2025\/01\/2.-\u952e\u76d8\u6d4b\u8bd5\u8bbe\u5907\u6d41\u7a0b-300x250.jpg 300w, https:\/\/www.cnsiwoc.com\/wp-content\/uploads\/2025\/01\/2.-\u952e\u76d8\u6d4b\u8bd5\u8bbe\u5907\u6d41\u7a0b-768x641.jpg 768w, https:\/\/www.cnsiwoc.com\/wp-content\/uploads\/2025\/01\/2.-\u952e\u76d8\u6d4b\u8bd5\u8bbe\u5907\u6d41\u7a0b-14x12.jpg 14w, https:\/\/www.cnsiwoc.com\/wp-content\/uploads\/2025\/01\/2.-\u952e\u76d8\u6d4b\u8bd5\u8bbe\u5907\u6d41\u7a0b-600x501.jpg 600w\" sizes=\"(max-width: 900px) 100vw, 900px\" \/><\/p>\n<p>2. \u00bfCu\u00e1les son las ventajas de elegir nuestro teclado industrial de control de acceso? Con una capacidad de personalizaci\u00f3n flexible, ofrecemos varios servicios a nuestros clientes, como diferencia de color de LED, diferencia de \u00edconos de botones, incluso teclados de diferentes dimensiones con carcasa a juego, que hacen que nuestros teclados se destaquen de la competencia por su robustez, teclas iluminadas y calidad y precio superiores. Priorizamos la satisfacci\u00f3n del cliente y contamos con un equipo de expertos listos para ayudarlo a encontrar la soluci\u00f3n perfecta para sus requisitos espec\u00edficos.<\/p>\n<p><img decoding=\"async\" class=\"alignnone wp-image-329 size-full\" src=\"http:\/\/siwoc.com\/wp-content\/uploads\/2025\/01\/3.-\u53ef\u9009\u989c\u8272-\u7fd4\u9f99\u952e\u76d8\u706f\u73e0.jpg\" alt=\"\" width=\"750\" height=\"750\" srcset=\"https:\/\/www.cnsiwoc.com\/wp-content\/uploads\/2025\/01\/3.-\u53ef\u9009\u989c\u8272-\u7fd4\u9f99\u952e\u76d8\u706f\u73e0.jpg 750w, https:\/\/www.cnsiwoc.com\/wp-content\/uploads\/2025\/01\/3.-\u53ef\u9009\u989c\u8272-\u7fd4\u9f99\u952e\u76d8\u706f\u73e0-300x300.jpg 300w, https:\/\/www.cnsiwoc.com\/wp-content\/uploads\/2025\/01\/3.-\u53ef\u9009\u989c\u8272-\u7fd4\u9f99\u952e\u76d8\u706f\u73e0-150x150.jpg 150w, https:\/\/www.cnsiwoc.com\/wp-content\/uploads\/2025\/01\/3.-\u53ef\u9009\u989c\u8272-\u7fd4\u9f99\u952e\u76d8\u706f\u73e0-12x12.jpg 12w, https:\/\/www.cnsiwoc.com\/wp-content\/uploads\/2025\/01\/3.-\u53ef\u9009\u989c\u8272-\u7fd4\u9f99\u952e\u76d8\u706f\u73e0-600x600.jpg 600w, https:\/\/www.cnsiwoc.com\/wp-content\/uploads\/2025\/01\/3.-\u53ef\u9009\u989c\u8272-\u7fd4\u9f99\u952e\u76d8\u706f\u73e0-100x100.jpg 100w\" sizes=\"(max-width: 750px) 100vw, 750px\" \/><\/p>\n<p>3.Este teclado industrial de control de acceso se puede utilizar no solo en el acceso a edificios sino tambi\u00e9n en entradas telef\u00f3nicas, intercomunicadores y cerraduras de c\u00f3digo de gabinetes en interiores o exteriores.<\/p>\n<p><img loading=\"lazy\" decoding=\"async\" class=\"alignnone wp-image-330 size-full\" src=\"http:\/\/siwoc.com\/wp-content\/uploads\/2025\/01\/4.-\u950c\u5408\u91d1\u5e94\u7528.jpg\" alt=\"\" width=\"750\" height=\"536\" srcset=\"https:\/\/www.cnsiwoc.com\/wp-content\/uploads\/2025\/01\/4.-\u950c\u5408\u91d1\u5e94\u7528.jpg 750w, https:\/\/www.cnsiwoc.com\/wp-content\/uploads\/2025\/01\/4.-\u950c\u5408\u91d1\u5e94\u7528-300x214.jpg 300w, https:\/\/www.cnsiwoc.com\/wp-content\/uploads\/2025\/01\/4.-\u950c\u5408\u91d1\u5e94\u7528-18x12.jpg 18w, https:\/\/www.cnsiwoc.com\/wp-content\/uploads\/2025\/01\/4.-\u950c\u5408\u91d1\u5e94\u7528-600x429.jpg 600w\" sizes=\"(max-width: 750px) 100vw, 750px\" \/><\/p>\n<p>&nbsp;<\/p>\n<p>&nbsp;<\/p>\n<p>&nbsp;<\/p>\n<p>&nbsp;<\/p>\n<p>&nbsp;<\/p>","protected":false},"excerpt":{"rendered":"<p>SINIWO es un fabricante y proveedor de teclados industriales de control de acceso a gran escala en China, que integra investigaci\u00f3n y desarrollo, producci\u00f3n y ventas. Nuestros productos cubren la mayor\u00eda de los mercados europeos y americanos. Esperamos convertirnos en su socio a largo plazo en China.<\/p>","protected":false},"featured_media":322,"template":"","meta":[],"product_cat":[56,15],"product_tag":[57,59,58],"class_list":{"0":"post-320","1":"product","2":"type-product","3":"status-publish","4":"has-post-thumbnail","6":"product_cat-access-control-industrial-keypad","7":"product_cat-industrial-keypad","8":"product_tag-access-control-keypad","9":"product_tag-illuminated-keypad","10":"product_tag-led-backlight-keypad","12":"first","13":"instock","14":"shipping-taxable","15":"product-type-simple"},"_links":{"self":[{"href":"https:\/\/www.cnsiwoc.com\/es\/wp-json\/wp\/v2\/product\/320","targetHints":{"allow":["GET"]}}],"collection":[{"href":"https:\/\/www.cnsiwoc.com\/es\/wp-json\/wp\/v2\/product"}],"about":[{"href":"https:\/\/www.cnsiwoc.com\/es\/wp-json\/wp\/v2\/types\/product"}],"version-history":[{"count":0,"href":"https:\/\/www.cnsiwoc.com\/es\/wp-json\/wp\/v2\/product\/320\/revisions"}],"wp:featuredmedia":[{"embeddable":true,"href":"https:\/\/www.cnsiwoc.com\/es\/wp-json\/wp\/v2\/media\/322"}],"wp:attachment":[{"href":"https:\/\/www.cnsiwoc.com\/es\/wp-json\/wp\/v2\/media?parent=320"}],"wp:term":[{"taxonomy":"product_cat","embeddable":true,"href":"https:\/\/www.cnsiwoc.com\/es\/wp-json\/wp\/v2\/product_cat?post=320"},{"taxonomy":"product_tag","embeddable":true,"href":"https:\/\/www.cnsiwoc.com\/es\/wp-json\/wp\/v2\/product_tag?post=320"}],"curies":[{"name":"wp","href":"https:\/\/api.w.org\/{rel}","templated":true}]}}