{"id":288,"date":"2025-01-02T11:32:56","date_gmt":"2025-01-02T03:32:56","guid":{"rendered":"http:\/\/siwoc.com\/?post_type=product&#038;p=288"},"modified":"2025-01-02T11:41:27","modified_gmt":"2025-01-02T03:41:27","slug":"fire-fighter-portable-telephone-handset","status":"publish","type":"product","link":"https:\/\/www.cnsiwoc.com\/es\/product\/fire-fighter-portable-telephone-handset\/","title":{"rendered":"Auricular telef\u00f3nico port\u00e1til para bomberos"},"content":{"rendered":"<p>Este tel\u00e9fono port\u00e1til para bomberos de SINIWO est\u00e1 especialmente dise\u00f1ado para el sistema de comunicaci\u00f3n de bomberos y se combina con un conector telef\u00f3nico de metal. Para el tel\u00e9fono port\u00e1til de bombero de este campo, la estabilidad de la conexi\u00f3n y la cancelaci\u00f3n del ruido de fondo son factores clave en los que hay que pensar. El equipo de I+D de SINIWO se centra en los detalles al crear el SOP de inspecci\u00f3n de calidad y producci\u00f3n del tel\u00e9fono port\u00e1til para bomberos.<\/p>\n<p><iframe title=\"Reproductor de video de YouTube\" src=\"https:\/\/www.youtube.com\/embed\/H7XEX5zfUoE?si=GelGdUbAt5O8Or3U\" width=\"560\" height=\"315\" frameborder=\"0\" allowfullscreen=\"allowfullscreen\"><\/iframe><\/p>\n<h2>Par\u00e1metro del auricular del tel\u00e9fono port\u00e1til del bombero<\/h2>\n<table>\n<tbody>\n<tr>\n<td width=\"284\">N\u00famero de modelo<\/td>\n<td width=\"284\">A23<\/td>\n<\/tr>\n<tr>\n<td width=\"284\">Materia prima<\/td>\n<td width=\"284\">\u00a0ABS UL94 HB (predeterminado)<\/p>\n<p>ABS UL94 V-0 (opcional)<\/td>\n<\/tr>\n<tr>\n<td width=\"284\">Grado impermeable<\/td>\n<td width=\"284\">IP65<\/td>\n<\/tr>\n<tr>\n<td width=\"284\">Ruido ambiental<\/td>\n<td width=\"284\">\u226460dB<\/td>\n<\/tr>\n<tr>\n<td width=\"284\">Frecuencia de trabajo<\/td>\n<td width=\"284\">300~3400Hz<\/td>\n<\/tr>\n<tr>\n<td width=\"284\">c\u00e1mara r\u00e9flex<\/td>\n<td width=\"284\">5~15dB<\/td>\n<\/tr>\n<tr>\n<td width=\"284\">RLR<\/td>\n<td width=\"284\">-7~2dB<\/td>\n<\/tr>\n<tr>\n<td width=\"284\">Funci\u00f3n especial<\/td>\n<td width=\"284\">Auricular telef\u00f3nico port\u00e1til para bombero con interruptor PTT<\/td>\n<\/tr>\n<tr>\n<td width=\"284\">Working Temperature<\/td>\n<td width=\"284\">Com\u00fan: -20\u2103~+40\u2103<br \/>\nEspecial: -40\u2103~+50\u2103<br \/>\n(Por favor d\u00edganos su solicitud con antelaci\u00f3n)<\/td>\n<\/tr>\n<tr>\n<td width=\"284\">Humedad relativa<\/td>\n<td width=\"284\">\u226495%<\/td>\n<\/tr>\n<tr>\n<td width=\"284\">Presi\u00f3n atmosf\u00e9rica<\/td>\n<td width=\"284\">80~110Kpa<\/td>\n<\/tr>\n<\/tbody>\n<\/table>\n<h2>Caracter\u00edstica del auricular del tel\u00e9fono port\u00e1til del bombero<\/h2>\n<p>1. Como tel\u00e9fono port\u00e1til para bomberos, SINIWO desarroll\u00f3 dos tipos de orificios de salida de cable: uno es un conector hembra RJ11 y otro es un ojal de inyecci\u00f3n moldeado, que podr\u00eda satisfacer la demanda de la mayor\u00eda de las aplicaciones de tel\u00e9fonos de emergencia.<\/p>\n<p><img fetchpriority=\"high\" decoding=\"async\" class=\"alignnone wp-image-295 size-full\" src=\"http:\/\/siwoc.com\/wp-content\/uploads\/2025\/01\/1.-\u5c3a\u5bf8\u56fe.jpg\" alt=\"\" width=\"453\" height=\"543\" srcset=\"https:\/\/www.cnsiwoc.com\/wp-content\/uploads\/2025\/01\/1.-\u5c3a\u5bf8\u56fe.jpg 453w, https:\/\/www.cnsiwoc.com\/wp-content\/uploads\/2025\/01\/1.-\u5c3a\u5bf8\u56fe-250x300.jpg 250w, https:\/\/www.cnsiwoc.com\/wp-content\/uploads\/2025\/01\/1.-\u5c3a\u5bf8\u56fe-10x12.jpg 10w\" sizes=\"(max-width: 453px) 100vw, 453px\" \/><\/p>\n<p>&nbsp;<\/p>\n<p>2. Como tel\u00e9fono port\u00e1til para bomberos en el campo de las telecomunicaciones de emergencia, los indicadores electroac\u00fasticos son muy importantes cuando lo fabricamos. SINIWO eligi\u00f3 varios altavoces y micr\u00f3fonos comunes para el tel\u00e9fono de emergencia con los siguientes detalles:<\/p>\n<p>1) Detalles del orador:<br \/>\nReceptor est\u00e1ndar din\u00e1mico EA1503 (predeterminado)<br \/>\n\u2013 Resistencia CC: 130 \u00b1 10% ohmios<br \/>\n\u2013 Rango de respuesta de frecuencia: 300 Hz-3400 Hz<br \/>\n\u2013 Sensibilidad: 95\u00b13 dB a 60mv<br \/>\n\u2013 Impedancia: 150\u00b120% ohmios a 1 KHz<\/p>\n<p>2) Detalles del micr\u00f3fono:<br \/>\n\u2013 Micr\u00f3fono est\u00e1ndar equivalente a carbono EAOZ03 (predeterminado)<br \/>\n\u2013 Rango de respuesta de frecuencia: 300 Hz-3400 Hz<br \/>\n\u2013 Sensibilidad: -12\u00b13 dB<br \/>\n\u2013 Micr\u00f3fono con cancelaci\u00f3n de ruido A15T02 (opcional)<br \/>\n\u2013 Rango de respuesta de frecuencia: 200 Hz-4000 Hz<br \/>\n\u2013 Sensibilidad: -65\u00b13 dB<br \/>\n\u2013 Impedancia: 10\u00b120% ohmios<br \/>\n\u2013 Relaci\u00f3n se\u00f1al-ruido: \u226515 dB<br \/>\n\u2013 Micr\u00f3fono electret EB5421 (opcional)<\/p>\n<p>3. En la mayor\u00eda de los edificios comerciales y residenciales, se solicita que el tel\u00e9fono port\u00e1til de los bomberos muestre la marca del fabricante o mayorista o el nombre de la empresa, por lo que SINIWO ofrece este servicio de logotipo personalizado o etiqueta adhesiva para todos los productos. H\u00e1ganos saber su solicitud con antelaci\u00f3n.<\/p>\n<p><img decoding=\"async\" class=\"alignnone wp-image-296 size-full\" src=\"http:\/\/siwoc.com\/wp-content\/uploads\/2025\/01\/2.-logo\u5b9a\u5236\u56fe.jpg\" alt=\"\" width=\"750\" height=\"895\" srcset=\"https:\/\/www.cnsiwoc.com\/wp-content\/uploads\/2025\/01\/2.-logo\u5b9a\u5236\u56fe.jpg 750w, https:\/\/www.cnsiwoc.com\/wp-content\/uploads\/2025\/01\/2.-logo\u5b9a\u5236\u56fe-251x300.jpg 251w, https:\/\/www.cnsiwoc.com\/wp-content\/uploads\/2025\/01\/2.-logo\u5b9a\u5236\u56fe-10x12.jpg 10w, https:\/\/www.cnsiwoc.com\/wp-content\/uploads\/2025\/01\/2.-logo\u5b9a\u5236\u56fe-600x716.jpg 600w\" sizes=\"(max-width: 750px) 100vw, 750px\" \/><\/p>\n<p>&nbsp;<\/p>\n<p>&nbsp;<\/p>\n<p>&nbsp;<\/p>\n<p>&nbsp;<\/p>\n<p>&nbsp;<\/p>\n<p>&nbsp;<\/p>\n<p>&nbsp;<\/p>\n<p>&nbsp;<\/p>","protected":false},"excerpt":{"rendered":"<p>El tel\u00e9fono port\u00e1til para bomberos SINIWO est\u00e1 dise\u00f1ado y fabricado para sistemas de alarma contra incendios y tel\u00e9fonos de emergencia contra incendios en China. Como f\u00e1brica en China, SINIWO se enfoca en incorporar nuevas m\u00e1quinas autom\u00e1ticas al proceso de producci\u00f3n, como brazos mec\u00e1nicos, m\u00e1quinas clasificadoras autom\u00e1ticas, m\u00e1quinas de pintura autom\u00e1tica, etc., para mejorar la capacidad diaria y reducir el costo por completo.<\/p>","protected":false},"featured_media":289,"template":"","meta":[],"product_cat":[41,24],"product_tag":[44,45,42,43],"class_list":{"0":"post-288","1":"product","2":"type-product","3":"status-publish","4":"has-post-thumbnail","6":"product_cat-fire-fighter-portable-telephone-handset","7":"product_cat-telephone-handset","8":"product_tag-fire-fighter-telephone-handset","9":"product_tag-fire-man-telephone-handset","10":"product_tag-firefighter-telephone-handset","11":"product_tag-fireman-telephone-handset","13":"first","14":"instock","15":"shipping-taxable","16":"product-type-simple"},"_links":{"self":[{"href":"https:\/\/www.cnsiwoc.com\/es\/wp-json\/wp\/v2\/product\/288","targetHints":{"allow":["GET"]}}],"collection":[{"href":"https:\/\/www.cnsiwoc.com\/es\/wp-json\/wp\/v2\/product"}],"about":[{"href":"https:\/\/www.cnsiwoc.com\/es\/wp-json\/wp\/v2\/types\/product"}],"version-history":[{"count":0,"href":"https:\/\/www.cnsiwoc.com\/es\/wp-json\/wp\/v2\/product\/288\/revisions"}],"wp:featuredmedia":[{"embeddable":true,"href":"https:\/\/www.cnsiwoc.com\/es\/wp-json\/wp\/v2\/media\/289"}],"wp:attachment":[{"href":"https:\/\/www.cnsiwoc.com\/es\/wp-json\/wp\/v2\/media?parent=288"}],"wp:term":[{"taxonomy":"product_cat","embeddable":true,"href":"https:\/\/www.cnsiwoc.com\/es\/wp-json\/wp\/v2\/product_cat?post=288"},{"taxonomy":"product_tag","embeddable":true,"href":"https:\/\/www.cnsiwoc.com\/es\/wp-json\/wp\/v2\/product_tag?post=288"}],"curies":[{"name":"wp","href":"https:\/\/api.w.org\/{rel}","templated":true}]}}