{"id":246,"date":"2025-01-13T18:57:14","date_gmt":"2025-01-13T10:57:14","guid":{"rendered":"http:\/\/siwoc.com\/?post_type=product&#038;p=246"},"modified":"2025-01-14T14:56:37","modified_gmt":"2025-01-14T06:56:37","slug":"weatherproof-telephone-handset","status":"publish","type":"product","link":"https:\/\/www.cnsiwoc.com\/es\/product\/weatherproof-telephone-handset\/","title":{"rendered":"Auricular de tel\u00e9fono resistente a la intemperie"},"content":{"rendered":"<p>Este tel\u00e9fono SINIWO resistente a la intemperie es un tel\u00e9fono duradero con caracter\u00edsticas resistentes a la intemperie y al agua IP65. Este tel\u00e9fono resistente a la intemperie tiene una superficie resistente y un altavoz y micr\u00f3fono de alta calidad, dise\u00f1ado por SINIWO para estaciones de telecomunicaciones de gas y petr\u00f3leo, tel\u00e9fonos de emergencia de puertos mar\u00edtimos y tel\u00e9fonos p\u00fablicos que necesitan soportar temperaturas exteriores extremadamente bajas.<\/p>\n<h2>Par\u00e1metro del auricular del tel\u00e9fono resistente a la intemperie<\/h2>\n<table>\n<tbody>\n<tr>\n<td width=\"284\">N\u00famero de modelo<\/td>\n<td width=\"284\">A01<\/td>\n<\/tr>\n<tr>\n<td width=\"284\">Grado impermeable<\/td>\n<td width=\"284\">IP65<\/td>\n<\/tr>\n<tr>\n<td width=\"284\">Ruido ambiental<\/td>\n<td width=\"284\">\u226460dB<\/td>\n<\/tr>\n<tr>\n<td width=\"284\">Frecuencia de trabajo<\/td>\n<td width=\"284\">300~3400Hz<\/td>\n<\/tr>\n<tr>\n<td width=\"284\">c\u00e1mara r\u00e9flex<\/td>\n<td width=\"284\">5~15dB<\/td>\n<\/tr>\n<tr>\n<td width=\"284\">RLR<\/td>\n<td width=\"284\">-7~2dB<\/td>\n<\/tr>\n<tr>\n<td width=\"284\">Working Temperature<\/td>\n<td width=\"284\">Com\u00fan: -20\u2103~+40\u2103<br \/>\nEspecial: -40\u2103~+50\u2103<br \/>\n(Por favor d\u00edganos su solicitud con antelaci\u00f3n)<\/td>\n<\/tr>\n<tr>\n<td width=\"284\">Humedad relativa<\/td>\n<td width=\"284\">\u226495%<\/td>\n<\/tr>\n<tr>\n<td width=\"284\">Presi\u00f3n atmosf\u00e9rica<\/td>\n<td width=\"284\">80~110Kpa<\/td>\n<\/tr>\n<\/tbody>\n<\/table>\n<h2>Caracter\u00edstica del auricular del tel\u00e9fono resistente a la intemperie<\/h2>\n<p>1. Su tel\u00e9fono resistente a la intemperie tiene un dise\u00f1o ergon\u00f3mico y es adecuado para la mayor\u00eda de los tel\u00e9fonos exteriores. Como fabricante especial en el campo de las telecomunicaciones industriales, tenemos una amplia experiencia en el dise\u00f1o de tel\u00e9fonos resistentes a la intemperie y brindamos soluciones a los clientes.<\/p>\n<p><img fetchpriority=\"high\" decoding=\"async\" class=\"alignnone wp-image-251 size-full\" src=\"http:\/\/siwoc.com\/wp-content\/uploads\/2024\/12\/1.-A01\u5c3a\u5bf8\u56fe.jpg\" alt=\"\" width=\"440\" height=\"503\" srcset=\"https:\/\/www.cnsiwoc.com\/wp-content\/uploads\/2024\/12\/1.-A01\u5c3a\u5bf8\u56fe.jpg 440w, https:\/\/www.cnsiwoc.com\/wp-content\/uploads\/2024\/12\/1.-A01\u5c3a\u5bf8\u56fe-262x300.jpg 262w, https:\/\/www.cnsiwoc.com\/wp-content\/uploads\/2024\/12\/1.-A01\u5c3a\u5bf8\u56fe-10x12.jpg 10w\" sizes=\"(max-width: 440px) 100vw, 440px\" \/><\/p>\n<p>2. Cuando dise\u00f1amos tel\u00e9fonos resistentes a la intemperie para plataformas de gas y petr\u00f3leo o puertos mar\u00edtimos, el grado de impermeabilidad y la resistencia al entorno hostil son las caracter\u00edsticas prioritarias en las que debemos pensar. Por eso tomamos en consideraci\u00f3n todos los detalles, desde los materiales originales hasta las estructuras internas, los componentes el\u00e9ctricos y el cable rizado externo.<\/p>\n<p><img decoding=\"async\" class=\"alignnone wp-image-252 size-full\" src=\"http:\/\/siwoc.com\/wp-content\/uploads\/2024\/12\/2.\u7fd4\u9f99\u77f3\u5316\u884c\u4e1a\u624b\u67c4\u6848\u4f8b.jpg\" alt=\"\" width=\"750\" height=\"668\" srcset=\"https:\/\/www.cnsiwoc.com\/wp-content\/uploads\/2024\/12\/2.\u7fd4\u9f99\u77f3\u5316\u884c\u4e1a\u624b\u67c4\u6848\u4f8b.jpg 750w, https:\/\/www.cnsiwoc.com\/wp-content\/uploads\/2024\/12\/2.\u7fd4\u9f99\u77f3\u5316\u884c\u4e1a\u624b\u67c4\u6848\u4f8b-300x267.jpg 300w, https:\/\/www.cnsiwoc.com\/wp-content\/uploads\/2024\/12\/2.\u7fd4\u9f99\u77f3\u5316\u884c\u4e1a\u624b\u67c4\u6848\u4f8b-13x12.jpg 13w, https:\/\/www.cnsiwoc.com\/wp-content\/uploads\/2024\/12\/2.\u7fd4\u9f99\u77f3\u5316\u884c\u4e1a\u624b\u67c4\u6848\u4f8b-600x534.jpg 600w\" sizes=\"(max-width: 750px) 100vw, 750px\" \/><\/p>\n<p>3. Para aquellos tel\u00e9fonos resistentes a la intemperie que se utilizan en entornos hostiles, el material de PC Lexan anti-UV o el material ABS cargado de carbono est\u00e1n disponibles para diferentes usos; El micr\u00f3fono y el altavoz de diferentes impedancias se combinan con varias placas base; El altavoz con funci\u00f3n de aud\u00edfono y el micr\u00f3fono reductor de ruido est\u00e1n disponibles para diferentes usuarios.<br \/>\n4. Detalles del cable rizado externo del auricular del tel\u00e9fono resistente a la intemperie:<br \/>\n-Cord\u00f3n rizado de PVC (predeterminado), temperatura de trabajo: -20 \u2103 ~ +40\u2103<br \/>\n\u2013 Longitud del cable est\u00e1ndar: 9 pulgadas retra\u00eddo, 6 pies despu\u00e9s de extendido (predeterminado)<br \/>\n\u2013 Hay disponibles diferentes longitudes personalizadas.<br \/>\n-Cord\u00f3n rizado de PVC resistente a la intemperie (opcional), temperatura de trabajo: -30 \u2103 ~ +50\u2103<br \/>\n-Temperatura de trabajo del cord\u00f3n rizado Hytrel (opcional): -40 \u2103 ~ +100\u2103<\/p>\n<p><img decoding=\"async\" class=\"alignnone wp-image-255 size-full\" src=\"http:\/\/siwoc.com\/wp-content\/uploads\/2024\/12\/5.\u624b\u67c4\u6d4b\u8bd5\u8bbe\u5907\u6d41\u7a0b.jpg\" alt=\"\" width=\"750\" height=\"688\" srcset=\"https:\/\/www.cnsiwoc.com\/wp-content\/uploads\/2024\/12\/5.\u624b\u67c4\u6d4b\u8bd5\u8bbe\u5907\u6d41\u7a0b.jpg 750w, https:\/\/www.cnsiwoc.com\/wp-content\/uploads\/2024\/12\/5.\u624b\u67c4\u6d4b\u8bd5\u8bbe\u5907\u6d41\u7a0b-300x275.jpg 300w, https:\/\/www.cnsiwoc.com\/wp-content\/uploads\/2024\/12\/5.\u624b\u67c4\u6d4b\u8bd5\u8bbe\u5907\u6d41\u7a0b-13x12.jpg 13w, https:\/\/www.cnsiwoc.com\/wp-content\/uploads\/2024\/12\/5.\u624b\u67c4\u6d4b\u8bd5\u8bbe\u5907\u6d41\u7a0b-600x550.jpg 600w\" sizes=\"(max-width: 750px) 100vw, 750px\" \/><\/p>\n<p>5.Para este tel\u00e9fono resistente a la intemperie, aceptamos personalizaci\u00f3n en color y logotipo impreso. El color habitual en stock es negro y rojo. Cualquier otro color se puede personalizar seg\u00fan el n\u00famero de Pantone o la muestra de color.<\/p>\n<p><img loading=\"lazy\" decoding=\"async\" class=\"alignnone wp-image-254 size-full\" src=\"http:\/\/siwoc.com\/wp-content\/uploads\/2024\/12\/4.\u53ef\u9009\u989c\u8272.jpg\" alt=\"\" width=\"750\" height=\"500\" srcset=\"https:\/\/www.cnsiwoc.com\/wp-content\/uploads\/2024\/12\/4.\u53ef\u9009\u989c\u8272.jpg 750w, https:\/\/www.cnsiwoc.com\/wp-content\/uploads\/2024\/12\/4.\u53ef\u9009\u989c\u8272-300x200.jpg 300w, https:\/\/www.cnsiwoc.com\/wp-content\/uploads\/2024\/12\/4.\u53ef\u9009\u989c\u8272-18x12.jpg 18w, https:\/\/www.cnsiwoc.com\/wp-content\/uploads\/2024\/12\/4.\u53ef\u9009\u989c\u8272-600x400.jpg 600w\" sizes=\"(max-width: 750px) 100vw, 750px\" \/><\/p>\n<p>6. Como este tel\u00e9fono resistente a la intemperie no solo se utiliza en tel\u00e9fonos sino tambi\u00e9n en quioscos y m\u00e1quinas expendedoras al aire libre. Por lo tanto, el terminal telef\u00f3nico se puede fabricar completamente seg\u00fan la solicitud del cliente.<\/p>\n<p><img loading=\"lazy\" decoding=\"async\" class=\"alignnone wp-image-253 size-full\" src=\"http:\/\/siwoc.com\/wp-content\/uploads\/2024\/12\/3.\u624b\u67c4\u63a5\u53e3\u56fe\u72472.jpg\" alt=\"\" width=\"750\" height=\"300\" srcset=\"https:\/\/www.cnsiwoc.com\/wp-content\/uploads\/2024\/12\/3.\u624b\u67c4\u63a5\u53e3\u56fe\u72472.jpg 750w, https:\/\/www.cnsiwoc.com\/wp-content\/uploads\/2024\/12\/3.\u624b\u67c4\u63a5\u53e3\u56fe\u72472-300x120.jpg 300w, https:\/\/www.cnsiwoc.com\/wp-content\/uploads\/2024\/12\/3.\u624b\u67c4\u63a5\u53e3\u56fe\u72472-18x7.jpg 18w, https:\/\/www.cnsiwoc.com\/wp-content\/uploads\/2024\/12\/3.\u624b\u67c4\u63a5\u53e3\u56fe\u72472-600x240.jpg 600w\" sizes=\"(max-width: 750px) 100vw, 750px\" \/><\/p>\n<p>&nbsp;<\/p>","protected":false},"excerpt":{"rendered":"<p>SINIWO es un fabricante y proveedor original de auriculares telef\u00f3nicos resistentes a la intemperie en China. Con un equipo de I+D con una gran experiencia en este campo, podemos ofrecer la mejor soluci\u00f3n profesional para clientes con precios competitivos tanto nacionales como extranjeros. Hemos sido la primera f\u00e1brica personalizada de auriculares telef\u00f3nicos resistentes a la intemperie en China seg\u00fan la solicitud del cliente.<\/p>\n<p>&nbsp;<\/p>","protected":false},"featured_media":250,"template":"","meta":[],"product_cat":[115,24,25],"product_tag":[28,29,27,26],"class_list":{"0":"post-246","1":"product","2":"type-product","3":"status-publish","4":"has-post-thumbnail","6":"product_cat-hot-selling-product","7":"product_cat-telephone-handset","8":"product_cat-weatherproof-telephone-handset","9":"product_tag-industrial-telephone","10":"product_tag-ip65-outdoor-telephone","11":"product_tag-waterproof-telephone","12":"product_tag-weatherproof-telephone-handset","14":"first","15":"instock","16":"shipping-taxable","17":"product-type-simple"},"_links":{"self":[{"href":"https:\/\/www.cnsiwoc.com\/es\/wp-json\/wp\/v2\/product\/246","targetHints":{"allow":["GET"]}}],"collection":[{"href":"https:\/\/www.cnsiwoc.com\/es\/wp-json\/wp\/v2\/product"}],"about":[{"href":"https:\/\/www.cnsiwoc.com\/es\/wp-json\/wp\/v2\/types\/product"}],"version-history":[{"count":0,"href":"https:\/\/www.cnsiwoc.com\/es\/wp-json\/wp\/v2\/product\/246\/revisions"}],"wp:featuredmedia":[{"embeddable":true,"href":"https:\/\/www.cnsiwoc.com\/es\/wp-json\/wp\/v2\/media\/250"}],"wp:attachment":[{"href":"https:\/\/www.cnsiwoc.com\/es\/wp-json\/wp\/v2\/media?parent=246"}],"wp:term":[{"taxonomy":"product_cat","embeddable":true,"href":"https:\/\/www.cnsiwoc.com\/es\/wp-json\/wp\/v2\/product_cat?post=246"},{"taxonomy":"product_tag","embeddable":true,"href":"https:\/\/www.cnsiwoc.com\/es\/wp-json\/wp\/v2\/product_tag?post=246"}],"curies":[{"name":"wp","href":"https:\/\/api.w.org\/{rel}","templated":true}]}}