{"id":416,"date":"2025-01-13T14:44:59","date_gmt":"2025-01-13T06:44:59","guid":{"rendered":"http:\/\/siwoc.com\/?post_type=product&#038;p=416"},"modified":"2025-01-14T14:55:26","modified_gmt":"2025-01-14T06:55:26","slug":"jail-telephone-hook-switch","status":"publish","type":"product","link":"https:\/\/www.cnsiwoc.com\/de\/produkt\/jail-telephone-hook-switch\/","title":{"rendered":"Gef\u00e4ngnishakenschalter"},"content":{"rendered":"<h2>Parameter des Gef\u00e4ngnishakenschalters:<\/h2>\n<table>\n<tbody>\n<tr>\n<td width=\"284\">Modellnummer<\/td>\n<td width=\"284\">C13<\/td>\n<\/tr>\n<tr>\n<td width=\"284\">Wasserdichte Note<\/td>\n<td width=\"284\">IP65<\/td>\n<\/tr>\n<tr>\n<td width=\"284\">Temperatur betreiben<\/td>\n<td width=\"284\">-30\uff5e+65\u2103<\/td>\n<\/tr>\n<tr>\n<td width=\"284\">Lagertemperatur<\/td>\n<td width=\"284\">-40\uff5e+85\u2103<\/td>\n<\/tr>\n<tr>\n<td width=\"284\">Dienstleben<\/td>\n<td width=\"284\">Mehr als 500.000 Mal<\/td>\n<\/tr>\n<tr>\n<td width=\"284\">Relative Luftfeuchtigkeit<\/td>\n<td width=\"284\">30%-90%RH<\/td>\n<\/tr>\n<tr>\n<td width=\"284\">Atmosph\u00e4rischer Druck<\/td>\n<td width=\"284\">60 ~ 106 kPa<\/td>\n<\/tr>\n<tr>\n<td width=\"284\">Material<\/td>\n<td width=\"284\">Zinklegierung<\/td>\n<\/tr>\n<tr>\n<td width=\"284\">Oberfl\u00e4chenbehandlung<\/td>\n<td width=\"284\">Helle oder matte Chrombeschichtung<\/td>\n<\/tr>\n<tr>\n<td width=\"284\">Andere Funktion<\/td>\n<td width=\"284\">Mit NO\/NC -Mikroschalter<\/td>\n<\/tr>\n<\/tbody>\n<\/table>\n<h2>Details zum Telefonhakenschalter des Gef\u00e4ngnisses:<\/h2>\n<p>1. Dieser Gef\u00e4ngnis -Telefon -Hakenschalter wird aus einer Zinklegierung hergestellt, die gegen Gewalt resistent ist, und somit seine Sicherheit erh\u00f6ht, wenn sie in Gef\u00e4ngnissen verwendet werden, egal wie gewaltt\u00e4tig die Benutzer sind. Mit dem Mobilteil k\u00f6nnte auf der Seite nach unten h\u00e4ngen, was im Gef\u00e4ngnis mehr Sicherheit ist.<\/p>\n<p><img fetchpriority=\"high\" decoding=\"async\" class=\"alignnone wp-image-422 size-full\" src=\"http:\/\/siwoc.com\/wp-content\/uploads\/2025\/01\/1.-\u7fd4\u9f99\u76d1\u72f1\u6302\u53c9\u6848\u4f8b.jpg\" alt=\"\" width=\"750\" height=\"668\" srcset=\"https:\/\/www.cnsiwoc.com\/wp-content\/uploads\/2025\/01\/1.-\u7fd4\u9f99\u76d1\u72f1\u6302\u53c9\u6848\u4f8b.jpg 750w, https:\/\/www.cnsiwoc.com\/wp-content\/uploads\/2025\/01\/1.-\u7fd4\u9f99\u76d1\u72f1\u6302\u53c9\u6848\u4f8b-300x267.jpg 300w, https:\/\/www.cnsiwoc.com\/wp-content\/uploads\/2025\/01\/1.-\u7fd4\u9f99\u76d1\u72f1\u6302\u53c9\u6848\u4f8b-13x12.jpg 13w, https:\/\/www.cnsiwoc.com\/wp-content\/uploads\/2025\/01\/1.-\u7fd4\u9f99\u76d1\u72f1\u6302\u53c9\u6848\u4f8b-600x534.jpg 600w\" sizes=\"(max-width: 750px) 100vw, 750px\" \/><\/p>\n<p>2. Dieser Telefon -Hakenschalter des Gef\u00e4ngnisses kann mit normalerweise geschlossenem oder normalerweise ge\u00f6ffnetem Mikroschalter hergestellt werden, wodurch die Telefonkommunikation w\u00e4hrend der Nutzung zuverl\u00e4ssiger wird. Die montierende zentrale Dimension hat eine h\u00e4ufige Gr\u00f6\u00dfe, die f\u00fcr den gr\u00f6\u00dften Teil des Gef\u00e4ngnisses auf dem globalen Markt geeignet ist.<\/p>\n<p><img decoding=\"async\" class=\"alignnone wp-image-423 size-full\" src=\"http:\/\/siwoc.com\/wp-content\/uploads\/2025\/01\/2.-\u5c3a\u5bf8\u56fe-1.jpg\" alt=\"\" width=\"651\" height=\"563\" srcset=\"https:\/\/www.cnsiwoc.com\/wp-content\/uploads\/2025\/01\/2.-\u5c3a\u5bf8\u56fe-1.jpg 651w, https:\/\/www.cnsiwoc.com\/wp-content\/uploads\/2025\/01\/2.-\u5c3a\u5bf8\u56fe-1-300x259.jpg 300w, https:\/\/www.cnsiwoc.com\/wp-content\/uploads\/2025\/01\/2.-\u5c3a\u5bf8\u56fe-1-14x12.jpg 14w, https:\/\/www.cnsiwoc.com\/wp-content\/uploads\/2025\/01\/2.-\u5c3a\u5bf8\u56fe-1-600x519.jpg 600w\" sizes=\"(max-width: 651px) 100vw, 651px\" \/><\/p>\n<p>3. Die Oberfl\u00e4chenbehandlung des Gef\u00e4ngnis -Telefon -Hakenschalters ist die Verchromplattierung in heller oder verchromter Farbe, wodurch dieser Hakenschalter ausgefallener und qualifizierter aussieht. Die Oberfl\u00e4chenbehandlung ist 72 Stunden lang ein salziger Spr\u00fchtest, sodass der Telefonhakenschalter im Gef\u00e4ngnis vollst\u00e4ndig im Freien installiert werden kann.<br \/>\n<iframe title=\"YouTube Video Player\" src=\"https:\/\/www.youtube.com\/embed\/6At-Z045dvI?si=YpSU510pPZmRbIEd\" width=\"560\" height=\"315\" frameborder=\"0\" allowfullscreen=\"allowfullscreen\"><\/iframe><\/p>\n<p>4.Siniwo bieten eine Versandmethode als Kundenanfrage an, unabh\u00e4ngig von See, durch Luft, mit dem Zug oder nach Express. Unser ausgezeichnetes Verkaufsteam k\u00f6nnte mit dem Kunden zusammenarbeiten und den besten angemessenen Frachtpreis f\u00fcr die Wahl bieten. Sie haben also eine besondere Anfrage der Sendung. Bitte geben Sie uns im Voraus mit.<\/p>\n<p><img decoding=\"async\" class=\"alignnone wp-image-424 size-full\" src=\"http:\/\/siwoc.com\/wp-content\/uploads\/2025\/01\/3.\u8fd0\u8f93\u56fe.jpg\" alt=\"\" width=\"750\" height=\"424\" srcset=\"https:\/\/www.cnsiwoc.com\/wp-content\/uploads\/2025\/01\/3.\u8fd0\u8f93\u56fe.jpg 750w, https:\/\/www.cnsiwoc.com\/wp-content\/uploads\/2025\/01\/3.\u8fd0\u8f93\u56fe-300x170.jpg 300w, https:\/\/www.cnsiwoc.com\/wp-content\/uploads\/2025\/01\/3.\u8fd0\u8f93\u56fe-18x10.jpg 18w, https:\/\/www.cnsiwoc.com\/wp-content\/uploads\/2025\/01\/3.\u8fd0\u8f93\u56fe-600x339.jpg 600w\" sizes=\"(max-width: 750px) 100vw, 750px\" \/><\/p>","protected":false},"excerpt":{"rendered":"<p>Siniwo als professionelle Fabrik ist seit 18 Jahren auf die Herstellung des Gef\u00e4ngnishakenschalters spezialisiert. Siniwo hat seine Prozesstechnologie im Gef\u00e4ngnis-Telefon-Hook-Switch kontinuierlich verbessert und einen guten Ruf f\u00fcr die Bereitstellung von Produkten und die L\u00f6sung von Produkten und die L\u00f6sung verschiedener Probleme f\u00fcr Kunden mit seinem professionellen F &amp; E-Team und hervorragendem After-Sales-Service erhalten.<\/p>","protected":false},"featured_media":418,"template":"","meta":[],"product_cat":[115,105,80],"product_tag":[106,107,108,100],"class_list":{"0":"post-416","1":"product","2":"type-product","3":"status-publish","4":"has-post-thumbnail","6":"product_cat-hot-selling-product","7":"product_cat-jail-telephone-hook-switch","8":"product_cat-telephone-accessory","9":"product_tag-jail-phone-hook-switch","10":"product_tag-mechanical-hook-switch","11":"product_tag-micro-switch-hook-switch","12":"product_tag-rugged-hook-switch","14":"first","15":"instock","16":"shipping-taxable","17":"product-type-simple"},"_links":{"self":[{"href":"https:\/\/www.cnsiwoc.com\/de\/wp-json\/wp\/v2\/product\/416","targetHints":{"allow":["GET"]}}],"collection":[{"href":"https:\/\/www.cnsiwoc.com\/de\/wp-json\/wp\/v2\/product"}],"about":[{"href":"https:\/\/www.cnsiwoc.com\/de\/wp-json\/wp\/v2\/types\/product"}],"version-history":[{"count":0,"href":"https:\/\/www.cnsiwoc.com\/de\/wp-json\/wp\/v2\/product\/416\/revisions"}],"wp:featuredmedia":[{"embeddable":true,"href":"https:\/\/www.cnsiwoc.com\/de\/wp-json\/wp\/v2\/media\/418"}],"wp:attachment":[{"href":"https:\/\/www.cnsiwoc.com\/de\/wp-json\/wp\/v2\/media?parent=416"}],"wp:term":[{"taxonomy":"product_cat","embeddable":true,"href":"https:\/\/www.cnsiwoc.com\/de\/wp-json\/wp\/v2\/product_cat?post=416"},{"taxonomy":"product_tag","embeddable":true,"href":"https:\/\/www.cnsiwoc.com\/de\/wp-json\/wp\/v2\/product_tag?post=416"}],"curies":[{"name":"wp","href":"https:\/\/api.w.org\/{rel}","templated":true}]}}