{"id":407,"date":"2025-01-02T14:38:43","date_gmt":"2025-01-02T06:38:43","guid":{"rendered":"http:\/\/siwoc.com\/?post_type=product&#038;p=407"},"modified":"2025-01-02T14:44:07","modified_gmt":"2025-01-02T06:44:07","slug":"emergency-telephone-hook-switch","status":"publish","type":"product","link":"https:\/\/www.cnsiwoc.com\/de\/produkt\/emergency-telephone-hook-switch\/","title":{"rendered":"Notfallhakenschalter"},"content":{"rendered":"<p>Dieser Siniwo-Notfall-Telefonhaken verwendet UL-zugelassenes ABS-Material mit 6,86 ft-lbs Izod-Schlagkraft unter 3,2 mm Kerb, was die vandalnachweis f\u00fcr die industriellen eingereichten orientierten. Es ist also geeignet, dass ein Notfalltelefon \u00fcberall mit gemeinsamer Installationsabmessung installiert ist.<\/p>\n<p><img fetchpriority=\"high\" decoding=\"async\" class=\"alignnone wp-image-412 size-full\" src=\"http:\/\/siwoc.com\/wp-content\/uploads\/2025\/01\/1.-\u5c3a\u5bf8\u56fe-5.jpg\" alt=\"\" width=\"409\" height=\"591\" srcset=\"https:\/\/www.cnsiwoc.com\/wp-content\/uploads\/2025\/01\/1.-\u5c3a\u5bf8\u56fe-5.jpg 409w, https:\/\/www.cnsiwoc.com\/wp-content\/uploads\/2025\/01\/1.-\u5c3a\u5bf8\u56fe-5-208x300.jpg 208w, https:\/\/www.cnsiwoc.com\/wp-content\/uploads\/2025\/01\/1.-\u5c3a\u5bf8\u56fe-5-8x12.jpg 8w\" sizes=\"(max-width: 409px) 100vw, 409px\" \/><\/p>\n<h2>Parameter des Notfall -Telefonhakenschalters:<\/h2>\n<table>\n<tbody>\n<tr>\n<td width=\"284\">Modellnummer<\/td>\n<td width=\"284\">C11<\/td>\n<\/tr>\n<tr>\n<td width=\"284\">Wasserdichte Note<\/td>\n<td width=\"284\">IP65<\/td>\n<\/tr>\n<tr>\n<td width=\"284\">zertifikat<\/td>\n<td width=\"284\">CE genehmigt<\/td>\n<\/tr>\n<tr>\n<td width=\"284\">Oberfl\u00e4che<\/td>\n<td width=\"284\">Matt<\/td>\n<\/tr>\n<tr>\n<td width=\"284\">Besonderheit<\/td>\n<td width=\"284\">Mit NC oder kein Schilfschalter<\/td>\n<\/tr>\n<tr>\n<td width=\"284\">Arbeitsleben<\/td>\n<td width=\"284\">Mehr als 500.000 Mal<\/td>\n<\/tr>\n<tr>\n<td width=\"284\">farbe<\/td>\n<td width=\"284\">Schwarz oder rot<\/td>\n<\/tr>\n<\/tbody>\n<\/table>\n<h2>Merkmal des Notfallhakenschalters:<\/h2>\n<p>1. Als Standard -Notfall -Telefon -Hakenschalter, das in der industriellen eingereichten Industrie verwendet wird, ist er speziell f\u00fcr den gr\u00f6\u00dften Teil des Notfalltelefons in der Dimension ausgelegt und geeignet. Um mit Magnet -Mobilteil zu arbeiten, ist dieser Notfall -Telefonhakenschalter mit der Installation von normal geschlossenen oder normalerweise ge\u00f6ffneten Reed -Switch ausgelegt, die eine zuverl\u00e4ssige Funktion f\u00fcr die Telefonkommunikation unterst\u00fctzen.<\/p>\n<p>2. Dieser Notfall -Telefon -Hakenschalter ist leicht nach dem Packen mit 80 Einheiten pro Karton bis 3 kg. Daher ist es sehr einfach, w\u00e4hrend des Versands von Packung zu Hakenschalter zu sch\u00e4digen, wenn schwere Waren darauf eingestellt werden. Siniwo bieten kostenlosen Paketservice vor dem Versand mit Palette oder Holzkiste f\u00fcr Massenreihenfolge an, um Sch\u00e4den zu vermeiden.<\/p>\n<p><img decoding=\"async\" class=\"alignnone wp-image-413 size-full\" src=\"http:\/\/siwoc.com\/wp-content\/uploads\/2025\/01\/2.-\u6302\u53c9\u5e94\u7528\u56fe.jpg\" alt=\"\" width=\"750\" height=\"668\" srcset=\"https:\/\/www.cnsiwoc.com\/wp-content\/uploads\/2025\/01\/2.-\u6302\u53c9\u5e94\u7528\u56fe.jpg 750w, https:\/\/www.cnsiwoc.com\/wp-content\/uploads\/2025\/01\/2.-\u6302\u53c9\u5e94\u7528\u56fe-300x267.jpg 300w, https:\/\/www.cnsiwoc.com\/wp-content\/uploads\/2025\/01\/2.-\u6302\u53c9\u5e94\u7528\u56fe-13x12.jpg 13w, https:\/\/www.cnsiwoc.com\/wp-content\/uploads\/2025\/01\/2.-\u6302\u53c9\u5e94\u7528\u56fe-600x534.jpg 600w\" sizes=\"(max-width: 750px) 100vw, 750px\" \/><\/p>\n<p>3. F\u00fcr alle von Siniwo hergestellten Plastik -Notfall -Telefon -Hakenschalter akzeptieren wir alle kostenlos die Farbanpassung gem\u00e4\u00df dem Kundenbedarf mit passender Pantone -Farbnummer. oder Farbprobe unter unserer Anfrage des Minim -Bestellmengens.<\/p>\n<p><img decoding=\"async\" class=\"alignnone wp-image-414 size-full\" src=\"http:\/\/siwoc.com\/wp-content\/uploads\/2025\/01\/3.\u53ef\u9009\u989c\u8272.jpg\" alt=\"\" width=\"750\" height=\"500\" srcset=\"https:\/\/www.cnsiwoc.com\/wp-content\/uploads\/2025\/01\/3.\u53ef\u9009\u989c\u8272.jpg 750w, https:\/\/www.cnsiwoc.com\/wp-content\/uploads\/2025\/01\/3.\u53ef\u9009\u989c\u8272-300x200.jpg 300w, https:\/\/www.cnsiwoc.com\/wp-content\/uploads\/2025\/01\/3.\u53ef\u9009\u989c\u8272-18x12.jpg 18w, https:\/\/www.cnsiwoc.com\/wp-content\/uploads\/2025\/01\/3.\u53ef\u9009\u989c\u8272-600x400.jpg 600w\" sizes=\"(max-width: 750px) 100vw, 750px\" \/><\/p>","protected":false},"excerpt":{"rendered":"<p>Siniwo ist ein Lieferant und Gro\u00dfh\u00e4ndler von Emergency Telefonhaken mit wettbewerbsf\u00e4higer Qualit\u00e4t und Preis in China. Mit der obersten Marke Advanced Mode Injection Machines und Auto Arms in China verf\u00fcgt Siniwo \u00fcber eine stetige Produktionskapazit\u00e4t des Notfallhakens pro Tag.<\/p>","protected":false},"featured_media":409,"template":"","meta":[],"product_cat":[101,80],"product_tag":[102,103,104],"class_list":{"0":"post-407","1":"product","2":"type-product","3":"status-publish","4":"has-post-thumbnail","6":"product_cat-emergency-telephone-hook-switch","7":"product_cat-telephone-accessory","8":"product_tag-emergency-telephone-hook-switch","9":"product_tag-plastic-hook-switch","10":"product_tag-reed-switch-hook-switch","12":"first","13":"instock","14":"shipping-taxable","15":"product-type-simple"},"_links":{"self":[{"href":"https:\/\/www.cnsiwoc.com\/de\/wp-json\/wp\/v2\/product\/407","targetHints":{"allow":["GET"]}}],"collection":[{"href":"https:\/\/www.cnsiwoc.com\/de\/wp-json\/wp\/v2\/product"}],"about":[{"href":"https:\/\/www.cnsiwoc.com\/de\/wp-json\/wp\/v2\/types\/product"}],"version-history":[{"count":0,"href":"https:\/\/www.cnsiwoc.com\/de\/wp-json\/wp\/v2\/product\/407\/revisions"}],"wp:featuredmedia":[{"embeddable":true,"href":"https:\/\/www.cnsiwoc.com\/de\/wp-json\/wp\/v2\/media\/409"}],"wp:attachment":[{"href":"https:\/\/www.cnsiwoc.com\/de\/wp-json\/wp\/v2\/media?parent=407"}],"wp:term":[{"taxonomy":"product_cat","embeddable":true,"href":"https:\/\/www.cnsiwoc.com\/de\/wp-json\/wp\/v2\/product_cat?post=407"},{"taxonomy":"product_tag","embeddable":true,"href":"https:\/\/www.cnsiwoc.com\/de\/wp-json\/wp\/v2\/product_tag?post=407"}],"curies":[{"name":"wp","href":"https:\/\/api.w.org\/{rel}","templated":true}]}}