{"id":398,"date":"2025-01-02T14:31:15","date_gmt":"2025-01-02T06:31:15","guid":{"rendered":"http:\/\/siwoc.com\/?post_type=product&#038;p=398"},"modified":"2025-01-02T15:03:55","modified_gmt":"2025-01-02T07:03:55","slug":"metal-telephone-hook-switch","status":"publish","type":"product","link":"https:\/\/www.cnsiwoc.com\/de\/produkt\/metal-telephone-hook-switch\/","title":{"rendered":"Metall -Telefonhakenschalter"},"content":{"rendered":"<p>Dieser Siniwo -Metall -Telefonhaken SWICH ist ein langlebiger Telefonhakenschalter mit korrosionsbest\u00e4ndigen und vandal -Beweismerkmalen nach dem Schichten. Dieser Metall-Telefonhaken SWICH ist mit robuster Oberfl\u00e4che und leicht zubereiteter Struktur, die auf dem globalen Industriemarkt beliebt ist.<\/p>\n<p><iframe title=\"YouTube Video Player\" src=\"https:\/\/www.youtube.com\/embed\/948OIfrmjmU?si=FIrRt1_oLpe1Qy-b\" width=\"560\" height=\"315\" frameborder=\"0\" allowfullscreen=\"allowfullscreen\"><\/iframe><\/p>\n<h2>Parameter des Metall -Telefon -Hakenschalters:<\/h2>\n<table>\n<tbody>\n<tr>\n<td width=\"284\">Modellnummer<\/td>\n<td width=\"284\">C06<\/td>\n<\/tr>\n<tr>\n<td width=\"284\">Wasserdichte Note<\/td>\n<td width=\"284\">IP65<\/td>\n<\/tr>\n<tr>\n<td width=\"284\">zertifikat<\/td>\n<td width=\"284\">CE genehmigt<\/td>\n<\/tr>\n<tr>\n<td width=\"284\">Oberfl\u00e4chenbehandlung<\/td>\n<td width=\"284\">Helle Chrom- oder matte Chrombeschichtung<\/td>\n<\/tr>\n<tr>\n<td width=\"284\">Besonderheit<\/td>\n<td width=\"284\">Mit NC oder kein Schilfschalter<\/td>\n<\/tr>\n<tr>\n<td width=\"284\">Verpackung<\/td>\n<td width=\"284\">50pcs\/carton<\/td>\n<\/tr>\n<tr>\n<td width=\"284\">GW<\/td>\n<td width=\"284\">13kg\/carton<\/td>\n<\/tr>\n<tr>\n<td width=\"284\">Arbeitsleben<\/td>\n<td width=\"284\">Mehr als 500.000 Mal<\/td>\n<\/tr>\n<\/tbody>\n<\/table>\n<h2>Merkmal des Metall -Telefon -Hakenschalters:<\/h2>\n<p>1. Dieser Metall-Telefon-Hakenschalter ist speziell f\u00fcr den gr\u00f6\u00dften Teil des G-Style-Telefons in der Dimension konzipiert und geeignet, was den Kunden helfen kann, einen One-Stop-Service anzubieten. Mit dem Metall -Telefonhakenschalter in China gewinnt Siniwo einen guten Ruf von Kunden mit gutem Service.<\/p>\n<p><img fetchpriority=\"high\" decoding=\"async\" class=\"alignnone wp-image-403 size-full\" src=\"http:\/\/siwoc.com\/wp-content\/uploads\/2025\/01\/1.\u5c3a\u5bf8\u56fe-2.jpg\" alt=\"\" width=\"376\" height=\"365\" srcset=\"https:\/\/www.cnsiwoc.com\/wp-content\/uploads\/2025\/01\/1.\u5c3a\u5bf8\u56fe-2.jpg 376w, https:\/\/www.cnsiwoc.com\/wp-content\/uploads\/2025\/01\/1.\u5c3a\u5bf8\u56fe-2-300x291.jpg 300w, https:\/\/www.cnsiwoc.com\/wp-content\/uploads\/2025\/01\/1.\u5c3a\u5bf8\u56fe-2-12x12.jpg 12w\" sizes=\"(max-width: 376px) 100vw, 376px\" \/><\/p>\n<p>&nbsp;<\/p>\n<p>2. Dieser Metall -Telefon -Hakenschalter wird haupts\u00e4chlich f\u00fcr Industrie -Telefon in Gas- und \u00d6lplattform oder Seehafen mit Chemikalie- und Meerwasserkorrosion oder Gef\u00e4ngnis von Telefonen verwendet, die Gewalt von Gefangenen erfordern. Deshalb verwenden wir Zamak -Material mit Oberfl\u00e4chenbeschichtung, das einen hohen Konzentrations -Salzspray -Test tragen k\u00f6nnte.<\/p>\n<p><img decoding=\"async\" class=\"alignnone wp-image-404 size-full\" src=\"http:\/\/siwoc.com\/wp-content\/uploads\/2025\/01\/2.\u6302\u53c9\u5e94\u7528.jpg\" alt=\"\" width=\"750\" height=\"536\" srcset=\"https:\/\/www.cnsiwoc.com\/wp-content\/uploads\/2025\/01\/2.\u6302\u53c9\u5e94\u7528.jpg 750w, https:\/\/www.cnsiwoc.com\/wp-content\/uploads\/2025\/01\/2.\u6302\u53c9\u5e94\u7528-300x214.jpg 300w, https:\/\/www.cnsiwoc.com\/wp-content\/uploads\/2025\/01\/2.\u6302\u53c9\u5e94\u7528-18x12.jpg 18w, https:\/\/www.cnsiwoc.com\/wp-content\/uploads\/2025\/01\/2.\u6302\u53c9\u5e94\u7528-600x429.jpg 600w\" sizes=\"(max-width: 750px) 100vw, 750px\" \/><\/p>\n<p>3. Dieser Metall -Telefon -Hakenschalter kann mit normalerweise ge\u00f6ffneten oder normalerweise geschlossenen Reed -Switch gem\u00e4\u00df der Kundenanforderung hergestellt werden. Es ist schwer, nach dem Verpacken mit 0,3 kg pro Einheit und die Oberfl\u00e4chenbehandlung ist hell oder mattes Chrombeschichtung, sodass Siniwo es mit Palette oder Holzbox f\u00fcr Massenreihenfolge verdoppelt, um Sch\u00e4den w\u00e4hrend des Versands zu vermeiden.<\/p>\n<p><img decoding=\"async\" class=\"alignnone wp-image-405 size-full\" src=\"http:\/\/siwoc.com\/wp-content\/uploads\/2025\/01\/3.\u6253\u5305\u56fe.jpg\" alt=\"\" width=\"750\" height=\"654\" srcset=\"https:\/\/www.cnsiwoc.com\/wp-content\/uploads\/2025\/01\/3.\u6253\u5305\u56fe.jpg 750w, https:\/\/www.cnsiwoc.com\/wp-content\/uploads\/2025\/01\/3.\u6253\u5305\u56fe-300x262.jpg 300w, https:\/\/www.cnsiwoc.com\/wp-content\/uploads\/2025\/01\/3.\u6253\u5305\u56fe-14x12.jpg 14w, https:\/\/www.cnsiwoc.com\/wp-content\/uploads\/2025\/01\/3.\u6253\u5305\u56fe-600x523.jpg 600w\" sizes=\"(max-width: 750px) 100vw, 750px\" \/><\/p>","protected":false},"excerpt":{"rendered":"<p>Siniwo ist 18 Jahre lang ein originales Metall -Telefonhaken -Swich -Werk in China. Mit fortschrittlichen Maschinen, die mit Autowaffen aktualisiert werden, konnte Siniwo 2000 Einheiten qualifizierter Metall -Telefonhaken pro Tag produzieren.<\/p>","protected":false},"featured_media":400,"template":"","meta":[],"product_cat":[96,80],"product_tag":[99,98,100,97],"class_list":{"0":"post-398","1":"product","2":"type-product","3":"status-publish","4":"has-post-thumbnail","6":"product_cat-metal-telephone-hook-switch","7":"product_cat-telephone-accessory","8":"product_tag-magnetic-hook-switch","9":"product_tag-metal-hook-switch","10":"product_tag-rugged-hook-switch","11":"product_tag-telephone-hook-switch","13":"first","14":"instock","15":"shipping-taxable","16":"product-type-simple"},"_links":{"self":[{"href":"https:\/\/www.cnsiwoc.com\/de\/wp-json\/wp\/v2\/product\/398","targetHints":{"allow":["GET"]}}],"collection":[{"href":"https:\/\/www.cnsiwoc.com\/de\/wp-json\/wp\/v2\/product"}],"about":[{"href":"https:\/\/www.cnsiwoc.com\/de\/wp-json\/wp\/v2\/types\/product"}],"version-history":[{"count":0,"href":"https:\/\/www.cnsiwoc.com\/de\/wp-json\/wp\/v2\/product\/398\/revisions"}],"wp:featuredmedia":[{"embeddable":true,"href":"https:\/\/www.cnsiwoc.com\/de\/wp-json\/wp\/v2\/media\/400"}],"wp:attachment":[{"href":"https:\/\/www.cnsiwoc.com\/de\/wp-json\/wp\/v2\/media?parent=398"}],"wp:term":[{"taxonomy":"product_cat","embeddable":true,"href":"https:\/\/www.cnsiwoc.com\/de\/wp-json\/wp\/v2\/product_cat?post=398"},{"taxonomy":"product_tag","embeddable":true,"href":"https:\/\/www.cnsiwoc.com\/de\/wp-json\/wp\/v2\/product_tag?post=398"}],"curies":[{"name":"wp","href":"https:\/\/api.w.org\/{rel}","templated":true}]}}