{"id":389,"date":"2025-01-02T14:25:40","date_gmt":"2025-01-02T06:25:40","guid":{"rendered":"http:\/\/siwoc.com\/?post_type=product&#038;p=389"},"modified":"2025-01-02T15:02:55","modified_gmt":"2025-01-02T07:02:55","slug":"firefighter-telephone-jack","status":"publish","type":"product","link":"https:\/\/www.cnsiwoc.com\/de\/produkt\/firefighter-telephone-jack\/","title":{"rendered":"Feuerwehrmann"},"content":{"rendered":"<p>Der Siniwo Firefighter Telephone Jack ist Vandal Jack mit einem langen Arbeitsleben. Es wird \u00fcblicherweise im Bereich des Brandschutzes verwendet und zusammen mit Brand -Telefon -Handys mit 6,35 mm weiblicher Audio -Jack -Sockel verwendet.<\/p>\n<p><img fetchpriority=\"high\" decoding=\"async\" class=\"alignnone wp-image-393 size-full\" src=\"http:\/\/siwoc.com\/wp-content\/uploads\/2025\/01\/1.-\u4ea7\u54c1\u7ec4\u5408\u56fe.jpg\" alt=\"\" width=\"750\" height=\"750\" srcset=\"https:\/\/www.cnsiwoc.com\/wp-content\/uploads\/2025\/01\/1.-\u4ea7\u54c1\u7ec4\u5408\u56fe.jpg 750w, https:\/\/www.cnsiwoc.com\/wp-content\/uploads\/2025\/01\/1.-\u4ea7\u54c1\u7ec4\u5408\u56fe-300x300.jpg 300w, https:\/\/www.cnsiwoc.com\/wp-content\/uploads\/2025\/01\/1.-\u4ea7\u54c1\u7ec4\u5408\u56fe-150x150.jpg 150w, https:\/\/www.cnsiwoc.com\/wp-content\/uploads\/2025\/01\/1.-\u4ea7\u54c1\u7ec4\u5408\u56fe-12x12.jpg 12w, https:\/\/www.cnsiwoc.com\/wp-content\/uploads\/2025\/01\/1.-\u4ea7\u54c1\u7ec4\u5408\u56fe-600x600.jpg 600w, https:\/\/www.cnsiwoc.com\/wp-content\/uploads\/2025\/01\/1.-\u4ea7\u54c1\u7ec4\u5408\u56fe-100x100.jpg 100w\" sizes=\"(max-width: 750px) 100vw, 750px\" \/><\/p>\n<h2>Parameter der Feuerwehrmesser -Telefonbuchse:<\/h2>\n<table>\n<tbody>\n<tr>\n<td width=\"284\">Modellnummer<\/td>\n<td width=\"284\">LW067<\/td>\n<\/tr>\n<tr>\n<td width=\"284\">Wasserdichte Note<\/td>\n<td width=\"284\">IP65<\/td>\n<\/tr>\n<tr>\n<td width=\"284\">Produktname<\/td>\n<td width=\"284\">\u00a0Feuerwehrmann<\/td>\n<\/tr>\n<tr>\n<td width=\"284\">anwendung<\/td>\n<td width=\"284\">\u00a0Feuerwehrteile<\/td>\n<\/tr>\n<tr>\n<td width=\"284\">Besonderheit<\/td>\n<td width=\"284\">robust<\/td>\n<\/tr>\n<tr>\n<td width=\"284\">Herkunftsort<\/td>\n<td width=\"284\">Zhejiang, China<\/td>\n<\/tr>\n<tr>\n<td width=\"284\">Material<\/td>\n<td width=\"284\">SUS304 geb\u00fcrstete Edelstahl oder Aluminium<\/td>\n<\/tr>\n<tr>\n<td width=\"284\">garantie<\/td>\n<td width=\"284\">1 jahr<\/td>\n<\/tr>\n<tr>\n<td width=\"284\">LOGO<\/td>\n<td width=\"284\">Customized Logo nach Laserdruck<\/td>\n<\/tr>\n<\/tbody>\n<\/table>\n<h2>Merkmal der Feuerwehrmann -Telefonbuchse:<\/h2>\n<p>1. Ein Hersteller, der sich auf die Herstellung von Feuerwehrtelefon -Buchsen spezialisiert hat, ist so konzipiert, dass er mit verschiedenen Arten von Telefon -Mobilteilen \u00fcbereinstimmt, sodass es wirklich angepasst wird. Normalerweise wird diese Telefonbuchse in SUS304 geb\u00fcrstetem Edelstahl hergestellt, aber daf\u00fcr ist Aluminiummaterial erh\u00e4ltlich.<\/p>\n<p><img decoding=\"async\" class=\"alignnone wp-image-394 size-full\" src=\"http:\/\/siwoc.com\/wp-content\/uploads\/2025\/01\/2.-\u5c3a\u5bf8\u56fe.jpg\" alt=\"\" width=\"568\" height=\"529\" srcset=\"https:\/\/www.cnsiwoc.com\/wp-content\/uploads\/2025\/01\/2.-\u5c3a\u5bf8\u56fe.jpg 568w, https:\/\/www.cnsiwoc.com\/wp-content\/uploads\/2025\/01\/2.-\u5c3a\u5bf8\u56fe-300x279.jpg 300w, https:\/\/www.cnsiwoc.com\/wp-content\/uploads\/2025\/01\/2.-\u5c3a\u5bf8\u56fe-13x12.jpg 13w\" sizes=\"(max-width: 568px) 100vw, 568px\" \/><\/p>\n<p>2. Wenn wir eine Feuerwehrtelefonbuchse entwerfen, um Brandschutzstandards zu erf\u00fcllen, entwerfen und produzieren wir viele Arten von Produkten f\u00fcr die funktionale Bewertung, um die Sicherheit und Haltbarkeit der Produkte zu gew\u00e4hrleisten. Die Feuerwehrtelefonbuchse wird nicht nur im Brandschutzfeld verwendet, sondern kann auch an vielen \u00f6ffentlichen Orten verwendet werden. Feuerwehrtelefon -Buchsen sind vielseitig und k\u00f6nnen als Kommunikationsmittel verwendet werden, wo immer ein Telefon -Mobilteil vorliegt.<\/p>\n<p><img decoding=\"async\" class=\"alignnone wp-image-395 size-full\" src=\"http:\/\/siwoc.com\/wp-content\/uploads\/2025\/01\/3.-\u6d88\u9632\u884c\u4e1a\u6848\u4f8b.jpg\" alt=\"\" width=\"750\" height=\"668\" srcset=\"https:\/\/www.cnsiwoc.com\/wp-content\/uploads\/2025\/01\/3.-\u6d88\u9632\u884c\u4e1a\u6848\u4f8b.jpg 750w, https:\/\/www.cnsiwoc.com\/wp-content\/uploads\/2025\/01\/3.-\u6d88\u9632\u884c\u4e1a\u6848\u4f8b-300x267.jpg 300w, https:\/\/www.cnsiwoc.com\/wp-content\/uploads\/2025\/01\/3.-\u6d88\u9632\u884c\u4e1a\u6848\u4f8b-13x12.jpg 13w, https:\/\/www.cnsiwoc.com\/wp-content\/uploads\/2025\/01\/3.-\u6d88\u9632\u884c\u4e1a\u6848\u4f8b-600x534.jpg 600w\" sizes=\"(max-width: 750px) 100vw, 750px\" \/><\/p>\n<p>3. F\u00fcr diese Feuerwehrtelefonbuchse akzeptieren wir das individuelle Logo mit dem Laserdruck. Daher steht eine Logo -Datei zur Verf\u00fcgung, um sie zu verwenden, wenn sie f\u00fcr Sie erforderlich ist.<\/p>\n<p><img loading=\"lazy\" decoding=\"async\" class=\"alignnone wp-image-396 size-full\" src=\"http:\/\/siwoc.com\/wp-content\/uploads\/2025\/01\/4.-logo\u62fc\u56fe.jpg\" alt=\"\" width=\"750\" height=\"895\" srcset=\"https:\/\/www.cnsiwoc.com\/wp-content\/uploads\/2025\/01\/4.-logo\u62fc\u56fe.jpg 750w, https:\/\/www.cnsiwoc.com\/wp-content\/uploads\/2025\/01\/4.-logo\u62fc\u56fe-251x300.jpg 251w, https:\/\/www.cnsiwoc.com\/wp-content\/uploads\/2025\/01\/4.-logo\u62fc\u56fe-10x12.jpg 10w, https:\/\/www.cnsiwoc.com\/wp-content\/uploads\/2025\/01\/4.-logo\u62fc\u56fe-600x716.jpg 600w\" sizes=\"(max-width: 750px) 100vw, 750px\" \/><\/p>","protected":false},"excerpt":{"rendered":"<p>Siniwo ist der urspr\u00fcngliche Hersteller und Lieferant von Feuerwehrmann -Telefonbuchsen in China. Wir haben ein professionelles Team und komplette Einrichtungen, um Kunden auf der ganzen Welt die besten Qualit\u00e4t und erschwinglichen Produkte zu bieten. Als Hersteller von Feuerwehrtelefon -Buchsen in China sind wir entschlossen, die zufriedenstellendsten Produkte f\u00fcr unsere Kunden anzupassen.<\/p>","protected":false},"featured_media":390,"template":"","meta":[],"product_cat":[91,80],"product_tag":[93,95,94,92],"class_list":{"0":"post-389","1":"product","2":"type-product","3":"status-publish","4":"has-post-thumbnail","6":"product_cat-firefighter-telephone-jack","7":"product_cat-telephone-accessory","8":"product_tag-firefighter-telephone-jack","9":"product_tag-metal-telephone-jack","10":"product_tag-stainless-steel-telephone-jack","11":"product_tag-telephone-jack","13":"first","14":"instock","15":"shipping-taxable","16":"product-type-simple"},"_links":{"self":[{"href":"https:\/\/www.cnsiwoc.com\/de\/wp-json\/wp\/v2\/product\/389","targetHints":{"allow":["GET"]}}],"collection":[{"href":"https:\/\/www.cnsiwoc.com\/de\/wp-json\/wp\/v2\/product"}],"about":[{"href":"https:\/\/www.cnsiwoc.com\/de\/wp-json\/wp\/v2\/types\/product"}],"version-history":[{"count":0,"href":"https:\/\/www.cnsiwoc.com\/de\/wp-json\/wp\/v2\/product\/389\/revisions"}],"wp:featuredmedia":[{"embeddable":true,"href":"https:\/\/www.cnsiwoc.com\/de\/wp-json\/wp\/v2\/media\/390"}],"wp:attachment":[{"href":"https:\/\/www.cnsiwoc.com\/de\/wp-json\/wp\/v2\/media?parent=389"}],"wp:term":[{"taxonomy":"product_cat","embeddable":true,"href":"https:\/\/www.cnsiwoc.com\/de\/wp-json\/wp\/v2\/product_cat?post=389"},{"taxonomy":"product_tag","embeddable":true,"href":"https:\/\/www.cnsiwoc.com\/de\/wp-json\/wp\/v2\/product_tag?post=389"}],"curies":[{"name":"wp","href":"https:\/\/api.w.org\/{rel}","templated":true}]}}