{"id":372,"date":"2025-01-12T14:06:35","date_gmt":"2025-01-12T06:06:35","guid":{"rendered":"http:\/\/siwoc.com\/?post_type=product&#038;p=372"},"modified":"2025-01-20T11:34:54","modified_gmt":"2025-01-20T03:34:54","slug":"fire-emergency-telephone-metal-enclosure","status":"publish","type":"product","link":"https:\/\/www.cnsiwoc.com\/de\/produkt\/fire-emergency-telephone-metal-enclosure\/","title":{"rendered":"Brand -Notfall -Telefon -Metallgeh\u00e4use"},"content":{"rendered":"<p>das siniwo fire telefon -metall -metallgeh\u00e4use ist ein dauerhaftes schutzgeh\u00e4use f\u00fcr das handy -handy, das wetter und gewaltresistent ist. dieses brand -telefon -metall -geh\u00e4use hat eine feste oberfl\u00e4che und hat eine gewisse f\u00e4higkeit, dem druck standzuhalten. es handelt sich um ein von siniwo f\u00fcr \u00f6ffentliches brandmobil -handys wie brandstationen und erdgrad stationen bereitgestellter schutzgeh\u00e4use.<\/p>\n<h2>brandparameter notfall -telefon -metall -geh\u00e4use:<\/h2>\n<table>\n<tbody>\n<tr>\n<td width=\"284\">Modellnummer<\/td>\n<td width=\"284\">JWAT162<\/td>\n<\/tr>\n<tr>\n<td width=\"284\">Wasserdichte Note<\/td>\n<td width=\"284\">IP65<\/td>\n<\/tr>\n<tr>\n<td width=\"284\">funktion<\/td>\n<td width=\"284\">mobilteil sch\u00fctzen<\/td>\n<\/tr>\n<tr>\n<td width=\"284\">anwendung<\/td>\n<td width=\"284\">feuer notfalltelefon<\/td>\n<\/tr>\n<tr>\n<td width=\"284\">Besonderheit<\/td>\n<td width=\"284\">robust<\/td>\n<\/tr>\n<tr>\n<td width=\"284\">zertifikat<\/td>\n<td width=\"284\">ce\/rohs<\/td>\n<\/tr>\n<tr>\n<td width=\"284\">garantie<\/td>\n<td width=\"284\">1 jahr<\/td>\n<\/tr>\n<tr>\n<td width=\"284\">farbe<\/td>\n<td width=\"284\">customized color<\/td>\n<\/tr>\n<\/tbody>\n<\/table>\n<h2>feature of fire phone metal metal gehege:<\/h2>\n<p>1.fire telefonmetall -geh\u00e4use passt zu den meisten brand -telefon -handys. als hersteller mit gut ausgestatteten einrichtungen und einem professionellen team erf\u00fcllen wir die kundenbed\u00fcrfnisse aktiv, wenn wir h\u00fclsen zum schutz von telefon-mobilteilen entwerfen und den kunden die zufriedenstellendsten produkte zur verf\u00fcgung stellen.<\/p>\n<p><img fetchpriority=\"high\" decoding=\"async\" class=\"alignnone wp-image-377 size-full\" src=\"http:\/\/siwoc.com\/wp-content\/uploads\/2025\/01\/1.-\u5c3a\u5bf8\u56fe-4.jpg\" alt=\"\" width=\"1003\" height=\"699\" srcset=\"https:\/\/www.cnsiwoc.com\/wp-content\/uploads\/2025\/01\/1.-\u5c3a\u5bf8\u56fe-4.jpg 1003w, https:\/\/www.cnsiwoc.com\/wp-content\/uploads\/2025\/01\/1.-\u5c3a\u5bf8\u56fe-4-300x209.jpg 300w, https:\/\/www.cnsiwoc.com\/wp-content\/uploads\/2025\/01\/1.-\u5c3a\u5bf8\u56fe-4-768x535.jpg 768w, https:\/\/www.cnsiwoc.com\/wp-content\/uploads\/2025\/01\/1.-\u5c3a\u5bf8\u56fe-4-18x12.jpg 18w, https:\/\/www.cnsiwoc.com\/wp-content\/uploads\/2025\/01\/1.-\u5c3a\u5bf8\u56fe-4-600x418.jpg 600w\" sizes=\"(max-width: 1003px) 100vw, 1003px\" \/><\/p>\n<p>2. als wir das brand -telefon -metall -geh\u00e4use entworfen haben, haben wir viele faktoren ber\u00fccksichtigt, wie z.<\/p>\n<p>3.das brand -telefon -metallgeh\u00e4use kann das telefon -mobilteil in rauen umgebungen sch\u00fctzen. das metallmaterial hat einen hervorragenden druckwiderstand und feuchtigkeitsbest\u00e4ndigkeit, und die oberfl\u00e4che ist glatt und visuell sch\u00f6n. das \u00e4u\u00dfere ist hart genug, um den telefonempf\u00e4nger effektiv vor besch\u00e4digungen und verschlei\u00df zu sch\u00fctzen.<\/p>\n<p>4. f\u00fcr dieses brand -telefon -metallgeh\u00e4use akzeptieren wir die anpassung des farb- und logo -drucks. die normale farbe ist rot. jede andere farbe kann gem\u00e4\u00df pantone -nummer oder farbprobe angepasst werden.<\/p>","protected":false},"excerpt":{"rendered":"<p>siniwo entwickelt mit viel erfahrung in integrierten ersatzteilen f\u00fcr die telekommunikation in china brand -notfall -telefon -metallgeh\u00e4use f\u00fcr feuerwehrh\u00e4ndler mit und ohne automatische dial -funktion. siniwo optimierte seinen prozess und seine kosten, um den besten wettbewerbspreis f\u00fcr den kunden zu bieten.<\/p>","protected":false},"featured_media":1085,"template":"","meta":[],"product_cat":[81,115,80],"product_tag":[82,85,83,84],"class_list":{"0":"post-372","1":"product","2":"type-product","3":"status-publish","4":"has-post-thumbnail","6":"product_cat-fire-emergency-telephone-metal-enclosure","7":"product_cat-hot-selling-product","8":"product_cat-telephone-accessory","9":"product_tag-fire-telephone-metal-enclosure","10":"product_tag-intercom-metal-enclosure","11":"product_tag-metal-enclosure","12":"product_tag-telephone-rugged-metal-enclosure","14":"first","15":"instock","16":"shipping-taxable","17":"product-type-simple"},"_links":{"self":[{"href":"https:\/\/www.cnsiwoc.com\/de\/wp-json\/wp\/v2\/product\/372","targetHints":{"allow":["GET"]}}],"collection":[{"href":"https:\/\/www.cnsiwoc.com\/de\/wp-json\/wp\/v2\/product"}],"about":[{"href":"https:\/\/www.cnsiwoc.com\/de\/wp-json\/wp\/v2\/types\/product"}],"version-history":[{"count":0,"href":"https:\/\/www.cnsiwoc.com\/de\/wp-json\/wp\/v2\/product\/372\/revisions"}],"wp:featuredmedia":[{"embeddable":true,"href":"https:\/\/www.cnsiwoc.com\/de\/wp-json\/wp\/v2\/media\/1085"}],"wp:attachment":[{"href":"https:\/\/www.cnsiwoc.com\/de\/wp-json\/wp\/v2\/media?parent=372"}],"wp:term":[{"taxonomy":"product_cat","embeddable":true,"href":"https:\/\/www.cnsiwoc.com\/de\/wp-json\/wp\/v2\/product_cat?post=372"},{"taxonomy":"product_tag","embeddable":true,"href":"https:\/\/www.cnsiwoc.com\/de\/wp-json\/wp\/v2\/product_tag?post=372"}],"curies":[{"name":"wp","href":"https:\/\/api.w.org\/{rel}","templated":true}]}}