{"id":341,"date":"2025-01-02T13:45:03","date_gmt":"2025-01-02T05:45:03","guid":{"rendered":"http:\/\/siwoc.com\/?post_type=product&#038;p=341"},"modified":"2025-01-02T14:58:23","modified_gmt":"2025-01-02T06:58:23","slug":"numeric-industrial-braille-keypad","status":"publish","type":"product","link":"https:\/\/www.cnsiwoc.com\/de\/produkt\/numeric-industrial-braille-keypad\/","title":{"rendered":"Numerische Industrie -Braille -Tastatur"},"content":{"rendered":"<p>1. Die dauerhafte Siniwo RS232 Numerische Industrie -Braille -Tastatur mit 4 \u00d7 4 -LED -Metalltasten, die f\u00fcr \u00f6ffentliche Maschinen, Zugriffskontrollsysteme oder Kioske verwendet werden k\u00f6nnten, die von behinderten Menschen betrieben werden. Mit Braille -Tasten k\u00f6nnten die behinderten Menschen die \u00f6ffentlichen Einrichtungen nutzen, wann immer sie ben\u00f6tigen.<\/p>\n<p><img fetchpriority=\"high\" decoding=\"async\" class=\"alignnone wp-image-347 size-full\" src=\"http:\/\/siwoc.com\/wp-content\/uploads\/2025\/01\/1.-B667\u5c3a\u5bf8\u56fe.jpg\" alt=\"\" width=\"496\" height=\"550\" srcset=\"https:\/\/www.cnsiwoc.com\/wp-content\/uploads\/2025\/01\/1.-B667\u5c3a\u5bf8\u56fe.jpg 496w, https:\/\/www.cnsiwoc.com\/wp-content\/uploads\/2025\/01\/1.-B667\u5c3a\u5bf8\u56fe-271x300.jpg 271w, https:\/\/www.cnsiwoc.com\/wp-content\/uploads\/2025\/01\/1.-B667\u5c3a\u5bf8\u56fe-11x12.jpg 11w\" sizes=\"(max-width: 496px) 100vw, 496px\" \/><\/p>\n<h2>2. Parameter der numerischen industriellen Braille -Tastatur<\/h2>\n<table>\n<tbody>\n<tr>\n<td width=\"284\">Modellnummer<\/td>\n<td width=\"284\">B667<\/td>\n<\/tr>\n<tr>\n<td width=\"284\">Wasserdichte Note<\/td>\n<td width=\"284\">IP65<\/td>\n<\/tr>\n<tr>\n<td width=\"284\">Eingangsspannung<\/td>\n<td width=\"284\">3.3V\/5V<\/td>\n<\/tr>\n<tr>\n<td width=\"284\">Bet\u00e4tigungskraft<\/td>\n<td width=\"284\">250 g\/2,45n (Druckpunkt)<\/td>\n<\/tr>\n<tr>\n<td width=\"284\">Arbeitstemperatur<\/td>\n<td width=\"284\">-25\u2103~+65\u2103<\/td>\n<\/tr>\n<tr>\n<td width=\"284\">Lagertemperatur<\/td>\n<td width=\"284\">-40\u2103~+85\u2103<\/td>\n<\/tr>\n<tr>\n<td width=\"284\">Relative Luftfeuchtigkeit<\/td>\n<td width=\"284\">30%-95%<\/td>\n<\/tr>\n<tr>\n<td width=\"284\">Atmosph\u00e4rischer Druck<\/td>\n<td width=\"284\">60kpa-106kpa<\/td>\n<\/tr>\n<tr>\n<td width=\"284\">LED -Farbe<\/td>\n<td width=\"284\">angepasst<\/td>\n<\/tr>\n<tr>\n<td width=\"284\">Tastensymbol<\/td>\n<td width=\"284\">angepasst<\/td>\n<\/tr>\n<\/tbody>\n<\/table>\n<h2>3. Feature der numerischen industriellen Braille -Tastatur<\/h2>\n<p>- Rohstoff: Zinklegierungsmaterial.<br \/>\n- Tastaturoberfl\u00e4chenbehandlung: hell Chrombeschichtung oder matte Chrombeschichtung.<br \/>\n- Die Oberfl\u00e4che k\u00f6nnte auch mit wasserdichtem Versiegelungskautschuk hergestellt werden.<br \/>\n- Die LED -Farbe ist optional und wir Cloud verwenden auch drei oder mehr LED -Farbe in einer Tastatur.<br \/>\n- Die F\u00fcllmaterialien von Tasten sind transparent oder wei\u00df, sodass die LED weniger gl\u00e4nzend ist, wenn Sie sie direkt sehen.<br \/>\n<iframe title=\"YouTube Video Player\" src=\"https:\/\/www.youtube.com\/embed\/Nt-MV7HrAb4?si=vmFFsGjMjtPEwAhG\" width=\"560\" height=\"315\" frameborder=\"0\" allowfullscreen=\"allowfullscreen\"><\/iframe><\/p>\n<p>4. F\u00fcr diese numerische industrielle Braille -Tastatur ist sie nach vollem vollem vollem mit 13 kg pro Kartons mit 80 Einheiten. Daher ist es beim Versand von China nach Ausland leicht zu brechen. Siniwo bieten kostenlose Pakete mit Paletten oder Holzk\u00e4sten f\u00fcr Massenordnung an, um seine Sicherheit w\u00e4hrend des Transports zu gew\u00e4hrleisten, unabh\u00e4ngig von Luft oder auf See. Bitte teilen Sie uns Ihre Paketanfrage im Voraus mit.<\/p>\n<p><img decoding=\"async\" class=\"alignnone wp-image-348 size-full\" src=\"http:\/\/siwoc.com\/wp-content\/uploads\/2025\/01\/2.-\u6253\u5305\u56fe.jpg\" alt=\"\" width=\"750\" height=\"654\" srcset=\"https:\/\/www.cnsiwoc.com\/wp-content\/uploads\/2025\/01\/2.-\u6253\u5305\u56fe.jpg 750w, https:\/\/www.cnsiwoc.com\/wp-content\/uploads\/2025\/01\/2.-\u6253\u5305\u56fe-300x262.jpg 300w, https:\/\/www.cnsiwoc.com\/wp-content\/uploads\/2025\/01\/2.-\u6253\u5305\u56fe-14x12.jpg 14w, https:\/\/www.cnsiwoc.com\/wp-content\/uploads\/2025\/01\/2.-\u6253\u5305\u56fe-600x523.jpg 600w\" sizes=\"(max-width: 750px) 100vw, 750px\" \/><\/p>\n<p>&nbsp;<\/p>\n<p>&nbsp;<\/p>\n<p>&nbsp;<\/p>\n<p>&nbsp;<\/p>\n<p>&nbsp;<\/p>\n<p>&nbsp;<\/p>\n<p>&nbsp;<\/p>","protected":false},"excerpt":{"rendered":"<p>Siniwo ist seit 2005 in China eine urspr\u00fcngliche Fabrik, die auf numerische Industrie -Braille -Tastatur spezialisiert ist. Wir bieten wettbewerbsf\u00e4hige Preise und qualitativ hochwertige numerische Industrie -Braille -Tastatur f\u00fcr unsere stabilen Handelspartner. Mit \u00fcberlegener Qualit\u00e4t, wettbewerbsf\u00e4higem Preis und zuverl\u00e4ssigem Service gewann Siniwo einen guten Ruf von inl\u00e4ndischen und ausl\u00e4ndischen Kunden.<\/p>","protected":false},"featured_media":346,"template":"","meta":[],"product_cat":[15,65],"product_tag":[66,67,59,68],"class_list":{"0":"post-341","1":"product","2":"type-product","3":"status-publish","4":"has-post-thumbnail","6":"product_cat-industrial-keypad","7":"product_cat-numeric-industrial-braille-keypad","8":"product_tag-braille-keypad","9":"product_tag-digital-keypad","10":"product_tag-illuminated-keypad","11":"product_tag-industrial-braille-keypad","13":"first","14":"instock","15":"shipping-taxable","16":"product-type-simple"},"_links":{"self":[{"href":"https:\/\/www.cnsiwoc.com\/de\/wp-json\/wp\/v2\/product\/341","targetHints":{"allow":["GET"]}}],"collection":[{"href":"https:\/\/www.cnsiwoc.com\/de\/wp-json\/wp\/v2\/product"}],"about":[{"href":"https:\/\/www.cnsiwoc.com\/de\/wp-json\/wp\/v2\/types\/product"}],"version-history":[{"count":0,"href":"https:\/\/www.cnsiwoc.com\/de\/wp-json\/wp\/v2\/product\/341\/revisions"}],"wp:featuredmedia":[{"embeddable":true,"href":"https:\/\/www.cnsiwoc.com\/de\/wp-json\/wp\/v2\/media\/346"}],"wp:attachment":[{"href":"https:\/\/www.cnsiwoc.com\/de\/wp-json\/wp\/v2\/media?parent=341"}],"wp:term":[{"taxonomy":"product_cat","embeddable":true,"href":"https:\/\/www.cnsiwoc.com\/de\/wp-json\/wp\/v2\/product_cat?post=341"},{"taxonomy":"product_tag","embeddable":true,"href":"https:\/\/www.cnsiwoc.com\/de\/wp-json\/wp\/v2\/product_tag?post=341"}],"curies":[{"name":"wp","href":"https:\/\/api.w.org\/{rel}","templated":true}]}}