{"id":332,"date":"2025-01-02T13:37:26","date_gmt":"2025-01-02T05:37:26","guid":{"rendered":"http:\/\/siwoc.com\/?post_type=product&#038;p=332"},"modified":"2025-01-02T14:56:55","modified_gmt":"2025-01-02T06:56:55","slug":"led-illuminated-industrial-keypad","status":"publish","type":"product","link":"https:\/\/www.cnsiwoc.com\/de\/produkt\/led-illuminated-industrial-keypad\/","title":{"rendered":"LED beleuchtete Industrie -Tastaturen"},"content":{"rendered":"<p>1.Diese Siniwo f\u00fchrte beleuchtete industrielle Tastaturen nicht nur langlebig, sondern bietet auch eine \u00fcberlegene Benutzererfahrung. Die Tastatur verwendet nat\u00fcrlichen leitf\u00e4higen Gummi, um eine einfache und genaue Eingabe zu gew\u00e4hrleisten und den Benutzern ein reibungsloses und angenehmes Erlebnis zu bieten. Die Tastatur verf\u00fcgt \u00fcber eine LED -Hintergrundbeleuchtung, die die Sichtbarkeit in dunklen Umgebungen gew\u00e4hrleistet, was es ideal f\u00fcr Branchen, die nachts t\u00e4tig sind.<iframe title=\"YouTube Video Player\" src=\"https:\/\/www.youtube.com\/embed\/xIvC9QY2aOk?si=4704T-elIUfg3hKJ\" width=\"560\" height=\"315\" frameborder=\"0\" allowfullscreen=\"allowfullscreen\"><\/iframe><\/p>\n<h2>2. Merkmal von LED -beleuchteten Industrie -Tastaturen<\/h2>\n<p>Diese Tastatur ist mit wasserdichtem Versiegelungskautschuk ausgelegt. Es ist die Art des wasserdichten industriellen Telefon -Handy -Mobilteils von IP67. Mit dieser Funktion kann es in ungesch\u00fctzten Au\u00dfenumgebungen verwendet werden. Die Kundenanforderungen werden ma\u00dfgeschneiderte Dienste erbracht, und die Tastatur kann auch mit einem separaten Metallgeh\u00e4use ausgestattet werden.<\/p>\n<p><img fetchpriority=\"high\" decoding=\"async\" class=\"alignnone wp-image-338 size-full\" src=\"http:\/\/siwoc.com\/wp-content\/uploads\/2025\/01\/\u5c3a\u5bf8\u56fe.jpg\" alt=\"\" width=\"516\" height=\"646\" srcset=\"https:\/\/www.cnsiwoc.com\/wp-content\/uploads\/2025\/01\/\u5c3a\u5bf8\u56fe.jpg 516w, https:\/\/www.cnsiwoc.com\/wp-content\/uploads\/2025\/01\/\u5c3a\u5bf8\u56fe-240x300.jpg 240w, https:\/\/www.cnsiwoc.com\/wp-content\/uploads\/2025\/01\/\u5c3a\u5bf8\u56fe-10x12.jpg 10w\" sizes=\"(max-width: 516px) 100vw, 516px\" \/><\/p>\n<h2>3.. Parameter von LED -beleuchteten Industrie -Tastaturen<\/h2>\n<table>\n<tbody>\n<tr>\n<td width=\"284\">Modellnummer<\/td>\n<td width=\"284\">B665<\/td>\n<\/tr>\n<tr>\n<td width=\"284\">Wasserdichte Note<\/td>\n<td width=\"284\">IP67<\/td>\n<\/tr>\n<tr>\n<td width=\"284\">Eingangsspannung<\/td>\n<td width=\"284\">3.3V\/5V<\/td>\n<\/tr>\n<tr>\n<td width=\"284\">Bet\u00e4tigungskraft<\/td>\n<td width=\"284\">250 g\/2,45n (Druckpunkt)<\/td>\n<\/tr>\n<tr>\n<td width=\"284\">Arbeitstemperatur<\/td>\n<td width=\"284\">-25\u2103~+65\u2103<\/td>\n<\/tr>\n<tr>\n<td width=\"284\">Lagertemperatur<\/td>\n<td width=\"284\">-40\u2103~+85\u2103<\/td>\n<\/tr>\n<tr>\n<td width=\"284\">Relative Luftfeuchtigkeit<\/td>\n<td width=\"284\">30%-95%<\/td>\n<\/tr>\n<tr>\n<td width=\"284\">Atmosph\u00e4rischer Druck<\/td>\n<td width=\"284\">60kpa-106kpa<\/td>\n<\/tr>\n<tr>\n<td width=\"284\">LED -Farbe<\/td>\n<td width=\"284\">angepasst<\/td>\n<\/tr>\n<\/tbody>\n<\/table>\n<p>4. Eine der herausragenden Merkmale dieser LED -beleuchteten industriellen Tastatur ist die M\u00f6glichkeit, die Tasten gem\u00e4\u00df den Anforderungen des Kunden anzupassen. Durch die Verwendung von The-Cast-Tools k\u00f6nnen Kunden ihre Tastaturschaltfl\u00e4chen so personalisieren, dass sie ihren spezifischen Anforderungen entsprechen. Zus\u00e4tzlich ist die Oberfl\u00e4che der Tasten verchromt, um Korrosion zu widerstehen und die Haltbarkeit zu gew\u00e4hrleisten. Um seine Langlebigkeit und Qualit\u00e4t weiter zu gew\u00e4hrleisten, hat die Tastatur einen hohen Konzentrations-Salzspray-Tests durchlaufen, um zu beweisen, dass es harte Umgebungen standhalten kann.<\/p>\n<p><img decoding=\"async\" class=\"alignnone wp-image-339 size-full\" src=\"http:\/\/siwoc.com\/wp-content\/uploads\/2025\/01\/\u952e\u76d8\u6d4b\u8bd5\u8bbe\u5907\u6d41\u7a0b.jpg\" alt=\"\" width=\"900\" height=\"751\" srcset=\"https:\/\/www.cnsiwoc.com\/wp-content\/uploads\/2025\/01\/\u952e\u76d8\u6d4b\u8bd5\u8bbe\u5907\u6d41\u7a0b.jpg 900w, https:\/\/www.cnsiwoc.com\/wp-content\/uploads\/2025\/01\/\u952e\u76d8\u6d4b\u8bd5\u8bbe\u5907\u6d41\u7a0b-300x250.jpg 300w, https:\/\/www.cnsiwoc.com\/wp-content\/uploads\/2025\/01\/\u952e\u76d8\u6d4b\u8bd5\u8bbe\u5907\u6d41\u7a0b-768x641.jpg 768w, https:\/\/www.cnsiwoc.com\/wp-content\/uploads\/2025\/01\/\u952e\u76d8\u6d4b\u8bd5\u8bbe\u5907\u6d41\u7a0b-14x12.jpg 14w, https:\/\/www.cnsiwoc.com\/wp-content\/uploads\/2025\/01\/\u952e\u76d8\u6d4b\u8bd5\u8bbe\u5907\u6d41\u7a0b-600x501.jpg 600w\" sizes=\"(max-width: 900px) 100vw, 900px\" \/><\/p>\n<p>&nbsp;<\/p>\n<p>&nbsp;<\/p>\n<p>&nbsp;<\/p>\n<p>&nbsp;<\/p>\n<p>&nbsp;<\/p>","protected":false},"excerpt":{"rendered":"<p>Siniwo bietet LED -beleuchtete Industrie -Tastatur mit wettbewerbsf\u00e4higen Preis bei den Industrieherstellern in China an. Mit dem exzellenten Verkaufsteam in \u00dcbersee f\u00fchrten die Siniwo Exporte beleuchtete Industrie -Tastaturen auf den gr\u00f6\u00dften Teil des globalen Marktes. Als Top -Hersteller in China hat Siniwo gro\u00dfe Vorteile, um die Nachfrage vom Markt zu befriedigen.<\/p>","protected":false},"featured_media":336,"template":"","meta":[],"product_cat":[15,60],"product_tag":[61,64,62,63],"class_list":{"0":"post-332","1":"product","2":"type-product","3":"status-publish","4":"has-post-thumbnail","6":"product_cat-industrial-keypad","7":"product_cat-led-illuminated-industrial-keypad","8":"product_tag-3x4-keypad","9":"product_tag-door-entry-keypad","10":"product_tag-numeric-keypad","11":"product_tag-waterproof-keypad","13":"first","14":"instock","15":"shipping-taxable","16":"product-type-simple"},"_links":{"self":[{"href":"https:\/\/www.cnsiwoc.com\/de\/wp-json\/wp\/v2\/product\/332","targetHints":{"allow":["GET"]}}],"collection":[{"href":"https:\/\/www.cnsiwoc.com\/de\/wp-json\/wp\/v2\/product"}],"about":[{"href":"https:\/\/www.cnsiwoc.com\/de\/wp-json\/wp\/v2\/types\/product"}],"version-history":[{"count":0,"href":"https:\/\/www.cnsiwoc.com\/de\/wp-json\/wp\/v2\/product\/332\/revisions"}],"wp:featuredmedia":[{"embeddable":true,"href":"https:\/\/www.cnsiwoc.com\/de\/wp-json\/wp\/v2\/media\/336"}],"wp:attachment":[{"href":"https:\/\/www.cnsiwoc.com\/de\/wp-json\/wp\/v2\/media?parent=332"}],"wp:term":[{"taxonomy":"product_cat","embeddable":true,"href":"https:\/\/www.cnsiwoc.com\/de\/wp-json\/wp\/v2\/product_cat?post=332"},{"taxonomy":"product_tag","embeddable":true,"href":"https:\/\/www.cnsiwoc.com\/de\/wp-json\/wp\/v2\/product_tag?post=332"}],"curies":[{"name":"wp","href":"https:\/\/api.w.org\/{rel}","templated":true}]}}