{"id":320,"date":"2025-01-02T13:29:15","date_gmt":"2025-01-02T05:29:15","guid":{"rendered":"http:\/\/siwoc.com\/?post_type=product&#038;p=320"},"modified":"2025-01-02T14:56:00","modified_gmt":"2025-01-02T06:56:00","slug":"access-control-industrial-keypad","status":"publish","type":"product","link":"https:\/\/www.cnsiwoc.com\/de\/produkt\/access-control-industrial-keypad\/","title":{"rendered":"Zugangskontrolle Industrie -Tastatur"},"content":{"rendered":"<p>1.Siniwo Herstellung RS485 Illuminated Numeric -Tastatur, das beim Aufbau des Zugangskontrollsystems beliebt ist. Diese Tastatur Ein weiteres herausragendes Feature unterscheidet unsere Produkte von der Konkurrenz von Preis und Qualit\u00e4t. Durch beleuchtete Tasten k\u00f6nnen die Access Control Industrial -Tastatur bei schlechten Lichtverh\u00e4ltnissen einfach zu bedienen, um sicherzustellen, dass die Benutzer einen einfachen Betrieb haben, um die industrielle Tastatur der Zugriffskontrolle zu verwenden.<\/p>\n<p><img fetchpriority=\"high\" decoding=\"async\" class=\"alignnone wp-image-327 size-full\" src=\"http:\/\/siwoc.com\/wp-content\/uploads\/2025\/01\/1.-\u5c3a\u5bf8\u56fe-2.jpg\" alt=\"\" width=\"401\" height=\"583\" srcset=\"https:\/\/www.cnsiwoc.com\/wp-content\/uploads\/2025\/01\/1.-\u5c3a\u5bf8\u56fe-2.jpg 401w, https:\/\/www.cnsiwoc.com\/wp-content\/uploads\/2025\/01\/1.-\u5c3a\u5bf8\u56fe-2-206x300.jpg 206w, https:\/\/www.cnsiwoc.com\/wp-content\/uploads\/2025\/01\/1.-\u5c3a\u5bf8\u56fe-2-8x12.jpg 8w\" sizes=\"(max-width: 401px) 100vw, 401px\" \/><\/p>\n<h2>Parameter der Industrie -Tastatur der Zugriffskontrolle<\/h2>\n<table>\n<tbody>\n<tr>\n<td width=\"284\">Modellnummer<\/td>\n<td width=\"284\">B661<\/td>\n<\/tr>\n<tr>\n<td width=\"284\">Wasserdichte Note<\/td>\n<td width=\"284\">IP65<\/td>\n<\/tr>\n<tr>\n<td width=\"284\">Eingangsspannung<\/td>\n<td width=\"284\">3.3V\/5V<\/td>\n<\/tr>\n<tr>\n<td width=\"284\">Bet\u00e4tigungskraft<\/td>\n<td width=\"284\">250 g\/2,45n (Druckpunkt)<\/td>\n<\/tr>\n<tr>\n<td width=\"284\">Arbeitstemperatur<\/td>\n<td width=\"284\">-25\u2103~+65\u2103<\/td>\n<\/tr>\n<tr>\n<td width=\"284\">Lagertemperatur<\/td>\n<td width=\"284\">-40\u2103~+85\u2103<\/td>\n<\/tr>\n<tr>\n<td width=\"284\">Relative Luftfeuchtigkeit<\/td>\n<td width=\"284\">30%-95%<\/td>\n<\/tr>\n<tr>\n<td width=\"284\">Atmosph\u00e4rischer Druck<\/td>\n<td width=\"284\">60kpa-106kpa<\/td>\n<\/tr>\n<tr>\n<td width=\"284\">LED -Farbe<\/td>\n<td width=\"284\">Angepasst<\/td>\n<\/tr>\n<\/tbody>\n<\/table>\n<p><iframe title=\"YouTube Video Player\" src=\"https:\/\/www.youtube.com\/embed\/GFzmGB5ZxtM?si=NMuInmmguk2si1bU\" width=\"560\" height=\"315\" frameborder=\"0\" allowfullscreen=\"allowfullscreen\"><\/iframe><\/p>\n<p>1. Wenn die Industrie -Tastatur des Zugangskontrolles zum kommerziellen Geb\u00e4ude kommt, ist die Qualit\u00e4t von entscheidender Bedeutung. Siniwo hat ein umfassendes Qualit\u00e4tssicherungsprogramm. Unser Engagement f\u00fcr Qualit\u00e4t wird durch unsere umfangreichen Testmethoden demonstriert. Wir haben die fortschrittlichsten Ger\u00e4te eingef\u00fchrt. Diese Tests stellen sicher, dass unsere Tastatur nicht nur die technischen Anforderungen entspricht, sondern auch den im In- und Ausland erforderlichen Standards entspricht.<\/p>\n<p><img decoding=\"async\" class=\"alignnone wp-image-328 size-full\" src=\"http:\/\/siwoc.com\/wp-content\/uploads\/2025\/01\/2.-\u952e\u76d8\u6d4b\u8bd5\u8bbe\u5907\u6d41\u7a0b.jpg\" alt=\"\" width=\"900\" height=\"751\" srcset=\"https:\/\/www.cnsiwoc.com\/wp-content\/uploads\/2025\/01\/2.-\u952e\u76d8\u6d4b\u8bd5\u8bbe\u5907\u6d41\u7a0b.jpg 900w, https:\/\/www.cnsiwoc.com\/wp-content\/uploads\/2025\/01\/2.-\u952e\u76d8\u6d4b\u8bd5\u8bbe\u5907\u6d41\u7a0b-300x250.jpg 300w, https:\/\/www.cnsiwoc.com\/wp-content\/uploads\/2025\/01\/2.-\u952e\u76d8\u6d4b\u8bd5\u8bbe\u5907\u6d41\u7a0b-768x641.jpg 768w, https:\/\/www.cnsiwoc.com\/wp-content\/uploads\/2025\/01\/2.-\u952e\u76d8\u6d4b\u8bd5\u8bbe\u5907\u6d41\u7a0b-14x12.jpg 14w, https:\/\/www.cnsiwoc.com\/wp-content\/uploads\/2025\/01\/2.-\u952e\u76d8\u6d4b\u8bd5\u8bbe\u5907\u6d41\u7a0b-600x501.jpg 600w\" sizes=\"(max-width: 900px) 100vw, 900px\" \/><\/p>\n<p>2.Was sind die Vorteile, um unsere Industrie -Tastatur f\u00fcr Zugangskontrolle zu w\u00e4hlen? Mit einer flexiblen Anpassungskapazit\u00e4t bieten wir unseren Kunden verschiedene Service an, wie LED -Farbunterschied, Tasten -Symbolunterschied, sogar eine andere Dimension Tastatur mit \u00fcbereinstimmendem Geh\u00e4use, wodurch unsere Tastaturen von der Konkurrenz mit ihrer Robustheit, ihren beleuchteten Tasten, dem \u00fcberlegenen Qualit\u00e4t und Preis abgehalten werden. Wir priorisieren die Kundenzufriedenheit und haben ein Expertenteam bereit, um Ihnen dabei zu helfen, die perfekte L\u00f6sung f\u00fcr Ihre spezifischen Anforderungen zu finden.<\/p>\n<p><img decoding=\"async\" class=\"alignnone wp-image-329 size-full\" src=\"http:\/\/siwoc.com\/wp-content\/uploads\/2025\/01\/3.-\u53ef\u9009\u989c\u8272-\u7fd4\u9f99\u952e\u76d8\u706f\u73e0.jpg\" alt=\"\" width=\"750\" height=\"750\" srcset=\"https:\/\/www.cnsiwoc.com\/wp-content\/uploads\/2025\/01\/3.-\u53ef\u9009\u989c\u8272-\u7fd4\u9f99\u952e\u76d8\u706f\u73e0.jpg 750w, https:\/\/www.cnsiwoc.com\/wp-content\/uploads\/2025\/01\/3.-\u53ef\u9009\u989c\u8272-\u7fd4\u9f99\u952e\u76d8\u706f\u73e0-300x300.jpg 300w, https:\/\/www.cnsiwoc.com\/wp-content\/uploads\/2025\/01\/3.-\u53ef\u9009\u989c\u8272-\u7fd4\u9f99\u952e\u76d8\u706f\u73e0-150x150.jpg 150w, https:\/\/www.cnsiwoc.com\/wp-content\/uploads\/2025\/01\/3.-\u53ef\u9009\u989c\u8272-\u7fd4\u9f99\u952e\u76d8\u706f\u73e0-12x12.jpg 12w, https:\/\/www.cnsiwoc.com\/wp-content\/uploads\/2025\/01\/3.-\u53ef\u9009\u989c\u8272-\u7fd4\u9f99\u952e\u76d8\u706f\u73e0-600x600.jpg 600w, https:\/\/www.cnsiwoc.com\/wp-content\/uploads\/2025\/01\/3.-\u53ef\u9009\u989c\u8272-\u7fd4\u9f99\u952e\u76d8\u706f\u73e0-100x100.jpg 100w\" sizes=\"(max-width: 750px) 100vw, 750px\" \/><\/p>\n<p>3. Die Industrie -Tastatur des Zugangskontrolles kann nicht nur den Zugang, sondern auch in Telefoneintritt, Gegensprechanlage und Schrankcode -Sperren in Innen- oder Au\u00dfenbereich verwendet werden.<\/p>\n<p><img loading=\"lazy\" decoding=\"async\" class=\"alignnone wp-image-330 size-full\" src=\"http:\/\/siwoc.com\/wp-content\/uploads\/2025\/01\/4.-\u950c\u5408\u91d1\u5e94\u7528.jpg\" alt=\"\" width=\"750\" height=\"536\" srcset=\"https:\/\/www.cnsiwoc.com\/wp-content\/uploads\/2025\/01\/4.-\u950c\u5408\u91d1\u5e94\u7528.jpg 750w, https:\/\/www.cnsiwoc.com\/wp-content\/uploads\/2025\/01\/4.-\u950c\u5408\u91d1\u5e94\u7528-300x214.jpg 300w, https:\/\/www.cnsiwoc.com\/wp-content\/uploads\/2025\/01\/4.-\u950c\u5408\u91d1\u5e94\u7528-18x12.jpg 18w, https:\/\/www.cnsiwoc.com\/wp-content\/uploads\/2025\/01\/4.-\u950c\u5408\u91d1\u5e94\u7528-600x429.jpg 600w\" sizes=\"(max-width: 750px) 100vw, 750px\" \/><\/p>\n<p>&nbsp;<\/p>\n<p>&nbsp;<\/p>\n<p>&nbsp;<\/p>\n<p>&nbsp;<\/p>\n<p>&nbsp;<\/p>","protected":false},"excerpt":{"rendered":"<p>Siniwo ist ein gro\u00df angelegter Hersteller und Lieferant von Zugangskontrolle in China, der F &amp; E, Produktion und Verk\u00e4ufe integriert. Unsere Produkte decken die meisten europ\u00e4ischen und amerikanischen M\u00e4rkte ab. Wir freuen uns darauf, Ihr langfristiger Partner in China zu werden.<\/p>","protected":false},"featured_media":322,"template":"","meta":[],"product_cat":[56,15],"product_tag":[57,59,58],"class_list":{"0":"post-320","1":"product","2":"type-product","3":"status-publish","4":"has-post-thumbnail","6":"product_cat-access-control-industrial-keypad","7":"product_cat-industrial-keypad","8":"product_tag-access-control-keypad","9":"product_tag-illuminated-keypad","10":"product_tag-led-backlight-keypad","12":"first","13":"instock","14":"shipping-taxable","15":"product-type-simple"},"_links":{"self":[{"href":"https:\/\/www.cnsiwoc.com\/de\/wp-json\/wp\/v2\/product\/320","targetHints":{"allow":["GET"]}}],"collection":[{"href":"https:\/\/www.cnsiwoc.com\/de\/wp-json\/wp\/v2\/product"}],"about":[{"href":"https:\/\/www.cnsiwoc.com\/de\/wp-json\/wp\/v2\/types\/product"}],"version-history":[{"count":0,"href":"https:\/\/www.cnsiwoc.com\/de\/wp-json\/wp\/v2\/product\/320\/revisions"}],"wp:featuredmedia":[{"embeddable":true,"href":"https:\/\/www.cnsiwoc.com\/de\/wp-json\/wp\/v2\/media\/322"}],"wp:attachment":[{"href":"https:\/\/www.cnsiwoc.com\/de\/wp-json\/wp\/v2\/media?parent=320"}],"wp:term":[{"taxonomy":"product_cat","embeddable":true,"href":"https:\/\/www.cnsiwoc.com\/de\/wp-json\/wp\/v2\/product_cat?post=320"},{"taxonomy":"product_tag","embeddable":true,"href":"https:\/\/www.cnsiwoc.com\/de\/wp-json\/wp\/v2\/product_tag?post=320"}],"curies":[{"name":"wp","href":"https:\/\/api.w.org\/{rel}","templated":true}]}}