{"id":288,"date":"2025-01-02T11:32:56","date_gmt":"2025-01-02T03:32:56","guid":{"rendered":"http:\/\/siwoc.com\/?post_type=product&#038;p=288"},"modified":"2025-01-02T11:41:27","modified_gmt":"2025-01-02T03:41:27","slug":"fire-fighter-portable-telephone-handset","status":"publish","type":"product","link":"https:\/\/www.cnsiwoc.com\/de\/produkt\/fire-fighter-portable-telephone-handset\/","title":{"rendered":"Feuerk\u00e4mpfer tragbares Telefon -Handy -Mobilteil"},"content":{"rendered":"<p>Dieses portable Telefon -Handy -Handy -Handel mit Siniwo wurde speziell f\u00fcr das Brandkommunikationssystem ausgelegt und mit Metall -Telefonbuchsen \u00fcbereinstimmen. F\u00fcr das tragbare Telefonmobilteil des Feuerwehrmanns in dieser eingereichten Anlage sind die Verbindungsstall- und Hintergrundger\u00e4uschst\u00fcndung von Schl\u00fcsselfaktoren nachdenkt. Siniwo F &amp; E -Team konzentrieren sich auf die Details, wenn die Produkte und die Qualit\u00e4tsinspektion von Feuerwehrmann tragbarem Telefon -Handy -Mobilteil erstellen.<\/p>\n<p><iframe title=\"YouTube Video Player\" src=\"https:\/\/www.youtube.com\/embed\/H7XEX5zfUoE?si=GelGdUbAt5O8Or3U\" width=\"560\" height=\"315\" frameborder=\"0\" allowfullscreen=\"allowfullscreen\"><\/iframe><\/p>\n<h2>Parameter des tragbaren Telefons des Feuerwehrmanns<\/h2>\n<table>\n<tbody>\n<tr>\n<td width=\"284\">Modellnummer<\/td>\n<td width=\"284\">A23<\/td>\n<\/tr>\n<tr>\n<td width=\"284\">Rohstoff<\/td>\n<td width=\"284\">\u00a0ABS UL94 HB (Standard)<\/p>\n<p>ABS UL94 V-0 (optional)<\/td>\n<\/tr>\n<tr>\n<td width=\"284\">Wasserdichte Note<\/td>\n<td width=\"284\">IP65<\/td>\n<\/tr>\n<tr>\n<td width=\"284\">Umgebungsger\u00e4usche<\/td>\n<td width=\"284\">\u2264 60 dB<\/td>\n<\/tr>\n<tr>\n<td width=\"284\">Arbeitsfrequenz<\/td>\n<td width=\"284\">300 ~ 3400Hz<\/td>\n<\/tr>\n<tr>\n<td width=\"284\">SLR<\/td>\n<td width=\"284\">5 ~ 15 dB<\/td>\n<\/tr>\n<tr>\n<td width=\"284\">RLR<\/td>\n<td width=\"284\">-7 ~ 2 dB<\/td>\n<\/tr>\n<tr>\n<td width=\"284\">Besondere Funktion<\/td>\n<td width=\"284\">PTT Switch Fire Fighter Tragbares Telefon -Handy -Mobilteil<\/td>\n<\/tr>\n<tr>\n<td width=\"284\">Arbeitstemperatur<\/td>\n<td width=\"284\">Gemeinsam: -20 \u2103 ~+40 \u2103<br \/>\nSpezial: -40 \u2103 ~+50 \u2103<br \/>\n(Bitte teilen Sie uns Ihre Anfrage im Voraus mit)<\/td>\n<\/tr>\n<tr>\n<td width=\"284\">Relative Luftfeuchtigkeit<\/td>\n<td width=\"284\">\u2264 95%<\/td>\n<\/tr>\n<tr>\n<td width=\"284\">Atmosph\u00e4rischer Druck<\/td>\n<td width=\"284\">80 ~ 110 kPa<\/td>\n<\/tr>\n<\/tbody>\n<\/table>\n<h2>Merkmal des tragbaren Telefonhandels von Fire Fighter<\/h2>\n<p>1. Als Feuerk\u00e4mpfer tragbares Telefon -Handy -Mobilteil entwickelte Siniwo zwei Arten von Kabelausgangsloch -Typ: Einer ist RJ11 -weiblicher Sockel und ein anderer ist die Form eines Injektionsunternehmens, der die Nachfrage nach dem gr\u00f6\u00dften Teil des Notfall -Telefons befriedigen k\u00f6nnte.<\/p>\n<p><img fetchpriority=\"high\" decoding=\"async\" class=\"alignnone wp-image-295 size-full\" src=\"http:\/\/siwoc.com\/wp-content\/uploads\/2025\/01\/1.-\u5c3a\u5bf8\u56fe.jpg\" alt=\"\" width=\"453\" height=\"543\" srcset=\"https:\/\/www.cnsiwoc.com\/wp-content\/uploads\/2025\/01\/1.-\u5c3a\u5bf8\u56fe.jpg 453w, https:\/\/www.cnsiwoc.com\/wp-content\/uploads\/2025\/01\/1.-\u5c3a\u5bf8\u56fe-250x300.jpg 250w, https:\/\/www.cnsiwoc.com\/wp-content\/uploads\/2025\/01\/1.-\u5c3a\u5bf8\u56fe-10x12.jpg 10w\" sizes=\"(max-width: 453px) 100vw, 453px\" \/><\/p>\n<p>&nbsp;<\/p>\n<p>2. Als Feuerk\u00e4mpfer tragbares Telefon -Handy -Mobilteil in der eingereichten Notfallelektion sind die elektroakustischen Indikatoren sehr wichtig, wenn wir sie herstellen. Siniwo w\u00e4hlte mehrere gemeinsame Lautsprecher und Mikrofon f\u00fcr das Notfall -Telefon -Mobilteil mit br\u00fcllen Details:<\/p>\n<p>1) Sprecherdetails:<br \/>\nStandardempf\u00e4nger-Dynamic EA1503 (Standard)<br \/>\n- DC -Resistenz: 130 \u00b1 10% OHM<br \/>\n-Frequenzgangsbereich: 300 Hz-3400 Hz<br \/>\n- Empfindlichkeit: 95 \u00b1 3 dB bei 60 mV<br \/>\n- Impedanz: 150 \u00b1 20% OHM bei 1 kHz<\/p>\n<p>2) Mikrofondetails:<br \/>\n-Standard-Kohlenstoff\u00e4quivalent-Mikrofon EAOZ03 (Standard)<br \/>\n-Frequenzgangsbereich: 300 Hz-3400 Hz<br \/>\n-Empfindlichkeit: -12 \u00b1 3 dB<br \/>\n- A15T02 Rauschunterdr\u00fcckungsmikrofon (optional)<br \/>\n-Frequenzgangsbereich: 200 Hz-4000 Hz<br \/>\n-Empfindlichkeit: -65 \u00b1 3 dB<br \/>\n- Impedanz: 10 \u00b1 20% Ohm<br \/>\n- Signal -Rausch -Verh\u00e4ltnis: \u2265 15 dB<br \/>\n- EB5421 Elektretmikrofon (optional)<\/p>\n<p>3. In den meisten Gewerbe- und Wohngeb\u00e4uden wird das tragbare Telefonhandel des Feuerwehrmanns angefordert, Hersteller oder Gro\u00dfh\u00e4ndler Marke oder Firmenname darauf zu zeigen. Siniwo bietet diesen individuellen Logo -Service oder Aufkleber -Label f\u00fcr alle Produkte an. Lassen Sie uns Ihre Anfrage im Voraus wissen.<\/p>\n<p><img decoding=\"async\" class=\"alignnone wp-image-296 size-full\" src=\"http:\/\/siwoc.com\/wp-content\/uploads\/2025\/01\/2.-logo\u5b9a\u5236\u56fe.jpg\" alt=\"\" width=\"750\" height=\"895\" srcset=\"https:\/\/www.cnsiwoc.com\/wp-content\/uploads\/2025\/01\/2.-logo\u5b9a\u5236\u56fe.jpg 750w, https:\/\/www.cnsiwoc.com\/wp-content\/uploads\/2025\/01\/2.-logo\u5b9a\u5236\u56fe-251x300.jpg 251w, https:\/\/www.cnsiwoc.com\/wp-content\/uploads\/2025\/01\/2.-logo\u5b9a\u5236\u56fe-10x12.jpg 10w, https:\/\/www.cnsiwoc.com\/wp-content\/uploads\/2025\/01\/2.-logo\u5b9a\u5236\u56fe-600x716.jpg 600w\" sizes=\"(max-width: 750px) 100vw, 750px\" \/><\/p>\n<p>&nbsp;<\/p>\n<p>&nbsp;<\/p>\n<p>&nbsp;<\/p>\n<p>&nbsp;<\/p>\n<p>&nbsp;<\/p>\n<p>&nbsp;<\/p>\n<p>&nbsp;<\/p>\n<p>&nbsp;<\/p>","protected":false},"excerpt":{"rendered":"<p>Siniwo Fire Fighter Tragbares Telefon -Handy -Handy wird f\u00fcr Brandalarmsysteme und Brand -Notfalltelefon in China entwickelt und hergestellt. Als Fabrik in China konzentrieren sich Siniwo darauf, neue automatische Maschinen in den Produktionsprozess zu bringen, wie mechanische Waffen, Auto -Sortiermaschinen, Automaschinen und so weiter, um die t\u00e4gliche Kapazit\u00e4t zu verbessern und die Kosten vollst\u00e4ndig zu senken.<\/p>","protected":false},"featured_media":289,"template":"","meta":[],"product_cat":[41,24],"product_tag":[44,45,42,43],"class_list":{"0":"post-288","1":"product","2":"type-product","3":"status-publish","4":"has-post-thumbnail","6":"product_cat-fire-fighter-portable-telephone-handset","7":"product_cat-telephone-handset","8":"product_tag-fire-fighter-telephone-handset","9":"product_tag-fire-man-telephone-handset","10":"product_tag-firefighter-telephone-handset","11":"product_tag-fireman-telephone-handset","13":"first","14":"instock","15":"shipping-taxable","16":"product-type-simple"},"_links":{"self":[{"href":"https:\/\/www.cnsiwoc.com\/de\/wp-json\/wp\/v2\/product\/288","targetHints":{"allow":["GET"]}}],"collection":[{"href":"https:\/\/www.cnsiwoc.com\/de\/wp-json\/wp\/v2\/product"}],"about":[{"href":"https:\/\/www.cnsiwoc.com\/de\/wp-json\/wp\/v2\/types\/product"}],"version-history":[{"count":0,"href":"https:\/\/www.cnsiwoc.com\/de\/wp-json\/wp\/v2\/product\/288\/revisions"}],"wp:featuredmedia":[{"embeddable":true,"href":"https:\/\/www.cnsiwoc.com\/de\/wp-json\/wp\/v2\/media\/289"}],"wp:attachment":[{"href":"https:\/\/www.cnsiwoc.com\/de\/wp-json\/wp\/v2\/media?parent=288"}],"wp:term":[{"taxonomy":"product_cat","embeddable":true,"href":"https:\/\/www.cnsiwoc.com\/de\/wp-json\/wp\/v2\/product_cat?post=288"},{"taxonomy":"product_tag","embeddable":true,"href":"https:\/\/www.cnsiwoc.com\/de\/wp-json\/wp\/v2\/product_tag?post=288"}],"curies":[{"name":"wp","href":"https:\/\/api.w.org\/{rel}","templated":true}]}}