{"id":246,"date":"2025-01-13T18:57:14","date_gmt":"2025-01-13T10:57:14","guid":{"rendered":"http:\/\/siwoc.com\/?post_type=product&#038;p=246"},"modified":"2025-01-14T14:56:37","modified_gmt":"2025-01-14T06:56:37","slug":"weatherproof-telephone-handset","status":"publish","type":"product","link":"https:\/\/www.cnsiwoc.com\/de\/produkt\/weatherproof-telephone-handset\/","title":{"rendered":"Wetterfestes Telefon -Mobilteil"},"content":{"rendered":"<p>Dieses wetterfeste telefonische Handy -Handy -Mobilteil ist ein haltbares Telefon -Mobilteil mit wetterfesten und IP65 -wasserdichten Funktionen. Dieses wetterfeste Telefon -Mobilteil besteht aus robuster Oberfl\u00e4che und hochwertigem Lautsprecher und Mikrofon, das von Siniwo f\u00fcr die Gas- und \u00d6l -Telekommunikationsstation, Seeg\u00e4fer, Notrufe und \u00f6ffentliche Telefone, die eine extrem niedrigere Au\u00dfentemperatur erfordern m\u00fcssen, ausgelegt sind.<\/p>\n<h2>Parameter des wetterfesten Telefonhandels<\/h2>\n<table>\n<tbody>\n<tr>\n<td width=\"284\">Modellnummer<\/td>\n<td width=\"284\">A01<\/td>\n<\/tr>\n<tr>\n<td width=\"284\">Wasserdichte Note<\/td>\n<td width=\"284\">IP65<\/td>\n<\/tr>\n<tr>\n<td width=\"284\">Umgebungsger\u00e4usche<\/td>\n<td width=\"284\">\u2264 60 dB<\/td>\n<\/tr>\n<tr>\n<td width=\"284\">Arbeitsfrequenz<\/td>\n<td width=\"284\">300 ~ 3400Hz<\/td>\n<\/tr>\n<tr>\n<td width=\"284\">SLR<\/td>\n<td width=\"284\">5 ~ 15 dB<\/td>\n<\/tr>\n<tr>\n<td width=\"284\">RLR<\/td>\n<td width=\"284\">-7 ~ 2 dB<\/td>\n<\/tr>\n<tr>\n<td width=\"284\">Arbeitstemperatur<\/td>\n<td width=\"284\">Gemeinsam: -20 \u2103 ~+40 \u2103<br \/>\nSpezial: -40 \u2103 ~+50 \u2103<br \/>\n(Bitte teilen Sie uns Ihre Anfrage im Voraus mit)<\/td>\n<\/tr>\n<tr>\n<td width=\"284\">Relative Luftfeuchtigkeit<\/td>\n<td width=\"284\">\u2264 95%<\/td>\n<\/tr>\n<tr>\n<td width=\"284\">Atmosph\u00e4rischer Druck<\/td>\n<td width=\"284\">80 ~ 110 kPa<\/td>\n<\/tr>\n<\/tbody>\n<\/table>\n<h2>Merkmal des wetterfesten Telefons Handy -Mobilteil<\/h2>\n<p>1.HIS WEATTERFORTES TELEFALS -MANSET ist f\u00fcr die meisten Outdoor -Telefone ergonomisch gestaltet und geeignet. Als spezieller Hersteller in der eingereichten industriellen Telekommunikation verf\u00fcgen wir \u00fcber ein reichhaltiges wetterfestes Telefon -Handy -Mobilteil und bieten L\u00f6sungen f\u00fcr Kunden an.<\/p>\n<p><img fetchpriority=\"high\" decoding=\"async\" class=\"alignnone wp-image-251 size-full\" src=\"http:\/\/siwoc.com\/wp-content\/uploads\/2024\/12\/1.-A01\u5c3a\u5bf8\u56fe.jpg\" alt=\"\" width=\"440\" height=\"503\" srcset=\"https:\/\/www.cnsiwoc.com\/wp-content\/uploads\/2024\/12\/1.-A01\u5c3a\u5bf8\u56fe.jpg 440w, https:\/\/www.cnsiwoc.com\/wp-content\/uploads\/2024\/12\/1.-A01\u5c3a\u5bf8\u56fe-262x300.jpg 262w, https:\/\/www.cnsiwoc.com\/wp-content\/uploads\/2024\/12\/1.-A01\u5c3a\u5bf8\u56fe-10x12.jpg 10w\" sizes=\"(max-width: 440px) 100vw, 440px\" \/><\/p>\n<p>2. Wenn wir wetterfestes Telefon -Mobilteil f\u00fcr Gas- und \u00d6lplattform oder Seehafen entwerfen, sind wasserdichte Note und Ausdauer in der feindlichen Umgebung die vorrangigen Merkmale, \u00fcber die man nachdenken sollte. Deshalb ber\u00fccksichtigen wir alle Details von den Originalmaterialien auf interne Strukturen, elektrische Komponenten und externes lockiges Kabel.<\/p>\n<p><img decoding=\"async\" class=\"alignnone wp-image-252 size-full\" src=\"http:\/\/siwoc.com\/wp-content\/uploads\/2024\/12\/2.\u7fd4\u9f99\u77f3\u5316\u884c\u4e1a\u624b\u67c4\u6848\u4f8b.jpg\" alt=\"\" width=\"750\" height=\"668\" srcset=\"https:\/\/www.cnsiwoc.com\/wp-content\/uploads\/2024\/12\/2.\u7fd4\u9f99\u77f3\u5316\u884c\u4e1a\u624b\u67c4\u6848\u4f8b.jpg 750w, https:\/\/www.cnsiwoc.com\/wp-content\/uploads\/2024\/12\/2.\u7fd4\u9f99\u77f3\u5316\u884c\u4e1a\u624b\u67c4\u6848\u4f8b-300x267.jpg 300w, https:\/\/www.cnsiwoc.com\/wp-content\/uploads\/2024\/12\/2.\u7fd4\u9f99\u77f3\u5316\u884c\u4e1a\u624b\u67c4\u6848\u4f8b-13x12.jpg 13w, https:\/\/www.cnsiwoc.com\/wp-content\/uploads\/2024\/12\/2.\u7fd4\u9f99\u77f3\u5316\u884c\u4e1a\u624b\u67c4\u6848\u4f8b-600x534.jpg 600w\" sizes=\"(max-width: 750px) 100vw, 750px\" \/><\/p>\n<p>3. F\u00fcr das wetterfeste Telefon-Mobilteil, das in harter Umgebung verwendet wird, stehen Lexan Anti-UV-PC-Material oder Kohlenstoffbelastungsmaterial f\u00fcr verschiedene Verwendungen zur Verf\u00fcgung. Verschiedenes Impedanz -Mikrofon und Sprecher werden mit verschiedenen Motherboards \u00fcbereinstimmen. Lautsprecher- und Rausch-Reduktionsmikrofon sind f\u00fcr verschiedene Benutzer verf\u00fcgbar.<br \/>\n4.Weathersicheres Telefon Handy -Mobilteil externe Curly -Kabeldetails:<br \/>\n-PVC Curly Cord (Standard), Arbeitstemperatur: -20 \u2103 ~+40 \u2103<br \/>\n- Standardkabell\u00e4nge 9 Zoll im zur\u00fcckgezogenen, 6 Fu\u00df nach dem Verl\u00e4ngerung (Standard)<br \/>\n- Eine angepasste unterschiedliche L\u00e4nge ist verf\u00fcgbar.<br \/>\n-Weather resistentes PVC Curly Cord (optional), Arbeitstemperatur: -30 \u2103 ~+50 \u2103<br \/>\n-Hytrel lockiges Kabel (optional) Arbeitstemperatur: -40 \u2103 ~+100 \u2103<\/p>\n<p><img decoding=\"async\" class=\"alignnone wp-image-255 size-full\" src=\"http:\/\/siwoc.com\/wp-content\/uploads\/2024\/12\/5.\u624b\u67c4\u6d4b\u8bd5\u8bbe\u5907\u6d41\u7a0b.jpg\" alt=\"\" width=\"750\" height=\"688\" srcset=\"https:\/\/www.cnsiwoc.com\/wp-content\/uploads\/2024\/12\/5.\u624b\u67c4\u6d4b\u8bd5\u8bbe\u5907\u6d41\u7a0b.jpg 750w, https:\/\/www.cnsiwoc.com\/wp-content\/uploads\/2024\/12\/5.\u624b\u67c4\u6d4b\u8bd5\u8bbe\u5907\u6d41\u7a0b-300x275.jpg 300w, https:\/\/www.cnsiwoc.com\/wp-content\/uploads\/2024\/12\/5.\u624b\u67c4\u6d4b\u8bd5\u8bbe\u5907\u6d41\u7a0b-13x12.jpg 13w, https:\/\/www.cnsiwoc.com\/wp-content\/uploads\/2024\/12\/5.\u624b\u67c4\u6d4b\u8bd5\u8bbe\u5907\u6d41\u7a0b-600x550.jpg 600w\" sizes=\"(max-width: 750px) 100vw, 750px\" \/><\/p>\n<p>5. F\u00fcr dieses wetterfeste Telefon -Mobilteil akzeptieren wir die Anpassung in Farb- und Logodruck. Die regelm\u00e4\u00dfige Farbe auf Lager ist schwarz und rot. Jede andere Farbe kann nach Pantone -Nr. Oder Farbprobe angepasst werden.<\/p>\n<p><img loading=\"lazy\" decoding=\"async\" class=\"alignnone wp-image-254 size-full\" src=\"http:\/\/siwoc.com\/wp-content\/uploads\/2024\/12\/4.\u53ef\u9009\u989c\u8272.jpg\" alt=\"\" width=\"750\" height=\"500\" srcset=\"https:\/\/www.cnsiwoc.com\/wp-content\/uploads\/2024\/12\/4.\u53ef\u9009\u989c\u8272.jpg 750w, https:\/\/www.cnsiwoc.com\/wp-content\/uploads\/2024\/12\/4.\u53ef\u9009\u989c\u8272-300x200.jpg 300w, https:\/\/www.cnsiwoc.com\/wp-content\/uploads\/2024\/12\/4.\u53ef\u9009\u989c\u8272-18x12.jpg 18w, https:\/\/www.cnsiwoc.com\/wp-content\/uploads\/2024\/12\/4.\u53ef\u9009\u989c\u8272-600x400.jpg 600w\" sizes=\"(max-width: 750px) 100vw, 750px\" \/><\/p>\n<p>6.S dieses wetterfeste Telefon -Mobilteil wird nicht nur in Telefonen, sondern auch in Kiosk- und Verkaufsautomaten im Freien verwendet. Daher k\u00f6nnte das Mobiltet -Terminal gem\u00e4\u00df den Anforderungen der Kunden vollst\u00e4ndig vorgenommen werden.<\/p>\n<p><img loading=\"lazy\" decoding=\"async\" class=\"alignnone wp-image-253 size-full\" src=\"http:\/\/siwoc.com\/wp-content\/uploads\/2024\/12\/3.\u624b\u67c4\u63a5\u53e3\u56fe\u72472.jpg\" alt=\"\" width=\"750\" height=\"300\" srcset=\"https:\/\/www.cnsiwoc.com\/wp-content\/uploads\/2024\/12\/3.\u624b\u67c4\u63a5\u53e3\u56fe\u72472.jpg 750w, https:\/\/www.cnsiwoc.com\/wp-content\/uploads\/2024\/12\/3.\u624b\u67c4\u63a5\u53e3\u56fe\u72472-300x120.jpg 300w, https:\/\/www.cnsiwoc.com\/wp-content\/uploads\/2024\/12\/3.\u624b\u67c4\u63a5\u53e3\u56fe\u72472-18x7.jpg 18w, https:\/\/www.cnsiwoc.com\/wp-content\/uploads\/2024\/12\/3.\u624b\u67c4\u63a5\u53e3\u56fe\u72472-600x240.jpg 600w\" sizes=\"(max-width: 750px) 100vw, 750px\" \/><\/p>\n<p>&nbsp;<\/p>","protected":false},"excerpt":{"rendered":"<p>Siniwo ist ein urspr\u00fcnglicher wetterfestem Handy -Handy -Hersteller und Lieferant in China. Mit einem Rich Experience -F &amp; E -Team in diesem eingereichten Team k\u00f6nnten wir die beste professionelle L\u00f6sung f\u00fcr Kunden mit wettbewerbsf\u00e4higem Preis aus dem In- und Ausland bieten. Laut Kunden waren wir die erste anpassende wetterfeste Telefonset -Fabrik in China.<\/p>\n<p>&nbsp;<\/p>","protected":false},"featured_media":250,"template":"","meta":[],"product_cat":[115,24,25],"product_tag":[28,29,27,26],"class_list":{"0":"post-246","1":"product","2":"type-product","3":"status-publish","4":"has-post-thumbnail","6":"product_cat-hot-selling-product","7":"product_cat-telephone-handset","8":"product_cat-weatherproof-telephone-handset","9":"product_tag-industrial-telephone","10":"product_tag-ip65-outdoor-telephone","11":"product_tag-waterproof-telephone","12":"product_tag-weatherproof-telephone-handset","14":"first","15":"instock","16":"shipping-taxable","17":"product-type-simple"},"_links":{"self":[{"href":"https:\/\/www.cnsiwoc.com\/de\/wp-json\/wp\/v2\/product\/246","targetHints":{"allow":["GET"]}}],"collection":[{"href":"https:\/\/www.cnsiwoc.com\/de\/wp-json\/wp\/v2\/product"}],"about":[{"href":"https:\/\/www.cnsiwoc.com\/de\/wp-json\/wp\/v2\/types\/product"}],"version-history":[{"count":0,"href":"https:\/\/www.cnsiwoc.com\/de\/wp-json\/wp\/v2\/product\/246\/revisions"}],"wp:featuredmedia":[{"embeddable":true,"href":"https:\/\/www.cnsiwoc.com\/de\/wp-json\/wp\/v2\/media\/250"}],"wp:attachment":[{"href":"https:\/\/www.cnsiwoc.com\/de\/wp-json\/wp\/v2\/media?parent=246"}],"wp:term":[{"taxonomy":"product_cat","embeddable":true,"href":"https:\/\/www.cnsiwoc.com\/de\/wp-json\/wp\/v2\/product_cat?post=246"},{"taxonomy":"product_tag","embeddable":true,"href":"https:\/\/www.cnsiwoc.com\/de\/wp-json\/wp\/v2\/product_tag?post=246"}],"curies":[{"name":"wp","href":"https:\/\/api.w.org\/{rel}","templated":true}]}}